{"id":2638,"date":"2023-10-09T20:23:12","date_gmt":"2023-10-09T20:23:12","guid":{"rendered":"https:\/\/vinopolis.mx\/?post_type=product&#038;p=2638"},"modified":"2026-03-30T17:00:09","modified_gmt":"2026-03-30T22:00:09","slug":"copa-irrompible-transparente","status":"publish","type":"product","link":"https:\/\/vinopolis.mx\/en\/product\/copa-irrompible-transparente\/","title":{"rendered":"Copa Irrompible Transparente"},"content":{"rendered":"","protected":false},"excerpt":{"rendered":"<p style=\"text-align: center;\">PRICE PER PIECE<\/p>\n<p style=\"text-align: center;\">*Blown glass<\/p>\n<p style=\"text-align: center;\"><strong>FOR WINES:\u00a0<\/strong>Red wines with aging<\/p>\n<p style=\"text-align: center;\"><strong>ABILITY:<\/strong> 800ml<\/p>\n<p style=\"text-align: center;\"><strong>DIAMETER: <\/strong>11.2cm<\/p>\n<p style=\"text-align: center;\"><strong>HEIGHT:<\/strong> 24.2cm<\/p>\n<p style=\"text-align: center;\"><strong>WEIGHT:<\/strong> 210g<\/p>\n<p style=\"text-align: center;\">","protected":false},"featured_media":2669,"template":"","meta":{"site-sidebar-layout":"default","site-content-layout":"","ast-site-content-layout":"default","site-content-style":"default","site-sidebar-style":"default","ast-global-header-display":"","ast-banner-title-visibility":"","ast-main-header-display":"","ast-hfb-above-header-display":"","ast-hfb-below-header-display":"","ast-hfb-mobile-header-display":"","site-post-title":"","ast-breadcrumbs-content":"","ast-featured-img":"","footer-sml-layout":"","theme-transparent-header-meta":"","adv-header-id-meta":"","stick-header-meta":"","header-above-stick-meta":"","header-main-stick-meta":"","header-below-stick-meta":"","astra-migrate-meta-layouts":"default","ast-page-background-enabled":"default","ast-page-background-meta":{"desktop":{"background-color":"","background-image":"","background-repeat":"repeat","background-position":"center center","background-size":"auto","background-attachment":"scroll","background-type":"","background-media":"","overlay-type":"","overlay-color":"","overlay-opacity":"","overlay-gradient":""},"tablet":{"background-color":"","background-image":"","background-repeat":"repeat","background-position":"center center","background-size":"auto","background-attachment":"scroll","background-type":"","background-media":"","overlay-type":"","overlay-color":"","overlay-opacity":"","overlay-gradient":""},"mobile":{"background-color":"","background-image":"","background-repeat":"repeat","background-position":"center center","background-size":"auto","background-attachment":"scroll","background-type":"","background-media":"","overlay-type":"","overlay-color":"","overlay-opacity":"","overlay-gradient":""}},"ast-content-background-meta":{"desktop":{"background-color":"var(--ast-global-color-5)","background-image":"","background-repeat":"repeat","background-position":"center center","background-size":"auto","background-attachment":"scroll","background-type":"","background-media":"","overlay-type":"","overlay-color":"","overlay-opacity":"","overlay-gradient":""},"tablet":{"background-color":"var(--ast-global-color-5)","background-image":"","background-repeat":"repeat","background-position":"center center","background-size":"auto","background-attachment":"scroll","background-type":"","background-media":"","overlay-type":"","overlay-color":"","overlay-opacity":"","overlay-gradient":""},"mobile":{"background-color":"var(--ast-global-color-5)","background-image":"","background-repeat":"repeat","background-position":"center center","background-size":"auto","background-attachment":"scroll","background-type":"","background-media":"","overlay-type":"","overlay-color":"","overlay-opacity":"","overlay-gradient":""}},"_joinchat":[]},"product_brand":[],"product_cat":[2195,2196,1730,2030,2076],"product_tag":[],"class_list":{"0":"post-2638","1":"product","2":"type-product","3":"status-publish","4":"has-post-thumbnail","6":"product_cat-italia","7":"product_cat-veneto","8":"product_cat-copa-infrangibile","9":"product_cat-de-50-a-299","10":"product_cat-copa-vino-acrilico","11":"product_shipping_class-mensajeria","12":"desktop-align-center","13":"tablet-align-center","14":"mobile-align-center","15":"ast-product-gallery-layout-horizontal-slider","16":"ast-product-gallery-with-no-image","17":"ast-product-tabs-layout-horizontal","18":"ast-qv-on-image","20":"first","21":"instock","22":"taxable","23":"shipping-taxable","24":"purchasable","25":"product-type-simple"},"yoast_head":"<!-- This site is optimized with the Yoast SEO plugin v26.3 - https:\/\/yoast.com\/wordpress\/plugins\/seo\/ -->\n<title>Copa Irrompible Transparente - Pl\u00e1stico - Vinopolis Intrepid Wine<\/title>\n<meta name=\"description\" content=\"Copa Irrompible Transparente - Pl\u00e1stico Trit\u00e1n - Vinopolis Intrepid Wine - Accesorios para Vino - C\u00e1lice Irrompible - Vinos Italianos Importados\" \/>\n<meta name=\"robots\" content=\"index, follow, max-snippet:-1, max-image-preview:large, max-video-preview:-1\" \/>\n<link rel=\"canonical\" href=\"https:\/\/vinopolis.mx\/en\/product\/copa-irrompible-transparente\/\" \/>\n<meta property=\"og:locale\" content=\"en_US\" \/>\n<meta property=\"og:type\" content=\"article\" \/>\n<meta property=\"og:title\" content=\"Copa Irrompible Transparente - Pl\u00e1stico - Vinopolis Intrepid Wine\" \/>\n<meta property=\"og:description\" content=\"Copa Irrompible Transparente - Pl\u00e1stico Trit\u00e1n - Vinopolis Intrepid Wine - Accesorios para Vino - C\u00e1lice Irrompible - Vinos Italianos Importados\" \/>\n<meta property=\"og:url\" content=\"https:\/\/vinopolis.mx\/en\/product\/copa-irrompible-transparente\/\" \/>\n<meta property=\"og:site_name\" content=\"Vinopolis\" \/>\n<meta property=\"article:modified_time\" content=\"2026-03-30T22:00:09+00:00\" \/>\n<meta property=\"og:image\" content=\"https:\/\/vinopolis.mx\/wp-content\/uploads\/2023\/10\/copa-irrompible-transparente-8.png\" \/>\n\t<meta property=\"og:image:width\" content=\"462\" \/>\n\t<meta property=\"og:image:height\" content=\"601\" \/>\n\t<meta property=\"og:image:type\" content=\"image\/png\" \/>\n<meta name=\"twitter:card\" content=\"summary_large_image\" \/>\n<meta name=\"twitter:label1\" content=\"Est. reading time\" \/>\n\t<meta name=\"twitter:data1\" content=\"2 minutes\" \/>\n<script type=\"application\/ld+json\" class=\"yoast-schema-graph\">{\"@context\":\"https:\/\/schema.org\",\"@graph\":[{\"@type\":\"WebPage\",\"@id\":\"https:\/\/vinopolis.mx\/producto\/copa-irrompible-transparente\/\",\"url\":\"https:\/\/vinopolis.mx\/producto\/copa-irrompible-transparente\/\",\"name\":\"Copa Irrompible Transparente - Pl\u00e1stico - Vinopolis Intrepid Wine\",\"isPartOf\":{\"@id\":\"https:\/\/vinopolis.mx\/#website\"},\"primaryImageOfPage\":{\"@id\":\"https:\/\/vinopolis.mx\/producto\/copa-irrompible-transparente\/#primaryimage\"},\"image\":{\"@id\":\"https:\/\/vinopolis.mx\/producto\/copa-irrompible-transparente\/#primaryimage\"},\"thumbnailUrl\":\"https:\/\/vinopolis.mx\/wp-content\/uploads\/2023\/10\/copa-irrompible-transparente-8.png\",\"datePublished\":\"2023-10-09T20:23:12+00:00\",\"dateModified\":\"2026-03-30T22:00:09+00:00\",\"description\":\"Copa Irrompible Transparente - Pl\u00e1stico Trit\u00e1n - Vinopolis Intrepid Wine - Accesorios para Vino - C\u00e1lice Irrompible - Vinos Italianos Importados\",\"breadcrumb\":{\"@id\":\"https:\/\/vinopolis.mx\/producto\/copa-irrompible-transparente\/#breadcrumb\"},\"inLanguage\":\"en-US\",\"potentialAction\":[{\"@type\":\"ReadAction\",\"target\":[\"https:\/\/vinopolis.mx\/producto\/copa-irrompible-transparente\/\"]}]},{\"@type\":\"ImageObject\",\"inLanguage\":\"en-US\",\"@id\":\"https:\/\/vinopolis.mx\/producto\/copa-irrompible-transparente\/#primaryimage\",\"url\":\"https:\/\/vinopolis.mx\/wp-content\/uploads\/2023\/10\/copa-irrompible-transparente-8.png\",\"contentUrl\":\"https:\/\/vinopolis.mx\/wp-content\/uploads\/2023\/10\/copa-irrompible-transparente-8.png\",\"width\":462,\"height\":601},{\"@type\":\"BreadcrumbList\",\"@id\":\"https:\/\/vinopolis.mx\/producto\/copa-irrompible-transparente\/#breadcrumb\",\"itemListElement\":[{\"@type\":\"ListItem\",\"position\":1,\"name\":\"Inicio\",\"item\":\"https:\/\/vinopolis.mx\/\"},{\"@type\":\"ListItem\",\"position\":2,\"name\":\"Shop\",\"item\":\"https:\/\/vinopolis.mx\/shop\/\"},{\"@type\":\"ListItem\",\"position\":3,\"name\":\"Copa Irrompible Transparente\"}]},{\"@type\":\"WebSite\",\"@id\":\"https:\/\/vinopolis.mx\/#website\",\"url\":\"https:\/\/vinopolis.mx\/\",\"name\":\"Vinopolis\",\"description\":\"Intrepid Wines Collection\",\"publisher\":{\"@id\":\"https:\/\/vinopolis.mx\/#organization\"},\"potentialAction\":[{\"@type\":\"SearchAction\",\"target\":{\"@type\":\"EntryPoint\",\"urlTemplate\":\"https:\/\/vinopolis.mx\/?s={search_term_string}\"},\"query-input\":{\"@type\":\"PropertyValueSpecification\",\"valueRequired\":true,\"valueName\":\"search_term_string\"}}],\"inLanguage\":\"en-US\"},{\"@type\":\"Organization\",\"@id\":\"https:\/\/vinopolis.mx\/#organization\",\"name\":\"Vinopolis\",\"url\":\"https:\/\/vinopolis.mx\/\",\"logo\":{\"@type\":\"ImageObject\",\"inLanguage\":\"en-US\",\"@id\":\"https:\/\/vinopolis.mx\/#\/schema\/logo\/image\/\",\"url\":\"https:\/\/vinopolis.mx\/wp-content\/uploads\/2025\/08\/vinopolis_logo-25.png\",\"contentUrl\":\"https:\/\/vinopolis.mx\/wp-content\/uploads\/2025\/08\/vinopolis_logo-25.png\",\"width\":1835,\"height\":281,\"caption\":\"Vinopolis\"},\"image\":{\"@id\":\"https:\/\/vinopolis.mx\/#\/schema\/logo\/image\/\"}}]}<\/script>\n<!-- \/ Yoast SEO plugin. -->","yoast_head_json":{"title":"Copa Irrompible Transparente - Pl\u00e1stico - Vinopolis Intrepid Wine","description":"Copa Irrompible Transparente - Pl\u00e1stico Trit\u00e1n - Vinopolis Intrepid Wine - Accesorios para Vino - C\u00e1lice Irrompible - Vinos Italianos Importados","robots":{"index":"index","follow":"follow","max-snippet":"max-snippet:-1","max-image-preview":"max-image-preview:large","max-video-preview":"max-video-preview:-1"},"canonical":"https:\/\/vinopolis.mx\/en\/product\/copa-irrompible-transparente\/","og_locale":"en_US","og_type":"article","og_title":"Copa Irrompible Transparente - Pl\u00e1stico - Vinopolis Intrepid Wine","og_description":"Copa Irrompible Transparente - Pl\u00e1stico Trit\u00e1n - Vinopolis Intrepid Wine - Accesorios para Vino - C\u00e1lice Irrompible - Vinos Italianos Importados","og_url":"https:\/\/vinopolis.mx\/en\/product\/copa-irrompible-transparente\/","og_site_name":"Vinopolis","article_modified_time":"2026-03-30T22:00:09+00:00","og_image":[{"width":462,"height":601,"url":"https:\/\/vinopolis.mx\/wp-content\/uploads\/2023\/10\/copa-irrompible-transparente-8.png","type":"image\/png"}],"twitter_card":"summary_large_image","twitter_misc":{"Est. reading time":"2 minutes"},"schema":{"@context":"https:\/\/schema.org","@graph":[{"@type":"WebPage","@id":"https:\/\/vinopolis.mx\/producto\/copa-irrompible-transparente\/","url":"https:\/\/vinopolis.mx\/producto\/copa-irrompible-transparente\/","name":"Copa Irrompible Transparente - Pl\u00e1stico - Vinopolis Intrepid Wine","isPartOf":{"@id":"https:\/\/vinopolis.mx\/#website"},"primaryImageOfPage":{"@id":"https:\/\/vinopolis.mx\/producto\/copa-irrompible-transparente\/#primaryimage"},"image":{"@id":"https:\/\/vinopolis.mx\/producto\/copa-irrompible-transparente\/#primaryimage"},"thumbnailUrl":"https:\/\/vinopolis.mx\/wp-content\/uploads\/2023\/10\/copa-irrompible-transparente-8.png","datePublished":"2023-10-09T20:23:12+00:00","dateModified":"2026-03-30T22:00:09+00:00","description":"Copa Irrompible Transparente - Pl\u00e1stico Trit\u00e1n - Vinopolis Intrepid Wine - Accesorios para Vino - C\u00e1lice Irrompible - Vinos Italianos Importados","breadcrumb":{"@id":"https:\/\/vinopolis.mx\/producto\/copa-irrompible-transparente\/#breadcrumb"},"inLanguage":"en-US","potentialAction":[{"@type":"ReadAction","target":["https:\/\/vinopolis.mx\/producto\/copa-irrompible-transparente\/"]}]},{"@type":"ImageObject","inLanguage":"en-US","@id":"https:\/\/vinopolis.mx\/producto\/copa-irrompible-transparente\/#primaryimage","url":"https:\/\/vinopolis.mx\/wp-content\/uploads\/2023\/10\/copa-irrompible-transparente-8.png","contentUrl":"https:\/\/vinopolis.mx\/wp-content\/uploads\/2023\/10\/copa-irrompible-transparente-8.png","width":462,"height":601},{"@type":"BreadcrumbList","@id":"https:\/\/vinopolis.mx\/producto\/copa-irrompible-transparente\/#breadcrumb","itemListElement":[{"@type":"ListItem","position":1,"name":"Inicio","item":"https:\/\/vinopolis.mx\/"},{"@type":"ListItem","position":2,"name":"Shop","item":"https:\/\/vinopolis.mx\/shop\/"},{"@type":"ListItem","position":3,"name":"Copa Irrompible Transparente"}]},{"@type":"WebSite","@id":"https:\/\/vinopolis.mx\/#website","url":"https:\/\/vinopolis.mx\/","name":"Vinopolis","description":"Intrepid Wines Collection","publisher":{"@id":"https:\/\/vinopolis.mx\/#organization"},"potentialAction":[{"@type":"SearchAction","target":{"@type":"EntryPoint","urlTemplate":"https:\/\/vinopolis.mx\/?s={search_term_string}"},"query-input":{"@type":"PropertyValueSpecification","valueRequired":true,"valueName":"search_term_string"}}],"inLanguage":"en-US"},{"@type":"Organization","@id":"https:\/\/vinopolis.mx\/#organization","name":"Vinopolis","url":"https:\/\/vinopolis.mx\/","logo":{"@type":"ImageObject","inLanguage":"en-US","@id":"https:\/\/vinopolis.mx\/#\/schema\/logo\/image\/","url":"https:\/\/vinopolis.mx\/wp-content\/uploads\/2025\/08\/vinopolis_logo-25.png","contentUrl":"https:\/\/vinopolis.mx\/wp-content\/uploads\/2025\/08\/vinopolis_logo-25.png","width":1835,"height":281,"caption":"Vinopolis"},"image":{"@id":"https:\/\/vinopolis.mx\/#\/schema\/logo\/image\/"}}]}},"_links":{"self":[{"href":"https:\/\/vinopolis.mx\/en\/wp-json\/wp\/v2\/product\/2638","targetHints":{"allow":["GET"]}}],"collection":[{"href":"https:\/\/vinopolis.mx\/en\/wp-json\/wp\/v2\/product"}],"about":[{"href":"https:\/\/vinopolis.mx\/en\/wp-json\/wp\/v2\/types\/product"}],"version-history":[{"count":2,"href":"https:\/\/vinopolis.mx\/en\/wp-json\/wp\/v2\/product\/2638\/revisions"}],"predecessor-version":[{"id":13477,"href":"https:\/\/vinopolis.mx\/en\/wp-json\/wp\/v2\/product\/2638\/revisions\/13477"}],"wp:featuredmedia":[{"embeddable":true,"href":"https:\/\/vinopolis.mx\/en\/wp-json\/wp\/v2\/media\/2669"}],"wp:attachment":[{"href":"https:\/\/vinopolis.mx\/en\/wp-json\/wp\/v2\/media?parent=2638"}],"wp:term":[{"taxonomy":"product_brand","embeddable":true,"href":"https:\/\/vinopolis.mx\/en\/wp-json\/wp\/v2\/product_brand?post=2638"},{"taxonomy":"product_cat","embeddable":true,"href":"https:\/\/vinopolis.mx\/en\/wp-json\/wp\/v2\/product_cat?post=2638"},{"taxonomy":"product_tag","embeddable":true,"href":"https:\/\/vinopolis.mx\/en\/wp-json\/wp\/v2\/product_tag?post=2638"}],"curies":[{"name":"wp","href":"https:\/\/api.w.org\/{rel}","templated":true}]}}