{"id":2632,"date":"2023-10-09T20:23:11","date_gmt":"2023-10-09T20:23:11","guid":{"rendered":"https:\/\/vinopolis.mx\/?post_type=product&#038;p=2632"},"modified":"2025-09-15T12:08:49","modified_gmt":"2025-09-15T17:08:49","slug":"hielera-large-roja","status":"publish","type":"product","link":"https:\/\/vinopolis.mx\/en\/product\/hielera-large-roja\/","title":{"rendered":"LARGE RED COOLER"},"content":{"rendered":"","protected":false},"excerpt":{"rendered":"","protected":false},"featured_media":2663,"template":"","meta":{"site-sidebar-layout":"default","site-content-layout":"","ast-site-content-layout":"default","site-content-style":"default","site-sidebar-style":"default","ast-global-header-display":"","ast-banner-title-visibility":"","ast-main-header-display":"","ast-hfb-above-header-display":"","ast-hfb-below-header-display":"","ast-hfb-mobile-header-display":"","site-post-title":"","ast-breadcrumbs-content":"","ast-featured-img":"","footer-sml-layout":"","theme-transparent-header-meta":"","adv-header-id-meta":"","stick-header-meta":"","header-above-stick-meta":"","header-main-stick-meta":"","header-below-stick-meta":"","astra-migrate-meta-layouts":"default","ast-page-background-enabled":"default","ast-page-background-meta":{"desktop":{"background-color":"","background-image":"","background-repeat":"repeat","background-position":"center center","background-size":"auto","background-attachment":"scroll","background-type":"","background-media":"","overlay-type":"","overlay-color":"","overlay-opacity":"","overlay-gradient":""},"tablet":{"background-color":"","background-image":"","background-repeat":"repeat","background-position":"center center","background-size":"auto","background-attachment":"scroll","background-type":"","background-media":"","overlay-type":"","overlay-color":"","overlay-opacity":"","overlay-gradient":""},"mobile":{"background-color":"","background-image":"","background-repeat":"repeat","background-position":"center center","background-size":"auto","background-attachment":"scroll","background-type":"","background-media":"","overlay-type":"","overlay-color":"","overlay-opacity":"","overlay-gradient":""}},"ast-content-background-meta":{"desktop":{"background-color":"var(--ast-global-color-5)","background-image":"","background-repeat":"repeat","background-position":"center center","background-size":"auto","background-attachment":"scroll","background-type":"","background-media":"","overlay-type":"","overlay-color":"","overlay-opacity":"","overlay-gradient":""},"tablet":{"background-color":"var(--ast-global-color-5)","background-image":"","background-repeat":"repeat","background-position":"center center","background-size":"auto","background-attachment":"scroll","background-type":"","background-media":"","overlay-type":"","overlay-color":"","overlay-opacity":"","overlay-gradient":""},"mobile":{"background-color":"var(--ast-global-color-5)","background-image":"","background-repeat":"repeat","background-position":"center center","background-size":"auto","background-attachment":"scroll","background-type":"","background-media":"","overlay-type":"","overlay-color":"","overlay-opacity":"","overlay-gradient":""}},"_joinchat":[]},"product_brand":[],"product_cat":[2075,1731],"product_tag":[],"class_list":{"0":"post-2632","1":"product","2":"type-product","3":"status-publish","4":"has-post-thumbnail","6":"product_cat-laton-grande","7":"product_cat-hieleras","8":"desktop-align-center","9":"tablet-align-center","10":"mobile-align-center","11":"ast-product-gallery-layout-horizontal-slider","12":"ast-product-gallery-with-no-image","13":"ast-product-tabs-layout-horizontal","14":"ast-qv-on-image","16":"first","17":"instock","18":"taxable","19":"shipping-taxable","20":"purchasable","21":"product-type-simple"},"yoast_head":"<!-- This site is optimized with the Yoast SEO plugin v26.3 - https:\/\/yoast.com\/wordpress\/plugins\/seo\/ -->\n<title>Hielera Large Roja - Lat\u00f3n - Accesorios de Vino<\/title>\n<meta name=\"description\" content=\"Hielera Large Roja - Hielera de Lat\u00f3n - Vinos - Vinopolis Intrepid Wine - Vinos importados - Accesorios para Vino - Italia - Env\u00edos a todo M\u00e9xico\" \/>\n<meta name=\"robots\" content=\"index, follow, max-snippet:-1, max-image-preview:large, max-video-preview:-1\" \/>\n<link rel=\"canonical\" href=\"https:\/\/vinopolis.mx\/en\/product\/hielera-large-roja\/\" \/>\n<meta property=\"og:locale\" content=\"en_US\" \/>\n<meta property=\"og:type\" content=\"article\" \/>\n<meta property=\"og:title\" content=\"Hielera Large Roja - Lat\u00f3n - Accesorios de Vino\" \/>\n<meta property=\"og:description\" content=\"Hielera Large Roja - Hielera de Lat\u00f3n - Vinos - Vinopolis Intrepid Wine - Vinos importados - Accesorios para Vino - Italia - Env\u00edos a todo M\u00e9xico\" \/>\n<meta property=\"og:url\" content=\"https:\/\/vinopolis.mx\/en\/product\/hielera-large-roja\/\" \/>\n<meta property=\"og:site_name\" content=\"Vinopolis\" \/>\n<meta property=\"article:modified_time\" content=\"2025-09-15T17:08:49+00:00\" \/>\n<meta property=\"og:image\" content=\"https:\/\/vinopolis.mx\/wp-content\/uploads\/2023\/10\/hielera-large-roja-8.png\" \/>\n\t<meta property=\"og:image:width\" content=\"462\" \/>\n\t<meta property=\"og:image:height\" content=\"601\" \/>\n\t<meta property=\"og:image:type\" content=\"image\/png\" \/>\n<meta name=\"twitter:card\" content=\"summary_large_image\" \/>\n<meta name=\"twitter:label1\" content=\"Est. reading time\" \/>\n\t<meta name=\"twitter:data1\" content=\"2 minutes\" \/>\n<script type=\"application\/ld+json\" class=\"yoast-schema-graph\">{\"@context\":\"https:\/\/schema.org\",\"@graph\":[{\"@type\":\"WebPage\",\"@id\":\"https:\/\/vinopolis.mx\/producto\/hielera-large-roja\/\",\"url\":\"https:\/\/vinopolis.mx\/producto\/hielera-large-roja\/\",\"name\":\"Hielera Large Roja - Lat\u00f3n - Accesorios de Vino\",\"isPartOf\":{\"@id\":\"https:\/\/vinopolis.mx\/#website\"},\"primaryImageOfPage\":{\"@id\":\"https:\/\/vinopolis.mx\/producto\/hielera-large-roja\/#primaryimage\"},\"image\":{\"@id\":\"https:\/\/vinopolis.mx\/producto\/hielera-large-roja\/#primaryimage\"},\"thumbnailUrl\":\"https:\/\/vinopolis.mx\/wp-content\/uploads\/2023\/10\/hielera-large-roja-8.png\",\"datePublished\":\"2023-10-09T20:23:11+00:00\",\"dateModified\":\"2025-09-15T17:08:49+00:00\",\"description\":\"Hielera Large Roja - Hielera de Lat\u00f3n - Vinos - Vinopolis Intrepid Wine - Vinos importados - Accesorios para Vino - Italia - Env\u00edos a todo M\u00e9xico\",\"breadcrumb\":{\"@id\":\"https:\/\/vinopolis.mx\/producto\/hielera-large-roja\/#breadcrumb\"},\"inLanguage\":\"en-US\",\"potentialAction\":[{\"@type\":\"ReadAction\",\"target\":[\"https:\/\/vinopolis.mx\/producto\/hielera-large-roja\/\"]}]},{\"@type\":\"ImageObject\",\"inLanguage\":\"en-US\",\"@id\":\"https:\/\/vinopolis.mx\/producto\/hielera-large-roja\/#primaryimage\",\"url\":\"https:\/\/vinopolis.mx\/wp-content\/uploads\/2023\/10\/hielera-large-roja-8.png\",\"contentUrl\":\"https:\/\/vinopolis.mx\/wp-content\/uploads\/2023\/10\/hielera-large-roja-8.png\",\"width\":462,\"height\":601},{\"@type\":\"BreadcrumbList\",\"@id\":\"https:\/\/vinopolis.mx\/producto\/hielera-large-roja\/#breadcrumb\",\"itemListElement\":[{\"@type\":\"ListItem\",\"position\":1,\"name\":\"Inicio\",\"item\":\"https:\/\/vinopolis.mx\/\"},{\"@type\":\"ListItem\",\"position\":2,\"name\":\"Shop\",\"item\":\"https:\/\/vinopolis.mx\/shop\/\"},{\"@type\":\"ListItem\",\"position\":3,\"name\":\"HIELERA LARGE ROJA\"}]},{\"@type\":\"WebSite\",\"@id\":\"https:\/\/vinopolis.mx\/#website\",\"url\":\"https:\/\/vinopolis.mx\/\",\"name\":\"Vinopolis\",\"description\":\"Intrepid Wines Collection\",\"publisher\":{\"@id\":\"https:\/\/vinopolis.mx\/#organization\"},\"potentialAction\":[{\"@type\":\"SearchAction\",\"target\":{\"@type\":\"EntryPoint\",\"urlTemplate\":\"https:\/\/vinopolis.mx\/?s={search_term_string}\"},\"query-input\":{\"@type\":\"PropertyValueSpecification\",\"valueRequired\":true,\"valueName\":\"search_term_string\"}}],\"inLanguage\":\"en-US\"},{\"@type\":\"Organization\",\"@id\":\"https:\/\/vinopolis.mx\/#organization\",\"name\":\"Vinopolis\",\"url\":\"https:\/\/vinopolis.mx\/\",\"logo\":{\"@type\":\"ImageObject\",\"inLanguage\":\"en-US\",\"@id\":\"https:\/\/vinopolis.mx\/#\/schema\/logo\/image\/\",\"url\":\"https:\/\/vinopolis.mx\/wp-content\/uploads\/2025\/08\/vinopolis_logo-25.png\",\"contentUrl\":\"https:\/\/vinopolis.mx\/wp-content\/uploads\/2025\/08\/vinopolis_logo-25.png\",\"width\":1835,\"height\":281,\"caption\":\"Vinopolis\"},\"image\":{\"@id\":\"https:\/\/vinopolis.mx\/#\/schema\/logo\/image\/\"}}]}<\/script>\n<!-- \/ Yoast SEO plugin. -->","yoast_head_json":{"title":"Hielera Large Roja - Lat\u00f3n - Accesorios de Vino","description":"Hielera Large Roja - Hielera de Lat\u00f3n - Vinos - Vinopolis Intrepid Wine - Vinos importados - Accesorios para Vino - Italia - Env\u00edos a todo M\u00e9xico","robots":{"index":"index","follow":"follow","max-snippet":"max-snippet:-1","max-image-preview":"max-image-preview:large","max-video-preview":"max-video-preview:-1"},"canonical":"https:\/\/vinopolis.mx\/en\/product\/hielera-large-roja\/","og_locale":"en_US","og_type":"article","og_title":"Hielera Large Roja - Lat\u00f3n - Accesorios de Vino","og_description":"Hielera Large Roja - Hielera de Lat\u00f3n - Vinos - Vinopolis Intrepid Wine - Vinos importados - Accesorios para Vino - Italia - Env\u00edos a todo M\u00e9xico","og_url":"https:\/\/vinopolis.mx\/en\/product\/hielera-large-roja\/","og_site_name":"Vinopolis","article_modified_time":"2025-09-15T17:08:49+00:00","og_image":[{"width":462,"height":601,"url":"https:\/\/vinopolis.mx\/wp-content\/uploads\/2023\/10\/hielera-large-roja-8.png","type":"image\/png"}],"twitter_card":"summary_large_image","twitter_misc":{"Est. reading time":"2 minutes"},"schema":{"@context":"https:\/\/schema.org","@graph":[{"@type":"WebPage","@id":"https:\/\/vinopolis.mx\/producto\/hielera-large-roja\/","url":"https:\/\/vinopolis.mx\/producto\/hielera-large-roja\/","name":"Hielera Large Roja - Lat\u00f3n - Accesorios de Vino","isPartOf":{"@id":"https:\/\/vinopolis.mx\/#website"},"primaryImageOfPage":{"@id":"https:\/\/vinopolis.mx\/producto\/hielera-large-roja\/#primaryimage"},"image":{"@id":"https:\/\/vinopolis.mx\/producto\/hielera-large-roja\/#primaryimage"},"thumbnailUrl":"https:\/\/vinopolis.mx\/wp-content\/uploads\/2023\/10\/hielera-large-roja-8.png","datePublished":"2023-10-09T20:23:11+00:00","dateModified":"2025-09-15T17:08:49+00:00","description":"Hielera Large Roja - Hielera de Lat\u00f3n - Vinos - Vinopolis Intrepid Wine - Vinos importados - Accesorios para Vino - Italia - Env\u00edos a todo M\u00e9xico","breadcrumb":{"@id":"https:\/\/vinopolis.mx\/producto\/hielera-large-roja\/#breadcrumb"},"inLanguage":"en-US","potentialAction":[{"@type":"ReadAction","target":["https:\/\/vinopolis.mx\/producto\/hielera-large-roja\/"]}]},{"@type":"ImageObject","inLanguage":"en-US","@id":"https:\/\/vinopolis.mx\/producto\/hielera-large-roja\/#primaryimage","url":"https:\/\/vinopolis.mx\/wp-content\/uploads\/2023\/10\/hielera-large-roja-8.png","contentUrl":"https:\/\/vinopolis.mx\/wp-content\/uploads\/2023\/10\/hielera-large-roja-8.png","width":462,"height":601},{"@type":"BreadcrumbList","@id":"https:\/\/vinopolis.mx\/producto\/hielera-large-roja\/#breadcrumb","itemListElement":[{"@type":"ListItem","position":1,"name":"Inicio","item":"https:\/\/vinopolis.mx\/"},{"@type":"ListItem","position":2,"name":"Shop","item":"https:\/\/vinopolis.mx\/shop\/"},{"@type":"ListItem","position":3,"name":"HIELERA LARGE ROJA"}]},{"@type":"WebSite","@id":"https:\/\/vinopolis.mx\/#website","url":"https:\/\/vinopolis.mx\/","name":"Vinopolis","description":"Intrepid Wines Collection","publisher":{"@id":"https:\/\/vinopolis.mx\/#organization"},"potentialAction":[{"@type":"SearchAction","target":{"@type":"EntryPoint","urlTemplate":"https:\/\/vinopolis.mx\/?s={search_term_string}"},"query-input":{"@type":"PropertyValueSpecification","valueRequired":true,"valueName":"search_term_string"}}],"inLanguage":"en-US"},{"@type":"Organization","@id":"https:\/\/vinopolis.mx\/#organization","name":"Vinopolis","url":"https:\/\/vinopolis.mx\/","logo":{"@type":"ImageObject","inLanguage":"en-US","@id":"https:\/\/vinopolis.mx\/#\/schema\/logo\/image\/","url":"https:\/\/vinopolis.mx\/wp-content\/uploads\/2025\/08\/vinopolis_logo-25.png","contentUrl":"https:\/\/vinopolis.mx\/wp-content\/uploads\/2025\/08\/vinopolis_logo-25.png","width":1835,"height":281,"caption":"Vinopolis"},"image":{"@id":"https:\/\/vinopolis.mx\/#\/schema\/logo\/image\/"}}]}},"_links":{"self":[{"href":"https:\/\/vinopolis.mx\/en\/wp-json\/wp\/v2\/product\/2632","targetHints":{"allow":["GET"]}}],"collection":[{"href":"https:\/\/vinopolis.mx\/en\/wp-json\/wp\/v2\/product"}],"about":[{"href":"https:\/\/vinopolis.mx\/en\/wp-json\/wp\/v2\/types\/product"}],"version-history":[{"count":1,"href":"https:\/\/vinopolis.mx\/en\/wp-json\/wp\/v2\/product\/2632\/revisions"}],"predecessor-version":[{"id":10045,"href":"https:\/\/vinopolis.mx\/en\/wp-json\/wp\/v2\/product\/2632\/revisions\/10045"}],"wp:featuredmedia":[{"embeddable":true,"href":"https:\/\/vinopolis.mx\/en\/wp-json\/wp\/v2\/media\/2663"}],"wp:attachment":[{"href":"https:\/\/vinopolis.mx\/en\/wp-json\/wp\/v2\/media?parent=2632"}],"wp:term":[{"taxonomy":"product_brand","embeddable":true,"href":"https:\/\/vinopolis.mx\/en\/wp-json\/wp\/v2\/product_brand?post=2632"},{"taxonomy":"product_cat","embeddable":true,"href":"https:\/\/vinopolis.mx\/en\/wp-json\/wp\/v2\/product_cat?post=2632"},{"taxonomy":"product_tag","embeddable":true,"href":"https:\/\/vinopolis.mx\/en\/wp-json\/wp\/v2\/product_tag?post=2632"}],"curies":[{"name":"wp","href":"https:\/\/api.w.org\/{rel}","templated":true}]}}