{"id":2464,"date":"2023-10-09T20:20:19","date_gmt":"2023-10-09T20:20:19","guid":{"rendered":"https:\/\/vinopolis.mx\/?post_type=product&#038;p=2464"},"modified":"2026-03-30T16:59:45","modified_gmt":"2026-03-30T21:59:45","slug":"fontalloro-2017","status":"publish","type":"product","link":"https:\/\/vinopolis.mx\/en\/product\/fontalloro-2017\/","title":{"rendered":"Fontalloro 2017 1.5 LTS"},"content":{"rendered":"","protected":false},"excerpt":{"rendered":"<ul>\n<li><b>Bodega:<\/b> Felsine<\/li>\n<li><b>Tipolog\u00eda:<\/b> Red wine<\/li>\n<li><b>Variedad:<\/b> Sangiovese.<\/li>\n<li><b>Ubicaci\u00f3n y altitud del vi\u00f1edo:<\/b> \u00c1reas de Poggio al Sole y Arcidossino.<\/li>\n<li><b>\u00c1rea del vi\u00f1edo:<\/b> 25 Ha<\/li>\n<li><b>Edad de las cepas:<\/b>\u00a0 a\u00f1os.<\/li>\n<li><b>Pr\u00e1cticas agr\u00edcolas:<\/b> Biodin\u00e1micas<\/li>\n<li><b>Vinification:<\/b> Tras el despalillado y prensado de los racimos seleccionados por calidad, el mosto se fermenta y macera en acero inoxidable durante 16-20 d\u00edas a <span class=\"math-inline\" data-math=\"28^\\circ \\text{C}\"><span class=\"katex\"><span class=\"katex-html\" aria-hidden=\"true\"><span class=\"base\"><span class=\"mord\">2<\/span><span class=\"mord\">8<span class=\"msupsub\"><span class=\"vlist-t\"><span class=\"vlist-r\"><span class=\"vlist\"><span class=\"\"><span class=\"sizing reset-size6 size3 mtight\"><span class=\"mbin mtight\">\u2218<\/span><\/span><\/span><\/span><\/span><\/span><\/span><\/span><span class=\"mord text\"><span class=\"mord\">C<\/span><\/span><\/span><\/span><\/span><\/span> y <span class=\"math-inline\" data-math=\"30^\\circ \\text{C}\"><span class=\"katex\"><span class=\"katex-html\" aria-hidden=\"true\"><span class=\"base\"><span class=\"mord\">3<\/span><span class=\"mord\">0<span class=\"msupsub\"><span class=\"vlist-t\"><span class=\"vlist-r\"><span class=\"vlist\"><span class=\"\"><span class=\"sizing reset-size6 size3 mtight\"><span class=\"mbin mtight\">\u2218<\/span><\/span><\/span><\/span><\/span><\/span><\/span><\/span><span class=\"mord text\"><span class=\"mord\">C<\/span><\/span><\/span><\/span><\/span><\/span>, con bazuqueos programados y remontados diarios.<\/li>\n<li><b>Crianza:<\/b> En marzo-abril, el vino nuevo pasa a barricas de roble franc\u00e9s nuevas y de primer uso; despu\u00e9s de 18-22 meses de maduraci\u00f3n, se ensambla la mezcla final, se embotella y se envejece en vidrio un m\u00ednimo de 8-12 meses.<\/li>\n<li><b>N\u00ba de Botellas:<\/b><\/li>\n<\/ul>\n<p><a class=\"btn_ficha\" href=\"https:\/\/vinopolis.mx\/wp-content\/uploads\/2024\/01\/Felsina_Fontalloro_EN.pdf\" target=\"_blank\" rel=\"noopener\">See technical sheet<\/a><\/p>","protected":false},"featured_media":2497,"template":"","meta":{"site-sidebar-layout":"default","site-content-layout":"","ast-site-content-layout":"default","site-content-style":"default","site-sidebar-style":"default","ast-global-header-display":"","ast-banner-title-visibility":"","ast-main-header-display":"","ast-hfb-above-header-display":"","ast-hfb-below-header-display":"","ast-hfb-mobile-header-display":"","site-post-title":"","ast-breadcrumbs-content":"","ast-featured-img":"","footer-sml-layout":"","theme-transparent-header-meta":"default","adv-header-id-meta":"","stick-header-meta":"","header-above-stick-meta":"","header-main-stick-meta":"","header-below-stick-meta":"","astra-migrate-meta-layouts":"set","ast-page-background-enabled":"default","ast-page-background-meta":{"desktop":{"background-color":"","background-image":"","background-repeat":"repeat","background-position":"center center","background-size":"auto","background-attachment":"scroll","background-type":"","background-media":"","overlay-type":"","overlay-color":"","overlay-opacity":"","overlay-gradient":""},"tablet":{"background-color":"","background-image":"","background-repeat":"repeat","background-position":"center center","background-size":"auto","background-attachment":"scroll","background-type":"","background-media":"","overlay-type":"","overlay-color":"","overlay-opacity":"","overlay-gradient":""},"mobile":{"background-color":"","background-image":"","background-repeat":"repeat","background-position":"center center","background-size":"auto","background-attachment":"scroll","background-type":"","background-media":"","overlay-type":"","overlay-color":"","overlay-opacity":"","overlay-gradient":""}},"ast-content-background-meta":{"desktop":{"background-color":"var(--ast-global-color-5)","background-image":"","background-repeat":"repeat","background-position":"center center","background-size":"auto","background-attachment":"scroll","background-type":"","background-media":"","overlay-type":"","overlay-color":"","overlay-opacity":"","overlay-gradient":""},"tablet":{"background-color":"var(--ast-global-color-5)","background-image":"","background-repeat":"repeat","background-position":"center center","background-size":"auto","background-attachment":"scroll","background-type":"","background-media":"","overlay-type":"","overlay-color":"","overlay-opacity":"","overlay-gradient":""},"mobile":{"background-color":"var(--ast-global-color-5)","background-image":"","background-repeat":"repeat","background-position":"center center","background-size":"auto","background-attachment":"scroll","background-type":"","background-media":"","overlay-type":"","overlay-color":"","overlay-opacity":"","overlay-gradient":""}},"_joinchat":[]},"product_brand":[],"product_cat":[2195,2211,15],"product_tag":[287,292,441,465,469,486,612,614,616,622,760,850,918],"class_list":{"0":"post-2464","1":"product","2":"type-product","3":"status-publish","4":"has-post-thumbnail","6":"product_cat-italia","7":"product_cat-toscana-italia","8":"product_cat-sin-categorizar","9":"product_tag-1-5-lt","10":"product_tag-uvamonovarietal","11":"product_tag-441","12":"product_tag-gran-reserva","13":"product_tag-vino-tinto","14":"product_tag-individual","15":"product_tag-612","16":"product_tag-biodinamico","17":"product_tag-toscana","18":"product_tag-magnum","19":"product_tag-toscana-igt","20":"product_tag-uvasangiovese","21":"product_tag-felsina","22":"desktop-align-center","23":"tablet-align-center","24":"mobile-align-center","25":"ast-product-gallery-layout-horizontal-slider","26":"ast-product-tabs-layout-horizontal","27":"ast-qv-on-image","29":"first","30":"instock","31":"taxable","32":"shipping-taxable","33":"purchasable","34":"product-type-simple"},"yoast_head":"<!-- This site is optimized with the Yoast SEO plugin v26.3 - https:\/\/yoast.com\/wordpress\/plugins\/seo\/ -->\n<title>Fontalloro 2017 - 1.5 LT - Vinos Tintos Biodin\u00e1micos - Bodega Felsina<\/title>\n<meta name=\"description\" content=\"Fontalloro 2017 - 1.5 LT - Vinos Tintos Biodin\u00e1micos - Bodega Felsina - Vinopolis Intrepid Wines - Envios a todo M\u00e9xico - Pago seguro Paypal\" \/>\n<meta name=\"robots\" content=\"index, follow, max-snippet:-1, max-image-preview:large, max-video-preview:-1\" \/>\n<link rel=\"canonical\" href=\"https:\/\/vinopolis.mx\/en\/product\/fontalloro-2017\/\" \/>\n<meta property=\"og:locale\" content=\"en_US\" \/>\n<meta property=\"og:type\" content=\"article\" \/>\n<meta property=\"og:title\" content=\"Fontalloro 2017 - 1.5 LT - Vinos Tintos Biodin\u00e1micos - Bodega Felsina\" \/>\n<meta property=\"og:description\" content=\"Fontalloro 2017 - 1.5 LT - Vinos Tintos Biodin\u00e1micos - Bodega Felsina - Vinopolis Intrepid Wines - Envios a todo M\u00e9xico - Pago seguro Paypal\" \/>\n<meta property=\"og:url\" content=\"https:\/\/vinopolis.mx\/en\/product\/fontalloro-2017\/\" \/>\n<meta property=\"og:site_name\" content=\"Vinopolis\" \/>\n<meta property=\"article:modified_time\" content=\"2026-03-30T21:59:45+00:00\" \/>\n<meta property=\"og:image\" content=\"https:\/\/vinopolis.mx\/wp-content\/uploads\/2023\/10\/fontalloro-tosc.png\" \/>\n\t<meta property=\"og:image:width\" content=\"400\" \/>\n\t<meta property=\"og:image:height\" content=\"608\" \/>\n\t<meta property=\"og:image:type\" content=\"image\/png\" \/>\n<meta name=\"twitter:card\" content=\"summary_large_image\" \/>\n<meta name=\"twitter:label1\" content=\"Est. reading time\" \/>\n\t<meta name=\"twitter:data1\" content=\"1 minute\" \/>\n<script type=\"application\/ld+json\" class=\"yoast-schema-graph\">{\"@context\":\"https:\/\/schema.org\",\"@graph\":[{\"@type\":\"WebPage\",\"@id\":\"https:\/\/vinopolis.mx\/producto\/fontalloro-2017\/\",\"url\":\"https:\/\/vinopolis.mx\/producto\/fontalloro-2017\/\",\"name\":\"Fontalloro 2017 - 1.5 LT - Vinos Tintos Biodin\u00e1micos - Bodega Felsina\",\"isPartOf\":{\"@id\":\"https:\/\/vinopolis.mx\/#website\"},\"primaryImageOfPage\":{\"@id\":\"https:\/\/vinopolis.mx\/producto\/fontalloro-2017\/#primaryimage\"},\"image\":{\"@id\":\"https:\/\/vinopolis.mx\/producto\/fontalloro-2017\/#primaryimage\"},\"thumbnailUrl\":\"https:\/\/vinopolis.mx\/wp-content\/uploads\/2023\/10\/fontalloro-tosc.png\",\"datePublished\":\"2023-10-09T20:20:19+00:00\",\"dateModified\":\"2026-03-30T21:59:45+00:00\",\"description\":\"Fontalloro 2017 - 1.5 LT - Vinos Tintos Biodin\u00e1micos - Bodega Felsina - Vinopolis Intrepid Wines - Envios a todo M\u00e9xico - Pago seguro Paypal\",\"breadcrumb\":{\"@id\":\"https:\/\/vinopolis.mx\/producto\/fontalloro-2017\/#breadcrumb\"},\"inLanguage\":\"en-US\",\"potentialAction\":[{\"@type\":\"ReadAction\",\"target\":[\"https:\/\/vinopolis.mx\/producto\/fontalloro-2017\/\"]}]},{\"@type\":\"ImageObject\",\"inLanguage\":\"en-US\",\"@id\":\"https:\/\/vinopolis.mx\/producto\/fontalloro-2017\/#primaryimage\",\"url\":\"https:\/\/vinopolis.mx\/wp-content\/uploads\/2023\/10\/fontalloro-tosc.png\",\"contentUrl\":\"https:\/\/vinopolis.mx\/wp-content\/uploads\/2023\/10\/fontalloro-tosc.png\",\"width\":400,\"height\":608},{\"@type\":\"BreadcrumbList\",\"@id\":\"https:\/\/vinopolis.mx\/producto\/fontalloro-2017\/#breadcrumb\",\"itemListElement\":[{\"@type\":\"ListItem\",\"position\":1,\"name\":\"Inicio\",\"item\":\"https:\/\/vinopolis.mx\/\"},{\"@type\":\"ListItem\",\"position\":2,\"name\":\"Shop\",\"item\":\"https:\/\/vinopolis.mx\/shop\/\"},{\"@type\":\"ListItem\",\"position\":3,\"name\":\"Fontalloro 2017 1.5 LTS\"}]},{\"@type\":\"WebSite\",\"@id\":\"https:\/\/vinopolis.mx\/#website\",\"url\":\"https:\/\/vinopolis.mx\/\",\"name\":\"Vinopolis\",\"description\":\"Intrepid Wines Collection\",\"publisher\":{\"@id\":\"https:\/\/vinopolis.mx\/#organization\"},\"potentialAction\":[{\"@type\":\"SearchAction\",\"target\":{\"@type\":\"EntryPoint\",\"urlTemplate\":\"https:\/\/vinopolis.mx\/?s={search_term_string}\"},\"query-input\":{\"@type\":\"PropertyValueSpecification\",\"valueRequired\":true,\"valueName\":\"search_term_string\"}}],\"inLanguage\":\"en-US\"},{\"@type\":\"Organization\",\"@id\":\"https:\/\/vinopolis.mx\/#organization\",\"name\":\"Vinopolis\",\"url\":\"https:\/\/vinopolis.mx\/\",\"logo\":{\"@type\":\"ImageObject\",\"inLanguage\":\"en-US\",\"@id\":\"https:\/\/vinopolis.mx\/#\/schema\/logo\/image\/\",\"url\":\"https:\/\/vinopolis.mx\/wp-content\/uploads\/2025\/08\/vinopolis_logo-25.png\",\"contentUrl\":\"https:\/\/vinopolis.mx\/wp-content\/uploads\/2025\/08\/vinopolis_logo-25.png\",\"width\":1835,\"height\":281,\"caption\":\"Vinopolis\"},\"image\":{\"@id\":\"https:\/\/vinopolis.mx\/#\/schema\/logo\/image\/\"}}]}<\/script>\n<!-- \/ Yoast SEO plugin. -->","yoast_head_json":{"title":"Fontalloro 2017 - 1.5 LT - Vinos Tintos Biodin\u00e1micos - Bodega Felsina","description":"Fontalloro 2017 - 1.5 LT - Vinos Tintos Biodin\u00e1micos - Bodega Felsina - Vinopolis Intrepid Wines - Envios a todo M\u00e9xico - Pago seguro Paypal","robots":{"index":"index","follow":"follow","max-snippet":"max-snippet:-1","max-image-preview":"max-image-preview:large","max-video-preview":"max-video-preview:-1"},"canonical":"https:\/\/vinopolis.mx\/en\/product\/fontalloro-2017\/","og_locale":"en_US","og_type":"article","og_title":"Fontalloro 2017 - 1.5 LT - Vinos Tintos Biodin\u00e1micos - Bodega Felsina","og_description":"Fontalloro 2017 - 1.5 LT - Vinos Tintos Biodin\u00e1micos - Bodega Felsina - Vinopolis Intrepid Wines - Envios a todo M\u00e9xico - Pago seguro Paypal","og_url":"https:\/\/vinopolis.mx\/en\/product\/fontalloro-2017\/","og_site_name":"Vinopolis","article_modified_time":"2026-03-30T21:59:45+00:00","og_image":[{"width":400,"height":608,"url":"https:\/\/vinopolis.mx\/wp-content\/uploads\/2023\/10\/fontalloro-tosc.png","type":"image\/png"}],"twitter_card":"summary_large_image","twitter_misc":{"Est. reading time":"1 minute"},"schema":{"@context":"https:\/\/schema.org","@graph":[{"@type":"WebPage","@id":"https:\/\/vinopolis.mx\/producto\/fontalloro-2017\/","url":"https:\/\/vinopolis.mx\/producto\/fontalloro-2017\/","name":"Fontalloro 2017 - 1.5 LT - Vinos Tintos Biodin\u00e1micos - Bodega Felsina","isPartOf":{"@id":"https:\/\/vinopolis.mx\/#website"},"primaryImageOfPage":{"@id":"https:\/\/vinopolis.mx\/producto\/fontalloro-2017\/#primaryimage"},"image":{"@id":"https:\/\/vinopolis.mx\/producto\/fontalloro-2017\/#primaryimage"},"thumbnailUrl":"https:\/\/vinopolis.mx\/wp-content\/uploads\/2023\/10\/fontalloro-tosc.png","datePublished":"2023-10-09T20:20:19+00:00","dateModified":"2026-03-30T21:59:45+00:00","description":"Fontalloro 2017 - 1.5 LT - Vinos Tintos Biodin\u00e1micos - Bodega Felsina - Vinopolis Intrepid Wines - Envios a todo M\u00e9xico - Pago seguro Paypal","breadcrumb":{"@id":"https:\/\/vinopolis.mx\/producto\/fontalloro-2017\/#breadcrumb"},"inLanguage":"en-US","potentialAction":[{"@type":"ReadAction","target":["https:\/\/vinopolis.mx\/producto\/fontalloro-2017\/"]}]},{"@type":"ImageObject","inLanguage":"en-US","@id":"https:\/\/vinopolis.mx\/producto\/fontalloro-2017\/#primaryimage","url":"https:\/\/vinopolis.mx\/wp-content\/uploads\/2023\/10\/fontalloro-tosc.png","contentUrl":"https:\/\/vinopolis.mx\/wp-content\/uploads\/2023\/10\/fontalloro-tosc.png","width":400,"height":608},{"@type":"BreadcrumbList","@id":"https:\/\/vinopolis.mx\/producto\/fontalloro-2017\/#breadcrumb","itemListElement":[{"@type":"ListItem","position":1,"name":"Inicio","item":"https:\/\/vinopolis.mx\/"},{"@type":"ListItem","position":2,"name":"Shop","item":"https:\/\/vinopolis.mx\/shop\/"},{"@type":"ListItem","position":3,"name":"Fontalloro 2017 1.5 LTS"}]},{"@type":"WebSite","@id":"https:\/\/vinopolis.mx\/#website","url":"https:\/\/vinopolis.mx\/","name":"Vinopolis","description":"Intrepid Wines Collection","publisher":{"@id":"https:\/\/vinopolis.mx\/#organization"},"potentialAction":[{"@type":"SearchAction","target":{"@type":"EntryPoint","urlTemplate":"https:\/\/vinopolis.mx\/?s={search_term_string}"},"query-input":{"@type":"PropertyValueSpecification","valueRequired":true,"valueName":"search_term_string"}}],"inLanguage":"en-US"},{"@type":"Organization","@id":"https:\/\/vinopolis.mx\/#organization","name":"Vinopolis","url":"https:\/\/vinopolis.mx\/","logo":{"@type":"ImageObject","inLanguage":"en-US","@id":"https:\/\/vinopolis.mx\/#\/schema\/logo\/image\/","url":"https:\/\/vinopolis.mx\/wp-content\/uploads\/2025\/08\/vinopolis_logo-25.png","contentUrl":"https:\/\/vinopolis.mx\/wp-content\/uploads\/2025\/08\/vinopolis_logo-25.png","width":1835,"height":281,"caption":"Vinopolis"},"image":{"@id":"https:\/\/vinopolis.mx\/#\/schema\/logo\/image\/"}}]}},"_links":{"self":[{"href":"https:\/\/vinopolis.mx\/en\/wp-json\/wp\/v2\/product\/2464","targetHints":{"allow":["GET"]}}],"collection":[{"href":"https:\/\/vinopolis.mx\/en\/wp-json\/wp\/v2\/product"}],"about":[{"href":"https:\/\/vinopolis.mx\/en\/wp-json\/wp\/v2\/types\/product"}],"version-history":[{"count":7,"href":"https:\/\/vinopolis.mx\/en\/wp-json\/wp\/v2\/product\/2464\/revisions"}],"predecessor-version":[{"id":20541,"href":"https:\/\/vinopolis.mx\/en\/wp-json\/wp\/v2\/product\/2464\/revisions\/20541"}],"wp:featuredmedia":[{"embeddable":true,"href":"https:\/\/vinopolis.mx\/en\/wp-json\/wp\/v2\/media\/2497"}],"wp:attachment":[{"href":"https:\/\/vinopolis.mx\/en\/wp-json\/wp\/v2\/media?parent=2464"}],"wp:term":[{"taxonomy":"product_brand","embeddable":true,"href":"https:\/\/vinopolis.mx\/en\/wp-json\/wp\/v2\/product_brand?post=2464"},{"taxonomy":"product_cat","embeddable":true,"href":"https:\/\/vinopolis.mx\/en\/wp-json\/wp\/v2\/product_cat?post=2464"},{"taxonomy":"product_tag","embeddable":true,"href":"https:\/\/vinopolis.mx\/en\/wp-json\/wp\/v2\/product_tag?post=2464"}],"curies":[{"name":"wp","href":"https:\/\/api.w.org\/{rel}","templated":true}]}}