{"id":2429,"date":"2023-10-09T20:19:48","date_gmt":"2023-10-09T20:19:48","guid":{"rendered":"https:\/\/vinopolis.mx\/?post_type=product&#038;p=2429"},"modified":"2026-03-30T16:59:39","modified_gmt":"2026-03-30T21:59:39","slug":"petit-verdot-manna-2011","status":"publish","type":"product","link":"https:\/\/vinopolis.mx\/en\/product\/petit-verdot-manna-2011\/","title":{"rendered":"Petit Verdot &#8220;Manna&#8221; 2011"},"content":{"rendered":"<p><strong>Grape:<\/strong> Predominantemente Cabernet Sauvignon y Petit Verdot con un peque\u00f1o<br \/>\nporcentaje de Merlot y Cabernet Franc<\/p>\n<p><strong>Vinification:<\/strong> Despu\u00e9s de una cuidadosa selecci\u00f3n en los vi\u00f1edos, las uvas son<br \/>\ncuidadosamente trabajado y fermentado en acero inoxidable descapotable cubas Durante este proceso, la capa flotante de pieles de uva es hundido suave y frecuentemente. Gracias a estas t\u00e9cnicas Las sustancias colorantes, sabores y taninos contenidos en las pieles se extraen y se transfieren al vino. Despu\u00e9s la fermentaci\u00f3n alcoh\u00f3lica, el vino se traslada a barrique<br \/>\npara la fermentaci\u00f3n malol\u00e1ctica. Entonces el vino madura en estos barriles por 18 meses y luego de embotellar por otro a\u00f1o en las botellas<\/p>\n<p><strong>Color:<\/strong> Rojo granate<\/p>\n<p><strong>Bouquet:<\/strong> Aromas de bayas negras secas, ciruelas, higos y d\u00e1tiles, con notas de t\u00e9 verde y corteza. Estas sensaciones arom\u00e1ticas perdurar en el vino a lo largo de su larga vida y enfatizar su profundidad<\/p>\n<p><strong>Palate:<\/strong> El vino no impresiona por su fuerte personalidad pero convence por su estratificaci\u00f3n y textura elegante, su finura y su complejidad y compacta Taninos que terminan en un largo ep\u00edlogo<\/p>\n<p><strong>Operating temperature:<\/strong> 18 \u2013 20\u00b0C<\/p>\n<p><strong>Alcohol:<\/strong>\u00a013%<\/p>\n<p><strong>Presentation:<\/strong> 750ml<\/p>","protected":false},"excerpt":{"rendered":"<p>Information<\/p>\n<ul>\n<li><strong>To nothing:<\/strong> 2010<\/li>\n<li><strong>Country:<\/strong> Italy<\/li>\n<li><strong>Region:<\/strong> Trentino<\/li>\n<li><strong>Grape variety:<\/strong><\/li>\n<li><strong>Floor:<\/strong> Arcilloso y Calc\u00e1reo con capas de arena.<\/li>\n<li><strong>Vineyard size:<\/strong> 55 Ha<\/li>\n<li><strong>Plant density per hectare:<\/strong> 7000<\/li>\n<li><strong>Vinification and aging:<\/strong>Despu\u00e9s de una cuidadosa selecci\u00f3n en el vi\u00f1edo, las uvas son cuidadosamente procesadas y fermentadas en cubas de acero inoxidable de boca abierta. Durante este proceso, el sombrero flotante de hollejos\u00a0es sumergido suave y frecuentemente . Gracias a estas t\u00e9cnicas, las sustancias colorantes, los sabores y los taninos contenidos en los hollejos son extra\u00eddos y transferidos al vino.\n<p>Tras la fermentaci\u00f3n alcoh\u00f3lica, el vino se traslada a barricas para la fermentaci\u00f3n malol\u00e1ctica. Luego, el vino madura en estas barricas durante 18 meses y, despu\u00e9s del embotellado, se afina durante otro a\u00f1o en botella.<\/li>\n<\/ul>\n<p><a class=\"btn_ficha\" target=\"_blank\" rel=\"noopener\">See technical sheet<\/a><\/p>","protected":false},"featured_media":2003,"template":"","meta":{"site-sidebar-layout":"default","site-content-layout":"","ast-site-content-layout":"default","site-content-style":"default","site-sidebar-style":"default","ast-global-header-display":"","ast-banner-title-visibility":"","ast-main-header-display":"","ast-hfb-above-header-display":"","ast-hfb-below-header-display":"","ast-hfb-mobile-header-display":"","site-post-title":"","ast-breadcrumbs-content":"","ast-featured-img":"","footer-sml-layout":"","theme-transparent-header-meta":"default","adv-header-id-meta":"","stick-header-meta":"","header-above-stick-meta":"","header-main-stick-meta":"","header-below-stick-meta":"","astra-migrate-meta-layouts":"set","ast-page-background-enabled":"default","ast-page-background-meta":{"desktop":{"background-color":"","background-image":"","background-repeat":"repeat","background-position":"center center","background-size":"auto","background-attachment":"scroll","background-type":"","background-media":"","overlay-type":"","overlay-color":"","overlay-opacity":"","overlay-gradient":""},"tablet":{"background-color":"","background-image":"","background-repeat":"repeat","background-position":"center center","background-size":"auto","background-attachment":"scroll","background-type":"","background-media":"","overlay-type":"","overlay-color":"","overlay-opacity":"","overlay-gradient":""},"mobile":{"background-color":"","background-image":"","background-repeat":"repeat","background-position":"center center","background-size":"auto","background-attachment":"scroll","background-type":"","background-media":"","overlay-type":"","overlay-color":"","overlay-opacity":"","overlay-gradient":""}},"ast-content-background-meta":{"desktop":{"background-color":"var(--ast-global-color-5)","background-image":"","background-repeat":"repeat","background-position":"center center","background-size":"auto","background-attachment":"scroll","background-type":"","background-media":"","overlay-type":"","overlay-color":"","overlay-opacity":"","overlay-gradient":""},"tablet":{"background-color":"var(--ast-global-color-5)","background-image":"","background-repeat":"repeat","background-position":"center center","background-size":"auto","background-attachment":"scroll","background-type":"","background-media":"","overlay-type":"","overlay-color":"","overlay-opacity":"","overlay-gradient":""},"mobile":{"background-color":"var(--ast-global-color-5)","background-image":"","background-repeat":"repeat","background-position":"center center","background-size":"auto","background-attachment":"scroll","background-type":"","background-media":"","overlay-type":"","overlay-color":"","overlay-opacity":"","overlay-gradient":""}},"_joinchat":[]},"product_brand":[],"product_cat":[2195,2238,1816,1983,1467,1493,1759,1836],"product_tag":[300,311,335,354,454,456,469,494,866,879,883,1112,1113,1114],"class_list":{"0":"post-2429","1":"product","2":"type-product","3":"status-publish","4":"has-post-thumbnail","6":"product_cat-italia","7":"product_cat-trentino-alto-adige","8":"product_cat-reserva","9":"product_cat-de-1000-a-1499","10":"product_cat-tinto","11":"product_cat-franz-haas","12":"product_cat-cabernet-sauvignon-petit-verdot-merlot-cabernet-franc","13":"product_cat-alto-adige-sudtirol-doc","14":"product_tag-confeccion6","15":"product_tag-uvablend","16":"product_tag-335","17":"product_tag-reserva","18":"product_tag-750-ml","19":"product_tag-alto-adige-sudtirol-doc","20":"product_tag-vino-tinto","21":"product_tag-494","22":"product_tag-uvacabernet-sauvignon","23":"product_tag-alto-adige-sudtirol","24":"product_tag-uvamerlot","25":"product_tag-franz-haas","26":"product_tag-uvacabernet-franc","27":"product_tag-uvapetit-verdot","28":"desktop-align-center","29":"tablet-align-center","30":"mobile-align-center","31":"ast-product-gallery-layout-horizontal-slider","32":"ast-product-tabs-layout-horizontal","33":"ast-qv-on-image","35":"first","36":"instock","37":"taxable","38":"shipping-taxable","39":"purchasable","40":"product-type-simple"},"yoast_head":"<!-- This site is optimized with the Yoast SEO plugin v26.3 - https:\/\/yoast.com\/wordpress\/plugins\/seo\/ -->\n<title>Petit Verdot &quot;Manna&quot; 2011 FRANZ HAAS<\/title>\n<meta name=\"description\" content=\"Petit Verdot &quot;Manna&quot; 2011 FRANZ HAAS Vinopolis - Vino Tinto - Cava del Fundador\" \/>\n<meta name=\"robots\" content=\"index, follow, max-snippet:-1, max-image-preview:large, max-video-preview:-1\" \/>\n<link rel=\"canonical\" href=\"https:\/\/vinopolis.mx\/en\/product\/petit-verdot-manna-2011\/\" \/>\n<meta property=\"og:locale\" content=\"en_US\" \/>\n<meta property=\"og:type\" content=\"article\" \/>\n<meta property=\"og:title\" content=\"Petit Verdot &quot;Manna&quot; 2011 FRANZ HAAS\" \/>\n<meta property=\"og:description\" content=\"Petit Verdot &quot;Manna&quot; 2011 FRANZ HAAS Vinopolis - Vino Tinto - Cava del Fundador\" \/>\n<meta property=\"og:url\" content=\"https:\/\/vinopolis.mx\/en\/product\/petit-verdot-manna-2011\/\" \/>\n<meta property=\"og:site_name\" content=\"Vinopolis\" \/>\n<meta property=\"article:modified_time\" content=\"2026-03-30T21:59:39+00:00\" \/>\n<meta property=\"og:image\" content=\"https:\/\/vinopolis.mx\/wp-content\/uploads\/2023\/10\/ISTANTE.png\" \/>\n\t<meta property=\"og:image:width\" content=\"400\" \/>\n\t<meta property=\"og:image:height\" content=\"608\" \/>\n\t<meta property=\"og:image:type\" content=\"image\/png\" \/>\n<meta name=\"twitter:card\" content=\"summary_large_image\" \/>\n<meta name=\"twitter:label1\" content=\"Est. reading time\" \/>\n\t<meta name=\"twitter:data1\" content=\"2 minutes\" \/>\n<script type=\"application\/ld+json\" class=\"yoast-schema-graph\">{\"@context\":\"https:\/\/schema.org\",\"@graph\":[{\"@type\":\"WebPage\",\"@id\":\"https:\/\/vinopolis.mx\/producto\/petit-verdot-manna-2011\/\",\"url\":\"https:\/\/vinopolis.mx\/producto\/petit-verdot-manna-2011\/\",\"name\":\"Petit Verdot \\\"Manna\\\" 2011 FRANZ HAAS\",\"isPartOf\":{\"@id\":\"https:\/\/vinopolis.mx\/#website\"},\"primaryImageOfPage\":{\"@id\":\"https:\/\/vinopolis.mx\/producto\/petit-verdot-manna-2011\/#primaryimage\"},\"image\":{\"@id\":\"https:\/\/vinopolis.mx\/producto\/petit-verdot-manna-2011\/#primaryimage\"},\"thumbnailUrl\":\"https:\/\/vinopolis.mx\/wp-content\/uploads\/2023\/10\/ISTANTE.png\",\"datePublished\":\"2023-10-09T20:19:48+00:00\",\"dateModified\":\"2026-03-30T21:59:39+00:00\",\"description\":\"Petit Verdot \\\"Manna\\\" 2011 FRANZ HAAS Vinopolis - Vino Tinto - Cava del Fundador\",\"breadcrumb\":{\"@id\":\"https:\/\/vinopolis.mx\/producto\/petit-verdot-manna-2011\/#breadcrumb\"},\"inLanguage\":\"en-US\",\"potentialAction\":[{\"@type\":\"ReadAction\",\"target\":[\"https:\/\/vinopolis.mx\/producto\/petit-verdot-manna-2011\/\"]}]},{\"@type\":\"ImageObject\",\"inLanguage\":\"en-US\",\"@id\":\"https:\/\/vinopolis.mx\/producto\/petit-verdot-manna-2011\/#primaryimage\",\"url\":\"https:\/\/vinopolis.mx\/wp-content\/uploads\/2023\/10\/ISTANTE.png\",\"contentUrl\":\"https:\/\/vinopolis.mx\/wp-content\/uploads\/2023\/10\/ISTANTE.png\",\"width\":400,\"height\":608},{\"@type\":\"BreadcrumbList\",\"@id\":\"https:\/\/vinopolis.mx\/producto\/petit-verdot-manna-2011\/#breadcrumb\",\"itemListElement\":[{\"@type\":\"ListItem\",\"position\":1,\"name\":\"Inicio\",\"item\":\"https:\/\/vinopolis.mx\/\"},{\"@type\":\"ListItem\",\"position\":2,\"name\":\"Shop\",\"item\":\"https:\/\/vinopolis.mx\/shop\/\"},{\"@type\":\"ListItem\",\"position\":3,\"name\":\"Petit Verdot &#8220;Manna&#8221; 2011\"}]},{\"@type\":\"WebSite\",\"@id\":\"https:\/\/vinopolis.mx\/#website\",\"url\":\"https:\/\/vinopolis.mx\/\",\"name\":\"Vinopolis\",\"description\":\"Intrepid Wines Collection\",\"publisher\":{\"@id\":\"https:\/\/vinopolis.mx\/#organization\"},\"potentialAction\":[{\"@type\":\"SearchAction\",\"target\":{\"@type\":\"EntryPoint\",\"urlTemplate\":\"https:\/\/vinopolis.mx\/?s={search_term_string}\"},\"query-input\":{\"@type\":\"PropertyValueSpecification\",\"valueRequired\":true,\"valueName\":\"search_term_string\"}}],\"inLanguage\":\"en-US\"},{\"@type\":\"Organization\",\"@id\":\"https:\/\/vinopolis.mx\/#organization\",\"name\":\"Vinopolis\",\"url\":\"https:\/\/vinopolis.mx\/\",\"logo\":{\"@type\":\"ImageObject\",\"inLanguage\":\"en-US\",\"@id\":\"https:\/\/vinopolis.mx\/#\/schema\/logo\/image\/\",\"url\":\"https:\/\/vinopolis.mx\/wp-content\/uploads\/2025\/08\/vinopolis_logo-25.png\",\"contentUrl\":\"https:\/\/vinopolis.mx\/wp-content\/uploads\/2025\/08\/vinopolis_logo-25.png\",\"width\":1835,\"height\":281,\"caption\":\"Vinopolis\"},\"image\":{\"@id\":\"https:\/\/vinopolis.mx\/#\/schema\/logo\/image\/\"}}]}<\/script>\n<!-- \/ Yoast SEO plugin. -->","yoast_head_json":{"title":"Petit Verdot \"Manna\" 2011 FRANZ HAAS","description":"Petit Verdot \"Manna\" 2011 FRANZ HAAS Vinopolis - Vino Tinto - Cava del Fundador","robots":{"index":"index","follow":"follow","max-snippet":"max-snippet:-1","max-image-preview":"max-image-preview:large","max-video-preview":"max-video-preview:-1"},"canonical":"https:\/\/vinopolis.mx\/en\/product\/petit-verdot-manna-2011\/","og_locale":"en_US","og_type":"article","og_title":"Petit Verdot \"Manna\" 2011 FRANZ HAAS","og_description":"Petit Verdot \"Manna\" 2011 FRANZ HAAS Vinopolis - Vino Tinto - Cava del Fundador","og_url":"https:\/\/vinopolis.mx\/en\/product\/petit-verdot-manna-2011\/","og_site_name":"Vinopolis","article_modified_time":"2026-03-30T21:59:39+00:00","og_image":[{"width":400,"height":608,"url":"https:\/\/vinopolis.mx\/wp-content\/uploads\/2023\/10\/ISTANTE.png","type":"image\/png"}],"twitter_card":"summary_large_image","twitter_misc":{"Est. reading time":"2 minutes"},"schema":{"@context":"https:\/\/schema.org","@graph":[{"@type":"WebPage","@id":"https:\/\/vinopolis.mx\/producto\/petit-verdot-manna-2011\/","url":"https:\/\/vinopolis.mx\/producto\/petit-verdot-manna-2011\/","name":"Petit Verdot \"Manna\" 2011 FRANZ HAAS","isPartOf":{"@id":"https:\/\/vinopolis.mx\/#website"},"primaryImageOfPage":{"@id":"https:\/\/vinopolis.mx\/producto\/petit-verdot-manna-2011\/#primaryimage"},"image":{"@id":"https:\/\/vinopolis.mx\/producto\/petit-verdot-manna-2011\/#primaryimage"},"thumbnailUrl":"https:\/\/vinopolis.mx\/wp-content\/uploads\/2023\/10\/ISTANTE.png","datePublished":"2023-10-09T20:19:48+00:00","dateModified":"2026-03-30T21:59:39+00:00","description":"Petit Verdot \"Manna\" 2011 FRANZ HAAS Vinopolis - Vino Tinto - Cava del Fundador","breadcrumb":{"@id":"https:\/\/vinopolis.mx\/producto\/petit-verdot-manna-2011\/#breadcrumb"},"inLanguage":"en-US","potentialAction":[{"@type":"ReadAction","target":["https:\/\/vinopolis.mx\/producto\/petit-verdot-manna-2011\/"]}]},{"@type":"ImageObject","inLanguage":"en-US","@id":"https:\/\/vinopolis.mx\/producto\/petit-verdot-manna-2011\/#primaryimage","url":"https:\/\/vinopolis.mx\/wp-content\/uploads\/2023\/10\/ISTANTE.png","contentUrl":"https:\/\/vinopolis.mx\/wp-content\/uploads\/2023\/10\/ISTANTE.png","width":400,"height":608},{"@type":"BreadcrumbList","@id":"https:\/\/vinopolis.mx\/producto\/petit-verdot-manna-2011\/#breadcrumb","itemListElement":[{"@type":"ListItem","position":1,"name":"Inicio","item":"https:\/\/vinopolis.mx\/"},{"@type":"ListItem","position":2,"name":"Shop","item":"https:\/\/vinopolis.mx\/shop\/"},{"@type":"ListItem","position":3,"name":"Petit Verdot &#8220;Manna&#8221; 2011"}]},{"@type":"WebSite","@id":"https:\/\/vinopolis.mx\/#website","url":"https:\/\/vinopolis.mx\/","name":"Vinopolis","description":"Intrepid Wines Collection","publisher":{"@id":"https:\/\/vinopolis.mx\/#organization"},"potentialAction":[{"@type":"SearchAction","target":{"@type":"EntryPoint","urlTemplate":"https:\/\/vinopolis.mx\/?s={search_term_string}"},"query-input":{"@type":"PropertyValueSpecification","valueRequired":true,"valueName":"search_term_string"}}],"inLanguage":"en-US"},{"@type":"Organization","@id":"https:\/\/vinopolis.mx\/#organization","name":"Vinopolis","url":"https:\/\/vinopolis.mx\/","logo":{"@type":"ImageObject","inLanguage":"en-US","@id":"https:\/\/vinopolis.mx\/#\/schema\/logo\/image\/","url":"https:\/\/vinopolis.mx\/wp-content\/uploads\/2025\/08\/vinopolis_logo-25.png","contentUrl":"https:\/\/vinopolis.mx\/wp-content\/uploads\/2025\/08\/vinopolis_logo-25.png","width":1835,"height":281,"caption":"Vinopolis"},"image":{"@id":"https:\/\/vinopolis.mx\/#\/schema\/logo\/image\/"}}]}},"_links":{"self":[{"href":"https:\/\/vinopolis.mx\/en\/wp-json\/wp\/v2\/product\/2429","targetHints":{"allow":["GET"]}}],"collection":[{"href":"https:\/\/vinopolis.mx\/en\/wp-json\/wp\/v2\/product"}],"about":[{"href":"https:\/\/vinopolis.mx\/en\/wp-json\/wp\/v2\/types\/product"}],"version-history":[{"count":2,"href":"https:\/\/vinopolis.mx\/en\/wp-json\/wp\/v2\/product\/2429\/revisions"}],"predecessor-version":[{"id":20491,"href":"https:\/\/vinopolis.mx\/en\/wp-json\/wp\/v2\/product\/2429\/revisions\/20491"}],"wp:featuredmedia":[{"embeddable":true,"href":"https:\/\/vinopolis.mx\/en\/wp-json\/wp\/v2\/media\/2003"}],"wp:attachment":[{"href":"https:\/\/vinopolis.mx\/en\/wp-json\/wp\/v2\/media?parent=2429"}],"wp:term":[{"taxonomy":"product_brand","embeddable":true,"href":"https:\/\/vinopolis.mx\/en\/wp-json\/wp\/v2\/product_brand?post=2429"},{"taxonomy":"product_cat","embeddable":true,"href":"https:\/\/vinopolis.mx\/en\/wp-json\/wp\/v2\/product_cat?post=2429"},{"taxonomy":"product_tag","embeddable":true,"href":"https:\/\/vinopolis.mx\/en\/wp-json\/wp\/v2\/product_tag?post=2429"}],"curies":[{"name":"wp","href":"https:\/\/api.w.org\/{rel}","templated":true}]}}