{"id":2412,"date":"2023-10-09T20:19:22","date_gmt":"2023-10-09T20:19:22","guid":{"rendered":"https:\/\/vinopolis.mx\/?post_type=product&#038;p=2412"},"modified":"2026-03-30T16:59:38","modified_gmt":"2026-03-30T21:59:38","slug":"la-massa-2004","status":"publish","type":"product","link":"https:\/\/vinopolis.mx\/en\/product\/la-massa-2004\/","title":{"rendered":"La Massa 2004"},"content":{"rendered":"","protected":false},"excerpt":{"rendered":"<ul>\n<li><b>Bodega:<\/b> The Massa<\/li>\n<li><b>Tipolog\u00eda:<\/b> Red wine<\/li>\n<li><b>Variedad:<\/b> Sangiovese (50%), Merlot (30%) y Cabernet-Sauvignon\/Alicante B.\/Petit Verdot (20%).<\/li>\n<li><b>Ubicaci\u00f3n y altitud del vi\u00f1edo:<\/b> &#8220;La Conca d&#8217;Oro&#8221; (La Cuenca Dorada) de Panzano en Chianti \u2013 360 mts<\/li>\n<li><b>\u00c1rea del vi\u00f1edo:<\/b> 25 Ha<\/li>\n<li><b>Edad de las cepas:<\/b> 25 a\u00f1os.<\/li>\n<li><b>Pr\u00e1cticas agr\u00edcolas:<\/b> Sustainable<\/li>\n<li><b>Vinification: <\/b>Manejo experto de la maceraci\u00f3n y uso de barricas de roble franc\u00e9s. Se caracteriza por un primer per\u00edodo de aproximadamente 10 meses en el que el vino permanece en contacto con el vino fino.<\/li>\n<li><b>Crianza:<\/b> En barricas de roble franc\u00e9s, 20% de las cuales son nuevas. Se caracteriza por un periodo inicial de unos 10 meses en el que el vino se mantiene en estrecho sur lie activamente mantenidas por frecuentes <i>batonnage<\/i>\u00a0y macro-oxigenaci\u00f3n.<\/li>\n<li><b>N\u00ba de Botellas:<\/b> 120.000<\/li>\n<\/ul>\n<p><a class=\"btn_ficha\" href=\"https:\/\/vinopolis.mx\/wp-content\/uploads\/2024\/01\/La-Massa_-La-Massa-2019_EN.pdf\" target=\"_blank\" rel=\"noopener\">See technical sheet<\/a><\/p>","protected":false},"featured_media":12649,"template":"","meta":{"site-sidebar-layout":"default","site-content-layout":"","ast-site-content-layout":"default","site-content-style":"default","site-sidebar-style":"default","ast-global-header-display":"","ast-banner-title-visibility":"","ast-main-header-display":"","ast-hfb-above-header-display":"","ast-hfb-below-header-display":"","ast-hfb-mobile-header-display":"","site-post-title":"","ast-breadcrumbs-content":"","ast-featured-img":"","footer-sml-layout":"","theme-transparent-header-meta":"default","adv-header-id-meta":"","stick-header-meta":"","header-above-stick-meta":"","header-main-stick-meta":"","header-below-stick-meta":"","astra-migrate-meta-layouts":"set","ast-page-background-enabled":"default","ast-page-background-meta":{"desktop":{"background-color":"","background-image":"","background-repeat":"repeat","background-position":"center center","background-size":"auto","background-attachment":"scroll","background-type":"","background-media":"","overlay-type":"","overlay-color":"","overlay-opacity":"","overlay-gradient":""},"tablet":{"background-color":"","background-image":"","background-repeat":"repeat","background-position":"center center","background-size":"auto","background-attachment":"scroll","background-type":"","background-media":"","overlay-type":"","overlay-color":"","overlay-opacity":"","overlay-gradient":""},"mobile":{"background-color":"","background-image":"","background-repeat":"repeat","background-position":"center center","background-size":"auto","background-attachment":"scroll","background-type":"","background-media":"","overlay-type":"","overlay-color":"","overlay-opacity":"","overlay-gradient":""}},"ast-content-background-meta":{"desktop":{"background-color":"var(--ast-global-color-5)","background-image":"","background-repeat":"repeat","background-position":"center center","background-size":"auto","background-attachment":"scroll","background-type":"","background-media":"","overlay-type":"","overlay-color":"","overlay-opacity":"","overlay-gradient":""},"tablet":{"background-color":"var(--ast-global-color-5)","background-image":"","background-repeat":"repeat","background-position":"center center","background-size":"auto","background-attachment":"scroll","background-type":"","background-media":"","overlay-type":"","overlay-color":"","overlay-opacity":"","overlay-gradient":""},"mobile":{"background-color":"var(--ast-global-color-5)","background-image":"","background-repeat":"repeat","background-position":"center center","background-size":"auto","background-attachment":"scroll","background-type":"","background-media":"","overlay-type":"","overlay-color":"","overlay-opacity":"","overlay-gradient":""}},"_joinchat":[]},"product_brand":[],"product_cat":[2195,2211,2124,1523],"product_tag":[300,311,360,398,441,454,469,616,760,861,886,988,1004,1005],"class_list":{"0":"post-2412","1":"product","2":"type-product","3":"status-publish","4":"has-post-thumbnail","6":"product_cat-italia","7":"product_cat-toscana-italia","8":"product_cat-viticultura-sustentable","9":"product_cat-la-massa","10":"product_tag-confeccion6","11":"product_tag-uvablend","12":"product_tag-360","13":"product_tag-seleccion","14":"product_tag-441","15":"product_tag-750-ml","16":"product_tag-vino-tinto","17":"product_tag-toscana","18":"product_tag-toscana-igt","19":"product_tag-uvamerlot-10","20":"product_tag-la-massa","21":"product_tag-uvacabernet-sauvignon-30","22":"product_tag-uvaalicante-5","23":"product_tag-uvasangiovese-55","24":"product_shipping_class-mensajeria","25":"desktop-align-center","26":"tablet-align-center","27":"mobile-align-center","28":"ast-product-gallery-layout-horizontal-slider","29":"ast-product-tabs-layout-horizontal","30":"ast-qv-on-image","32":"first","33":"instock","34":"taxable","35":"shipping-taxable","36":"purchasable","37":"product-type-simple"},"yoast_head":"<!-- This site is optimized with the Yoast SEO plugin v26.3 - https:\/\/yoast.com\/wordpress\/plugins\/seo\/ -->\n<title>La Massa Fattoria La Massa- Vinos Tintos- Bodega La massa<\/title>\n<meta name=\"description\" content=\"La Massa Fattoria La Massa- Vinos Tintos Seleccionados - Bodega La massa - Vinopolis Intrepid Wines - Envios a todo M\u00e9xcio\" \/>\n<meta name=\"robots\" content=\"index, follow, max-snippet:-1, max-image-preview:large, max-video-preview:-1\" \/>\n<link rel=\"canonical\" href=\"https:\/\/vinopolis.mx\/en\/product\/la-massa-2004\/\" \/>\n<meta property=\"og:locale\" content=\"en_US\" \/>\n<meta property=\"og:type\" content=\"article\" \/>\n<meta property=\"og:title\" content=\"La Massa Fattoria La Massa- Vinos Tintos- Bodega La massa\" \/>\n<meta property=\"og:description\" content=\"La Massa Fattoria La Massa- Vinos Tintos Seleccionados - Bodega La massa - Vinopolis Intrepid Wines - Envios a todo M\u00e9xcio\" \/>\n<meta property=\"og:url\" content=\"https:\/\/vinopolis.mx\/en\/product\/la-massa-2004\/\" \/>\n<meta property=\"og:site_name\" content=\"Vinopolis\" \/>\n<meta property=\"article:modified_time\" content=\"2026-03-30T21:59:38+00:00\" \/>\n<meta property=\"og:image\" content=\"https:\/\/vinopolis.mx\/wp-content\/uploads\/2023\/10\/La-Massa.png\" \/>\n\t<meta property=\"og:image:width\" content=\"400\" \/>\n\t<meta property=\"og:image:height\" content=\"608\" \/>\n\t<meta property=\"og:image:type\" content=\"image\/png\" \/>\n<meta name=\"twitter:card\" content=\"summary_large_image\" \/>\n<meta name=\"twitter:label1\" content=\"Est. reading time\" \/>\n\t<meta name=\"twitter:data1\" content=\"1 minute\" \/>\n<script type=\"application\/ld+json\" class=\"yoast-schema-graph\">{\"@context\":\"https:\/\/schema.org\",\"@graph\":[{\"@type\":\"WebPage\",\"@id\":\"https:\/\/vinopolis.mx\/producto\/la-massa-2004\/\",\"url\":\"https:\/\/vinopolis.mx\/producto\/la-massa-2004\/\",\"name\":\"La Massa Fattoria La Massa- Vinos Tintos- Bodega La massa\",\"isPartOf\":{\"@id\":\"https:\/\/vinopolis.mx\/#website\"},\"primaryImageOfPage\":{\"@id\":\"https:\/\/vinopolis.mx\/producto\/la-massa-2004\/#primaryimage\"},\"image\":{\"@id\":\"https:\/\/vinopolis.mx\/producto\/la-massa-2004\/#primaryimage\"},\"thumbnailUrl\":\"https:\/\/vinopolis.mx\/wp-content\/uploads\/2023\/10\/La-Massa.png\",\"datePublished\":\"2023-10-09T20:19:22+00:00\",\"dateModified\":\"2026-03-30T21:59:38+00:00\",\"description\":\"La Massa Fattoria La Massa- Vinos Tintos Seleccionados - Bodega La massa - Vinopolis Intrepid Wines - Envios a todo M\u00e9xcio\",\"breadcrumb\":{\"@id\":\"https:\/\/vinopolis.mx\/producto\/la-massa-2004\/#breadcrumb\"},\"inLanguage\":\"en-US\",\"potentialAction\":[{\"@type\":\"ReadAction\",\"target\":[\"https:\/\/vinopolis.mx\/producto\/la-massa-2004\/\"]}]},{\"@type\":\"ImageObject\",\"inLanguage\":\"en-US\",\"@id\":\"https:\/\/vinopolis.mx\/producto\/la-massa-2004\/#primaryimage\",\"url\":\"https:\/\/vinopolis.mx\/wp-content\/uploads\/2023\/10\/La-Massa.png\",\"contentUrl\":\"https:\/\/vinopolis.mx\/wp-content\/uploads\/2023\/10\/La-Massa.png\",\"width\":400,\"height\":608},{\"@type\":\"BreadcrumbList\",\"@id\":\"https:\/\/vinopolis.mx\/producto\/la-massa-2004\/#breadcrumb\",\"itemListElement\":[{\"@type\":\"ListItem\",\"position\":1,\"name\":\"Inicio\",\"item\":\"https:\/\/vinopolis.mx\/\"},{\"@type\":\"ListItem\",\"position\":2,\"name\":\"Shop\",\"item\":\"https:\/\/vinopolis.mx\/shop\/\"},{\"@type\":\"ListItem\",\"position\":3,\"name\":\"La Massa 2004\"}]},{\"@type\":\"WebSite\",\"@id\":\"https:\/\/vinopolis.mx\/#website\",\"url\":\"https:\/\/vinopolis.mx\/\",\"name\":\"Vinopolis\",\"description\":\"Intrepid Wines Collection\",\"publisher\":{\"@id\":\"https:\/\/vinopolis.mx\/#organization\"},\"potentialAction\":[{\"@type\":\"SearchAction\",\"target\":{\"@type\":\"EntryPoint\",\"urlTemplate\":\"https:\/\/vinopolis.mx\/?s={search_term_string}\"},\"query-input\":{\"@type\":\"PropertyValueSpecification\",\"valueRequired\":true,\"valueName\":\"search_term_string\"}}],\"inLanguage\":\"en-US\"},{\"@type\":\"Organization\",\"@id\":\"https:\/\/vinopolis.mx\/#organization\",\"name\":\"Vinopolis\",\"url\":\"https:\/\/vinopolis.mx\/\",\"logo\":{\"@type\":\"ImageObject\",\"inLanguage\":\"en-US\",\"@id\":\"https:\/\/vinopolis.mx\/#\/schema\/logo\/image\/\",\"url\":\"https:\/\/vinopolis.mx\/wp-content\/uploads\/2025\/08\/vinopolis_logo-25.png\",\"contentUrl\":\"https:\/\/vinopolis.mx\/wp-content\/uploads\/2025\/08\/vinopolis_logo-25.png\",\"width\":1835,\"height\":281,\"caption\":\"Vinopolis\"},\"image\":{\"@id\":\"https:\/\/vinopolis.mx\/#\/schema\/logo\/image\/\"}}]}<\/script>\n<!-- \/ Yoast SEO plugin. -->","yoast_head_json":{"title":"La Massa Fattoria La Massa- Vinos Tintos- Bodega La massa","description":"La Massa Fattoria La Massa- Vinos Tintos Seleccionados - Bodega La massa - Vinopolis Intrepid Wines - Envios a todo M\u00e9xcio","robots":{"index":"index","follow":"follow","max-snippet":"max-snippet:-1","max-image-preview":"max-image-preview:large","max-video-preview":"max-video-preview:-1"},"canonical":"https:\/\/vinopolis.mx\/en\/product\/la-massa-2004\/","og_locale":"en_US","og_type":"article","og_title":"La Massa Fattoria La Massa- Vinos Tintos- Bodega La massa","og_description":"La Massa Fattoria La Massa- Vinos Tintos Seleccionados - Bodega La massa - Vinopolis Intrepid Wines - Envios a todo M\u00e9xcio","og_url":"https:\/\/vinopolis.mx\/en\/product\/la-massa-2004\/","og_site_name":"Vinopolis","article_modified_time":"2026-03-30T21:59:38+00:00","og_image":[{"width":400,"height":608,"url":"https:\/\/vinopolis.mx\/wp-content\/uploads\/2023\/10\/La-Massa.png","type":"image\/png"}],"twitter_card":"summary_large_image","twitter_misc":{"Est. reading time":"1 minute"},"schema":{"@context":"https:\/\/schema.org","@graph":[{"@type":"WebPage","@id":"https:\/\/vinopolis.mx\/producto\/la-massa-2004\/","url":"https:\/\/vinopolis.mx\/producto\/la-massa-2004\/","name":"La Massa Fattoria La Massa- Vinos Tintos- Bodega La massa","isPartOf":{"@id":"https:\/\/vinopolis.mx\/#website"},"primaryImageOfPage":{"@id":"https:\/\/vinopolis.mx\/producto\/la-massa-2004\/#primaryimage"},"image":{"@id":"https:\/\/vinopolis.mx\/producto\/la-massa-2004\/#primaryimage"},"thumbnailUrl":"https:\/\/vinopolis.mx\/wp-content\/uploads\/2023\/10\/La-Massa.png","datePublished":"2023-10-09T20:19:22+00:00","dateModified":"2026-03-30T21:59:38+00:00","description":"La Massa Fattoria La Massa- Vinos Tintos Seleccionados - Bodega La massa - Vinopolis Intrepid Wines - Envios a todo M\u00e9xcio","breadcrumb":{"@id":"https:\/\/vinopolis.mx\/producto\/la-massa-2004\/#breadcrumb"},"inLanguage":"en-US","potentialAction":[{"@type":"ReadAction","target":["https:\/\/vinopolis.mx\/producto\/la-massa-2004\/"]}]},{"@type":"ImageObject","inLanguage":"en-US","@id":"https:\/\/vinopolis.mx\/producto\/la-massa-2004\/#primaryimage","url":"https:\/\/vinopolis.mx\/wp-content\/uploads\/2023\/10\/La-Massa.png","contentUrl":"https:\/\/vinopolis.mx\/wp-content\/uploads\/2023\/10\/La-Massa.png","width":400,"height":608},{"@type":"BreadcrumbList","@id":"https:\/\/vinopolis.mx\/producto\/la-massa-2004\/#breadcrumb","itemListElement":[{"@type":"ListItem","position":1,"name":"Inicio","item":"https:\/\/vinopolis.mx\/"},{"@type":"ListItem","position":2,"name":"Shop","item":"https:\/\/vinopolis.mx\/shop\/"},{"@type":"ListItem","position":3,"name":"La Massa 2004"}]},{"@type":"WebSite","@id":"https:\/\/vinopolis.mx\/#website","url":"https:\/\/vinopolis.mx\/","name":"Vinopolis","description":"Intrepid Wines Collection","publisher":{"@id":"https:\/\/vinopolis.mx\/#organization"},"potentialAction":[{"@type":"SearchAction","target":{"@type":"EntryPoint","urlTemplate":"https:\/\/vinopolis.mx\/?s={search_term_string}"},"query-input":{"@type":"PropertyValueSpecification","valueRequired":true,"valueName":"search_term_string"}}],"inLanguage":"en-US"},{"@type":"Organization","@id":"https:\/\/vinopolis.mx\/#organization","name":"Vinopolis","url":"https:\/\/vinopolis.mx\/","logo":{"@type":"ImageObject","inLanguage":"en-US","@id":"https:\/\/vinopolis.mx\/#\/schema\/logo\/image\/","url":"https:\/\/vinopolis.mx\/wp-content\/uploads\/2025\/08\/vinopolis_logo-25.png","contentUrl":"https:\/\/vinopolis.mx\/wp-content\/uploads\/2025\/08\/vinopolis_logo-25.png","width":1835,"height":281,"caption":"Vinopolis"},"image":{"@id":"https:\/\/vinopolis.mx\/#\/schema\/logo\/image\/"}}]}},"_links":{"self":[{"href":"https:\/\/vinopolis.mx\/en\/wp-json\/wp\/v2\/product\/2412","targetHints":{"allow":["GET"]}}],"collection":[{"href":"https:\/\/vinopolis.mx\/en\/wp-json\/wp\/v2\/product"}],"about":[{"href":"https:\/\/vinopolis.mx\/en\/wp-json\/wp\/v2\/types\/product"}],"version-history":[{"count":6,"href":"https:\/\/vinopolis.mx\/en\/wp-json\/wp\/v2\/product\/2412\/revisions"}],"predecessor-version":[{"id":22800,"href":"https:\/\/vinopolis.mx\/en\/wp-json\/wp\/v2\/product\/2412\/revisions\/22800"}],"wp:featuredmedia":[{"embeddable":true,"href":"https:\/\/vinopolis.mx\/en\/wp-json\/wp\/v2\/media\/12649"}],"wp:attachment":[{"href":"https:\/\/vinopolis.mx\/en\/wp-json\/wp\/v2\/media?parent=2412"}],"wp:term":[{"taxonomy":"product_brand","embeddable":true,"href":"https:\/\/vinopolis.mx\/en\/wp-json\/wp\/v2\/product_brand?post=2412"},{"taxonomy":"product_cat","embeddable":true,"href":"https:\/\/vinopolis.mx\/en\/wp-json\/wp\/v2\/product_cat?post=2412"},{"taxonomy":"product_tag","embeddable":true,"href":"https:\/\/vinopolis.mx\/en\/wp-json\/wp\/v2\/product_tag?post=2412"}],"curies":[{"name":"wp","href":"https:\/\/api.w.org\/{rel}","templated":true}]}}