{"id":2399,"date":"2023-10-09T20:19:19","date_gmt":"2023-10-09T20:19:19","guid":{"rendered":"https:\/\/vinopolis.mx\/?post_type=product&#038;p=2399"},"modified":"2026-03-30T16:59:37","modified_gmt":"2026-03-30T21:59:37","slug":"barbera-dasti-pomorosso-2006","status":"publish","type":"product","link":"https:\/\/vinopolis.mx\/en\/product\/barbera-dasti-pomorosso-2006\/","title":{"rendered":"Barbera D&#039;Asti \u201cPomorosso\u201d 2006"},"content":{"rendered":"<p>&#8220;Pomorosso&#8221; 2006<\/p>\n<h5 style=\"text-align: left;\">VINEYARD<\/h5>\n<p style=\"text-align: left;\"><strong>VARIETAL:\u00a0<\/strong>100% Barbera &#8211; D.O.C.G.<\/p>\n<p style=\"text-align: left;\"><strong>EL VI\u00d1EDO: <\/strong>Ubicado al sur de Astigiano a una altitud de 200 m s. n. m. con exposici\u00f3n al sur &#8211; sureste.<\/p>\n<p style=\"text-align: left;\">El suelo es de arcilla margas y calizas, el esqueleto del suelo revela presencia de yeso,<\/p>\n<p style=\"text-align: left;\">conglomerados ferrosos y una cantidad modesta de carbonato de calcio.<\/p>\n<p style=\"text-align: left;\"><strong>CULTIVATION SYSTEM:\u00a0<\/strong>Guyot<\/p>\n<h5 style=\"text-align: left;\">WINEMAKING TECHNIQUE<\/h5>\n<p style=\"text-align: left;\"><strong>MATURATION:\u00a0<\/strong>14 meses en barricas.<\/p>\n<h5 style=\"text-align: left;\">WINE DESCRIPTION<\/h5>\n<p style=\"text-align: left;\"><strong>COLOR:\u00a0<\/strong>Morado oscuro.<\/p>\n<p style=\"text-align: left;\"><strong>BOUQUET:\u00a0<\/strong>Intensos aromas a violeta, mora y cereza y un final de grafito mineral.<\/p>\n<p style=\"text-align: left;\"><strong>PALATE:\u00a0<\/strong>Estructurado y redondo.<\/p>\n<p style=\"text-align: left;\"><strong>PAIRING: <\/strong>Ternera estofado con Barbera, estofado de fais\u00e1n y queso maduro.<\/p>\n<p style=\"text-align: left;\"><strong>OPERATING TEMPERATURE: <\/strong>18\u00b0C.<\/p>\n<h5 style=\"text-align: left;\">CHEMICAL ANALYSIS<\/h5>\n<p style=\"text-align: left;\"><strong>ALCOHOL:\u00a0<\/strong>13,50% vol<\/p>\n<p style=\"text-align: left;\"><strong>TOTAL ACIDITY: <\/strong>5.84 gr.\/l<strong><br \/>\n<\/strong><\/p>\n<h5>&#8220;Pomorosso&#8221; 2006<\/h5>\n<p><a href=\"http:\/\/vinopolis.mx\/en\/coppo-2\/\">Coppo<\/a><\/p>\n<div class=\"wpb_text_column wpb_content_element paddingtext\">\n<div class=\"wpb_wrapper\">\n<p>Las\u00a0<strong>hist\u00f3ricas bodegas Coppo<\/strong>\u00a0han sido\u00a0<strong>declaradas Patrimonio de la Humanidad por la Unesco.<\/strong><\/p>\n<p>Un prestigioso reconocimiento, que llena de orgullo a la empresa y que hace de las <strong>Catedrales Subterr\u00e1neas<\/strong>\u00a0un templo dedicado al vino, su historia y el trabajo duro del hombre.<\/p>\n<p>Probablemente construidas a partir del\u00a0<strong>siglo XVIII<\/strong> como peque\u00f1as bodegas de almacenamiento,<\/p>\n<p>remodeladas y ampliadas durante los a\u00f1os 1800 y 1900 hasta renovaciones y arreglos modernos.<\/p>\n<p>Las <strong>bodegas Coppo se<\/strong>\u00a0desarrollan bajo el\u00a0<strong>cerro Canelli<\/strong>\u00a0para una extensi\u00f3n de\u00a0<strong>m\u00e1s de 5 mil metros<\/strong>\u00a0cuadrados y una profundidad que, en su punto m\u00e1s bajo, alcanza los 40 metros.<\/p>\n<div class=\"wpb_column vc_column_container vc_col-sm-4\">\n<div class=\"vc_column-inner\">\n<div class=\"wpb_wrapper\">\n<div class=\"wpb_text_column wpb_content_element\">\n<div class=\"wpb_wrapper\">\n<p>La historia de la bodega\u00a0<strong>Coppo<\/strong>\u00a0est\u00e1 indisolublemente ligada a la del\u00a0<strong>vino piamont\u00e9s<\/strong>\u00a0, en particular con el desarrollo de\u00a0<strong>Canelli.<\/strong><\/p>\n<p><strong>La patria y capital del vino espumoso italiano<\/strong>\u00a0, que sigue siendo hoy uno de los centros vin\u00edcolas italianos m\u00e1s importantes.<\/p>\n<p><strong>Una historia de tradici\u00f3n y valiente visi\u00f3n del futuro, de sacrificio e innovaci\u00f3n.\u00a0<\/strong><\/p>\n<p>Una historia que demuestra el amor incondicional de los Coppos por sus lugares de origen, las vi\u00f1as que siempre se han cultivado en\u00a0<strong>Piamonte<\/strong>\u00a0y la larga tradici\u00f3n familiar.<\/p>\n<\/div>\n<\/div>\n<\/div>\n<\/div>\n<\/div>\n<div class=\"wpb_column vc_column_container vc_col-sm-4\">\n<div class=\"vc_column-inner\">\n<div class=\"wpb_wrapper\">\n<div class=\"wpb_text_column wpb_content_element\">\n<div class=\"wpb_wrapper\">\n<p>Los or\u00edgenes de la empresa se remontan a\u00a0<strong>1892<\/strong>\u00a0y durante m\u00e1s de\u00a0<strong>120 a\u00f1os<\/strong>\u00a0siguen los acontecimientos de la familia, hoy en d\u00eda \u00fanica propietaria.<\/p>\n<p>En la actualidad, la producci\u00f3n de la empresa se centra\u00a0<strong>mayoritariamente<\/strong>\u00a0en\u00a0<strong>Barbera.<\/strong><\/p>\n<p>Los vinos espumosos del <strong>M\u00e9todo Cl\u00e1sico<\/strong>\u00a0,\u00a0<strong>Chardonnay<\/strong>\u00a0y\u00a0<strong>Moscato d&#8217;Asti<\/strong> , una sub\u00e1rea de reciente creaci\u00f3n que enfatiza la excelencia de los productos Moscati en esta \u00e1rea.<\/p>\n<\/div>\n<\/div>\n<div class=\"vc_separator wpb_content_element vc_separator_align_center vc_sep_width_100 vc_sep_border_width_2 vc_sep_pos_align_left vc_separator_no_text divisorelink\"><a href=\"https:\/\/www.coppo.it\/\">https:\/\/www.coppo.it\/<\/a><\/div>\n<\/div>\n<\/div>\n<\/div>\n<\/div>\n<\/div>\n<p style=\"text-align: left;\">","protected":false},"excerpt":{"rendered":"<ul>\n<li><b>Bodega:<\/b> Coppo<\/li>\n<li><b>Tipolog\u00eda:<\/b> Red wine<\/li>\n<li><b>Variedad:<\/b> 100% Barbera<\/li>\n<li><b>Ubicaci\u00f3n y Altitud del Vi\u00f1edo:<\/b> 650 pies sobre el nivel del mar (aproximadamente 200 m)<\/li>\n<li><b>Superficie del Vi\u00f1edo:<\/b> 55 Ha<\/li>\n<li><b>Pr\u00e1cticas Agr\u00edcolas:<\/b> Sustainable<\/li>\n<li><b>Vinification:<\/b> Maceraci\u00f3n con contacto con los hollejos y remontados cortos y suaves del sombrero de orujos.<\/li>\n<li><b style=\"font-style: inherit;\">Malol\u00e1ctica:<\/b><span style=\"font-size: 16px;\"> Realizada totalmente.<\/span><\/li>\n<li><b>Crianza:<\/b> 14 meses en barricas de roble.<\/li>\n<\/ul>\n<p><a class=\"btn_ficha\" href=\"https:\/\/vinopolis.mx\/wp-content\/uploads\/2024\/01\/Coppo_Barbera-DAsti_Pomorosso-Nizza-ENG-ok-1.pdf\" target=\"_blank\" rel=\"noopener\">See technical sheet<\/a><\/p>","protected":false},"featured_media":12512,"template":"","meta":{"site-sidebar-layout":"default","site-content-layout":"","ast-site-content-layout":"default","site-content-style":"default","site-sidebar-style":"default","ast-global-header-display":"","ast-banner-title-visibility":"","ast-main-header-display":"","ast-hfb-above-header-display":"","ast-hfb-below-header-display":"","ast-hfb-mobile-header-display":"","site-post-title":"","ast-breadcrumbs-content":"","ast-featured-img":"","footer-sml-layout":"","theme-transparent-header-meta":"default","adv-header-id-meta":"","stick-header-meta":"","header-above-stick-meta":"","header-main-stick-meta":"","header-below-stick-meta":"","astra-migrate-meta-layouts":"set","ast-page-background-enabled":"default","ast-page-background-meta":{"desktop":{"background-color":"","background-image":"","background-repeat":"repeat","background-position":"center center","background-size":"auto","background-attachment":"scroll","background-type":"","background-media":"","overlay-type":"","overlay-color":"","overlay-opacity":"","overlay-gradient":""},"tablet":{"background-color":"","background-image":"","background-repeat":"repeat","background-position":"center center","background-size":"auto","background-attachment":"scroll","background-type":"","background-media":"","overlay-type":"","overlay-color":"","overlay-opacity":"","overlay-gradient":""},"mobile":{"background-color":"","background-image":"","background-repeat":"repeat","background-position":"center center","background-size":"auto","background-attachment":"scroll","background-type":"","background-media":"","overlay-type":"","overlay-color":"","overlay-opacity":"","overlay-gradient":""}},"ast-content-background-meta":{"desktop":{"background-color":"var(--ast-global-color-5)","background-image":"","background-repeat":"repeat","background-position":"center center","background-size":"auto","background-attachment":"scroll","background-type":"","background-media":"","overlay-type":"","overlay-color":"","overlay-opacity":"","overlay-gradient":""},"tablet":{"background-color":"var(--ast-global-color-5)","background-image":"","background-repeat":"repeat","background-position":"center center","background-size":"auto","background-attachment":"scroll","background-type":"","background-media":"","overlay-type":"","overlay-color":"","overlay-opacity":"","overlay-gradient":""},"mobile":{"background-color":"var(--ast-global-color-5)","background-image":"","background-repeat":"repeat","background-position":"center center","background-size":"auto","background-attachment":"scroll","background-type":"","background-media":"","overlay-type":"","overlay-color":"","overlay-opacity":"","overlay-gradient":""}},"_joinchat":[]},"product_brand":[],"product_cat":[2195,2210,1816,1467,1985,2124,1676,1481,1915],"product_tag":[287,290,291,292,354,359,469,486,622,781,783,790],"class_list":{"0":"post-2399","1":"product","2":"type-product","3":"status-publish","4":"has-post-thumbnail","6":"product_cat-italia","7":"product_cat-piemonte","8":"product_cat-reserva","9":"product_cat-tinto","10":"product_cat-de-2000-a-30000","11":"product_cat-viticultura-sustentable","12":"product_cat-botella-1-5-lt-magnum","13":"product_cat-coppo","14":"product_cat-nizza-docg","15":"product_tag-1-5-lt","16":"product_tag-coppo","17":"product_tag-piemonte","18":"product_tag-uvamonovarietal","19":"product_tag-reserva","20":"product_tag-13-5","21":"product_tag-vino-tinto","22":"product_tag-individual","23":"product_tag-magnum","24":"product_tag-781","25":"product_tag-barbera-dasti-docg","26":"product_tag-uvaberbera","27":"product_shipping_class-mensajeria","28":"desktop-align-center","29":"tablet-align-center","30":"mobile-align-center","31":"ast-product-gallery-layout-horizontal-slider","32":"ast-product-tabs-layout-horizontal","33":"ast-qv-on-image","35":"first","36":"instock","37":"taxable","38":"shipping-taxable","39":"purchasable","40":"product-type-simple"},"yoast_head":"<!-- This site is optimized with the Yoast SEO plugin v26.3 - https:\/\/yoast.com\/wordpress\/plugins\/seo\/ -->\n<title>&quot;Pomorosso&quot; 2006 - Vino Tinto Reserva - Bodega Coppo - Vino Importado<\/title>\n<meta name=\"description\" content=\"&quot;Pomorosso&quot; 2006 - Vino Tinto Reserva - Bodega Coppo - Vinos Italianos Importados - Vinopolis Intrepid Wine - Env\u00edos a todo M\u00e9xico - Italia\" \/>\n<meta name=\"robots\" content=\"index, follow, max-snippet:-1, max-image-preview:large, max-video-preview:-1\" \/>\n<link rel=\"canonical\" href=\"https:\/\/vinopolis.mx\/en\/product\/barbera-dasti-pomorosso-2006\/\" \/>\n<meta property=\"og:locale\" content=\"en_US\" \/>\n<meta property=\"og:type\" content=\"article\" \/>\n<meta property=\"og:title\" content=\"&quot;Pomorosso&quot; 2006 - Vino Tinto Reserva - Bodega Coppo - Vino Importado\" \/>\n<meta property=\"og:description\" content=\"&quot;Pomorosso&quot; 2006 - Vino Tinto Reserva - Bodega Coppo - Vinos Italianos Importados - Vinopolis Intrepid Wine - Env\u00edos a todo M\u00e9xico - Italia\" \/>\n<meta property=\"og:url\" content=\"https:\/\/vinopolis.mx\/en\/product\/barbera-dasti-pomorosso-2006\/\" \/>\n<meta property=\"og:site_name\" content=\"Vinopolis\" \/>\n<meta property=\"article:modified_time\" content=\"2026-03-30T21:59:37+00:00\" \/>\n<meta property=\"og:image\" content=\"https:\/\/vinopolis.mx\/wp-content\/uploads\/2023\/10\/Barbera-dAsti-Pomorosso.png\" \/>\n\t<meta property=\"og:image:width\" content=\"400\" \/>\n\t<meta property=\"og:image:height\" content=\"608\" \/>\n\t<meta property=\"og:image:type\" content=\"image\/png\" \/>\n<meta name=\"twitter:card\" content=\"summary_large_image\" \/>\n<meta name=\"twitter:label1\" content=\"Est. reading time\" \/>\n\t<meta name=\"twitter:data1\" content=\"2 minutes\" \/>\n<script type=\"application\/ld+json\" class=\"yoast-schema-graph\">{\"@context\":\"https:\/\/schema.org\",\"@graph\":[{\"@type\":\"WebPage\",\"@id\":\"https:\/\/vinopolis.mx\/producto\/barbera-dasti-pomorosso-2006\/\",\"url\":\"https:\/\/vinopolis.mx\/producto\/barbera-dasti-pomorosso-2006\/\",\"name\":\"\\\"Pomorosso\\\" 2006 - Vino Tinto Reserva - Bodega Coppo - Vino Importado\",\"isPartOf\":{\"@id\":\"https:\/\/vinopolis.mx\/#website\"},\"primaryImageOfPage\":{\"@id\":\"https:\/\/vinopolis.mx\/producto\/barbera-dasti-pomorosso-2006\/#primaryimage\"},\"image\":{\"@id\":\"https:\/\/vinopolis.mx\/producto\/barbera-dasti-pomorosso-2006\/#primaryimage\"},\"thumbnailUrl\":\"https:\/\/vinopolis.mx\/wp-content\/uploads\/2023\/10\/Barbera-dAsti-Pomorosso.png\",\"datePublished\":\"2023-10-09T20:19:19+00:00\",\"dateModified\":\"2026-03-30T21:59:37+00:00\",\"description\":\"\\\"Pomorosso\\\" 2006 - Vino Tinto Reserva - Bodega Coppo - Vinos Italianos Importados - Vinopolis Intrepid Wine - Env\u00edos a todo M\u00e9xico - Italia\",\"breadcrumb\":{\"@id\":\"https:\/\/vinopolis.mx\/producto\/barbera-dasti-pomorosso-2006\/#breadcrumb\"},\"inLanguage\":\"en-US\",\"potentialAction\":[{\"@type\":\"ReadAction\",\"target\":[\"https:\/\/vinopolis.mx\/producto\/barbera-dasti-pomorosso-2006\/\"]}]},{\"@type\":\"ImageObject\",\"inLanguage\":\"en-US\",\"@id\":\"https:\/\/vinopolis.mx\/producto\/barbera-dasti-pomorosso-2006\/#primaryimage\",\"url\":\"https:\/\/vinopolis.mx\/wp-content\/uploads\/2023\/10\/Barbera-dAsti-Pomorosso.png\",\"contentUrl\":\"https:\/\/vinopolis.mx\/wp-content\/uploads\/2023\/10\/Barbera-dAsti-Pomorosso.png\",\"width\":400,\"height\":608},{\"@type\":\"BreadcrumbList\",\"@id\":\"https:\/\/vinopolis.mx\/producto\/barbera-dasti-pomorosso-2006\/#breadcrumb\",\"itemListElement\":[{\"@type\":\"ListItem\",\"position\":1,\"name\":\"Inicio\",\"item\":\"https:\/\/vinopolis.mx\/\"},{\"@type\":\"ListItem\",\"position\":2,\"name\":\"Shop\",\"item\":\"https:\/\/vinopolis.mx\/shop\/\"},{\"@type\":\"ListItem\",\"position\":3,\"name\":\"Barbera D\u2019Asti &#8220;Pomorosso&#8221; 2006\"}]},{\"@type\":\"WebSite\",\"@id\":\"https:\/\/vinopolis.mx\/#website\",\"url\":\"https:\/\/vinopolis.mx\/\",\"name\":\"Vinopolis\",\"description\":\"Intrepid Wines Collection\",\"publisher\":{\"@id\":\"https:\/\/vinopolis.mx\/#organization\"},\"potentialAction\":[{\"@type\":\"SearchAction\",\"target\":{\"@type\":\"EntryPoint\",\"urlTemplate\":\"https:\/\/vinopolis.mx\/?s={search_term_string}\"},\"query-input\":{\"@type\":\"PropertyValueSpecification\",\"valueRequired\":true,\"valueName\":\"search_term_string\"}}],\"inLanguage\":\"en-US\"},{\"@type\":\"Organization\",\"@id\":\"https:\/\/vinopolis.mx\/#organization\",\"name\":\"Vinopolis\",\"url\":\"https:\/\/vinopolis.mx\/\",\"logo\":{\"@type\":\"ImageObject\",\"inLanguage\":\"en-US\",\"@id\":\"https:\/\/vinopolis.mx\/#\/schema\/logo\/image\/\",\"url\":\"https:\/\/vinopolis.mx\/wp-content\/uploads\/2025\/08\/vinopolis_logo-25.png\",\"contentUrl\":\"https:\/\/vinopolis.mx\/wp-content\/uploads\/2025\/08\/vinopolis_logo-25.png\",\"width\":1835,\"height\":281,\"caption\":\"Vinopolis\"},\"image\":{\"@id\":\"https:\/\/vinopolis.mx\/#\/schema\/logo\/image\/\"}}]}<\/script>\n<!-- \/ Yoast SEO plugin. -->","yoast_head_json":{"title":"\"Pomorosso\" 2006 - Vino Tinto Reserva - Bodega Coppo - Vino Importado","description":"\"Pomorosso\" 2006 - Vino Tinto Reserva - Bodega Coppo - Vinos Italianos Importados - Vinopolis Intrepid Wine - Env\u00edos a todo M\u00e9xico - Italia","robots":{"index":"index","follow":"follow","max-snippet":"max-snippet:-1","max-image-preview":"max-image-preview:large","max-video-preview":"max-video-preview:-1"},"canonical":"https:\/\/vinopolis.mx\/en\/product\/barbera-dasti-pomorosso-2006\/","og_locale":"en_US","og_type":"article","og_title":"\"Pomorosso\" 2006 - Vino Tinto Reserva - Bodega Coppo - Vino Importado","og_description":"\"Pomorosso\" 2006 - Vino Tinto Reserva - Bodega Coppo - Vinos Italianos Importados - Vinopolis Intrepid Wine - Env\u00edos a todo M\u00e9xico - Italia","og_url":"https:\/\/vinopolis.mx\/en\/product\/barbera-dasti-pomorosso-2006\/","og_site_name":"Vinopolis","article_modified_time":"2026-03-30T21:59:37+00:00","og_image":[{"width":400,"height":608,"url":"https:\/\/vinopolis.mx\/wp-content\/uploads\/2023\/10\/Barbera-dAsti-Pomorosso.png","type":"image\/png"}],"twitter_card":"summary_large_image","twitter_misc":{"Est. reading time":"2 minutes"},"schema":{"@context":"https:\/\/schema.org","@graph":[{"@type":"WebPage","@id":"https:\/\/vinopolis.mx\/producto\/barbera-dasti-pomorosso-2006\/","url":"https:\/\/vinopolis.mx\/producto\/barbera-dasti-pomorosso-2006\/","name":"\"Pomorosso\" 2006 - Vino Tinto Reserva - Bodega Coppo - Vino Importado","isPartOf":{"@id":"https:\/\/vinopolis.mx\/#website"},"primaryImageOfPage":{"@id":"https:\/\/vinopolis.mx\/producto\/barbera-dasti-pomorosso-2006\/#primaryimage"},"image":{"@id":"https:\/\/vinopolis.mx\/producto\/barbera-dasti-pomorosso-2006\/#primaryimage"},"thumbnailUrl":"https:\/\/vinopolis.mx\/wp-content\/uploads\/2023\/10\/Barbera-dAsti-Pomorosso.png","datePublished":"2023-10-09T20:19:19+00:00","dateModified":"2026-03-30T21:59:37+00:00","description":"\"Pomorosso\" 2006 - Vino Tinto Reserva - Bodega Coppo - Vinos Italianos Importados - Vinopolis Intrepid Wine - Env\u00edos a todo M\u00e9xico - Italia","breadcrumb":{"@id":"https:\/\/vinopolis.mx\/producto\/barbera-dasti-pomorosso-2006\/#breadcrumb"},"inLanguage":"en-US","potentialAction":[{"@type":"ReadAction","target":["https:\/\/vinopolis.mx\/producto\/barbera-dasti-pomorosso-2006\/"]}]},{"@type":"ImageObject","inLanguage":"en-US","@id":"https:\/\/vinopolis.mx\/producto\/barbera-dasti-pomorosso-2006\/#primaryimage","url":"https:\/\/vinopolis.mx\/wp-content\/uploads\/2023\/10\/Barbera-dAsti-Pomorosso.png","contentUrl":"https:\/\/vinopolis.mx\/wp-content\/uploads\/2023\/10\/Barbera-dAsti-Pomorosso.png","width":400,"height":608},{"@type":"BreadcrumbList","@id":"https:\/\/vinopolis.mx\/producto\/barbera-dasti-pomorosso-2006\/#breadcrumb","itemListElement":[{"@type":"ListItem","position":1,"name":"Inicio","item":"https:\/\/vinopolis.mx\/"},{"@type":"ListItem","position":2,"name":"Shop","item":"https:\/\/vinopolis.mx\/shop\/"},{"@type":"ListItem","position":3,"name":"Barbera D\u2019Asti &#8220;Pomorosso&#8221; 2006"}]},{"@type":"WebSite","@id":"https:\/\/vinopolis.mx\/#website","url":"https:\/\/vinopolis.mx\/","name":"Vinopolis","description":"Intrepid Wines Collection","publisher":{"@id":"https:\/\/vinopolis.mx\/#organization"},"potentialAction":[{"@type":"SearchAction","target":{"@type":"EntryPoint","urlTemplate":"https:\/\/vinopolis.mx\/?s={search_term_string}"},"query-input":{"@type":"PropertyValueSpecification","valueRequired":true,"valueName":"search_term_string"}}],"inLanguage":"en-US"},{"@type":"Organization","@id":"https:\/\/vinopolis.mx\/#organization","name":"Vinopolis","url":"https:\/\/vinopolis.mx\/","logo":{"@type":"ImageObject","inLanguage":"en-US","@id":"https:\/\/vinopolis.mx\/#\/schema\/logo\/image\/","url":"https:\/\/vinopolis.mx\/wp-content\/uploads\/2025\/08\/vinopolis_logo-25.png","contentUrl":"https:\/\/vinopolis.mx\/wp-content\/uploads\/2025\/08\/vinopolis_logo-25.png","width":1835,"height":281,"caption":"Vinopolis"},"image":{"@id":"https:\/\/vinopolis.mx\/#\/schema\/logo\/image\/"}}]}},"_links":{"self":[{"href":"https:\/\/vinopolis.mx\/en\/wp-json\/wp\/v2\/product\/2399","targetHints":{"allow":["GET"]}}],"collection":[{"href":"https:\/\/vinopolis.mx\/en\/wp-json\/wp\/v2\/product"}],"about":[{"href":"https:\/\/vinopolis.mx\/en\/wp-json\/wp\/v2\/types\/product"}],"version-history":[{"count":9,"href":"https:\/\/vinopolis.mx\/en\/wp-json\/wp\/v2\/product\/2399\/revisions"}],"predecessor-version":[{"id":20451,"href":"https:\/\/vinopolis.mx\/en\/wp-json\/wp\/v2\/product\/2399\/revisions\/20451"}],"wp:featuredmedia":[{"embeddable":true,"href":"https:\/\/vinopolis.mx\/en\/wp-json\/wp\/v2\/media\/12512"}],"wp:attachment":[{"href":"https:\/\/vinopolis.mx\/en\/wp-json\/wp\/v2\/media?parent=2399"}],"wp:term":[{"taxonomy":"product_brand","embeddable":true,"href":"https:\/\/vinopolis.mx\/en\/wp-json\/wp\/v2\/product_brand?post=2399"},{"taxonomy":"product_cat","embeddable":true,"href":"https:\/\/vinopolis.mx\/en\/wp-json\/wp\/v2\/product_cat?post=2399"},{"taxonomy":"product_tag","embeddable":true,"href":"https:\/\/vinopolis.mx\/en\/wp-json\/wp\/v2\/product_tag?post=2399"}],"curies":[{"name":"wp","href":"https:\/\/api.w.org\/{rel}","templated":true}]}}