{"id":23335,"date":"2026-04-09T17:53:02","date_gmt":"2026-04-09T22:53:02","guid":{"rendered":"https:\/\/vinopolis.mx\/?post_type=product&#038;p=23335"},"modified":"2026-04-30T12:18:36","modified_gmt":"2026-04-30T17:18:36","slug":"ciclo-pet-nat-white-2025","status":"publish","type":"product","link":"https:\/\/vinopolis.mx\/en\/product\/ciclo-pet-nat-white-2025\/","title":{"rendered":"Ciclo Pet Nat White 2025"},"content":{"rendered":"","protected":false},"excerpt":{"rendered":"<ul>\n<li><span data-path-to-node=\"1,0,1,0\"><b data-path-to-node=\"1,0,1,0\" data-index-in-node=\"0\"><span class=\"citation-201\">Bodega:<\/span><\/b><span class=\"citation-201\"> Ciclo Vinhos<\/span><\/span><span data-path-to-node=\"1,0,1,2\">.<\/span><\/li>\n<li id=\"p-rc_2599320637124a96-87\" data-path-to-node=\"1,1,1\"><span data-path-to-node=\"1,1,1,0\"><b data-path-to-node=\"1,1,1,0\" data-index-in-node=\"0\"><span class=\"citation-200\">Tipolog\u00eda:<\/span><\/b><span class=\"citation-200\"> Blanco Pet Nat<\/span><\/span><span data-path-to-node=\"1,1,1,2\">.<\/span><\/li>\n<li id=\"p-rc_2599320637124a96-88\" data-path-to-node=\"1,2,1\"><span data-path-to-node=\"1,2,1,0\"><b data-path-to-node=\"1,2,1,0\" data-index-in-node=\"0\"><span class=\"citation-199\">Variedad:<\/span><\/b><span class=\"citation-199\"> Moscatel Gra\u00fado 100%<\/span><\/span><\/li>\n<li id=\"p-rc_2599320637124a96-89\" data-path-to-node=\"1,3,1\"><span data-path-to-node=\"1,3,1,0\"><b data-path-to-node=\"1,3,1,0\" data-index-in-node=\"0\"><span class=\"citation-198\">Ubicaci\u00f3n y altitud del vi\u00f1edo:<\/span><\/b><span class=\"citation-198\"> Estremoz, Portugal, a una altitud de m\u00e1s de 300 metros<\/span><\/span><span data-path-to-node=\"1,3,1,2\">.<\/span><\/li>\n<li id=\"p-rc_2599320637124a96-90\" data-path-to-node=\"1,4,1\"><span data-path-to-node=\"1,4,1,0\"><b data-path-to-node=\"1,4,1,0\" data-index-in-node=\"0\"><span class=\"citation-197\">\u00c1rea del vi\u00f1edo:<\/span><\/b><span class=\"citation-197\"> 3,0 hect\u00e1reas<\/span><\/span><span data-path-to-node=\"1,4,1,2\">.<\/span><\/li>\n<li id=\"p-rc_2599320637124a96-91\" data-path-to-node=\"1,5,1\"><span data-path-to-node=\"1,5,1,0\"><b data-path-to-node=\"1,5,1,0\" data-index-in-node=\"0\"><span class=\"citation-196\">Pr\u00e1cticas agr\u00edcolas:<\/span><\/b><span class=\"citation-196\"> Sustainable<\/span><\/span><\/li>\n<li id=\"p-rc_2599320637124a96-92\" data-path-to-node=\"1,6,1\"><span data-path-to-node=\"1,6,1,0\"><b data-path-to-node=\"1,6,1,0\" data-index-in-node=\"0\"><span class=\"citation-195\">Tipo de levadura:<\/span><\/b><span class=\"citation-195\"> Aut\u00f3ctona<\/span><\/span><\/li>\n<li id=\"p-rc_2599320637124a96-93\" data-path-to-node=\"1,7,1\"><span data-path-to-node=\"1,7,1,0\"><b data-path-to-node=\"1,7,1,0\" data-index-in-node=\"0\"><span class=\"citation-194\">Vinification:<\/span><\/b><span class=\"citation-194\"> Elaborado seg\u00fan el m\u00e9todo ancestral. Las uvas se prensan nada m\u00e1s llegar a la bodega.<\/span><\/span><\/li>\n<li class=\"source-inline-chip-container ng-star-inserted\"><span data-path-to-node=\"1,8,1,0\"><b data-path-to-node=\"1,8,1,0\" data-index-in-node=\"0\"><span class=\"citation-190\">Fermentaci\u00f3n:<\/span><\/b><span class=\"citation-190\"> La fermentaci\u00f3n se inicia de forma natural y el vino se embotella antes de que termine la fermentaci\u00f3n,<br \/>\nlo que permite que se formen burbujas en la botella \u2014 sin trucos ni atajos. Un d\u00e9gorgement ligero, lo justo para mantenerlo limpio sin perder su car\u00e1cter natural.<\/span><\/span><\/li>\n<li><strong>Clarificaci\u00f3n:<\/strong> Sin clarificar<br \/>\n<strong>Filtraci\u00f3n:<\/strong> Sin filtrar<\/li>\n<li id=\"p-rc_2599320637124a96-95\" data-path-to-node=\"1,9,1\"><span data-path-to-node=\"1,9,1,0\"><b data-path-to-node=\"1,9,1,0\" data-index-in-node=\"0\"><span class=\"citation-189\">N\u00ba de Botellas:<\/span><\/b><span class=\"citation-189\"> 1300 botellas<\/span><\/span><span data-path-to-node=\"1,9,1,2\">.<\/span><\/li>\n<\/ul>\n<div class=\"source-inline-chip-container ng-star-inserted\"><\/div>\n<ul>\n<li><a href=\"https:\/\/vinopolis.mx\/wp-content\/uploads\/2026\/04\/CICLO-WHITE-PETNAT-2025.pdf\">Ver Ficha T\u00e9cnica<\/a><\/li>\n<\/ul>","protected":false},"featured_media":23339,"template":"","meta":{"site-sidebar-layout":"no-sidebar","site-content-layout":"page-builder","ast-site-content-layout":"full-width-container","site-content-style":"default","site-sidebar-style":"default","ast-global-header-display":"","ast-banner-title-visibility":"","ast-main-header-display":"","ast-hfb-above-header-display":"","ast-hfb-below-header-display":"","ast-hfb-mobile-header-display":"","site-post-title":"disabled","ast-breadcrumbs-content":"","ast-featured-img":"disabled","footer-sml-layout":"","theme-transparent-header-meta":"default","adv-header-id-meta":"","stick-header-meta":"","header-above-stick-meta":"","header-main-stick-meta":"","header-below-stick-meta":"","astra-migrate-meta-layouts":"set","ast-page-background-enabled":"default","ast-page-background-meta":{"desktop":{"background-color":"","background-image":"","background-repeat":"repeat","background-position":"center center","background-size":"auto","background-attachment":"scroll","background-type":"","background-media":"","overlay-type":"","overlay-color":"","overlay-opacity":"","overlay-gradient":""},"tablet":{"background-color":"","background-image":"","background-repeat":"repeat","background-position":"center center","background-size":"auto","background-attachment":"scroll","background-type":"","background-media":"","overlay-type":"","overlay-color":"","overlay-opacity":"","overlay-gradient":""},"mobile":{"background-color":"","background-image":"","background-repeat":"repeat","background-position":"center center","background-size":"auto","background-attachment":"scroll","background-type":"","background-media":"","overlay-type":"","overlay-color":"","overlay-opacity":"","overlay-gradient":""}},"ast-content-background-meta":{"desktop":{"background-color":"var(--ast-global-color-5)","background-image":"","background-repeat":"repeat","background-position":"center center","background-size":"auto","background-attachment":"scroll","background-type":"","background-media":"","overlay-type":"","overlay-color":"","overlay-opacity":"","overlay-gradient":""},"tablet":{"background-color":"var(--ast-global-color-5)","background-image":"","background-repeat":"repeat","background-position":"center center","background-size":"auto","background-attachment":"scroll","background-type":"","background-media":"","overlay-type":"","overlay-color":"","overlay-opacity":"","overlay-gradient":""},"mobile":{"background-color":"var(--ast-global-color-5)","background-image":"","background-repeat":"repeat","background-position":"center center","background-size":"auto","background-attachment":"scroll","background-type":"","background-media":"","overlay-type":"","overlay-color":"","overlay-opacity":"","overlay-gradient":""}},"_joinchat":[]},"product_brand":[],"product_cat":[2234,2244,2246,1741,1982,1465,1564,1809,1674,1561],"product_tag":[1414,2180,2184,2245,2247,2250],"class_list":{"0":"post-23335","1":"product","2":"type-product","3":"status-publish","4":"has-post-thumbnail","6":"product_cat-portugal-2","7":"product_cat-alentejo","8":"product_cat-ciclovinho","9":"product_cat-estandar","10":"product_cat-de-700-a-999","11":"product_cat-espumoso","12":"product_cat-frizzante-pet-nat","13":"product_cat-natural-viticultura-y-tecnica","14":"product_cat-botella-750-ml","15":"product_cat-metodo-espumoso","16":"product_tag-blanco","17":"product_tag-portugal","18":"product_tag-2184","19":"product_tag-ciclo","20":"product_tag-pet-nat","21":"product_tag-ciclovinhos","22":"desktop-align-center","23":"tablet-align-center","24":"mobile-align-center","25":"ast-product-gallery-layout-horizontal-slider","26":"ast-product-gallery-with-no-image","27":"ast-product-tabs-layout-horizontal","28":"ast-qv-on-image","30":"first","31":"outofstock","32":"taxable","33":"shipping-taxable","34":"purchasable","35":"product-type-simple"},"yoast_head":"<!-- This site is optimized with the Yoast SEO plugin v26.3 - https:\/\/yoast.com\/wordpress\/plugins\/seo\/ -->\n<title>Ciclo Pet Nat White 2025 - Vinopolis<\/title>\n<meta name=\"description\" content=\"Ciclo Vinhos- Pet Nat Wine - Moscatel Gra\u00fado - Portugal - Blanco - Fermentaci\u00f3n Espont\u00e1nea - Natural\" \/>\n<meta name=\"robots\" content=\"index, follow, max-snippet:-1, max-image-preview:large, max-video-preview:-1\" \/>\n<link rel=\"canonical\" href=\"https:\/\/vinopolis.mx\/en\/product\/ciclo-pet-nat-white-2025\/\" \/>\n<meta property=\"og:locale\" content=\"en_US\" \/>\n<meta property=\"og:type\" content=\"article\" \/>\n<meta property=\"og:title\" content=\"Ciclo Pet Nat White 2025 - Vinopolis\" \/>\n<meta property=\"og:description\" content=\"Ciclo Vinhos- Pet Nat Wine - Moscatel Gra\u00fado - Portugal - Blanco - Fermentaci\u00f3n Espont\u00e1nea - Natural\" \/>\n<meta property=\"og:url\" content=\"https:\/\/vinopolis.mx\/en\/product\/ciclo-pet-nat-white-2025\/\" \/>\n<meta property=\"og:site_name\" content=\"Vinopolis\" \/>\n<meta property=\"article:modified_time\" content=\"2026-04-30T17:18:36+00:00\" \/>\n<meta property=\"og:image\" content=\"https:\/\/vinopolis.mx\/wp-content\/uploads\/2026\/04\/ciclo_petnatwine.png\" \/>\n\t<meta property=\"og:image:width\" content=\"400\" \/>\n\t<meta property=\"og:image:height\" content=\"608\" \/>\n\t<meta property=\"og:image:type\" content=\"image\/png\" \/>\n<meta name=\"twitter:card\" content=\"summary_large_image\" \/>\n<meta name=\"twitter:label1\" content=\"Est. reading time\" \/>\n\t<meta name=\"twitter:data1\" content=\"1 minute\" \/>\n<script type=\"application\/ld+json\" class=\"yoast-schema-graph\">{\"@context\":\"https:\/\/schema.org\",\"@graph\":[{\"@type\":\"WebPage\",\"@id\":\"https:\/\/vinopolis.mx\/producto\/ciclo-pet-nat-white-2025\/\",\"url\":\"https:\/\/vinopolis.mx\/producto\/ciclo-pet-nat-white-2025\/\",\"name\":\"Ciclo Pet Nat White 2025 - Vinopolis\",\"isPartOf\":{\"@id\":\"https:\/\/vinopolis.mx\/#website\"},\"primaryImageOfPage\":{\"@id\":\"https:\/\/vinopolis.mx\/producto\/ciclo-pet-nat-white-2025\/#primaryimage\"},\"image\":{\"@id\":\"https:\/\/vinopolis.mx\/producto\/ciclo-pet-nat-white-2025\/#primaryimage\"},\"thumbnailUrl\":\"https:\/\/vinopolis.mx\/wp-content\/uploads\/2026\/04\/ciclo_petnatwine.png\",\"datePublished\":\"2026-04-09T22:53:02+00:00\",\"dateModified\":\"2026-04-30T17:18:36+00:00\",\"description\":\"Ciclo Vinhos- Pet Nat Wine - Moscatel Gra\u00fado - Portugal - Blanco - Fermentaci\u00f3n Espont\u00e1nea - Natural\",\"breadcrumb\":{\"@id\":\"https:\/\/vinopolis.mx\/producto\/ciclo-pet-nat-white-2025\/#breadcrumb\"},\"inLanguage\":\"en-US\",\"potentialAction\":[{\"@type\":\"ReadAction\",\"target\":[\"https:\/\/vinopolis.mx\/producto\/ciclo-pet-nat-white-2025\/\"]}]},{\"@type\":\"ImageObject\",\"inLanguage\":\"en-US\",\"@id\":\"https:\/\/vinopolis.mx\/producto\/ciclo-pet-nat-white-2025\/#primaryimage\",\"url\":\"https:\/\/vinopolis.mx\/wp-content\/uploads\/2026\/04\/ciclo_petnatwine.png\",\"contentUrl\":\"https:\/\/vinopolis.mx\/wp-content\/uploads\/2026\/04\/ciclo_petnatwine.png\",\"width\":400,\"height\":608},{\"@type\":\"BreadcrumbList\",\"@id\":\"https:\/\/vinopolis.mx\/producto\/ciclo-pet-nat-white-2025\/#breadcrumb\",\"itemListElement\":[{\"@type\":\"ListItem\",\"position\":1,\"name\":\"Inicio\",\"item\":\"https:\/\/vinopolis.mx\/\"},{\"@type\":\"ListItem\",\"position\":2,\"name\":\"Shop\",\"item\":\"https:\/\/vinopolis.mx\/shop\/\"},{\"@type\":\"ListItem\",\"position\":3,\"name\":\"Ciclo Pet Nat White 2025\"}]},{\"@type\":\"WebSite\",\"@id\":\"https:\/\/vinopolis.mx\/#website\",\"url\":\"https:\/\/vinopolis.mx\/\",\"name\":\"Vinopolis\",\"description\":\"Intrepid Wines Collection\",\"publisher\":{\"@id\":\"https:\/\/vinopolis.mx\/#organization\"},\"potentialAction\":[{\"@type\":\"SearchAction\",\"target\":{\"@type\":\"EntryPoint\",\"urlTemplate\":\"https:\/\/vinopolis.mx\/?s={search_term_string}\"},\"query-input\":{\"@type\":\"PropertyValueSpecification\",\"valueRequired\":true,\"valueName\":\"search_term_string\"}}],\"inLanguage\":\"en-US\"},{\"@type\":\"Organization\",\"@id\":\"https:\/\/vinopolis.mx\/#organization\",\"name\":\"Vinopolis\",\"url\":\"https:\/\/vinopolis.mx\/\",\"logo\":{\"@type\":\"ImageObject\",\"inLanguage\":\"en-US\",\"@id\":\"https:\/\/vinopolis.mx\/#\/schema\/logo\/image\/\",\"url\":\"https:\/\/vinopolis.mx\/wp-content\/uploads\/2025\/08\/vinopolis_logo-25.png\",\"contentUrl\":\"https:\/\/vinopolis.mx\/wp-content\/uploads\/2025\/08\/vinopolis_logo-25.png\",\"width\":1835,\"height\":281,\"caption\":\"Vinopolis\"},\"image\":{\"@id\":\"https:\/\/vinopolis.mx\/#\/schema\/logo\/image\/\"}}]}<\/script>\n<!-- \/ Yoast SEO plugin. -->","yoast_head_json":{"title":"Ciclo Pet Nat White 2025 - Vinopolis","description":"Ciclo Vinhos- Pet Nat Wine - Moscatel Gra\u00fado - Portugal - Blanco - Fermentaci\u00f3n Espont\u00e1nea - Natural","robots":{"index":"index","follow":"follow","max-snippet":"max-snippet:-1","max-image-preview":"max-image-preview:large","max-video-preview":"max-video-preview:-1"},"canonical":"https:\/\/vinopolis.mx\/en\/product\/ciclo-pet-nat-white-2025\/","og_locale":"en_US","og_type":"article","og_title":"Ciclo Pet Nat White 2025 - Vinopolis","og_description":"Ciclo Vinhos- Pet Nat Wine - Moscatel Gra\u00fado - Portugal - Blanco - Fermentaci\u00f3n Espont\u00e1nea - Natural","og_url":"https:\/\/vinopolis.mx\/en\/product\/ciclo-pet-nat-white-2025\/","og_site_name":"Vinopolis","article_modified_time":"2026-04-30T17:18:36+00:00","og_image":[{"width":400,"height":608,"url":"https:\/\/vinopolis.mx\/wp-content\/uploads\/2026\/04\/ciclo_petnatwine.png","type":"image\/png"}],"twitter_card":"summary_large_image","twitter_misc":{"Est. reading time":"1 minute"},"schema":{"@context":"https:\/\/schema.org","@graph":[{"@type":"WebPage","@id":"https:\/\/vinopolis.mx\/producto\/ciclo-pet-nat-white-2025\/","url":"https:\/\/vinopolis.mx\/producto\/ciclo-pet-nat-white-2025\/","name":"Ciclo Pet Nat White 2025 - Vinopolis","isPartOf":{"@id":"https:\/\/vinopolis.mx\/#website"},"primaryImageOfPage":{"@id":"https:\/\/vinopolis.mx\/producto\/ciclo-pet-nat-white-2025\/#primaryimage"},"image":{"@id":"https:\/\/vinopolis.mx\/producto\/ciclo-pet-nat-white-2025\/#primaryimage"},"thumbnailUrl":"https:\/\/vinopolis.mx\/wp-content\/uploads\/2026\/04\/ciclo_petnatwine.png","datePublished":"2026-04-09T22:53:02+00:00","dateModified":"2026-04-30T17:18:36+00:00","description":"Ciclo Vinhos- Pet Nat Wine - Moscatel Gra\u00fado - Portugal - Blanco - Fermentaci\u00f3n Espont\u00e1nea - Natural","breadcrumb":{"@id":"https:\/\/vinopolis.mx\/producto\/ciclo-pet-nat-white-2025\/#breadcrumb"},"inLanguage":"en-US","potentialAction":[{"@type":"ReadAction","target":["https:\/\/vinopolis.mx\/producto\/ciclo-pet-nat-white-2025\/"]}]},{"@type":"ImageObject","inLanguage":"en-US","@id":"https:\/\/vinopolis.mx\/producto\/ciclo-pet-nat-white-2025\/#primaryimage","url":"https:\/\/vinopolis.mx\/wp-content\/uploads\/2026\/04\/ciclo_petnatwine.png","contentUrl":"https:\/\/vinopolis.mx\/wp-content\/uploads\/2026\/04\/ciclo_petnatwine.png","width":400,"height":608},{"@type":"BreadcrumbList","@id":"https:\/\/vinopolis.mx\/producto\/ciclo-pet-nat-white-2025\/#breadcrumb","itemListElement":[{"@type":"ListItem","position":1,"name":"Inicio","item":"https:\/\/vinopolis.mx\/"},{"@type":"ListItem","position":2,"name":"Shop","item":"https:\/\/vinopolis.mx\/shop\/"},{"@type":"ListItem","position":3,"name":"Ciclo Pet Nat White 2025"}]},{"@type":"WebSite","@id":"https:\/\/vinopolis.mx\/#website","url":"https:\/\/vinopolis.mx\/","name":"Vinopolis","description":"Intrepid Wines Collection","publisher":{"@id":"https:\/\/vinopolis.mx\/#organization"},"potentialAction":[{"@type":"SearchAction","target":{"@type":"EntryPoint","urlTemplate":"https:\/\/vinopolis.mx\/?s={search_term_string}"},"query-input":{"@type":"PropertyValueSpecification","valueRequired":true,"valueName":"search_term_string"}}],"inLanguage":"en-US"},{"@type":"Organization","@id":"https:\/\/vinopolis.mx\/#organization","name":"Vinopolis","url":"https:\/\/vinopolis.mx\/","logo":{"@type":"ImageObject","inLanguage":"en-US","@id":"https:\/\/vinopolis.mx\/#\/schema\/logo\/image\/","url":"https:\/\/vinopolis.mx\/wp-content\/uploads\/2025\/08\/vinopolis_logo-25.png","contentUrl":"https:\/\/vinopolis.mx\/wp-content\/uploads\/2025\/08\/vinopolis_logo-25.png","width":1835,"height":281,"caption":"Vinopolis"},"image":{"@id":"https:\/\/vinopolis.mx\/#\/schema\/logo\/image\/"}}]}},"_links":{"self":[{"href":"https:\/\/vinopolis.mx\/en\/wp-json\/wp\/v2\/product\/23335","targetHints":{"allow":["GET"]}}],"collection":[{"href":"https:\/\/vinopolis.mx\/en\/wp-json\/wp\/v2\/product"}],"about":[{"href":"https:\/\/vinopolis.mx\/en\/wp-json\/wp\/v2\/types\/product"}],"version-history":[{"count":4,"href":"https:\/\/vinopolis.mx\/en\/wp-json\/wp\/v2\/product\/23335\/revisions"}],"predecessor-version":[{"id":23498,"href":"https:\/\/vinopolis.mx\/en\/wp-json\/wp\/v2\/product\/23335\/revisions\/23498"}],"wp:featuredmedia":[{"embeddable":true,"href":"https:\/\/vinopolis.mx\/en\/wp-json\/wp\/v2\/media\/23339"}],"wp:attachment":[{"href":"https:\/\/vinopolis.mx\/en\/wp-json\/wp\/v2\/media?parent=23335"}],"wp:term":[{"taxonomy":"product_brand","embeddable":true,"href":"https:\/\/vinopolis.mx\/en\/wp-json\/wp\/v2\/product_brand?post=23335"},{"taxonomy":"product_cat","embeddable":true,"href":"https:\/\/vinopolis.mx\/en\/wp-json\/wp\/v2\/product_cat?post=23335"},{"taxonomy":"product_tag","embeddable":true,"href":"https:\/\/vinopolis.mx\/en\/wp-json\/wp\/v2\/product_tag?post=23335"}],"curies":[{"name":"wp","href":"https:\/\/api.w.org\/{rel}","templated":true}]}}