{"id":23330,"date":"2026-04-09T17:38:29","date_gmt":"2026-04-09T22:38:29","guid":{"rendered":"https:\/\/vinopolis.mx\/?post_type=product&#038;p=23330"},"modified":"2026-04-30T12:42:07","modified_gmt":"2026-04-30T17:42:07","slug":"ciclo-red-wine-2025","status":"publish","type":"product","link":"https:\/\/vinopolis.mx\/en\/product\/ciclo-red-wine-2025\/","title":{"rendered":"Ciclo Red Wine 2025"},"content":{"rendered":"","protected":false},"excerpt":{"rendered":"<ul>\n<li id=\"p-rc_eb5c790f67761143-45\" data-path-to-node=\"1,0,1\"><span data-path-to-node=\"1,0,1,0\"><b data-path-to-node=\"1,0,1,0\" data-index-in-node=\"0\"><span class=\"citation-93\">Store:<\/span><\/b><span class=\"citation-93\"> Ciclo Vinhos <\/span><\/span><\/li>\n<li id=\"p-rc_eb5c790f67761143-45\" data-path-to-node=\"1,0,1\"><span data-path-to-node=\"1,1,1,0\"><b data-path-to-node=\"1,1,1,0\" data-index-in-node=\"0\"><span class=\"citation-92\">Typology:<\/span><\/b><span class=\"citation-92\"> Red wine\u00a0<\/span><\/span><\/li>\n<li id=\"p-rc_eb5c790f67761143-45\" data-path-to-node=\"1,0,1\"><b style=\"font-style: inherit;\" data-path-to-node=\"1,2,1,0\" data-index-in-node=\"0\"><span class=\"citation-91\">Variety:<\/span><\/b><span class=\"citation-91\" style=\"font-size: 16px;\"> Castel\u00e3o 100% <\/span>\n<p id=\"p-rc_eb5c790f67761143-48\" data-path-to-node=\"1,3,1\"><span data-path-to-node=\"1,3,1,0\"><b data-path-to-node=\"1,3,1,0\" data-index-in-node=\"0\"><span class=\"citation-90\">Vineyard location and altitude:<\/span><\/b><span class=\"citation-90\"> Estremoz, Portugal, a una altitud de 335 metros<\/span><\/span><\/p>\n<p><span data-path-to-node=\"1,4,1,0\"><b data-path-to-node=\"1,4,1,0\" data-index-in-node=\"0\"><span class=\"citation-89\">\u00c1rea del vi\u00f1edo:<\/span><\/b><span class=\"citation-89\"> 1,5 hect\u00e1reas <\/span><\/span><\/li>\n<li id=\"p-rc_eb5c790f67761143-50\" data-path-to-node=\"1,5,1\"><span data-path-to-node=\"1,5,1,0\"><b data-path-to-node=\"1,5,1,0\" data-index-in-node=\"0\"><span class=\"citation-88\">Agricultural practices:<\/span><\/b><span class=\"citation-88\"> Sustainable<\/span><\/span><\/li>\n<li id=\"p-rc_eb5c790f67761143-50\" data-path-to-node=\"1,5,1\"><b style=\"font-style: inherit;\" data-path-to-node=\"1,6,0\" data-index-in-node=\"0\">Type of yeast:<\/b><span style=\"font-size: 16px;\"> Aut\u00f3ctonas<\/span><\/li>\n<li id=\"p-rc_eb5c790f67761143-51\" data-path-to-node=\"1,7,1\"><span data-path-to-node=\"1,7,1,0\"><b data-path-to-node=\"1,7,1,0\" data-index-in-node=\"0\"><span class=\"citation-87\">Vinification:<\/span><\/b><span class=\"citation-87\"> Uvas vendimiadas a mano en cajas de 20 kg. Las uvas se prensan en un lagar abierto.<\/span><\/span><\/li>\n<li id=\"p-rc_eb5c790f67761143-52\" data-path-to-node=\"1,8,1\"><span data-path-to-node=\"1,8,1,0\"><b data-path-to-node=\"1,8,1,0\" data-index-in-node=\"0\"><span class=\"citation-84\">Fermentaci\u00f3n:<\/span><\/b><span class=\"citation-84\"> La fermentaci\u00f3n alcoh\u00f3lica se inicia en el mismo lugar, en contacto con las pieles. Al final de ambas fermentaciones, se prensa y se almacena en una cuba cerrada hasta el embotellado.<\/span><\/span><\/li>\n<li data-path-to-node=\"1,9,1\"><strong>Clarificaci\u00f3n:<\/strong> Sin clarificar<br \/>\n<strong>Filtraci\u00f3n:<\/strong> Sin filtrar<\/li>\n<li id=\"p-rc_eb5c790f67761143-53\" data-path-to-node=\"1,9,1\"><span data-path-to-node=\"1,9,1,0\"><b data-path-to-node=\"1,9,1,0\" data-index-in-node=\"0\"><span class=\"citation-83\">N\u00ba de Botellas:<\/span><\/b><span class=\"citation-83\"> 2000 botellas <\/span><\/span><\/li>\n<\/ul>\n<p><a href=\"https:\/\/vinopolis.mx\/wp-content\/uploads\/2026\/04\/CICLO-RED-2025.pdf\">Ver Ficha T\u00e9cnica<\/a><\/p>","protected":false},"featured_media":23340,"template":"","meta":{"site-sidebar-layout":"no-sidebar","site-content-layout":"page-builder","ast-site-content-layout":"full-width-container","site-content-style":"default","site-sidebar-style":"default","ast-global-header-display":"","ast-banner-title-visibility":"","ast-main-header-display":"","ast-hfb-above-header-display":"","ast-hfb-below-header-display":"","ast-hfb-mobile-header-display":"","site-post-title":"disabled","ast-breadcrumbs-content":"","ast-featured-img":"disabled","footer-sml-layout":"","theme-transparent-header-meta":"default","adv-header-id-meta":"","stick-header-meta":"","header-above-stick-meta":"","header-main-stick-meta":"","header-below-stick-meta":"","astra-migrate-meta-layouts":"set","ast-page-background-enabled":"default","ast-page-background-meta":{"desktop":{"background-color":"","background-image":"","background-repeat":"repeat","background-position":"center center","background-size":"auto","background-attachment":"scroll","background-type":"","background-media":"","overlay-type":"","overlay-color":"","overlay-opacity":"","overlay-gradient":""},"tablet":{"background-color":"","background-image":"","background-repeat":"repeat","background-position":"center center","background-size":"auto","background-attachment":"scroll","background-type":"","background-media":"","overlay-type":"","overlay-color":"","overlay-opacity":"","overlay-gradient":""},"mobile":{"background-color":"","background-image":"","background-repeat":"repeat","background-position":"center center","background-size":"auto","background-attachment":"scroll","background-type":"","background-media":"","overlay-type":"","overlay-color":"","overlay-opacity":"","overlay-gradient":""}},"ast-content-background-meta":{"desktop":{"background-color":"var(--ast-global-color-5)","background-image":"","background-repeat":"repeat","background-position":"center center","background-size":"auto","background-attachment":"scroll","background-type":"","background-media":"","overlay-type":"","overlay-color":"","overlay-opacity":"","overlay-gradient":""},"tablet":{"background-color":"var(--ast-global-color-5)","background-image":"","background-repeat":"repeat","background-position":"center center","background-size":"auto","background-attachment":"scroll","background-type":"","background-media":"","overlay-type":"","overlay-color":"","overlay-opacity":"","overlay-gradient":""},"mobile":{"background-color":"var(--ast-global-color-5)","background-image":"","background-repeat":"repeat","background-position":"center center","background-size":"auto","background-attachment":"scroll","background-type":"","background-media":"","overlay-type":"","overlay-color":"","overlay-opacity":"","overlay-gradient":""}},"_joinchat":[]},"product_brand":[],"product_cat":[2234,2244,2246,2251,1982,1809,1462,1467,1674,1804],"product_tag":[469,2130,2158,2180,2184,2245,2250],"class_list":{"0":"post-23330","1":"product","2":"type-product","3":"status-publish","4":"has-post-thumbnail","6":"product_cat-portugal-2","7":"product_cat-alentejo","8":"product_cat-ciclovinho","9":"product_cat-ciclovinhos","10":"product_cat-de-700-a-999","11":"product_cat-natural-viticultura-y-tecnica","12":"product_cat-tipologia","13":"product_cat-tinto","14":"product_cat-botella-750-ml","15":"product_cat-viticultura-y-tecnica","16":"product_tag-vino-tinto","17":"product_tag-wine","18":"product_tag-tinto","19":"product_tag-portugal","20":"product_tag-2184","21":"product_tag-ciclo","22":"product_tag-ciclovinhos","23":"desktop-align-center","24":"tablet-align-center","25":"mobile-align-center","26":"ast-product-gallery-layout-horizontal-slider","27":"ast-product-gallery-with-no-image","28":"ast-product-tabs-layout-horizontal","29":"ast-qv-on-image","31":"first","32":"outofstock","33":"taxable","34":"shipping-taxable","35":"purchasable","36":"product-type-simple"},"yoast_head":"<!-- This site is optimized with the Yoast SEO plugin v26.3 - https:\/\/yoast.com\/wordpress\/plugins\/seo\/ -->\n<title>Ciclo Red Wine 2025 - Vinopolis<\/title>\n<meta name=\"description\" content=\"Ciclo Vinhos- Red Wine - Castel\u00e3o - Vinos Naturales de Portugal - Fermentaci\u00f3n espont\u00e1nea - Producci\u00f3n Limitada - Vinopolis Intrepid Wine\" \/>\n<meta name=\"robots\" content=\"index, follow, max-snippet:-1, max-image-preview:large, max-video-preview:-1\" \/>\n<link rel=\"canonical\" href=\"https:\/\/vinopolis.mx\/en\/product\/ciclo-red-wine-2025\/\" \/>\n<meta property=\"og:locale\" content=\"en_US\" \/>\n<meta property=\"og:type\" content=\"article\" \/>\n<meta property=\"og:title\" content=\"Ciclo Red Wine 2025 - Vinopolis\" \/>\n<meta property=\"og:description\" content=\"Ciclo Vinhos- Red Wine - Castel\u00e3o - Vinos Naturales de Portugal - Fermentaci\u00f3n espont\u00e1nea - Producci\u00f3n Limitada - Vinopolis Intrepid Wine\" \/>\n<meta property=\"og:url\" content=\"https:\/\/vinopolis.mx\/en\/product\/ciclo-red-wine-2025\/\" \/>\n<meta property=\"og:site_name\" content=\"Vinopolis\" \/>\n<meta property=\"article:modified_time\" content=\"2026-04-30T17:42:07+00:00\" \/>\n<meta property=\"og:image\" content=\"https:\/\/vinopolis.mx\/wp-content\/uploads\/2026\/04\/ciclo_tintowine.png\" \/>\n\t<meta property=\"og:image:width\" content=\"400\" \/>\n\t<meta property=\"og:image:height\" content=\"608\" \/>\n\t<meta property=\"og:image:type\" content=\"image\/png\" \/>\n<meta name=\"twitter:card\" content=\"summary_large_image\" \/>\n<meta name=\"twitter:label1\" content=\"Est. reading time\" \/>\n\t<meta name=\"twitter:data1\" content=\"1 minute\" \/>\n<script type=\"application\/ld+json\" class=\"yoast-schema-graph\">{\"@context\":\"https:\/\/schema.org\",\"@graph\":[{\"@type\":\"WebPage\",\"@id\":\"https:\/\/vinopolis.mx\/producto\/ciclo-red-wine-2025\/\",\"url\":\"https:\/\/vinopolis.mx\/producto\/ciclo-red-wine-2025\/\",\"name\":\"Ciclo Red Wine 2025 - Vinopolis\",\"isPartOf\":{\"@id\":\"https:\/\/vinopolis.mx\/#website\"},\"primaryImageOfPage\":{\"@id\":\"https:\/\/vinopolis.mx\/producto\/ciclo-red-wine-2025\/#primaryimage\"},\"image\":{\"@id\":\"https:\/\/vinopolis.mx\/producto\/ciclo-red-wine-2025\/#primaryimage\"},\"thumbnailUrl\":\"https:\/\/vinopolis.mx\/wp-content\/uploads\/2026\/04\/ciclo_tintowine.png\",\"datePublished\":\"2026-04-09T22:38:29+00:00\",\"dateModified\":\"2026-04-30T17:42:07+00:00\",\"description\":\"Ciclo Vinhos- Red Wine - Castel\u00e3o - Vinos Naturales de Portugal - Fermentaci\u00f3n espont\u00e1nea - Producci\u00f3n Limitada - Vinopolis Intrepid Wine\",\"breadcrumb\":{\"@id\":\"https:\/\/vinopolis.mx\/producto\/ciclo-red-wine-2025\/#breadcrumb\"},\"inLanguage\":\"en-US\",\"potentialAction\":[{\"@type\":\"ReadAction\",\"target\":[\"https:\/\/vinopolis.mx\/producto\/ciclo-red-wine-2025\/\"]}]},{\"@type\":\"ImageObject\",\"inLanguage\":\"en-US\",\"@id\":\"https:\/\/vinopolis.mx\/producto\/ciclo-red-wine-2025\/#primaryimage\",\"url\":\"https:\/\/vinopolis.mx\/wp-content\/uploads\/2026\/04\/ciclo_tintowine.png\",\"contentUrl\":\"https:\/\/vinopolis.mx\/wp-content\/uploads\/2026\/04\/ciclo_tintowine.png\",\"width\":400,\"height\":608},{\"@type\":\"BreadcrumbList\",\"@id\":\"https:\/\/vinopolis.mx\/producto\/ciclo-red-wine-2025\/#breadcrumb\",\"itemListElement\":[{\"@type\":\"ListItem\",\"position\":1,\"name\":\"Inicio\",\"item\":\"https:\/\/vinopolis.mx\/\"},{\"@type\":\"ListItem\",\"position\":2,\"name\":\"Shop\",\"item\":\"https:\/\/vinopolis.mx\/shop\/\"},{\"@type\":\"ListItem\",\"position\":3,\"name\":\"Ciclo Red Wine 2025\"}]},{\"@type\":\"WebSite\",\"@id\":\"https:\/\/vinopolis.mx\/#website\",\"url\":\"https:\/\/vinopolis.mx\/\",\"name\":\"Vinopolis\",\"description\":\"Intrepid Wines Collection\",\"publisher\":{\"@id\":\"https:\/\/vinopolis.mx\/#organization\"},\"potentialAction\":[{\"@type\":\"SearchAction\",\"target\":{\"@type\":\"EntryPoint\",\"urlTemplate\":\"https:\/\/vinopolis.mx\/?s={search_term_string}\"},\"query-input\":{\"@type\":\"PropertyValueSpecification\",\"valueRequired\":true,\"valueName\":\"search_term_string\"}}],\"inLanguage\":\"en-US\"},{\"@type\":\"Organization\",\"@id\":\"https:\/\/vinopolis.mx\/#organization\",\"name\":\"Vinopolis\",\"url\":\"https:\/\/vinopolis.mx\/\",\"logo\":{\"@type\":\"ImageObject\",\"inLanguage\":\"en-US\",\"@id\":\"https:\/\/vinopolis.mx\/#\/schema\/logo\/image\/\",\"url\":\"https:\/\/vinopolis.mx\/wp-content\/uploads\/2025\/08\/vinopolis_logo-25.png\",\"contentUrl\":\"https:\/\/vinopolis.mx\/wp-content\/uploads\/2025\/08\/vinopolis_logo-25.png\",\"width\":1835,\"height\":281,\"caption\":\"Vinopolis\"},\"image\":{\"@id\":\"https:\/\/vinopolis.mx\/#\/schema\/logo\/image\/\"}}]}<\/script>\n<!-- \/ Yoast SEO plugin. -->","yoast_head_json":{"title":"Ciclo Red Wine 2025 - Vinopolis","description":"Ciclo Vinhos- Red Wine - Castel\u00e3o - Vinos Naturales de Portugal - Fermentaci\u00f3n espont\u00e1nea - Producci\u00f3n Limitada - Vinopolis Intrepid Wine","robots":{"index":"index","follow":"follow","max-snippet":"max-snippet:-1","max-image-preview":"max-image-preview:large","max-video-preview":"max-video-preview:-1"},"canonical":"https:\/\/vinopolis.mx\/en\/product\/ciclo-red-wine-2025\/","og_locale":"en_US","og_type":"article","og_title":"Ciclo Red Wine 2025 - Vinopolis","og_description":"Ciclo Vinhos- Red Wine - Castel\u00e3o - Vinos Naturales de Portugal - Fermentaci\u00f3n espont\u00e1nea - Producci\u00f3n Limitada - Vinopolis Intrepid Wine","og_url":"https:\/\/vinopolis.mx\/en\/product\/ciclo-red-wine-2025\/","og_site_name":"Vinopolis","article_modified_time":"2026-04-30T17:42:07+00:00","og_image":[{"width":400,"height":608,"url":"https:\/\/vinopolis.mx\/wp-content\/uploads\/2026\/04\/ciclo_tintowine.png","type":"image\/png"}],"twitter_card":"summary_large_image","twitter_misc":{"Est. reading time":"1 minute"},"schema":{"@context":"https:\/\/schema.org","@graph":[{"@type":"WebPage","@id":"https:\/\/vinopolis.mx\/producto\/ciclo-red-wine-2025\/","url":"https:\/\/vinopolis.mx\/producto\/ciclo-red-wine-2025\/","name":"Ciclo Red Wine 2025 - Vinopolis","isPartOf":{"@id":"https:\/\/vinopolis.mx\/#website"},"primaryImageOfPage":{"@id":"https:\/\/vinopolis.mx\/producto\/ciclo-red-wine-2025\/#primaryimage"},"image":{"@id":"https:\/\/vinopolis.mx\/producto\/ciclo-red-wine-2025\/#primaryimage"},"thumbnailUrl":"https:\/\/vinopolis.mx\/wp-content\/uploads\/2026\/04\/ciclo_tintowine.png","datePublished":"2026-04-09T22:38:29+00:00","dateModified":"2026-04-30T17:42:07+00:00","description":"Ciclo Vinhos- Red Wine - Castel\u00e3o - Vinos Naturales de Portugal - Fermentaci\u00f3n espont\u00e1nea - Producci\u00f3n Limitada - Vinopolis Intrepid Wine","breadcrumb":{"@id":"https:\/\/vinopolis.mx\/producto\/ciclo-red-wine-2025\/#breadcrumb"},"inLanguage":"en-US","potentialAction":[{"@type":"ReadAction","target":["https:\/\/vinopolis.mx\/producto\/ciclo-red-wine-2025\/"]}]},{"@type":"ImageObject","inLanguage":"en-US","@id":"https:\/\/vinopolis.mx\/producto\/ciclo-red-wine-2025\/#primaryimage","url":"https:\/\/vinopolis.mx\/wp-content\/uploads\/2026\/04\/ciclo_tintowine.png","contentUrl":"https:\/\/vinopolis.mx\/wp-content\/uploads\/2026\/04\/ciclo_tintowine.png","width":400,"height":608},{"@type":"BreadcrumbList","@id":"https:\/\/vinopolis.mx\/producto\/ciclo-red-wine-2025\/#breadcrumb","itemListElement":[{"@type":"ListItem","position":1,"name":"Inicio","item":"https:\/\/vinopolis.mx\/"},{"@type":"ListItem","position":2,"name":"Shop","item":"https:\/\/vinopolis.mx\/shop\/"},{"@type":"ListItem","position":3,"name":"Ciclo Red Wine 2025"}]},{"@type":"WebSite","@id":"https:\/\/vinopolis.mx\/#website","url":"https:\/\/vinopolis.mx\/","name":"Vinopolis","description":"Intrepid Wines Collection","publisher":{"@id":"https:\/\/vinopolis.mx\/#organization"},"potentialAction":[{"@type":"SearchAction","target":{"@type":"EntryPoint","urlTemplate":"https:\/\/vinopolis.mx\/?s={search_term_string}"},"query-input":{"@type":"PropertyValueSpecification","valueRequired":true,"valueName":"search_term_string"}}],"inLanguage":"en-US"},{"@type":"Organization","@id":"https:\/\/vinopolis.mx\/#organization","name":"Vinopolis","url":"https:\/\/vinopolis.mx\/","logo":{"@type":"ImageObject","inLanguage":"en-US","@id":"https:\/\/vinopolis.mx\/#\/schema\/logo\/image\/","url":"https:\/\/vinopolis.mx\/wp-content\/uploads\/2025\/08\/vinopolis_logo-25.png","contentUrl":"https:\/\/vinopolis.mx\/wp-content\/uploads\/2025\/08\/vinopolis_logo-25.png","width":1835,"height":281,"caption":"Vinopolis"},"image":{"@id":"https:\/\/vinopolis.mx\/#\/schema\/logo\/image\/"}}]}},"_links":{"self":[{"href":"https:\/\/vinopolis.mx\/en\/wp-json\/wp\/v2\/product\/23330","targetHints":{"allow":["GET"]}}],"collection":[{"href":"https:\/\/vinopolis.mx\/en\/wp-json\/wp\/v2\/product"}],"about":[{"href":"https:\/\/vinopolis.mx\/en\/wp-json\/wp\/v2\/types\/product"}],"version-history":[{"count":4,"href":"https:\/\/vinopolis.mx\/en\/wp-json\/wp\/v2\/product\/23330\/revisions"}],"predecessor-version":[{"id":23501,"href":"https:\/\/vinopolis.mx\/en\/wp-json\/wp\/v2\/product\/23330\/revisions\/23501"}],"wp:featuredmedia":[{"embeddable":true,"href":"https:\/\/vinopolis.mx\/en\/wp-json\/wp\/v2\/media\/23340"}],"wp:attachment":[{"href":"https:\/\/vinopolis.mx\/en\/wp-json\/wp\/v2\/media?parent=23330"}],"wp:term":[{"taxonomy":"product_brand","embeddable":true,"href":"https:\/\/vinopolis.mx\/en\/wp-json\/wp\/v2\/product_brand?post=23330"},{"taxonomy":"product_cat","embeddable":true,"href":"https:\/\/vinopolis.mx\/en\/wp-json\/wp\/v2\/product_cat?post=23330"},{"taxonomy":"product_tag","embeddable":true,"href":"https:\/\/vinopolis.mx\/en\/wp-json\/wp\/v2\/product_tag?post=23330"}],"curies":[{"name":"wp","href":"https:\/\/api.w.org\/{rel}","templated":true}]}}