{"id":2291,"date":"2023-10-09T20:17:53","date_gmt":"2023-10-09T20:17:53","guid":{"rendered":"https:\/\/vinopolis.mx\/?post_type=product&#038;p=2291"},"modified":"2026-03-30T16:59:22","modified_gmt":"2026-03-30T21:59:22","slug":"barolo-bussia-2016-1-5-lt-parusso","status":"publish","type":"product","link":"https:\/\/vinopolis.mx\/en\/product\/barolo-bussia-2016-1-5-lt-parusso\/","title":{"rendered":"Barolo Bussia 2016 1.5 LT"},"content":{"rendered":"","protected":false},"excerpt":{"rendered":"<ul>\n<li><strong>Bodega:<\/strong> Parusso.<br \/>\n<strong>Tipolog\u00eda:<\/strong> Vino tinto.<br \/>\n<strong>Variedad:<\/strong> Nebbiolo 100%<br \/>\n<strong>Ubicaci\u00f3n y altitud del vi\u00f1edo:<\/strong> Monforte d&#8217;Alba, 280\/300 metros sobre el nivel del mar.<br \/>\n<strong>Superficie del vi\u00f1edo:<\/strong> 25 hect\u00e1reas.<br \/>\n<strong>Edad de las vides:<\/strong> 15-50 a\u00f1os.<br \/>\n<strong>Pr\u00e1cticas agr\u00edcolas:<\/strong> Biodin\u00e1micas.<br \/>\n<strong>Tipo de levadura:<\/strong> Aut\u00f3ctona.<br \/>\n<strong>Vinification:<\/strong> Tras un prensado suave, la uva se somete a una larga maceraci\u00f3n. La fermentaci\u00f3n alcoh\u00f3lica se inicia espont\u00e1neamente con sus levaduras aut\u00f3ctonas, sin utilizar sulfitos.<br \/>\n<strong>Envejecimiento:<\/strong> En peque\u00f1as barricas de roble durante un m\u00ednimo de 18 meses en contacto con sus levaduras aut\u00f3ctonas, en botella durante casi 6 meses, en botella a una temperatura controlada de 15 \u00b0C.<\/li>\n<\/ul>\n<p><a class=\"btn_ficha\" href=\"https:\/\/vinopolis.mx\/wp-content\/uploads\/2024\/01\/Parusso_Barolo-Bussia_EN.pdf\" target=\"_blank\" rel=\"noopener\">See technical sheet<\/a><\/p>","protected":false},"featured_media":12726,"template":"","meta":{"site-sidebar-layout":"default","site-content-layout":"","ast-site-content-layout":"default","site-content-style":"default","site-sidebar-style":"default","ast-global-header-display":"","ast-banner-title-visibility":"","ast-main-header-display":"","ast-hfb-above-header-display":"","ast-hfb-below-header-display":"","ast-hfb-mobile-header-display":"","site-post-title":"","ast-breadcrumbs-content":"","ast-featured-img":"","footer-sml-layout":"","theme-transparent-header-meta":"default","adv-header-id-meta":"","stick-header-meta":"","header-above-stick-meta":"","header-main-stick-meta":"","header-below-stick-meta":"","astra-migrate-meta-layouts":"set","ast-page-background-enabled":"default","ast-page-background-meta":{"desktop":{"background-color":"","background-image":"","background-repeat":"repeat","background-position":"center center","background-size":"auto","background-attachment":"scroll","background-type":"","background-media":"","overlay-type":"","overlay-color":"","overlay-opacity":"","overlay-gradient":""},"tablet":{"background-color":"","background-image":"","background-repeat":"repeat","background-position":"center center","background-size":"auto","background-attachment":"scroll","background-type":"","background-media":"","overlay-type":"","overlay-color":"","overlay-opacity":"","overlay-gradient":""},"mobile":{"background-color":"","background-image":"","background-repeat":"repeat","background-position":"center center","background-size":"auto","background-attachment":"scroll","background-type":"","background-media":"","overlay-type":"","overlay-color":"","overlay-opacity":"","overlay-gradient":""}},"ast-content-background-meta":{"desktop":{"background-color":"var(--ast-global-color-5)","background-image":"","background-repeat":"repeat","background-position":"center center","background-size":"auto","background-attachment":"scroll","background-type":"","background-media":"","overlay-type":"","overlay-color":"","overlay-opacity":"","overlay-gradient":""},"tablet":{"background-color":"var(--ast-global-color-5)","background-image":"","background-repeat":"repeat","background-position":"center center","background-size":"auto","background-attachment":"scroll","background-type":"","background-media":"","overlay-type":"","overlay-color":"","overlay-opacity":"","overlay-gradient":""},"mobile":{"background-color":"var(--ast-global-color-5)","background-image":"","background-repeat":"repeat","background-position":"center center","background-size":"auto","background-attachment":"scroll","background-type":"","background-media":"","overlay-type":"","overlay-color":"","overlay-opacity":"","overlay-gradient":""}},"_joinchat":[]},"product_brand":[],"product_cat":[2195,2210,15,1805,2159,1512],"product_tag":[287,291,292,353,442,465,469,499,693,767,799,800],"class_list":{"0":"post-2291","1":"product","2":"type-product","3":"status-publish","4":"has-post-thumbnail","6":"product_cat-italia","7":"product_cat-piemonte","8":"product_cat-sin-categorizar","9":"product_cat-viticultura-biodinamica","10":"product_cat-viejas-vinas","11":"product_cat-parusso","12":"product_tag-1-5-lt","13":"product_tag-piemonte","14":"product_tag-uvamonovarietal","15":"product_tag-organico","16":"product_tag-442","17":"product_tag-gran-reserva","18":"product_tag-vino-tinto","19":"product_tag-uvanebbiolo","20":"product_tag-confecccion6","21":"product_tag-14-5","22":"product_tag-barolo-docg","23":"product_tag-parusso","24":"product_shipping_class-mensajeria","25":"desktop-align-center","26":"tablet-align-center","27":"mobile-align-center","28":"ast-product-gallery-layout-horizontal-slider","29":"ast-product-tabs-layout-horizontal","30":"ast-qv-on-image","32":"first","33":"instock","34":"taxable","35":"shipping-taxable","36":"purchasable","37":"product-type-simple"},"yoast_head":"<!-- This site is optimized with the Yoast SEO plugin v26.3 - https:\/\/yoast.com\/wordpress\/plugins\/seo\/ -->\n<title>Barolo Bussia 2016 - 1.5LT- Vinos TIntos Org\u00e1nicos - Bodega Parusso<\/title>\n<meta name=\"description\" content=\"Barolo Bussia 2016 - 1.5LT- Vinos TIntos Org\u00e1nicos - Bodega Parusso - Vinopolis Intrepid Wines - Envios a todo M\u00e9xico - Pagos seguros Paypal\" \/>\n<meta name=\"robots\" content=\"index, follow, max-snippet:-1, max-image-preview:large, max-video-preview:-1\" \/>\n<link rel=\"canonical\" href=\"https:\/\/vinopolis.mx\/en\/product\/barolo-bussia-2016-1-5-lt-parusso\/\" \/>\n<meta property=\"og:locale\" content=\"en_US\" \/>\n<meta property=\"og:type\" content=\"article\" \/>\n<meta property=\"og:title\" content=\"Barolo Bussia 2016 - 1.5LT- Vinos TIntos Org\u00e1nicos - Bodega Parusso\" \/>\n<meta property=\"og:description\" content=\"Barolo Bussia 2016 - 1.5LT- Vinos TIntos Org\u00e1nicos - Bodega Parusso - Vinopolis Intrepid Wines - Envios a todo M\u00e9xico - Pagos seguros Paypal\" \/>\n<meta property=\"og:url\" content=\"https:\/\/vinopolis.mx\/en\/product\/barolo-bussia-2016-1-5-lt-parusso\/\" \/>\n<meta property=\"og:site_name\" content=\"Vinopolis\" \/>\n<meta property=\"article:modified_time\" content=\"2026-03-30T21:59:22+00:00\" \/>\n<meta property=\"og:image\" content=\"https:\/\/vinopolis.mx\/wp-content\/uploads\/2023\/10\/Barolo-Bussia.png\" \/>\n\t<meta property=\"og:image:width\" content=\"400\" \/>\n\t<meta property=\"og:image:height\" content=\"608\" \/>\n\t<meta property=\"og:image:type\" content=\"image\/png\" \/>\n<meta name=\"twitter:card\" content=\"summary_large_image\" \/>\n<meta name=\"twitter:label1\" content=\"Est. reading time\" \/>\n\t<meta name=\"twitter:data1\" content=\"1 minute\" \/>\n<script type=\"application\/ld+json\" class=\"yoast-schema-graph\">{\"@context\":\"https:\/\/schema.org\",\"@graph\":[{\"@type\":\"WebPage\",\"@id\":\"https:\/\/vinopolis.mx\/producto\/barolo-bussia-2016-1-5-lt-parusso\/\",\"url\":\"https:\/\/vinopolis.mx\/producto\/barolo-bussia-2016-1-5-lt-parusso\/\",\"name\":\"Barolo Bussia 2016 - 1.5LT- Vinos TIntos Org\u00e1nicos - Bodega Parusso\",\"isPartOf\":{\"@id\":\"https:\/\/vinopolis.mx\/#website\"},\"primaryImageOfPage\":{\"@id\":\"https:\/\/vinopolis.mx\/producto\/barolo-bussia-2016-1-5-lt-parusso\/#primaryimage\"},\"image\":{\"@id\":\"https:\/\/vinopolis.mx\/producto\/barolo-bussia-2016-1-5-lt-parusso\/#primaryimage\"},\"thumbnailUrl\":\"https:\/\/vinopolis.mx\/wp-content\/uploads\/2023\/10\/Barolo-Bussia.png\",\"datePublished\":\"2023-10-09T20:17:53+00:00\",\"dateModified\":\"2026-03-30T21:59:22+00:00\",\"description\":\"Barolo Bussia 2016 - 1.5LT- Vinos TIntos Org\u00e1nicos - Bodega Parusso - Vinopolis Intrepid Wines - Envios a todo M\u00e9xico - Pagos seguros Paypal\",\"breadcrumb\":{\"@id\":\"https:\/\/vinopolis.mx\/producto\/barolo-bussia-2016-1-5-lt-parusso\/#breadcrumb\"},\"inLanguage\":\"en-US\",\"potentialAction\":[{\"@type\":\"ReadAction\",\"target\":[\"https:\/\/vinopolis.mx\/producto\/barolo-bussia-2016-1-5-lt-parusso\/\"]}]},{\"@type\":\"ImageObject\",\"inLanguage\":\"en-US\",\"@id\":\"https:\/\/vinopolis.mx\/producto\/barolo-bussia-2016-1-5-lt-parusso\/#primaryimage\",\"url\":\"https:\/\/vinopolis.mx\/wp-content\/uploads\/2023\/10\/Barolo-Bussia.png\",\"contentUrl\":\"https:\/\/vinopolis.mx\/wp-content\/uploads\/2023\/10\/Barolo-Bussia.png\",\"width\":400,\"height\":608},{\"@type\":\"BreadcrumbList\",\"@id\":\"https:\/\/vinopolis.mx\/producto\/barolo-bussia-2016-1-5-lt-parusso\/#breadcrumb\",\"itemListElement\":[{\"@type\":\"ListItem\",\"position\":1,\"name\":\"Inicio\",\"item\":\"https:\/\/vinopolis.mx\/\"},{\"@type\":\"ListItem\",\"position\":2,\"name\":\"Shop\",\"item\":\"https:\/\/vinopolis.mx\/shop\/\"},{\"@type\":\"ListItem\",\"position\":3,\"name\":\"Barolo Bussia 2016 1.5 LT\"}]},{\"@type\":\"WebSite\",\"@id\":\"https:\/\/vinopolis.mx\/#website\",\"url\":\"https:\/\/vinopolis.mx\/\",\"name\":\"Vinopolis\",\"description\":\"Intrepid Wines Collection\",\"publisher\":{\"@id\":\"https:\/\/vinopolis.mx\/#organization\"},\"potentialAction\":[{\"@type\":\"SearchAction\",\"target\":{\"@type\":\"EntryPoint\",\"urlTemplate\":\"https:\/\/vinopolis.mx\/?s={search_term_string}\"},\"query-input\":{\"@type\":\"PropertyValueSpecification\",\"valueRequired\":true,\"valueName\":\"search_term_string\"}}],\"inLanguage\":\"en-US\"},{\"@type\":\"Organization\",\"@id\":\"https:\/\/vinopolis.mx\/#organization\",\"name\":\"Vinopolis\",\"url\":\"https:\/\/vinopolis.mx\/\",\"logo\":{\"@type\":\"ImageObject\",\"inLanguage\":\"en-US\",\"@id\":\"https:\/\/vinopolis.mx\/#\/schema\/logo\/image\/\",\"url\":\"https:\/\/vinopolis.mx\/wp-content\/uploads\/2025\/08\/vinopolis_logo-25.png\",\"contentUrl\":\"https:\/\/vinopolis.mx\/wp-content\/uploads\/2025\/08\/vinopolis_logo-25.png\",\"width\":1835,\"height\":281,\"caption\":\"Vinopolis\"},\"image\":{\"@id\":\"https:\/\/vinopolis.mx\/#\/schema\/logo\/image\/\"}}]}<\/script>\n<!-- \/ Yoast SEO plugin. -->","yoast_head_json":{"title":"Barolo Bussia 2016 - 1.5LT- Vinos TIntos Org\u00e1nicos - Bodega Parusso","description":"Barolo Bussia 2016 - 1.5LT- Vinos TIntos Org\u00e1nicos - Bodega Parusso - Vinopolis Intrepid Wines - Envios a todo M\u00e9xico - Pagos seguros Paypal","robots":{"index":"index","follow":"follow","max-snippet":"max-snippet:-1","max-image-preview":"max-image-preview:large","max-video-preview":"max-video-preview:-1"},"canonical":"https:\/\/vinopolis.mx\/en\/product\/barolo-bussia-2016-1-5-lt-parusso\/","og_locale":"en_US","og_type":"article","og_title":"Barolo Bussia 2016 - 1.5LT- Vinos TIntos Org\u00e1nicos - Bodega Parusso","og_description":"Barolo Bussia 2016 - 1.5LT- Vinos TIntos Org\u00e1nicos - Bodega Parusso - Vinopolis Intrepid Wines - Envios a todo M\u00e9xico - Pagos seguros Paypal","og_url":"https:\/\/vinopolis.mx\/en\/product\/barolo-bussia-2016-1-5-lt-parusso\/","og_site_name":"Vinopolis","article_modified_time":"2026-03-30T21:59:22+00:00","og_image":[{"width":400,"height":608,"url":"https:\/\/vinopolis.mx\/wp-content\/uploads\/2023\/10\/Barolo-Bussia.png","type":"image\/png"}],"twitter_card":"summary_large_image","twitter_misc":{"Est. reading time":"1 minute"},"schema":{"@context":"https:\/\/schema.org","@graph":[{"@type":"WebPage","@id":"https:\/\/vinopolis.mx\/producto\/barolo-bussia-2016-1-5-lt-parusso\/","url":"https:\/\/vinopolis.mx\/producto\/barolo-bussia-2016-1-5-lt-parusso\/","name":"Barolo Bussia 2016 - 1.5LT- Vinos TIntos Org\u00e1nicos - Bodega Parusso","isPartOf":{"@id":"https:\/\/vinopolis.mx\/#website"},"primaryImageOfPage":{"@id":"https:\/\/vinopolis.mx\/producto\/barolo-bussia-2016-1-5-lt-parusso\/#primaryimage"},"image":{"@id":"https:\/\/vinopolis.mx\/producto\/barolo-bussia-2016-1-5-lt-parusso\/#primaryimage"},"thumbnailUrl":"https:\/\/vinopolis.mx\/wp-content\/uploads\/2023\/10\/Barolo-Bussia.png","datePublished":"2023-10-09T20:17:53+00:00","dateModified":"2026-03-30T21:59:22+00:00","description":"Barolo Bussia 2016 - 1.5LT- Vinos TIntos Org\u00e1nicos - Bodega Parusso - Vinopolis Intrepid Wines - Envios a todo M\u00e9xico - Pagos seguros Paypal","breadcrumb":{"@id":"https:\/\/vinopolis.mx\/producto\/barolo-bussia-2016-1-5-lt-parusso\/#breadcrumb"},"inLanguage":"en-US","potentialAction":[{"@type":"ReadAction","target":["https:\/\/vinopolis.mx\/producto\/barolo-bussia-2016-1-5-lt-parusso\/"]}]},{"@type":"ImageObject","inLanguage":"en-US","@id":"https:\/\/vinopolis.mx\/producto\/barolo-bussia-2016-1-5-lt-parusso\/#primaryimage","url":"https:\/\/vinopolis.mx\/wp-content\/uploads\/2023\/10\/Barolo-Bussia.png","contentUrl":"https:\/\/vinopolis.mx\/wp-content\/uploads\/2023\/10\/Barolo-Bussia.png","width":400,"height":608},{"@type":"BreadcrumbList","@id":"https:\/\/vinopolis.mx\/producto\/barolo-bussia-2016-1-5-lt-parusso\/#breadcrumb","itemListElement":[{"@type":"ListItem","position":1,"name":"Inicio","item":"https:\/\/vinopolis.mx\/"},{"@type":"ListItem","position":2,"name":"Shop","item":"https:\/\/vinopolis.mx\/shop\/"},{"@type":"ListItem","position":3,"name":"Barolo Bussia 2016 1.5 LT"}]},{"@type":"WebSite","@id":"https:\/\/vinopolis.mx\/#website","url":"https:\/\/vinopolis.mx\/","name":"Vinopolis","description":"Intrepid Wines Collection","publisher":{"@id":"https:\/\/vinopolis.mx\/#organization"},"potentialAction":[{"@type":"SearchAction","target":{"@type":"EntryPoint","urlTemplate":"https:\/\/vinopolis.mx\/?s={search_term_string}"},"query-input":{"@type":"PropertyValueSpecification","valueRequired":true,"valueName":"search_term_string"}}],"inLanguage":"en-US"},{"@type":"Organization","@id":"https:\/\/vinopolis.mx\/#organization","name":"Vinopolis","url":"https:\/\/vinopolis.mx\/","logo":{"@type":"ImageObject","inLanguage":"en-US","@id":"https:\/\/vinopolis.mx\/#\/schema\/logo\/image\/","url":"https:\/\/vinopolis.mx\/wp-content\/uploads\/2025\/08\/vinopolis_logo-25.png","contentUrl":"https:\/\/vinopolis.mx\/wp-content\/uploads\/2025\/08\/vinopolis_logo-25.png","width":1835,"height":281,"caption":"Vinopolis"},"image":{"@id":"https:\/\/vinopolis.mx\/#\/schema\/logo\/image\/"}}]}},"_links":{"self":[{"href":"https:\/\/vinopolis.mx\/en\/wp-json\/wp\/v2\/product\/2291","targetHints":{"allow":["GET"]}}],"collection":[{"href":"https:\/\/vinopolis.mx\/en\/wp-json\/wp\/v2\/product"}],"about":[{"href":"https:\/\/vinopolis.mx\/en\/wp-json\/wp\/v2\/types\/product"}],"version-history":[{"count":7,"href":"https:\/\/vinopolis.mx\/en\/wp-json\/wp\/v2\/product\/2291\/revisions"}],"predecessor-version":[{"id":23032,"href":"https:\/\/vinopolis.mx\/en\/wp-json\/wp\/v2\/product\/2291\/revisions\/23032"}],"wp:featuredmedia":[{"embeddable":true,"href":"https:\/\/vinopolis.mx\/en\/wp-json\/wp\/v2\/media\/12726"}],"wp:attachment":[{"href":"https:\/\/vinopolis.mx\/en\/wp-json\/wp\/v2\/media?parent=2291"}],"wp:term":[{"taxonomy":"product_brand","embeddable":true,"href":"https:\/\/vinopolis.mx\/en\/wp-json\/wp\/v2\/product_brand?post=2291"},{"taxonomy":"product_cat","embeddable":true,"href":"https:\/\/vinopolis.mx\/en\/wp-json\/wp\/v2\/product_cat?post=2291"},{"taxonomy":"product_tag","embeddable":true,"href":"https:\/\/vinopolis.mx\/en\/wp-json\/wp\/v2\/product_tag?post=2291"}],"curies":[{"name":"wp","href":"https:\/\/api.w.org\/{rel}","templated":true}]}}