{"id":2273,"date":"2023-10-09T20:17:29","date_gmt":"2023-10-09T20:17:29","guid":{"rendered":"https:\/\/vinopolis.mx\/?post_type=product&#038;p=2273"},"modified":"2026-03-30T16:59:20","modified_gmt":"2026-03-30T21:59:20","slug":"vinagre-balsamico-2-lt","status":"publish","type":"product","link":"https:\/\/vinopolis.mx\/en\/product\/vinagre-balsamico-2-lt\/","title":{"rendered":"BALSAMIC VINEGAR 2 LT"},"content":{"rendered":"","protected":false},"excerpt":{"rendered":"<p><b>Descripci\u00f3n<\/b><br \/>\nEl Sello Verde ReModena es la excelencia del vinagre bals\u00e1mico. <span class=\"citation-19\">Es el espl\u00e9ndido resultado de un <\/span><span class=\"citation-19\">largo per\u00edodo de reposo en barricas de roble<\/span><span class=\"citation-19 citation-end-19\">, donde los taninos y la esencia de la madera han creado ese producto m\u00e1gico que es reconocido en todas las mesas del mundo.<\/span> El Sello Verde es verificado repetidamente en todos sus pasos y ha superado los controles de los institutos reguladores. Todo esto garantiza que este producto madure y se desarrolle con el respeto y la tradici\u00f3n de su tierra de origen. Una receta \u00fanica que ha encontrado su maridaje ideal tanto en platos dulces como salados.<\/p>\n<p><b><span class=\"citation-18\">Caracter\u00edsticas<br \/>\n<\/span><\/b><span class=\"citation-18\">A la vista es <\/span><span class=\"citation-18\">denso<\/span><span class=\"citation-18\">, de un color <\/span><span class=\"citation-18\">marr\u00f3n brillante<\/span><span class=\"citation-18 citation-end-18\">.<\/span> <span class=\"citation-17\">En nariz, un aroma <\/span><span class=\"citation-17\">complejo, intenso y agradable<\/span><span class=\"citation-17 citation-end-17\">, con notas afrutadas y amaderadas.<\/span>Al gusto, un sabor armonioso, redondo, equilibrado y persistente.<\/p>\n<p><b><span class=\"citation-16\">Ingredientes<\/span><\/b><span class=\"citation-16 citation-end-16\"><br \/>\nMosto de uva cocido, vinagre de vino.<\/span><\/p>\n<p><b><span class=\"citation-15\">Maridajes recomendados<\/span><\/b><span class=\"citation-15 citation-end-15\"><br \/>\nEnsaladas, verduras crudas y cocidas, carne a la parrilla, quesos, carnes cocidas y asadas, pescado, macedonia de frutas, fresas, yogur, helado.<\/span><\/p>","protected":false},"featured_media":1515,"template":"","meta":{"site-sidebar-layout":"default","site-content-layout":"","ast-site-content-layout":"default","site-content-style":"default","site-sidebar-style":"default","ast-global-header-display":"","ast-banner-title-visibility":"","ast-main-header-display":"","ast-hfb-above-header-display":"","ast-hfb-below-header-display":"","ast-hfb-mobile-header-display":"","site-post-title":"","ast-breadcrumbs-content":"","ast-featured-img":"","footer-sml-layout":"","theme-transparent-header-meta":"default","adv-header-id-meta":"","stick-header-meta":"","header-above-stick-meta":"","header-main-stick-meta":"","header-below-stick-meta":"","astra-migrate-meta-layouts":"set","ast-page-background-enabled":"default","ast-page-background-meta":{"desktop":{"background-color":"","background-image":"","background-repeat":"repeat","background-position":"center center","background-size":"auto","background-attachment":"scroll","background-type":"","background-media":"","overlay-type":"","overlay-color":"","overlay-opacity":"","overlay-gradient":""},"tablet":{"background-color":"","background-image":"","background-repeat":"repeat","background-position":"center center","background-size":"auto","background-attachment":"scroll","background-type":"","background-media":"","overlay-type":"","overlay-color":"","overlay-opacity":"","overlay-gradient":""},"mobile":{"background-color":"","background-image":"","background-repeat":"repeat","background-position":"center center","background-size":"auto","background-attachment":"scroll","background-type":"","background-media":"","overlay-type":"","overlay-color":"","overlay-opacity":"","overlay-gradient":""}},"ast-content-background-meta":{"desktop":{"background-color":"var(--ast-global-color-5)","background-image":"","background-repeat":"repeat","background-position":"center center","background-size":"auto","background-attachment":"scroll","background-type":"","background-media":"","overlay-type":"","overlay-color":"","overlay-opacity":"","overlay-gradient":""},"tablet":{"background-color":"var(--ast-global-color-5)","background-image":"","background-repeat":"repeat","background-position":"center center","background-size":"auto","background-attachment":"scroll","background-type":"","background-media":"","overlay-type":"","overlay-color":"","overlay-opacity":"","overlay-gradient":""},"mobile":{"background-color":"var(--ast-global-color-5)","background-image":"","background-repeat":"repeat","background-position":"center center","background-size":"auto","background-attachment":"scroll","background-type":"","background-media":"","overlay-type":"","overlay-color":"","overlay-opacity":"","overlay-gradient":""}},"_joinchat":[]},"product_brand":[],"product_cat":[2195,2212,2070,2073,2067],"product_tag":[],"class_list":{"0":"post-2273","1":"product","2":"type-product","3":"status-publish","4":"has-post-thumbnail","6":"product_cat-italia","7":"product_cat-emilia-romagna","8":"product_cat-2000-ml-tamano-vinagre","9":"product_cat-de-1000-a-1999-precio-vinagre","10":"product_cat-vinagre-balsamico","11":"product_shipping_class-mensajeria","12":"desktop-align-center","13":"tablet-align-center","14":"mobile-align-center","15":"ast-product-gallery-layout-horizontal-slider","16":"ast-product-gallery-with-no-image","17":"ast-product-tabs-layout-horizontal","18":"ast-qv-on-image","20":"first","21":"instock","22":"taxable","23":"shipping-taxable","24":"purchasable","25":"product-type-simple"},"yoast_head":"<!-- This site is optimized with the Yoast SEO plugin v26.3 - https:\/\/yoast.com\/wordpress\/plugins\/seo\/ -->\n<title>VINAGRE BALS\u00c1MICO 2 LT - Vinopolis<\/title>\n<meta name=\"description\" content=\"VINAGRE BALS\u00c1MICO 2 LT - Vinopolis - Env\u00edos a todo M\u00e9xico - 2 Lts - ReModena - Lambrusco - Trebbiano\" \/>\n<meta name=\"robots\" content=\"index, follow, max-snippet:-1, max-image-preview:large, max-video-preview:-1\" \/>\n<link rel=\"canonical\" href=\"https:\/\/vinopolis.mx\/en\/product\/vinagre-balsamico-2-lt\/\" \/>\n<meta property=\"og:locale\" content=\"en_US\" \/>\n<meta property=\"og:type\" content=\"article\" \/>\n<meta property=\"og:title\" content=\"VINAGRE BALS\u00c1MICO 2 LT - Vinopolis\" \/>\n<meta property=\"og:description\" content=\"VINAGRE BALS\u00c1MICO 2 LT - Vinopolis - Env\u00edos a todo M\u00e9xico - 2 Lts - ReModena - Lambrusco - Trebbiano\" \/>\n<meta property=\"og:url\" content=\"https:\/\/vinopolis.mx\/en\/product\/vinagre-balsamico-2-lt\/\" \/>\n<meta property=\"og:site_name\" content=\"Vinopolis\" \/>\n<meta property=\"article:modified_time\" content=\"2026-03-30T21:59:20+00:00\" \/>\n<meta property=\"og:image\" content=\"https:\/\/vinopolis.mx\/wp-content\/uploads\/2023\/10\/VINAGRE-BALSAMICO.png\" \/>\n\t<meta property=\"og:image:width\" content=\"400\" \/>\n\t<meta property=\"og:image:height\" content=\"608\" \/>\n\t<meta property=\"og:image:type\" content=\"image\/png\" \/>\n<meta name=\"twitter:card\" content=\"summary_large_image\" \/>\n<meta name=\"twitter:label1\" content=\"Est. reading time\" \/>\n\t<meta name=\"twitter:data1\" content=\"1 minute\" \/>\n<script type=\"application\/ld+json\" class=\"yoast-schema-graph\">{\"@context\":\"https:\/\/schema.org\",\"@graph\":[{\"@type\":\"WebPage\",\"@id\":\"https:\/\/vinopolis.mx\/producto\/vinagre-balsamico-2-lt\/\",\"url\":\"https:\/\/vinopolis.mx\/producto\/vinagre-balsamico-2-lt\/\",\"name\":\"VINAGRE BALS\u00c1MICO 2 LT - Vinopolis\",\"isPartOf\":{\"@id\":\"https:\/\/vinopolis.mx\/#website\"},\"primaryImageOfPage\":{\"@id\":\"https:\/\/vinopolis.mx\/producto\/vinagre-balsamico-2-lt\/#primaryimage\"},\"image\":{\"@id\":\"https:\/\/vinopolis.mx\/producto\/vinagre-balsamico-2-lt\/#primaryimage\"},\"thumbnailUrl\":\"https:\/\/vinopolis.mx\/wp-content\/uploads\/2023\/10\/VINAGRE-BALSAMICO.png\",\"datePublished\":\"2023-10-09T20:17:29+00:00\",\"dateModified\":\"2026-03-30T21:59:20+00:00\",\"description\":\"VINAGRE BALS\u00c1MICO 2 LT - Vinopolis - Env\u00edos a todo M\u00e9xico - 2 Lts - ReModena - Lambrusco - Trebbiano\",\"breadcrumb\":{\"@id\":\"https:\/\/vinopolis.mx\/producto\/vinagre-balsamico-2-lt\/#breadcrumb\"},\"inLanguage\":\"en-US\",\"potentialAction\":[{\"@type\":\"ReadAction\",\"target\":[\"https:\/\/vinopolis.mx\/producto\/vinagre-balsamico-2-lt\/\"]}]},{\"@type\":\"ImageObject\",\"inLanguage\":\"en-US\",\"@id\":\"https:\/\/vinopolis.mx\/producto\/vinagre-balsamico-2-lt\/#primaryimage\",\"url\":\"https:\/\/vinopolis.mx\/wp-content\/uploads\/2023\/10\/VINAGRE-BALSAMICO.png\",\"contentUrl\":\"https:\/\/vinopolis.mx\/wp-content\/uploads\/2023\/10\/VINAGRE-BALSAMICO.png\",\"width\":400,\"height\":608},{\"@type\":\"BreadcrumbList\",\"@id\":\"https:\/\/vinopolis.mx\/producto\/vinagre-balsamico-2-lt\/#breadcrumb\",\"itemListElement\":[{\"@type\":\"ListItem\",\"position\":1,\"name\":\"Inicio\",\"item\":\"https:\/\/vinopolis.mx\/\"},{\"@type\":\"ListItem\",\"position\":2,\"name\":\"Shop\",\"item\":\"https:\/\/vinopolis.mx\/shop\/\"},{\"@type\":\"ListItem\",\"position\":3,\"name\":\"VINAGRE BALS\u00c1MICO 2 LT\"}]},{\"@type\":\"WebSite\",\"@id\":\"https:\/\/vinopolis.mx\/#website\",\"url\":\"https:\/\/vinopolis.mx\/\",\"name\":\"Vinopolis\",\"description\":\"Intrepid Wines Collection\",\"publisher\":{\"@id\":\"https:\/\/vinopolis.mx\/#organization\"},\"potentialAction\":[{\"@type\":\"SearchAction\",\"target\":{\"@type\":\"EntryPoint\",\"urlTemplate\":\"https:\/\/vinopolis.mx\/?s={search_term_string}\"},\"query-input\":{\"@type\":\"PropertyValueSpecification\",\"valueRequired\":true,\"valueName\":\"search_term_string\"}}],\"inLanguage\":\"en-US\"},{\"@type\":\"Organization\",\"@id\":\"https:\/\/vinopolis.mx\/#organization\",\"name\":\"Vinopolis\",\"url\":\"https:\/\/vinopolis.mx\/\",\"logo\":{\"@type\":\"ImageObject\",\"inLanguage\":\"en-US\",\"@id\":\"https:\/\/vinopolis.mx\/#\/schema\/logo\/image\/\",\"url\":\"https:\/\/vinopolis.mx\/wp-content\/uploads\/2025\/08\/vinopolis_logo-25.png\",\"contentUrl\":\"https:\/\/vinopolis.mx\/wp-content\/uploads\/2025\/08\/vinopolis_logo-25.png\",\"width\":1835,\"height\":281,\"caption\":\"Vinopolis\"},\"image\":{\"@id\":\"https:\/\/vinopolis.mx\/#\/schema\/logo\/image\/\"}}]}<\/script>\n<!-- \/ Yoast SEO plugin. -->","yoast_head_json":{"title":"VINAGRE BALS\u00c1MICO 2 LT - Vinopolis","description":"VINAGRE BALS\u00c1MICO 2 LT - Vinopolis - Env\u00edos a todo M\u00e9xico - 2 Lts - ReModena - Lambrusco - Trebbiano","robots":{"index":"index","follow":"follow","max-snippet":"max-snippet:-1","max-image-preview":"max-image-preview:large","max-video-preview":"max-video-preview:-1"},"canonical":"https:\/\/vinopolis.mx\/en\/product\/vinagre-balsamico-2-lt\/","og_locale":"en_US","og_type":"article","og_title":"VINAGRE BALS\u00c1MICO 2 LT - Vinopolis","og_description":"VINAGRE BALS\u00c1MICO 2 LT - Vinopolis - Env\u00edos a todo M\u00e9xico - 2 Lts - ReModena - Lambrusco - Trebbiano","og_url":"https:\/\/vinopolis.mx\/en\/product\/vinagre-balsamico-2-lt\/","og_site_name":"Vinopolis","article_modified_time":"2026-03-30T21:59:20+00:00","og_image":[{"width":400,"height":608,"url":"https:\/\/vinopolis.mx\/wp-content\/uploads\/2023\/10\/VINAGRE-BALSAMICO.png","type":"image\/png"}],"twitter_card":"summary_large_image","twitter_misc":{"Est. reading time":"1 minute"},"schema":{"@context":"https:\/\/schema.org","@graph":[{"@type":"WebPage","@id":"https:\/\/vinopolis.mx\/producto\/vinagre-balsamico-2-lt\/","url":"https:\/\/vinopolis.mx\/producto\/vinagre-balsamico-2-lt\/","name":"VINAGRE BALS\u00c1MICO 2 LT - Vinopolis","isPartOf":{"@id":"https:\/\/vinopolis.mx\/#website"},"primaryImageOfPage":{"@id":"https:\/\/vinopolis.mx\/producto\/vinagre-balsamico-2-lt\/#primaryimage"},"image":{"@id":"https:\/\/vinopolis.mx\/producto\/vinagre-balsamico-2-lt\/#primaryimage"},"thumbnailUrl":"https:\/\/vinopolis.mx\/wp-content\/uploads\/2023\/10\/VINAGRE-BALSAMICO.png","datePublished":"2023-10-09T20:17:29+00:00","dateModified":"2026-03-30T21:59:20+00:00","description":"VINAGRE BALS\u00c1MICO 2 LT - Vinopolis - Env\u00edos a todo M\u00e9xico - 2 Lts - ReModena - Lambrusco - Trebbiano","breadcrumb":{"@id":"https:\/\/vinopolis.mx\/producto\/vinagre-balsamico-2-lt\/#breadcrumb"},"inLanguage":"en-US","potentialAction":[{"@type":"ReadAction","target":["https:\/\/vinopolis.mx\/producto\/vinagre-balsamico-2-lt\/"]}]},{"@type":"ImageObject","inLanguage":"en-US","@id":"https:\/\/vinopolis.mx\/producto\/vinagre-balsamico-2-lt\/#primaryimage","url":"https:\/\/vinopolis.mx\/wp-content\/uploads\/2023\/10\/VINAGRE-BALSAMICO.png","contentUrl":"https:\/\/vinopolis.mx\/wp-content\/uploads\/2023\/10\/VINAGRE-BALSAMICO.png","width":400,"height":608},{"@type":"BreadcrumbList","@id":"https:\/\/vinopolis.mx\/producto\/vinagre-balsamico-2-lt\/#breadcrumb","itemListElement":[{"@type":"ListItem","position":1,"name":"Inicio","item":"https:\/\/vinopolis.mx\/"},{"@type":"ListItem","position":2,"name":"Shop","item":"https:\/\/vinopolis.mx\/shop\/"},{"@type":"ListItem","position":3,"name":"VINAGRE BALS\u00c1MICO 2 LT"}]},{"@type":"WebSite","@id":"https:\/\/vinopolis.mx\/#website","url":"https:\/\/vinopolis.mx\/","name":"Vinopolis","description":"Intrepid Wines Collection","publisher":{"@id":"https:\/\/vinopolis.mx\/#organization"},"potentialAction":[{"@type":"SearchAction","target":{"@type":"EntryPoint","urlTemplate":"https:\/\/vinopolis.mx\/?s={search_term_string}"},"query-input":{"@type":"PropertyValueSpecification","valueRequired":true,"valueName":"search_term_string"}}],"inLanguage":"en-US"},{"@type":"Organization","@id":"https:\/\/vinopolis.mx\/#organization","name":"Vinopolis","url":"https:\/\/vinopolis.mx\/","logo":{"@type":"ImageObject","inLanguage":"en-US","@id":"https:\/\/vinopolis.mx\/#\/schema\/logo\/image\/","url":"https:\/\/vinopolis.mx\/wp-content\/uploads\/2025\/08\/vinopolis_logo-25.png","contentUrl":"https:\/\/vinopolis.mx\/wp-content\/uploads\/2025\/08\/vinopolis_logo-25.png","width":1835,"height":281,"caption":"Vinopolis"},"image":{"@id":"https:\/\/vinopolis.mx\/#\/schema\/logo\/image\/"}}]}},"_links":{"self":[{"href":"https:\/\/vinopolis.mx\/en\/wp-json\/wp\/v2\/product\/2273","targetHints":{"allow":["GET"]}}],"collection":[{"href":"https:\/\/vinopolis.mx\/en\/wp-json\/wp\/v2\/product"}],"about":[{"href":"https:\/\/vinopolis.mx\/en\/wp-json\/wp\/v2\/types\/product"}],"version-history":[{"count":4,"href":"https:\/\/vinopolis.mx\/en\/wp-json\/wp\/v2\/product\/2273\/revisions"}],"predecessor-version":[{"id":20797,"href":"https:\/\/vinopolis.mx\/en\/wp-json\/wp\/v2\/product\/2273\/revisions\/20797"}],"wp:featuredmedia":[{"embeddable":true,"href":"https:\/\/vinopolis.mx\/en\/wp-json\/wp\/v2\/media\/1515"}],"wp:attachment":[{"href":"https:\/\/vinopolis.mx\/en\/wp-json\/wp\/v2\/media?parent=2273"}],"wp:term":[{"taxonomy":"product_brand","embeddable":true,"href":"https:\/\/vinopolis.mx\/en\/wp-json\/wp\/v2\/product_brand?post=2273"},{"taxonomy":"product_cat","embeddable":true,"href":"https:\/\/vinopolis.mx\/en\/wp-json\/wp\/v2\/product_cat?post=2273"},{"taxonomy":"product_tag","embeddable":true,"href":"https:\/\/vinopolis.mx\/en\/wp-json\/wp\/v2\/product_tag?post=2273"}],"curies":[{"name":"wp","href":"https:\/\/api.w.org\/{rel}","templated":true}]}}