{"id":2266,"date":"2023-10-09T20:17:27","date_gmt":"2023-10-09T20:17:27","guid":{"rendered":"https:\/\/vinopolis.mx\/?post_type=product&#038;p=2266"},"modified":"2026-03-30T16:59:19","modified_gmt":"2026-03-30T21:59:19","slug":"amarone-della-valpolicella-2009-corte-santalda","status":"publish","type":"product","link":"https:\/\/vinopolis.mx\/en\/product\/amarone-della-valpolicella-2009-corte-santalda\/","title":{"rendered":"Amarone Della Valpolicella 2009"},"content":{"rendered":"<p>Amarone Della Valpolicella<\/p>\n<p>A warehouse. A house\u2026 my family&#039;s. A story that moves and is intertwined with my life... or the meaning I want to give to my life.<\/p>\n<p>As I believe is normal, in a course that does not stop or room for doubt, the life choices lived and matured in experience become the \u201ccorrect\u201d ones even in the field, in the basement and in the work of relationships. with others, making clear the values by which we live and work.<br \/>\nUs and others, including nature, respecting coherence.<\/p>\n<p><strong>Grape:<\/strong>\u00a0 Corvina 40%, Corvina Grossa 50%, Rondinella 10%<\/p>\n<p><strong>Vineyard:<\/strong> Grapes from a single \u201cMacie\u201d vineyard, located at 350 meters above sea level, exposed to the south east formed by limestone rocks.<\/p>\n<p><strong>Vinification:<\/strong> The grapes are harvested by hand with a slight excess of ripening, this wine is produced only with the best harvest, it is fermented with native yeasts in 40 hl conical vats<\/p>\n<p>Whom\u00a0<strong>Sant&#039;Alda Court<\/strong>\u00a0The reconversion of the vineyards began a bit blindly in 1985. I felt the need, after a bad harvest, to do something to get my grapes to the winery healthy and ripe.<\/p>\n<p>In 1986 Guyot&#039;s first vineyard, Macie, with perhaps a bit extravagant measurements of 90 \u00d7 2.60 was a good compromise with the pergola. Reaching 4500 stumps per hectare without having to change all the equipment.<\/p>\n<p>In 2003 we have 6,200 vines per hectare and with the start of the last pergola (Cavallero) somewhat reluctantly, it is time to seek new frontiers, treasuring what we have learned in recent years.<\/p>\n<p>Alcohol: 14%<\/p>\n<p><strong>Tuning:<\/strong> The wine is refined in 255 hl French oak barrels for 48 months.<\/p>\n<p><strong>Color:<\/strong> Intense red that tends to garnet<\/p>\n<p><strong>Bouquet:<\/strong> Fruity, with notes of minerals, licorice and tobacco.<\/p>\n<p><strong>Palate:<\/strong> Well balanced flavor and body.<\/p>\n<p><strong>Operating temperature:<\/strong> 18 \u2013 20 oC<\/p>\n<p><strong>Presentation:<\/strong> 750ml<\/p>\n<p><a href=\"http:\/\/www.cortesantalda.com\/\">http:\/\/www.cortesantalda.com\/<\/a><\/p>\n<p><a href=\"http:\/\/vinopolis.mx\/en\/vinos-biodinamicos\/\">BIODYNAMIC WINES<\/a><\/p>\n<h5>Amarone Della Valpolicella<\/h5>","protected":false},"excerpt":{"rendered":"<p>Information<\/p>\n<ul>\n<li><strong>To nothing:<\/strong> 2009<\/li>\n<li><strong>Country:<\/strong> Italy<\/li>\n<li><strong>Region:<\/strong> Veneto<\/li>\n<li><strong>Grape variety:<\/strong><\/li>\n<li><strong>Floor:<\/strong> Galestro, caliza y pizarra<\/li>\n<li><strong>Vineyard size:<\/strong> 35 Ha<\/li>\n<li><strong>Plant density per hectare:<\/strong> 5500<\/li>\n<li><strong>Vinification and aging:<\/strong>Las uvas, vendimiadas en cajas, permanecen en el &#8220;fruttaio&#8221;\u00a0hasta diciembre\/enero. La p\u00e9rdida de agua, debido al per\u00edodo de pasificaci\u00f3n, promueve la concentraci\u00f3n de todas las sustancias de la uva.La fermentaci\u00f3n y la maceraci\u00f3n se llevan a cabo en peque\u00f1as tinas de acero. Despu\u00e9s de la fermentaci\u00f3n, sigue la crianza en roble en barricas de 500\/1000 litros, donde el vino nuevo permanecer\u00e1 durante 18-24 meses.<\/li>\n<\/ul>\n<p><a class=\"btn_ficha\" target=\"_blank\" rel=\"noopener\">See technical sheet<\/a><\/p>","protected":false},"featured_media":2307,"template":"","meta":{"site-sidebar-layout":"default","site-content-layout":"","ast-site-content-layout":"default","site-content-style":"default","site-sidebar-style":"default","ast-global-header-display":"","ast-banner-title-visibility":"","ast-main-header-display":"","ast-hfb-above-header-display":"","ast-hfb-below-header-display":"","ast-hfb-mobile-header-display":"","site-post-title":"","ast-breadcrumbs-content":"","ast-featured-img":"","footer-sml-layout":"","theme-transparent-header-meta":"default","adv-header-id-meta":"","stick-header-meta":"","header-above-stick-meta":"","header-main-stick-meta":"","header-below-stick-meta":"","astra-migrate-meta-layouts":"set","ast-page-background-enabled":"default","ast-page-background-meta":{"desktop":{"background-color":"","background-image":"","background-repeat":"repeat","background-position":"center center","background-size":"auto","background-attachment":"scroll","background-type":"","background-media":"","overlay-type":"","overlay-color":"","overlay-opacity":"","overlay-gradient":""},"tablet":{"background-color":"","background-image":"","background-repeat":"repeat","background-position":"center center","background-size":"auto","background-attachment":"scroll","background-type":"","background-media":"","overlay-type":"","overlay-color":"","overlay-opacity":"","overlay-gradient":""},"mobile":{"background-color":"","background-image":"","background-repeat":"repeat","background-position":"center center","background-size":"auto","background-attachment":"scroll","background-type":"","background-media":"","overlay-type":"","overlay-color":"","overlay-opacity":"","overlay-gradient":""}},"ast-content-background-meta":{"desktop":{"background-color":"var(--ast-global-color-5)","background-image":"","background-repeat":"repeat","background-position":"center center","background-size":"auto","background-attachment":"scroll","background-type":"","background-media":"","overlay-type":"","overlay-color":"","overlay-opacity":"","overlay-gradient":""},"tablet":{"background-color":"var(--ast-global-color-5)","background-image":"","background-repeat":"repeat","background-position":"center center","background-size":"auto","background-attachment":"scroll","background-type":"","background-media":"","overlay-type":"","overlay-color":"","overlay-opacity":"","overlay-gradient":""},"mobile":{"background-color":"var(--ast-global-color-5)","background-image":"","background-repeat":"repeat","background-position":"center center","background-size":"auto","background-attachment":"scroll","background-type":"","background-media":"","overlay-type":"","overlay-color":"","overlay-opacity":"","overlay-gradient":""}},"_joinchat":[]},"product_brand":[],"product_cat":[2195,2196,1805,1816,1467,1985,1674,1966,1484,1752],"product_tag":[299,311,325,354,436,437,441,486,622,693,1211,1212,1213],"class_list":{"0":"post-2266","1":"product","2":"type-product","3":"status-publish","4":"has-post-thumbnail","6":"product_cat-italia","7":"product_cat-veneto","8":"product_cat-viticultura-biodinamica","9":"product_cat-reserva","10":"product_cat-tinto","11":"product_cat-de-2000-a-30000","12":"product_cat-botella-750-ml","13":"product_cat-valpolicella-superiore-doc","14":"product_cat-corte-santalda","15":"product_cat-corvina-corvina-grosa-rondinella","16":"product_tag-750ml","17":"product_tag-uvablend","18":"product_tag-veneto","19":"product_tag-reserva","20":"product_tag-uvacorvinone-40","21":"product_tag-uvarondinella-20","22":"product_tag-441","23":"product_tag-individual","24":"product_tag-magnum","25":"product_tag-confecccion6","26":"product_tag-corte-santalda","27":"product_tag-uvacorbina-40","28":"product_tag-valpolicella-superiore-doc","29":"desktop-align-center","30":"tablet-align-center","31":"mobile-align-center","32":"ast-product-gallery-layout-horizontal-slider","33":"ast-product-gallery-with-no-image","34":"ast-product-tabs-layout-horizontal","35":"ast-qv-on-image","37":"first","38":"outofstock","39":"taxable","40":"shipping-taxable","41":"purchasable","42":"product-type-simple"},"yoast_head":"<!-- This site is optimized with the Yoast SEO plugin v26.3 - https:\/\/yoast.com\/wordpress\/plugins\/seo\/ -->\n<title>Amarone Della Valpolicella - Vino Tinto Biodin\u00e1mico - Corte Sant\u00b4Alda<\/title>\n<meta name=\"description\" content=\"Amarone Della Valpolicella - Vino Tinto Biodin\u00e1mico - Bodega Corte Sant\u00b4Alda - Vinopolis Intrepid Wine - Env\u00edos a todo M\u00e9xico -\" \/>\n<meta name=\"robots\" content=\"index, follow, max-snippet:-1, max-image-preview:large, max-video-preview:-1\" \/>\n<link rel=\"canonical\" href=\"https:\/\/vinopolis.mx\/en\/product\/amarone-della-valpolicella-2009-corte-santalda\/\" \/>\n<meta property=\"og:locale\" content=\"en_US\" \/>\n<meta property=\"og:type\" content=\"article\" \/>\n<meta property=\"og:title\" content=\"Amarone Della Valpolicella - Vino Tinto Biodin\u00e1mico - Corte Sant\u00b4Alda\" \/>\n<meta property=\"og:description\" content=\"Amarone Della Valpolicella - Vino Tinto Biodin\u00e1mico - Bodega Corte Sant\u00b4Alda - Vinopolis Intrepid Wine - Env\u00edos a todo M\u00e9xico -\" \/>\n<meta property=\"og:url\" content=\"https:\/\/vinopolis.mx\/en\/product\/amarone-della-valpolicella-2009-corte-santalda\/\" \/>\n<meta property=\"og:site_name\" content=\"Vinopolis\" \/>\n<meta property=\"article:modified_time\" content=\"2026-03-30T21:59:19+00:00\" \/>\n<meta property=\"og:image\" content=\"https:\/\/vinopolis.mx\/wp-content\/uploads\/2023\/10\/COORTE-SANT.png\" \/>\n\t<meta property=\"og:image:width\" content=\"400\" \/>\n\t<meta property=\"og:image:height\" content=\"608\" \/>\n\t<meta property=\"og:image:type\" content=\"image\/png\" \/>\n<meta name=\"twitter:card\" content=\"summary_large_image\" \/>\n<meta name=\"twitter:label1\" content=\"Est. reading time\" \/>\n\t<meta name=\"twitter:data1\" content=\"2 minutes\" \/>\n<script type=\"application\/ld+json\" class=\"yoast-schema-graph\">{\"@context\":\"https:\/\/schema.org\",\"@graph\":[{\"@type\":\"WebPage\",\"@id\":\"https:\/\/vinopolis.mx\/producto\/amarone-della-valpolicella-2009-corte-santalda\/\",\"url\":\"https:\/\/vinopolis.mx\/producto\/amarone-della-valpolicella-2009-corte-santalda\/\",\"name\":\"Amarone Della Valpolicella - Vino Tinto Biodin\u00e1mico - Corte Sant\u00b4Alda\",\"isPartOf\":{\"@id\":\"https:\/\/vinopolis.mx\/#website\"},\"primaryImageOfPage\":{\"@id\":\"https:\/\/vinopolis.mx\/producto\/amarone-della-valpolicella-2009-corte-santalda\/#primaryimage\"},\"image\":{\"@id\":\"https:\/\/vinopolis.mx\/producto\/amarone-della-valpolicella-2009-corte-santalda\/#primaryimage\"},\"thumbnailUrl\":\"https:\/\/vinopolis.mx\/wp-content\/uploads\/2023\/10\/COORTE-SANT.png\",\"datePublished\":\"2023-10-09T20:17:27+00:00\",\"dateModified\":\"2026-03-30T21:59:19+00:00\",\"description\":\"Amarone Della Valpolicella - Vino Tinto Biodin\u00e1mico - Bodega Corte Sant\u00b4Alda - Vinopolis Intrepid Wine - Env\u00edos a todo M\u00e9xico -\",\"breadcrumb\":{\"@id\":\"https:\/\/vinopolis.mx\/producto\/amarone-della-valpolicella-2009-corte-santalda\/#breadcrumb\"},\"inLanguage\":\"en-US\",\"potentialAction\":[{\"@type\":\"ReadAction\",\"target\":[\"https:\/\/vinopolis.mx\/producto\/amarone-della-valpolicella-2009-corte-santalda\/\"]}]},{\"@type\":\"ImageObject\",\"inLanguage\":\"en-US\",\"@id\":\"https:\/\/vinopolis.mx\/producto\/amarone-della-valpolicella-2009-corte-santalda\/#primaryimage\",\"url\":\"https:\/\/vinopolis.mx\/wp-content\/uploads\/2023\/10\/COORTE-SANT.png\",\"contentUrl\":\"https:\/\/vinopolis.mx\/wp-content\/uploads\/2023\/10\/COORTE-SANT.png\",\"width\":400,\"height\":608},{\"@type\":\"BreadcrumbList\",\"@id\":\"https:\/\/vinopolis.mx\/producto\/amarone-della-valpolicella-2009-corte-santalda\/#breadcrumb\",\"itemListElement\":[{\"@type\":\"ListItem\",\"position\":1,\"name\":\"Inicio\",\"item\":\"https:\/\/vinopolis.mx\/\"},{\"@type\":\"ListItem\",\"position\":2,\"name\":\"Shop\",\"item\":\"https:\/\/vinopolis.mx\/shop\/\"},{\"@type\":\"ListItem\",\"position\":3,\"name\":\"Amarone Della Valpolicella 2009\"}]},{\"@type\":\"WebSite\",\"@id\":\"https:\/\/vinopolis.mx\/#website\",\"url\":\"https:\/\/vinopolis.mx\/\",\"name\":\"Vinopolis\",\"description\":\"Intrepid Wines Collection\",\"publisher\":{\"@id\":\"https:\/\/vinopolis.mx\/#organization\"},\"potentialAction\":[{\"@type\":\"SearchAction\",\"target\":{\"@type\":\"EntryPoint\",\"urlTemplate\":\"https:\/\/vinopolis.mx\/?s={search_term_string}\"},\"query-input\":{\"@type\":\"PropertyValueSpecification\",\"valueRequired\":true,\"valueName\":\"search_term_string\"}}],\"inLanguage\":\"en-US\"},{\"@type\":\"Organization\",\"@id\":\"https:\/\/vinopolis.mx\/#organization\",\"name\":\"Vinopolis\",\"url\":\"https:\/\/vinopolis.mx\/\",\"logo\":{\"@type\":\"ImageObject\",\"inLanguage\":\"en-US\",\"@id\":\"https:\/\/vinopolis.mx\/#\/schema\/logo\/image\/\",\"url\":\"https:\/\/vinopolis.mx\/wp-content\/uploads\/2025\/08\/vinopolis_logo-25.png\",\"contentUrl\":\"https:\/\/vinopolis.mx\/wp-content\/uploads\/2025\/08\/vinopolis_logo-25.png\",\"width\":1835,\"height\":281,\"caption\":\"Vinopolis\"},\"image\":{\"@id\":\"https:\/\/vinopolis.mx\/#\/schema\/logo\/image\/\"}}]}<\/script>\n<!-- \/ Yoast SEO plugin. -->","yoast_head_json":{"title":"Amarone Della Valpolicella - Vino Tinto Biodin\u00e1mico - Corte Sant\u00b4Alda","description":"Amarone Della Valpolicella - Vino Tinto Biodin\u00e1mico - Bodega Corte Sant\u00b4Alda - Vinopolis Intrepid Wine - Env\u00edos a todo M\u00e9xico -","robots":{"index":"index","follow":"follow","max-snippet":"max-snippet:-1","max-image-preview":"max-image-preview:large","max-video-preview":"max-video-preview:-1"},"canonical":"https:\/\/vinopolis.mx\/en\/product\/amarone-della-valpolicella-2009-corte-santalda\/","og_locale":"en_US","og_type":"article","og_title":"Amarone Della Valpolicella - Vino Tinto Biodin\u00e1mico - Corte Sant\u00b4Alda","og_description":"Amarone Della Valpolicella - Vino Tinto Biodin\u00e1mico - Bodega Corte Sant\u00b4Alda - Vinopolis Intrepid Wine - Env\u00edos a todo M\u00e9xico -","og_url":"https:\/\/vinopolis.mx\/en\/product\/amarone-della-valpolicella-2009-corte-santalda\/","og_site_name":"Vinopolis","article_modified_time":"2026-03-30T21:59:19+00:00","og_image":[{"width":400,"height":608,"url":"https:\/\/vinopolis.mx\/wp-content\/uploads\/2023\/10\/COORTE-SANT.png","type":"image\/png"}],"twitter_card":"summary_large_image","twitter_misc":{"Est. reading time":"2 minutes"},"schema":{"@context":"https:\/\/schema.org","@graph":[{"@type":"WebPage","@id":"https:\/\/vinopolis.mx\/producto\/amarone-della-valpolicella-2009-corte-santalda\/","url":"https:\/\/vinopolis.mx\/producto\/amarone-della-valpolicella-2009-corte-santalda\/","name":"Amarone Della Valpolicella - Vino Tinto Biodin\u00e1mico - Corte Sant\u00b4Alda","isPartOf":{"@id":"https:\/\/vinopolis.mx\/#website"},"primaryImageOfPage":{"@id":"https:\/\/vinopolis.mx\/producto\/amarone-della-valpolicella-2009-corte-santalda\/#primaryimage"},"image":{"@id":"https:\/\/vinopolis.mx\/producto\/amarone-della-valpolicella-2009-corte-santalda\/#primaryimage"},"thumbnailUrl":"https:\/\/vinopolis.mx\/wp-content\/uploads\/2023\/10\/COORTE-SANT.png","datePublished":"2023-10-09T20:17:27+00:00","dateModified":"2026-03-30T21:59:19+00:00","description":"Amarone Della Valpolicella - Vino Tinto Biodin\u00e1mico - Bodega Corte Sant\u00b4Alda - Vinopolis Intrepid Wine - Env\u00edos a todo M\u00e9xico -","breadcrumb":{"@id":"https:\/\/vinopolis.mx\/producto\/amarone-della-valpolicella-2009-corte-santalda\/#breadcrumb"},"inLanguage":"en-US","potentialAction":[{"@type":"ReadAction","target":["https:\/\/vinopolis.mx\/producto\/amarone-della-valpolicella-2009-corte-santalda\/"]}]},{"@type":"ImageObject","inLanguage":"en-US","@id":"https:\/\/vinopolis.mx\/producto\/amarone-della-valpolicella-2009-corte-santalda\/#primaryimage","url":"https:\/\/vinopolis.mx\/wp-content\/uploads\/2023\/10\/COORTE-SANT.png","contentUrl":"https:\/\/vinopolis.mx\/wp-content\/uploads\/2023\/10\/COORTE-SANT.png","width":400,"height":608},{"@type":"BreadcrumbList","@id":"https:\/\/vinopolis.mx\/producto\/amarone-della-valpolicella-2009-corte-santalda\/#breadcrumb","itemListElement":[{"@type":"ListItem","position":1,"name":"Inicio","item":"https:\/\/vinopolis.mx\/"},{"@type":"ListItem","position":2,"name":"Shop","item":"https:\/\/vinopolis.mx\/shop\/"},{"@type":"ListItem","position":3,"name":"Amarone Della Valpolicella 2009"}]},{"@type":"WebSite","@id":"https:\/\/vinopolis.mx\/#website","url":"https:\/\/vinopolis.mx\/","name":"Vinopolis","description":"Intrepid Wines Collection","publisher":{"@id":"https:\/\/vinopolis.mx\/#organization"},"potentialAction":[{"@type":"SearchAction","target":{"@type":"EntryPoint","urlTemplate":"https:\/\/vinopolis.mx\/?s={search_term_string}"},"query-input":{"@type":"PropertyValueSpecification","valueRequired":true,"valueName":"search_term_string"}}],"inLanguage":"en-US"},{"@type":"Organization","@id":"https:\/\/vinopolis.mx\/#organization","name":"Vinopolis","url":"https:\/\/vinopolis.mx\/","logo":{"@type":"ImageObject","inLanguage":"en-US","@id":"https:\/\/vinopolis.mx\/#\/schema\/logo\/image\/","url":"https:\/\/vinopolis.mx\/wp-content\/uploads\/2025\/08\/vinopolis_logo-25.png","contentUrl":"https:\/\/vinopolis.mx\/wp-content\/uploads\/2025\/08\/vinopolis_logo-25.png","width":1835,"height":281,"caption":"Vinopolis"},"image":{"@id":"https:\/\/vinopolis.mx\/#\/schema\/logo\/image\/"}}]}},"_links":{"self":[{"href":"https:\/\/vinopolis.mx\/en\/wp-json\/wp\/v2\/product\/2266","targetHints":{"allow":["GET"]}}],"collection":[{"href":"https:\/\/vinopolis.mx\/en\/wp-json\/wp\/v2\/product"}],"about":[{"href":"https:\/\/vinopolis.mx\/en\/wp-json\/wp\/v2\/types\/product"}],"version-history":[{"count":4,"href":"https:\/\/vinopolis.mx\/en\/wp-json\/wp\/v2\/product\/2266\/revisions"}],"predecessor-version":[{"id":23036,"href":"https:\/\/vinopolis.mx\/en\/wp-json\/wp\/v2\/product\/2266\/revisions\/23036"}],"wp:featuredmedia":[{"embeddable":true,"href":"https:\/\/vinopolis.mx\/en\/wp-json\/wp\/v2\/media\/2307"}],"wp:attachment":[{"href":"https:\/\/vinopolis.mx\/en\/wp-json\/wp\/v2\/media?parent=2266"}],"wp:term":[{"taxonomy":"product_brand","embeddable":true,"href":"https:\/\/vinopolis.mx\/en\/wp-json\/wp\/v2\/product_brand?post=2266"},{"taxonomy":"product_cat","embeddable":true,"href":"https:\/\/vinopolis.mx\/en\/wp-json\/wp\/v2\/product_cat?post=2266"},{"taxonomy":"product_tag","embeddable":true,"href":"https:\/\/vinopolis.mx\/en\/wp-json\/wp\/v2\/product_tag?post=2266"}],"curies":[{"name":"wp","href":"https:\/\/api.w.org\/{rel}","templated":true}]}}