{"id":2097,"date":"2023-10-09T20:15:36","date_gmt":"2023-10-09T20:15:36","guid":{"rendered":"https:\/\/vinopolis.mx\/?post_type=product&#038;p=2097"},"modified":"2026-03-30T16:58:59","modified_gmt":"2026-03-30T21:58:59","slug":"valpolicella-superiore-mithas-2008-corte-santalda","status":"publish","type":"product","link":"https:\/\/vinopolis.mx\/en\/product\/valpolicella-superiore-mithas-2008-corte-santalda\/","title":{"rendered":"Valpolicella Superiore \u201cMithas\u201d 2008"},"content":{"rendered":"<p><strong>Grape:<\/strong>\u00a0 Corvina 40%, \u00a0Corvina Grossa 50%, \u00a0Rondinella 10%<\/p>\n<p><strong>Vineyard:<\/strong> Grapes from a single \u201cMacie\u201d vineyard, located at 350 meters above sea level, exposed to the south east formed by limestone rocks.<\/p>\n<p><strong>Vinification:<\/strong> The grapes are harvested by hand with a slight excess of ripening, this wine is produced only with the best harvest, it is fermented with native yeasts in 40 hl conical vats<\/p>\n<p>Alcohol: 14%<\/p>\n<p><strong>Tuning:<\/strong> The wine is refined in 255 hl French oak barrels for 48 months.<\/p>\n<p><strong>Color:<\/strong> Intense red that tends to garnet<\/p>\n<p><strong>Bouquet:<\/strong> Fruity, with notes of minerals, licorice and tobacco.<\/p>\n<p><strong>Palate:<\/strong> Well balanced flavor and body.<\/p>\n<p><strong>Operating temperature:<\/strong> 18 \u2013 20 oC<\/p>\n<p><strong>Presentation:<\/strong> 750ml<\/p>","protected":false},"excerpt":{"rendered":"<p>Information<\/p>\n<ul>\n<li><strong>To nothing:<\/strong> 2008<\/li>\n<li><strong>Country:<\/strong> Italy<\/li>\n<li><strong>Region:<\/strong> Veneto<\/li>\n<li><strong>Grape variety:<\/strong><\/li>\n<li><strong>Floor:<\/strong> galestro limestone slate<\/li>\n<li><strong>Vineyard size:<\/strong> 35 Has<\/li>\n<li><strong>Plant density per hectare:<\/strong> 5000<\/li>\n<li><strong>Vinification and aging:<\/strong> The grapes are harvested by hand with a slight excess of ripening, this wine is produced only with the best harvest, it is fermented with native yeasts in 40 hl conical vats<\/li>\n<\/ul>\n<p><a class=\"btn_ficha\" target=\"_blank\" rel=\"noopener\">See technical sheet<\/a><\/p>","protected":false},"featured_media":2155,"template":"","meta":{"site-sidebar-layout":"default","site-content-layout":"","ast-site-content-layout":"default","site-content-style":"default","site-sidebar-style":"default","ast-global-header-display":"","ast-banner-title-visibility":"","ast-main-header-display":"","ast-hfb-above-header-display":"","ast-hfb-below-header-display":"","ast-hfb-mobile-header-display":"","site-post-title":"","ast-breadcrumbs-content":"","ast-featured-img":"","footer-sml-layout":"","theme-transparent-header-meta":"default","adv-header-id-meta":"","stick-header-meta":"","header-above-stick-meta":"","header-main-stick-meta":"","header-below-stick-meta":"","astra-migrate-meta-layouts":"set","ast-page-background-enabled":"default","ast-page-background-meta":{"desktop":{"background-color":"","background-image":"","background-repeat":"repeat","background-position":"center center","background-size":"auto","background-attachment":"scroll","background-type":"","background-media":"","overlay-type":"","overlay-color":"","overlay-opacity":"","overlay-gradient":""},"tablet":{"background-color":"","background-image":"","background-repeat":"repeat","background-position":"center center","background-size":"auto","background-attachment":"scroll","background-type":"","background-media":"","overlay-type":"","overlay-color":"","overlay-opacity":"","overlay-gradient":""},"mobile":{"background-color":"","background-image":"","background-repeat":"repeat","background-position":"center center","background-size":"auto","background-attachment":"scroll","background-type":"","background-media":"","overlay-type":"","overlay-color":"","overlay-opacity":"","overlay-gradient":""}},"ast-content-background-meta":{"desktop":{"background-color":"var(--ast-global-color-5)","background-image":"","background-repeat":"repeat","background-position":"center center","background-size":"auto","background-attachment":"scroll","background-type":"","background-media":"","overlay-type":"","overlay-color":"","overlay-opacity":"","overlay-gradient":""},"tablet":{"background-color":"var(--ast-global-color-5)","background-image":"","background-repeat":"repeat","background-position":"center center","background-size":"auto","background-attachment":"scroll","background-type":"","background-media":"","overlay-type":"","overlay-color":"","overlay-opacity":"","overlay-gradient":""},"mobile":{"background-color":"var(--ast-global-color-5)","background-image":"","background-repeat":"repeat","background-position":"center center","background-size":"auto","background-attachment":"scroll","background-type":"","background-media":"","overlay-type":"","overlay-color":"","overlay-opacity":"","overlay-gradient":""}},"_joinchat":[]},"product_brand":[],"product_cat":[2195,2196,1805,1816,1467,1985,1676,1966,1484,1752],"product_tag":[287,311,325,354,436,437,441,486,622,1211,1212,1213],"class_list":{"0":"post-2097","1":"product","2":"type-product","3":"status-publish","4":"has-post-thumbnail","6":"product_cat-italia","7":"product_cat-veneto","8":"product_cat-viticultura-biodinamica","9":"product_cat-reserva","10":"product_cat-tinto","11":"product_cat-de-2000-a-30000","12":"product_cat-botella-1-5-lt-magnum","13":"product_cat-valpolicella-superiore-doc","14":"product_cat-corte-santalda","15":"product_cat-corvina-corvina-grosa-rondinella","16":"product_tag-1-5-lt","17":"product_tag-uvablend","18":"product_tag-veneto","19":"product_tag-reserva","20":"product_tag-uvacorvinone-40","21":"product_tag-uvarondinella-20","22":"product_tag-441","23":"product_tag-individual","24":"product_tag-magnum","25":"product_tag-corte-santalda","26":"product_tag-uvacorbina-40","27":"product_tag-valpolicella-superiore-doc","28":"desktop-align-center","29":"tablet-align-center","30":"mobile-align-center","31":"ast-product-gallery-layout-horizontal-slider","32":"ast-product-tabs-layout-horizontal","33":"ast-qv-on-image","35":"first","36":"instock","37":"taxable","38":"shipping-taxable","39":"purchasable","40":"product-type-simple"},"yoast_head":"<!-- This site is optimized with the Yoast SEO plugin v26.3 - https:\/\/yoast.com\/wordpress\/plugins\/seo\/ -->\n<title>Valpolicella Superiore &quot;Mithas&quot; 2008 - Vinopolis<\/title>\n<meta name=\"description\" content=\"Vino Tinto - Italia\/Veneto - Vino Biodin\u00e1mico - Magnum - Vino importado - Env\u00edos a todo M\u00e9xico - Botella 1.5L - Vinopolis\" \/>\n<meta name=\"robots\" content=\"index, follow, max-snippet:-1, max-image-preview:large, max-video-preview:-1\" \/>\n<link rel=\"canonical\" href=\"https:\/\/vinopolis.mx\/en\/product\/valpolicella-superiore-mithas-2008-corte-santalda\/\" \/>\n<meta property=\"og:locale\" content=\"en_US\" \/>\n<meta property=\"og:type\" content=\"article\" \/>\n<meta property=\"og:title\" content=\"Valpolicella Superiore &quot;Mithas&quot; 2008 - Vinopolis\" \/>\n<meta property=\"og:description\" content=\"Vino Tinto - Italia\/Veneto - Vino Biodin\u00e1mico - Magnum - Vino importado - Env\u00edos a todo M\u00e9xico - Botella 1.5L - Vinopolis\" \/>\n<meta property=\"og:url\" content=\"https:\/\/vinopolis.mx\/en\/product\/valpolicella-superiore-mithas-2008-corte-santalda\/\" \/>\n<meta property=\"og:site_name\" content=\"Vinopolis\" \/>\n<meta property=\"article:modified_time\" content=\"2026-03-30T21:58:59+00:00\" \/>\n<meta property=\"og:image\" content=\"https:\/\/vinopolis.mx\/wp-content\/uploads\/2023\/10\/MITHAS.png\" \/>\n\t<meta property=\"og:image:width\" content=\"400\" \/>\n\t<meta property=\"og:image:height\" content=\"608\" \/>\n\t<meta property=\"og:image:type\" content=\"image\/png\" \/>\n<meta name=\"twitter:card\" content=\"summary_large_image\" \/>\n<meta name=\"twitter:label1\" content=\"Est. reading time\" \/>\n\t<meta name=\"twitter:data1\" content=\"1 minute\" \/>\n<script type=\"application\/ld+json\" class=\"yoast-schema-graph\">{\"@context\":\"https:\/\/schema.org\",\"@graph\":[{\"@type\":\"WebPage\",\"@id\":\"https:\/\/vinopolis.mx\/producto\/valpolicella-superiore-mithas-2008-corte-santalda\/\",\"url\":\"https:\/\/vinopolis.mx\/producto\/valpolicella-superiore-mithas-2008-corte-santalda\/\",\"name\":\"Valpolicella Superiore \\\"Mithas\\\" 2008 - Vinopolis\",\"isPartOf\":{\"@id\":\"https:\/\/vinopolis.mx\/#website\"},\"primaryImageOfPage\":{\"@id\":\"https:\/\/vinopolis.mx\/producto\/valpolicella-superiore-mithas-2008-corte-santalda\/#primaryimage\"},\"image\":{\"@id\":\"https:\/\/vinopolis.mx\/producto\/valpolicella-superiore-mithas-2008-corte-santalda\/#primaryimage\"},\"thumbnailUrl\":\"https:\/\/vinopolis.mx\/wp-content\/uploads\/2023\/10\/MITHAS.png\",\"datePublished\":\"2023-10-09T20:15:36+00:00\",\"dateModified\":\"2026-03-30T21:58:59+00:00\",\"description\":\"Vino Tinto - Italia\/Veneto - Vino Biodin\u00e1mico - Magnum - Vino importado - Env\u00edos a todo M\u00e9xico - Botella 1.5L - Vinopolis\",\"breadcrumb\":{\"@id\":\"https:\/\/vinopolis.mx\/producto\/valpolicella-superiore-mithas-2008-corte-santalda\/#breadcrumb\"},\"inLanguage\":\"en-US\",\"potentialAction\":[{\"@type\":\"ReadAction\",\"target\":[\"https:\/\/vinopolis.mx\/producto\/valpolicella-superiore-mithas-2008-corte-santalda\/\"]}]},{\"@type\":\"ImageObject\",\"inLanguage\":\"en-US\",\"@id\":\"https:\/\/vinopolis.mx\/producto\/valpolicella-superiore-mithas-2008-corte-santalda\/#primaryimage\",\"url\":\"https:\/\/vinopolis.mx\/wp-content\/uploads\/2023\/10\/MITHAS.png\",\"contentUrl\":\"https:\/\/vinopolis.mx\/wp-content\/uploads\/2023\/10\/MITHAS.png\",\"width\":400,\"height\":608},{\"@type\":\"BreadcrumbList\",\"@id\":\"https:\/\/vinopolis.mx\/producto\/valpolicella-superiore-mithas-2008-corte-santalda\/#breadcrumb\",\"itemListElement\":[{\"@type\":\"ListItem\",\"position\":1,\"name\":\"Inicio\",\"item\":\"https:\/\/vinopolis.mx\/\"},{\"@type\":\"ListItem\",\"position\":2,\"name\":\"Shop\",\"item\":\"https:\/\/vinopolis.mx\/shop\/\"},{\"@type\":\"ListItem\",\"position\":3,\"name\":\"Valpolicella Superiore &#8220;Mithas&#8221; 2008\"}]},{\"@type\":\"WebSite\",\"@id\":\"https:\/\/vinopolis.mx\/#website\",\"url\":\"https:\/\/vinopolis.mx\/\",\"name\":\"Vinopolis\",\"description\":\"Intrepid Wines Collection\",\"publisher\":{\"@id\":\"https:\/\/vinopolis.mx\/#organization\"},\"potentialAction\":[{\"@type\":\"SearchAction\",\"target\":{\"@type\":\"EntryPoint\",\"urlTemplate\":\"https:\/\/vinopolis.mx\/?s={search_term_string}\"},\"query-input\":{\"@type\":\"PropertyValueSpecification\",\"valueRequired\":true,\"valueName\":\"search_term_string\"}}],\"inLanguage\":\"en-US\"},{\"@type\":\"Organization\",\"@id\":\"https:\/\/vinopolis.mx\/#organization\",\"name\":\"Vinopolis\",\"url\":\"https:\/\/vinopolis.mx\/\",\"logo\":{\"@type\":\"ImageObject\",\"inLanguage\":\"en-US\",\"@id\":\"https:\/\/vinopolis.mx\/#\/schema\/logo\/image\/\",\"url\":\"https:\/\/vinopolis.mx\/wp-content\/uploads\/2025\/08\/vinopolis_logo-25.png\",\"contentUrl\":\"https:\/\/vinopolis.mx\/wp-content\/uploads\/2025\/08\/vinopolis_logo-25.png\",\"width\":1835,\"height\":281,\"caption\":\"Vinopolis\"},\"image\":{\"@id\":\"https:\/\/vinopolis.mx\/#\/schema\/logo\/image\/\"}}]}<\/script>\n<!-- \/ Yoast SEO plugin. -->","yoast_head_json":{"title":"Valpolicella Superiore \"Mithas\" 2008 - Vinopolis","description":"Vino Tinto - Italia\/Veneto - Vino Biodin\u00e1mico - Magnum - Vino importado - Env\u00edos a todo M\u00e9xico - Botella 1.5L - Vinopolis","robots":{"index":"index","follow":"follow","max-snippet":"max-snippet:-1","max-image-preview":"max-image-preview:large","max-video-preview":"max-video-preview:-1"},"canonical":"https:\/\/vinopolis.mx\/en\/product\/valpolicella-superiore-mithas-2008-corte-santalda\/","og_locale":"en_US","og_type":"article","og_title":"Valpolicella Superiore \"Mithas\" 2008 - Vinopolis","og_description":"Vino Tinto - Italia\/Veneto - Vino Biodin\u00e1mico - Magnum - Vino importado - Env\u00edos a todo M\u00e9xico - Botella 1.5L - Vinopolis","og_url":"https:\/\/vinopolis.mx\/en\/product\/valpolicella-superiore-mithas-2008-corte-santalda\/","og_site_name":"Vinopolis","article_modified_time":"2026-03-30T21:58:59+00:00","og_image":[{"width":400,"height":608,"url":"https:\/\/vinopolis.mx\/wp-content\/uploads\/2023\/10\/MITHAS.png","type":"image\/png"}],"twitter_card":"summary_large_image","twitter_misc":{"Est. reading time":"1 minute"},"schema":{"@context":"https:\/\/schema.org","@graph":[{"@type":"WebPage","@id":"https:\/\/vinopolis.mx\/producto\/valpolicella-superiore-mithas-2008-corte-santalda\/","url":"https:\/\/vinopolis.mx\/producto\/valpolicella-superiore-mithas-2008-corte-santalda\/","name":"Valpolicella Superiore \"Mithas\" 2008 - Vinopolis","isPartOf":{"@id":"https:\/\/vinopolis.mx\/#website"},"primaryImageOfPage":{"@id":"https:\/\/vinopolis.mx\/producto\/valpolicella-superiore-mithas-2008-corte-santalda\/#primaryimage"},"image":{"@id":"https:\/\/vinopolis.mx\/producto\/valpolicella-superiore-mithas-2008-corte-santalda\/#primaryimage"},"thumbnailUrl":"https:\/\/vinopolis.mx\/wp-content\/uploads\/2023\/10\/MITHAS.png","datePublished":"2023-10-09T20:15:36+00:00","dateModified":"2026-03-30T21:58:59+00:00","description":"Vino Tinto - Italia\/Veneto - Vino Biodin\u00e1mico - Magnum - Vino importado - Env\u00edos a todo M\u00e9xico - Botella 1.5L - Vinopolis","breadcrumb":{"@id":"https:\/\/vinopolis.mx\/producto\/valpolicella-superiore-mithas-2008-corte-santalda\/#breadcrumb"},"inLanguage":"en-US","potentialAction":[{"@type":"ReadAction","target":["https:\/\/vinopolis.mx\/producto\/valpolicella-superiore-mithas-2008-corte-santalda\/"]}]},{"@type":"ImageObject","inLanguage":"en-US","@id":"https:\/\/vinopolis.mx\/producto\/valpolicella-superiore-mithas-2008-corte-santalda\/#primaryimage","url":"https:\/\/vinopolis.mx\/wp-content\/uploads\/2023\/10\/MITHAS.png","contentUrl":"https:\/\/vinopolis.mx\/wp-content\/uploads\/2023\/10\/MITHAS.png","width":400,"height":608},{"@type":"BreadcrumbList","@id":"https:\/\/vinopolis.mx\/producto\/valpolicella-superiore-mithas-2008-corte-santalda\/#breadcrumb","itemListElement":[{"@type":"ListItem","position":1,"name":"Inicio","item":"https:\/\/vinopolis.mx\/"},{"@type":"ListItem","position":2,"name":"Shop","item":"https:\/\/vinopolis.mx\/shop\/"},{"@type":"ListItem","position":3,"name":"Valpolicella Superiore &#8220;Mithas&#8221; 2008"}]},{"@type":"WebSite","@id":"https:\/\/vinopolis.mx\/#website","url":"https:\/\/vinopolis.mx\/","name":"Vinopolis","description":"Intrepid Wines Collection","publisher":{"@id":"https:\/\/vinopolis.mx\/#organization"},"potentialAction":[{"@type":"SearchAction","target":{"@type":"EntryPoint","urlTemplate":"https:\/\/vinopolis.mx\/?s={search_term_string}"},"query-input":{"@type":"PropertyValueSpecification","valueRequired":true,"valueName":"search_term_string"}}],"inLanguage":"en-US"},{"@type":"Organization","@id":"https:\/\/vinopolis.mx\/#organization","name":"Vinopolis","url":"https:\/\/vinopolis.mx\/","logo":{"@type":"ImageObject","inLanguage":"en-US","@id":"https:\/\/vinopolis.mx\/#\/schema\/logo\/image\/","url":"https:\/\/vinopolis.mx\/wp-content\/uploads\/2025\/08\/vinopolis_logo-25.png","contentUrl":"https:\/\/vinopolis.mx\/wp-content\/uploads\/2025\/08\/vinopolis_logo-25.png","width":1835,"height":281,"caption":"Vinopolis"},"image":{"@id":"https:\/\/vinopolis.mx\/#\/schema\/logo\/image\/"}}]}},"_links":{"self":[{"href":"https:\/\/vinopolis.mx\/en\/wp-json\/wp\/v2\/product\/2097","targetHints":{"allow":["GET"]}}],"collection":[{"href":"https:\/\/vinopolis.mx\/en\/wp-json\/wp\/v2\/product"}],"about":[{"href":"https:\/\/vinopolis.mx\/en\/wp-json\/wp\/v2\/types\/product"}],"version-history":[{"count":5,"href":"https:\/\/vinopolis.mx\/en\/wp-json\/wp\/v2\/product\/2097\/revisions"}],"predecessor-version":[{"id":23061,"href":"https:\/\/vinopolis.mx\/en\/wp-json\/wp\/v2\/product\/2097\/revisions\/23061"}],"wp:featuredmedia":[{"embeddable":true,"href":"https:\/\/vinopolis.mx\/en\/wp-json\/wp\/v2\/media\/2155"}],"wp:attachment":[{"href":"https:\/\/vinopolis.mx\/en\/wp-json\/wp\/v2\/media?parent=2097"}],"wp:term":[{"taxonomy":"product_brand","embeddable":true,"href":"https:\/\/vinopolis.mx\/en\/wp-json\/wp\/v2\/product_brand?post=2097"},{"taxonomy":"product_cat","embeddable":true,"href":"https:\/\/vinopolis.mx\/en\/wp-json\/wp\/v2\/product_cat?post=2097"},{"taxonomy":"product_tag","embeddable":true,"href":"https:\/\/vinopolis.mx\/en\/wp-json\/wp\/v2\/product_tag?post=2097"}],"curies":[{"name":"wp","href":"https:\/\/api.w.org\/{rel}","templated":true}]}}