{"id":1883,"date":"2023-10-09T20:13:21","date_gmt":"2023-10-09T20:13:21","guid":{"rendered":"https:\/\/vinopolis.mx\/?post_type=product&#038;p=1883"},"modified":"2026-03-30T16:58:44","modified_gmt":"2026-03-30T21:58:44","slug":"merlot-riserva-uve-carate-2007-1-5-lt-castello-di-buttrio","status":"publish","type":"product","link":"https:\/\/vinopolis.mx\/en\/product\/merlot-riserva-uve-carate-2007-1-5-lt-castello-di-buttrio\/","title":{"rendered":"Merlot Riserva \u201cUve Carate\u201d 2007 1.5 LT"},"content":{"rendered":"<p>Merlot Riserva &#8220;Uve Carate&#8221;<\/p>\n<h5>VINEYARD<\/h5>\n<p><strong>VARIETAL: <\/strong>Merlot 100%<\/p>\n<p><strong>EL VI\u00d1EDO:\u00a0<\/strong>La posici\u00f3n de las colinas a 142 msnm garantizan una perfecta ventilaci\u00f3n y la ideal excursi\u00f3n t\u00e9rmica necesaria para una \u00f3ptima maduraci\u00f3n.<\/p>\n<p><strong>VINEYARD AGE: <\/strong>30 a 50 a\u00f1os<strong>.<br \/>\n<\/strong><strong><br \/>\n<\/strong><strong>CULTIVATION SYSTEM: <\/strong>Guyot con 3500 vides por hect\u00e1rea.<\/p>\n<p><strong>PRODUCTION: <\/strong>Rendimiento de 1 kg de fruta por planta.<strong><br \/>\n<\/strong><\/p>\n<h5>WINEMAKING TECHNIQUE<\/h5>\n<p><strong>ALCOHOLIC FERMENTATION:\u00a0<\/strong>Las uvas se despalillan y maceran durante 4 semanas con bombeos peri\u00f3dicos. Al final de la fermentaci\u00f3n alcoholica, el vino se somete a la fermentaci\u00f3n malol\u00e1ctica.<\/p>\n<p><strong>MATURATION:\u00a0<\/strong>20 meses en barricas nuevas y media tostadas en contacto con la levadura de la fermentaci\u00f3n.<\/p>\n<h5>WINE DESCRIPTION<\/h5>\n<p><strong>COLOR:\u00a0<\/strong>Rojo rub\u00ed intenso.<\/p>\n<p><strong>BOUQUET:\u00a0<\/strong>Notas de grosellas, moras e higos son entrelazados con notas de caf\u00e9, chocolate y especias.<\/p>\n<p><strong>PALATE:\u00a0<\/strong>Aromas y sabores que se integran en un cuerpo amplio y envolventes con taninos complejos<\/p>\n<p><strong>AGEING POTENTIAL:<\/strong><strong><br \/>\n<\/strong><\/p>\n<p><strong>PAIRING:\u00a0<\/strong>Ideal con el cazas y carnes rojas. Excelente con asados, guisos y quesos curados y picante.<\/p>\n<p><strong>OPERATING TEMPERATURE: <\/strong>18-20 \u00b0C<\/p>\n<h5>CHEMICAL ANALYSIS<\/h5>\n<p><strong>ALCOHOL: 14%<\/strong><strong><br \/>\n<\/strong><\/p>\n<h5>Merlot Riserva &#8220;Uve Carate&#8221;<\/h5>\n<p><a href=\"http:\/\/vinopolis.mx\/en\/vino-tinto-reserva\/\">RESERVE RED WINE<\/a><\/p>\n<p>The labels on the Castello di Buttrio bottles contain a universe of meanings linked to the identity of the territory from which these wines are born.<\/p>\n<p>The detailed texture of the decorative background motif, interpreted in various ways for different wines, is inspired by the original Friulian textile tradition, a choice born from the discovery of salt for drying silkworms in the castle, during renovations.<\/p>\n<p>In the center, the castle on the hill that dominates the rows is the symbol of the indissoluble link between the territory and its wine-growing tradition.<\/p>\n<p>A choice that expresses, once again, the value of a work inherited and transmitted as a mission, the love for a unique land rich in traditions and the desire to share it.<\/p>\n<p>In this land cultivated with vines since the Middle Ages, time imbues everything with an ancient memory and becomes the guardian of a precious and tangible past that is transmitted from generation to generation.<\/p>\n<p>The history of this place begins within the fringed walls of the ancient castle, originally built around the 11th century in a strategic position and later destroyed.<\/p>\n<p><a href=\"https:\/\/www.castellodibuttrio.it\/\">https:\/\/www.castellodibuttrio.it\/<\/a><\/p>\n<p>&nbsp;<\/p>","protected":false},"excerpt":{"rendered":"<p>Information<\/p>\n<ul>\n<li><strong>To nothing:<\/strong> 2007<\/li>\n<li><strong>Country:<\/strong> Italy<\/li>\n<li><strong>Region:<\/strong> Friuli Venezia Giulia<\/li>\n<li><strong>Grape variety:<\/strong> Merlot<\/li>\n<li><strong>Floor:<\/strong> Arcillosos, arenosos y calc\u00e1reos con cantos rodados (piedras redondeadas).<\/li>\n<li><strong>Vineyard size:<\/strong> 15 Ha<\/li>\n<li><b>Plant density per hectare:<\/b> 6000<\/li>\n<li><b>Fermentaci\u00f3n Alcoh\u00f3lica:<\/b> Las uvas son despalilladas y maceradas durante 4 semanas con remontados peri\u00f3dicos. Al finalizar la fermentaci\u00f3n alcoh\u00f3lica, el vino es sometido a la fermentaci\u00f3n malol\u00e1ctica.<\/li>\n<li><b>Crianza:<\/b> 20 meses en barricas nuevas y de tostado medio en contacto con las l\u00edas de fermentaci\u00f3n.<\/li>\n<\/ul>\n<p><a class=\"btn_ficha\" href=\"https:\/\/vinopolis.mx\/wp-content\/uploads\/2024\/02\/Castello-di-Buttrio_Merlot-Uve-Carate_EN.pdf\" target=\"_blank\" rel=\"noopener\">See technical sheet<\/a><\/p>","protected":false},"featured_media":1942,"template":"","meta":{"site-sidebar-layout":"default","site-content-layout":"","ast-site-content-layout":"default","site-content-style":"default","site-sidebar-style":"default","ast-global-header-display":"","ast-banner-title-visibility":"","ast-main-header-display":"","ast-hfb-above-header-display":"","ast-hfb-below-header-display":"","ast-hfb-mobile-header-display":"","site-post-title":"","ast-breadcrumbs-content":"","ast-featured-img":"","footer-sml-layout":"","theme-transparent-header-meta":"default","adv-header-id-meta":"","stick-header-meta":"","header-above-stick-meta":"","header-main-stick-meta":"","header-below-stick-meta":"","astra-migrate-meta-layouts":"set","ast-page-background-enabled":"default","ast-page-background-meta":{"desktop":{"background-color":"","background-image":"","background-repeat":"repeat","background-position":"center center","background-size":"auto","background-attachment":"scroll","background-type":"","background-media":"","overlay-type":"","overlay-color":"","overlay-opacity":"","overlay-gradient":""},"tablet":{"background-color":"","background-image":"","background-repeat":"repeat","background-position":"center center","background-size":"auto","background-attachment":"scroll","background-type":"","background-media":"","overlay-type":"","overlay-color":"","overlay-opacity":"","overlay-gradient":""},"mobile":{"background-color":"","background-image":"","background-repeat":"repeat","background-position":"center center","background-size":"auto","background-attachment":"scroll","background-type":"","background-media":"","overlay-type":"","overlay-color":"","overlay-opacity":"","overlay-gradient":""}},"ast-content-background-meta":{"desktop":{"background-color":"var(--ast-global-color-5)","background-image":"","background-repeat":"repeat","background-position":"center center","background-size":"auto","background-attachment":"scroll","background-type":"","background-media":"","overlay-type":"","overlay-color":"","overlay-opacity":"","overlay-gradient":""},"tablet":{"background-color":"var(--ast-global-color-5)","background-image":"","background-repeat":"repeat","background-position":"center center","background-size":"auto","background-attachment":"scroll","background-type":"","background-media":"","overlay-type":"","overlay-color":"","overlay-opacity":"","overlay-gradient":""},"mobile":{"background-color":"var(--ast-global-color-5)","background-image":"","background-repeat":"repeat","background-position":"center center","background-size":"auto","background-attachment":"scroll","background-type":"","background-media":"","overlay-type":"","overlay-color":"","overlay-opacity":"","overlay-gradient":""}},"_joinchat":[]},"product_brand":[],"product_cat":[2195,2209,1816,1467,1985,1477,2065,1676,2063,1886],"product_tag":[287,292,354,385,441,469,486,622,795,883,1036,1037],"class_list":{"0":"post-1883","1":"product","2":"type-product","3":"status-publish","4":"has-post-thumbnail","6":"product_cat-italia","7":"product_cat-friuli-venezia-giulia","8":"product_cat-reserva","9":"product_cat-tinto","10":"product_cat-de-2000-a-30000","11":"product_cat-castello-de-butrrio","12":"product_cat-viticultura-convencional","13":"product_cat-botella-1-5-lt-magnum","14":"product_cat-pendiente","15":"product_cat-friuli-colli-orientali-doc","16":"product_tag-1-5-lt","17":"product_tag-uvamonovarietal","18":"product_tag-reserva","19":"product_tag-friuli-venezia-giulia","20":"product_tag-441","21":"product_tag-vino-tinto","22":"product_tag-individual","23":"product_tag-magnum","24":"product_tag-795","25":"product_tag-uvamerlot","26":"product_tag-castello-di-buttrio","27":"product_tag-colli-orientali-doc","28":"desktop-align-center","29":"tablet-align-center","30":"mobile-align-center","31":"ast-product-gallery-layout-horizontal-slider","32":"ast-product-tabs-layout-horizontal","33":"ast-qv-on-image","35":"first","36":"instock","37":"taxable","38":"shipping-taxable","39":"purchasable","40":"product-type-simple"},"yoast_head":"<!-- This site is optimized with the Yoast SEO plugin v26.3 - https:\/\/yoast.com\/wordpress\/plugins\/seo\/ -->\n<title>Merlot Riserva &quot;Uve Carate&quot; - Vino Tinto Reserva - Castello Di Buttrio<\/title>\n<meta name=\"description\" content=\"Merlot Riserva &quot;Uve Carate&quot; - Vino Tinto Reserva - Castello Di Buttrio - Vinopolis Intrepid Wine - Vinos Italianos - Env\u00edos a todo M\u00e9xico\" \/>\n<meta name=\"robots\" content=\"index, follow, max-snippet:-1, max-image-preview:large, max-video-preview:-1\" \/>\n<link rel=\"canonical\" href=\"https:\/\/vinopolis.mx\/en\/product\/merlot-riserva-uve-carate-2007-1-5-lt-castello-di-buttrio\/\" \/>\n<meta property=\"og:locale\" content=\"en_US\" \/>\n<meta property=\"og:type\" content=\"article\" \/>\n<meta property=\"og:title\" content=\"Merlot Riserva &quot;Uve Carate&quot; - Vino Tinto Reserva - Castello Di Buttrio\" \/>\n<meta property=\"og:description\" content=\"Merlot Riserva &quot;Uve Carate&quot; - Vino Tinto Reserva - Castello Di Buttrio - Vinopolis Intrepid Wine - Vinos Italianos - Env\u00edos a todo M\u00e9xico\" \/>\n<meta property=\"og:url\" content=\"https:\/\/vinopolis.mx\/en\/product\/merlot-riserva-uve-carate-2007-1-5-lt-castello-di-buttrio\/\" \/>\n<meta property=\"og:site_name\" content=\"Vinopolis\" \/>\n<meta property=\"article:modified_time\" content=\"2026-03-30T21:58:44+00:00\" \/>\n<meta property=\"og:image\" content=\"https:\/\/vinopolis.mx\/wp-content\/uploads\/2023\/10\/UVECARATE-1.png\" \/>\n\t<meta property=\"og:image:width\" content=\"400\" \/>\n\t<meta property=\"og:image:height\" content=\"608\" \/>\n\t<meta property=\"og:image:type\" content=\"image\/png\" \/>\n<meta name=\"twitter:card\" content=\"summary_large_image\" \/>\n<meta name=\"twitter:label1\" content=\"Est. reading time\" \/>\n\t<meta name=\"twitter:data1\" content=\"2 minutes\" \/>\n<script type=\"application\/ld+json\" class=\"yoast-schema-graph\">{\"@context\":\"https:\/\/schema.org\",\"@graph\":[{\"@type\":\"WebPage\",\"@id\":\"https:\/\/vinopolis.mx\/producto\/merlot-riserva-uve-carate-2007-1-5-lt-castello-di-buttrio\/\",\"url\":\"https:\/\/vinopolis.mx\/producto\/merlot-riserva-uve-carate-2007-1-5-lt-castello-di-buttrio\/\",\"name\":\"Merlot Riserva \\\"Uve Carate\\\" - Vino Tinto Reserva - Castello Di Buttrio\",\"isPartOf\":{\"@id\":\"https:\/\/vinopolis.mx\/#website\"},\"primaryImageOfPage\":{\"@id\":\"https:\/\/vinopolis.mx\/producto\/merlot-riserva-uve-carate-2007-1-5-lt-castello-di-buttrio\/#primaryimage\"},\"image\":{\"@id\":\"https:\/\/vinopolis.mx\/producto\/merlot-riserva-uve-carate-2007-1-5-lt-castello-di-buttrio\/#primaryimage\"},\"thumbnailUrl\":\"https:\/\/vinopolis.mx\/wp-content\/uploads\/2023\/10\/UVECARATE-1.png\",\"datePublished\":\"2023-10-09T20:13:21+00:00\",\"dateModified\":\"2026-03-30T21:58:44+00:00\",\"description\":\"Merlot Riserva \\\"Uve Carate\\\" - Vino Tinto Reserva - Castello Di Buttrio - Vinopolis Intrepid Wine - Vinos Italianos - Env\u00edos a todo M\u00e9xico\",\"breadcrumb\":{\"@id\":\"https:\/\/vinopolis.mx\/producto\/merlot-riserva-uve-carate-2007-1-5-lt-castello-di-buttrio\/#breadcrumb\"},\"inLanguage\":\"en-US\",\"potentialAction\":[{\"@type\":\"ReadAction\",\"target\":[\"https:\/\/vinopolis.mx\/producto\/merlot-riserva-uve-carate-2007-1-5-lt-castello-di-buttrio\/\"]}]},{\"@type\":\"ImageObject\",\"inLanguage\":\"en-US\",\"@id\":\"https:\/\/vinopolis.mx\/producto\/merlot-riserva-uve-carate-2007-1-5-lt-castello-di-buttrio\/#primaryimage\",\"url\":\"https:\/\/vinopolis.mx\/wp-content\/uploads\/2023\/10\/UVECARATE-1.png\",\"contentUrl\":\"https:\/\/vinopolis.mx\/wp-content\/uploads\/2023\/10\/UVECARATE-1.png\",\"width\":400,\"height\":608},{\"@type\":\"BreadcrumbList\",\"@id\":\"https:\/\/vinopolis.mx\/producto\/merlot-riserva-uve-carate-2007-1-5-lt-castello-di-buttrio\/#breadcrumb\",\"itemListElement\":[{\"@type\":\"ListItem\",\"position\":1,\"name\":\"Inicio\",\"item\":\"https:\/\/vinopolis.mx\/\"},{\"@type\":\"ListItem\",\"position\":2,\"name\":\"Shop\",\"item\":\"https:\/\/vinopolis.mx\/shop\/\"},{\"@type\":\"ListItem\",\"position\":3,\"name\":\"Merlot Riserva &#8220;Uve Carate&#8221; 2007 1.5 LT\"}]},{\"@type\":\"WebSite\",\"@id\":\"https:\/\/vinopolis.mx\/#website\",\"url\":\"https:\/\/vinopolis.mx\/\",\"name\":\"Vinopolis\",\"description\":\"Intrepid Wines Collection\",\"publisher\":{\"@id\":\"https:\/\/vinopolis.mx\/#organization\"},\"potentialAction\":[{\"@type\":\"SearchAction\",\"target\":{\"@type\":\"EntryPoint\",\"urlTemplate\":\"https:\/\/vinopolis.mx\/?s={search_term_string}\"},\"query-input\":{\"@type\":\"PropertyValueSpecification\",\"valueRequired\":true,\"valueName\":\"search_term_string\"}}],\"inLanguage\":\"en-US\"},{\"@type\":\"Organization\",\"@id\":\"https:\/\/vinopolis.mx\/#organization\",\"name\":\"Vinopolis\",\"url\":\"https:\/\/vinopolis.mx\/\",\"logo\":{\"@type\":\"ImageObject\",\"inLanguage\":\"en-US\",\"@id\":\"https:\/\/vinopolis.mx\/#\/schema\/logo\/image\/\",\"url\":\"https:\/\/vinopolis.mx\/wp-content\/uploads\/2025\/08\/vinopolis_logo-25.png\",\"contentUrl\":\"https:\/\/vinopolis.mx\/wp-content\/uploads\/2025\/08\/vinopolis_logo-25.png\",\"width\":1835,\"height\":281,\"caption\":\"Vinopolis\"},\"image\":{\"@id\":\"https:\/\/vinopolis.mx\/#\/schema\/logo\/image\/\"}}]}<\/script>\n<!-- \/ Yoast SEO plugin. -->","yoast_head_json":{"title":"Merlot Riserva \"Uve Carate\" - Vino Tinto Reserva - Castello Di Buttrio","description":"Merlot Riserva \"Uve Carate\" - Vino Tinto Reserva - Castello Di Buttrio - Vinopolis Intrepid Wine - Vinos Italianos - Env\u00edos a todo M\u00e9xico","robots":{"index":"index","follow":"follow","max-snippet":"max-snippet:-1","max-image-preview":"max-image-preview:large","max-video-preview":"max-video-preview:-1"},"canonical":"https:\/\/vinopolis.mx\/en\/product\/merlot-riserva-uve-carate-2007-1-5-lt-castello-di-buttrio\/","og_locale":"en_US","og_type":"article","og_title":"Merlot Riserva \"Uve Carate\" - Vino Tinto Reserva - Castello Di Buttrio","og_description":"Merlot Riserva \"Uve Carate\" - Vino Tinto Reserva - Castello Di Buttrio - Vinopolis Intrepid Wine - Vinos Italianos - Env\u00edos a todo M\u00e9xico","og_url":"https:\/\/vinopolis.mx\/en\/product\/merlot-riserva-uve-carate-2007-1-5-lt-castello-di-buttrio\/","og_site_name":"Vinopolis","article_modified_time":"2026-03-30T21:58:44+00:00","og_image":[{"width":400,"height":608,"url":"https:\/\/vinopolis.mx\/wp-content\/uploads\/2023\/10\/UVECARATE-1.png","type":"image\/png"}],"twitter_card":"summary_large_image","twitter_misc":{"Est. reading time":"2 minutes"},"schema":{"@context":"https:\/\/schema.org","@graph":[{"@type":"WebPage","@id":"https:\/\/vinopolis.mx\/producto\/merlot-riserva-uve-carate-2007-1-5-lt-castello-di-buttrio\/","url":"https:\/\/vinopolis.mx\/producto\/merlot-riserva-uve-carate-2007-1-5-lt-castello-di-buttrio\/","name":"Merlot Riserva \"Uve Carate\" - Vino Tinto Reserva - Castello Di Buttrio","isPartOf":{"@id":"https:\/\/vinopolis.mx\/#website"},"primaryImageOfPage":{"@id":"https:\/\/vinopolis.mx\/producto\/merlot-riserva-uve-carate-2007-1-5-lt-castello-di-buttrio\/#primaryimage"},"image":{"@id":"https:\/\/vinopolis.mx\/producto\/merlot-riserva-uve-carate-2007-1-5-lt-castello-di-buttrio\/#primaryimage"},"thumbnailUrl":"https:\/\/vinopolis.mx\/wp-content\/uploads\/2023\/10\/UVECARATE-1.png","datePublished":"2023-10-09T20:13:21+00:00","dateModified":"2026-03-30T21:58:44+00:00","description":"Merlot Riserva \"Uve Carate\" - Vino Tinto Reserva - Castello Di Buttrio - Vinopolis Intrepid Wine - Vinos Italianos - Env\u00edos a todo M\u00e9xico","breadcrumb":{"@id":"https:\/\/vinopolis.mx\/producto\/merlot-riserva-uve-carate-2007-1-5-lt-castello-di-buttrio\/#breadcrumb"},"inLanguage":"en-US","potentialAction":[{"@type":"ReadAction","target":["https:\/\/vinopolis.mx\/producto\/merlot-riserva-uve-carate-2007-1-5-lt-castello-di-buttrio\/"]}]},{"@type":"ImageObject","inLanguage":"en-US","@id":"https:\/\/vinopolis.mx\/producto\/merlot-riserva-uve-carate-2007-1-5-lt-castello-di-buttrio\/#primaryimage","url":"https:\/\/vinopolis.mx\/wp-content\/uploads\/2023\/10\/UVECARATE-1.png","contentUrl":"https:\/\/vinopolis.mx\/wp-content\/uploads\/2023\/10\/UVECARATE-1.png","width":400,"height":608},{"@type":"BreadcrumbList","@id":"https:\/\/vinopolis.mx\/producto\/merlot-riserva-uve-carate-2007-1-5-lt-castello-di-buttrio\/#breadcrumb","itemListElement":[{"@type":"ListItem","position":1,"name":"Inicio","item":"https:\/\/vinopolis.mx\/"},{"@type":"ListItem","position":2,"name":"Shop","item":"https:\/\/vinopolis.mx\/shop\/"},{"@type":"ListItem","position":3,"name":"Merlot Riserva &#8220;Uve Carate&#8221; 2007 1.5 LT"}]},{"@type":"WebSite","@id":"https:\/\/vinopolis.mx\/#website","url":"https:\/\/vinopolis.mx\/","name":"Vinopolis","description":"Intrepid Wines Collection","publisher":{"@id":"https:\/\/vinopolis.mx\/#organization"},"potentialAction":[{"@type":"SearchAction","target":{"@type":"EntryPoint","urlTemplate":"https:\/\/vinopolis.mx\/?s={search_term_string}"},"query-input":{"@type":"PropertyValueSpecification","valueRequired":true,"valueName":"search_term_string"}}],"inLanguage":"en-US"},{"@type":"Organization","@id":"https:\/\/vinopolis.mx\/#organization","name":"Vinopolis","url":"https:\/\/vinopolis.mx\/","logo":{"@type":"ImageObject","inLanguage":"en-US","@id":"https:\/\/vinopolis.mx\/#\/schema\/logo\/image\/","url":"https:\/\/vinopolis.mx\/wp-content\/uploads\/2025\/08\/vinopolis_logo-25.png","contentUrl":"https:\/\/vinopolis.mx\/wp-content\/uploads\/2025\/08\/vinopolis_logo-25.png","width":1835,"height":281,"caption":"Vinopolis"},"image":{"@id":"https:\/\/vinopolis.mx\/#\/schema\/logo\/image\/"}}]}},"_links":{"self":[{"href":"https:\/\/vinopolis.mx\/en\/wp-json\/wp\/v2\/product\/1883","targetHints":{"allow":["GET"]}}],"collection":[{"href":"https:\/\/vinopolis.mx\/en\/wp-json\/wp\/v2\/product"}],"about":[{"href":"https:\/\/vinopolis.mx\/en\/wp-json\/wp\/v2\/types\/product"}],"version-history":[{"count":5,"href":"https:\/\/vinopolis.mx\/en\/wp-json\/wp\/v2\/product\/1883\/revisions"}],"predecessor-version":[{"id":22583,"href":"https:\/\/vinopolis.mx\/en\/wp-json\/wp\/v2\/product\/1883\/revisions\/22583"}],"wp:featuredmedia":[{"embeddable":true,"href":"https:\/\/vinopolis.mx\/en\/wp-json\/wp\/v2\/media\/1942"}],"wp:attachment":[{"href":"https:\/\/vinopolis.mx\/en\/wp-json\/wp\/v2\/media?parent=1883"}],"wp:term":[{"taxonomy":"product_brand","embeddable":true,"href":"https:\/\/vinopolis.mx\/en\/wp-json\/wp\/v2\/product_brand?post=1883"},{"taxonomy":"product_cat","embeddable":true,"href":"https:\/\/vinopolis.mx\/en\/wp-json\/wp\/v2\/product_cat?post=1883"},{"taxonomy":"product_tag","embeddable":true,"href":"https:\/\/vinopolis.mx\/en\/wp-json\/wp\/v2\/product_tag?post=1883"}],"curies":[{"name":"wp","href":"https:\/\/api.w.org\/{rel}","templated":true}]}}