{"id":1653,"date":"2023-10-09T20:11:33","date_gmt":"2023-10-09T20:11:33","guid":{"rendered":"https:\/\/vinopolis.mx\/?post_type=product&#038;p=1653"},"modified":"2026-03-30T16:58:21","modified_gmt":"2026-03-30T21:58:21","slug":"barolo-bussia-2004-750-ml","status":"publish","type":"product","link":"https:\/\/vinopolis.mx\/en\/product\/barolo-bussia-2004-750-ml\/","title":{"rendered":"BAROLO &#8220;BUSSIA&#8221; 2004"},"content":{"rendered":"<ul>\n<li><strong>Bodega:<\/strong> Parusso.<br \/>\n<strong>Tipolog\u00eda:<\/strong> Vino tinto.<br \/>\n<strong>Variedad:<\/strong>\u00a0 Nebbiolo 100%<br \/>\n<strong>Ubicaci\u00f3n y altitud del vi\u00f1edo:<\/strong> Monforte d&#8217;Alba, 280\/300 metros sobre el nivel del mar.<br \/>\n<strong>Superficie del vi\u00f1edo:<\/strong> 25 hect\u00e1reas.<br \/>\n<strong>Edad de las vides:<\/strong> 15-50 a\u00f1os.<br \/>\n<strong>Pr\u00e1cticas agr\u00edcolas:<\/strong> Biodin\u00e1micas.<br \/>\n<strong>Tipo de levadura:<\/strong> Aut\u00f3ctona.<br \/>\n<strong>Vinification:<\/strong> Tras un prensado suave, la uva se somete a una larga maceraci\u00f3n. La fermentaci\u00f3n alcoh\u00f3lica se inicia espont\u00e1neamente con sus levaduras aut\u00f3ctonas, sin utilizar sulfitos.<br \/>\n<strong>Envejecimiento:<\/strong> En peque\u00f1as barricas de roble durante un m\u00ednimo de 18 meses en contacto con sus levaduras aut\u00f3ctonas, en botella durante casi 6 meses, en botella a una temperatura controlada de 15 \u00b0C.<\/li>\n<\/ul>","protected":false},"excerpt":{"rendered":"<ul>\n<li><strong>Winery:\u00a0<\/strong>Parusso<\/li>\n<li><strong>Typology:\u00a0<\/strong>Red Wine<br \/>\n<strong>Variety:\u00a0<\/strong>100% Nebbiolo<br \/>\n<strong>Location and altitude of the vineyard: <\/strong>Monforte d\u2019Alba, 280\/300 meters above sea level.<br \/>\n<strong>Vineyard area: <\/strong>25 hectare<\/li>\n<li><strong>Age of vines:<\/strong> 15-50 years.<\/li>\n<li><strong>Agricultural practices:<\/strong> Biodynamic<br \/>\n<strong>Yeast type:<\/strong> Indigenous.<\/li>\n<li><strong>Vinification: <\/strong>After a soft pressing the grape occurs a long maceration. The alcoholic fermentation starts spontaneously with its indigenous yeasts without using sulfites.<br \/>\n<strong>Aging:<\/strong> In small oak barrels for minimum 18 months in contact with its indigenous yeasts, in bottle for almost 6 months, in bottle at controlled temperature of 15\u00b0C.<\/li>\n<\/ul>\n<p><a class=\"btn_ficha\" href=\"https:\/\/vinopolis.mx\/wp-content\/uploads\/2024\/01\/Parusso_Barolo-Bussia_EN.pdf\" target=\"_blank\" rel=\"noopener\">See technical sheet<\/a><\/p>","protected":false},"featured_media":12726,"template":"","meta":{"site-sidebar-layout":"default","site-content-layout":"","ast-site-content-layout":"default","site-content-style":"default","site-sidebar-style":"default","ast-global-header-display":"","ast-banner-title-visibility":"","ast-main-header-display":"","ast-hfb-above-header-display":"","ast-hfb-below-header-display":"","ast-hfb-mobile-header-display":"","site-post-title":"","ast-breadcrumbs-content":"","ast-featured-img":"","footer-sml-layout":"","theme-transparent-header-meta":"default","adv-header-id-meta":"","stick-header-meta":"","header-above-stick-meta":"","header-main-stick-meta":"","header-below-stick-meta":"","astra-migrate-meta-layouts":"set","ast-page-background-enabled":"default","ast-page-background-meta":{"desktop":{"background-color":"","background-image":"","background-repeat":"repeat","background-position":"center center","background-size":"auto","background-attachment":"scroll","background-type":"","background-media":"","overlay-type":"","overlay-color":"","overlay-opacity":"","overlay-gradient":""},"tablet":{"background-color":"","background-image":"","background-repeat":"repeat","background-position":"center center","background-size":"auto","background-attachment":"scroll","background-type":"","background-media":"","overlay-type":"","overlay-color":"","overlay-opacity":"","overlay-gradient":""},"mobile":{"background-color":"","background-image":"","background-repeat":"repeat","background-position":"center center","background-size":"auto","background-attachment":"scroll","background-type":"","background-media":"","overlay-type":"","overlay-color":"","overlay-opacity":"","overlay-gradient":""}},"ast-content-background-meta":{"desktop":{"background-color":"var(--ast-global-color-5)","background-image":"","background-repeat":"repeat","background-position":"center center","background-size":"auto","background-attachment":"scroll","background-type":"","background-media":"","overlay-type":"","overlay-color":"","overlay-opacity":"","overlay-gradient":""},"tablet":{"background-color":"var(--ast-global-color-5)","background-image":"","background-repeat":"repeat","background-position":"center center","background-size":"auto","background-attachment":"scroll","background-type":"","background-media":"","overlay-type":"","overlay-color":"","overlay-opacity":"","overlay-gradient":""},"mobile":{"background-color":"var(--ast-global-color-5)","background-image":"","background-repeat":"repeat","background-position":"center center","background-size":"auto","background-attachment":"scroll","background-type":"","background-media":"","overlay-type":"","overlay-color":"","overlay-opacity":"","overlay-gradient":""}},"_joinchat":[]},"product_brand":[],"product_cat":[2195,2210,1805,1817,1467,1985,1674,2159,1512,1847],"product_tag":[291,292,300,353,360,454,465,469,499,767,799,800],"class_list":{"0":"post-1653","1":"product","2":"type-product","3":"status-publish","4":"has-post-thumbnail","6":"product_cat-italia","7":"product_cat-piemonte","8":"product_cat-viticultura-biodinamica","9":"product_cat-gran-reserva","10":"product_cat-tinto","11":"product_cat-de-2000-a-30000","12":"product_cat-botella-750-ml","13":"product_cat-viejas-vinas","14":"product_cat-parusso","15":"product_cat-barolo-bussia-docg","16":"product_tag-piemonte","17":"product_tag-uvamonovarietal","18":"product_tag-confeccion6","19":"product_tag-organico","20":"product_tag-360","21":"product_tag-750-ml","22":"product_tag-gran-reserva","23":"product_tag-vino-tinto","24":"product_tag-uvanebbiolo","25":"product_tag-14-5","26":"product_tag-barolo-docg","27":"product_tag-parusso","28":"desktop-align-center","29":"tablet-align-center","30":"mobile-align-center","31":"ast-product-gallery-layout-horizontal-slider","32":"ast-product-gallery-with-no-image","33":"ast-product-tabs-layout-horizontal","34":"ast-qv-on-image","36":"first","37":"instock","38":"taxable","39":"shipping-taxable","40":"purchasable","41":"product-type-simple"},"yoast_head":"<!-- This site is optimized with the Yoast SEO plugin v26.3 - https:\/\/yoast.com\/wordpress\/plugins\/seo\/ -->\n<title>BAROLO &quot;BUSSIA&quot; 2004 - Vinopolis<\/title>\n<meta name=\"robots\" content=\"index, follow, max-snippet:-1, max-image-preview:large, max-video-preview:-1\" \/>\n<link rel=\"canonical\" href=\"https:\/\/vinopolis.mx\/en\/product\/barolo-bussia-2004-750-ml\/\" \/>\n<meta property=\"og:locale\" content=\"en_US\" \/>\n<meta property=\"og:type\" content=\"article\" \/>\n<meta property=\"og:title\" content=\"BAROLO &quot;BUSSIA&quot; 2004 - Vinopolis\" \/>\n<meta property=\"og:description\" content=\"Winery:\u00a0Parusso  Typology:\u00a0Red Wine Variety:\u00a0100% Nebbiolo Location and altitude of the vineyard: Monforte d\u2019Alba, 280\/300 meters above sea level. Vineyard area: 25 hectare  Age of vines: 15-50 years.  Agricultural practices: Biodynamic Yeast type: Indigenous.  Vinification: After a soft pressing the grape occurs a long maceration. The alcoholic fermentation starts spontaneously with its indigenous yeasts without using sulfites. Aging: In small oak barrels for minimum 18 months in contact with its indigenous yeasts, in bottle for almost 6 months, in bottle at controlled temperature of 15\u00b0C.  Ver ficha t\u00e9cnica\" \/>\n<meta property=\"og:url\" content=\"https:\/\/vinopolis.mx\/en\/product\/barolo-bussia-2004-750-ml\/\" \/>\n<meta property=\"og:site_name\" content=\"Vinopolis\" \/>\n<meta property=\"article:modified_time\" content=\"2026-03-30T21:58:21+00:00\" \/>\n<meta property=\"og:image\" content=\"https:\/\/vinopolis.mx\/wp-content\/uploads\/2023\/10\/Barolo-Bussia.png\" \/>\n\t<meta property=\"og:image:width\" content=\"400\" \/>\n\t<meta property=\"og:image:height\" content=\"608\" \/>\n\t<meta property=\"og:image:type\" content=\"image\/png\" \/>\n<meta name=\"twitter:card\" content=\"summary_large_image\" \/>\n<meta name=\"twitter:label1\" content=\"Est. reading time\" \/>\n\t<meta name=\"twitter:data1\" content=\"1 minute\" \/>\n<script type=\"application\/ld+json\" class=\"yoast-schema-graph\">{\"@context\":\"https:\/\/schema.org\",\"@graph\":[{\"@type\":\"WebPage\",\"@id\":\"https:\/\/vinopolis.mx\/producto\/barolo-bussia-2004-750-ml\/\",\"url\":\"https:\/\/vinopolis.mx\/producto\/barolo-bussia-2004-750-ml\/\",\"name\":\"BAROLO \\\"BUSSIA\\\" 2004 - Vinopolis\",\"isPartOf\":{\"@id\":\"https:\/\/vinopolis.mx\/#website\"},\"primaryImageOfPage\":{\"@id\":\"https:\/\/vinopolis.mx\/producto\/barolo-bussia-2004-750-ml\/#primaryimage\"},\"image\":{\"@id\":\"https:\/\/vinopolis.mx\/producto\/barolo-bussia-2004-750-ml\/#primaryimage\"},\"thumbnailUrl\":\"https:\/\/vinopolis.mx\/wp-content\/uploads\/2023\/10\/Barolo-Bussia.png\",\"datePublished\":\"2023-10-09T20:11:33+00:00\",\"dateModified\":\"2026-03-30T21:58:21+00:00\",\"breadcrumb\":{\"@id\":\"https:\/\/vinopolis.mx\/producto\/barolo-bussia-2004-750-ml\/#breadcrumb\"},\"inLanguage\":\"en-US\",\"potentialAction\":[{\"@type\":\"ReadAction\",\"target\":[\"https:\/\/vinopolis.mx\/producto\/barolo-bussia-2004-750-ml\/\"]}]},{\"@type\":\"ImageObject\",\"inLanguage\":\"en-US\",\"@id\":\"https:\/\/vinopolis.mx\/producto\/barolo-bussia-2004-750-ml\/#primaryimage\",\"url\":\"https:\/\/vinopolis.mx\/wp-content\/uploads\/2023\/10\/Barolo-Bussia.png\",\"contentUrl\":\"https:\/\/vinopolis.mx\/wp-content\/uploads\/2023\/10\/Barolo-Bussia.png\",\"width\":400,\"height\":608},{\"@type\":\"BreadcrumbList\",\"@id\":\"https:\/\/vinopolis.mx\/producto\/barolo-bussia-2004-750-ml\/#breadcrumb\",\"itemListElement\":[{\"@type\":\"ListItem\",\"position\":1,\"name\":\"Inicio\",\"item\":\"https:\/\/vinopolis.mx\/\"},{\"@type\":\"ListItem\",\"position\":2,\"name\":\"Shop\",\"item\":\"https:\/\/vinopolis.mx\/shop\/\"},{\"@type\":\"ListItem\",\"position\":3,\"name\":\"BAROLO &#8220;BUSSIA&#8221; 2004\"}]},{\"@type\":\"WebSite\",\"@id\":\"https:\/\/vinopolis.mx\/#website\",\"url\":\"https:\/\/vinopolis.mx\/\",\"name\":\"Vinopolis\",\"description\":\"Intrepid Wines Collection\",\"publisher\":{\"@id\":\"https:\/\/vinopolis.mx\/#organization\"},\"potentialAction\":[{\"@type\":\"SearchAction\",\"target\":{\"@type\":\"EntryPoint\",\"urlTemplate\":\"https:\/\/vinopolis.mx\/?s={search_term_string}\"},\"query-input\":{\"@type\":\"PropertyValueSpecification\",\"valueRequired\":true,\"valueName\":\"search_term_string\"}}],\"inLanguage\":\"en-US\"},{\"@type\":\"Organization\",\"@id\":\"https:\/\/vinopolis.mx\/#organization\",\"name\":\"Vinopolis\",\"url\":\"https:\/\/vinopolis.mx\/\",\"logo\":{\"@type\":\"ImageObject\",\"inLanguage\":\"en-US\",\"@id\":\"https:\/\/vinopolis.mx\/#\/schema\/logo\/image\/\",\"url\":\"https:\/\/vinopolis.mx\/wp-content\/uploads\/2025\/08\/vinopolis_logo-25.png\",\"contentUrl\":\"https:\/\/vinopolis.mx\/wp-content\/uploads\/2025\/08\/vinopolis_logo-25.png\",\"width\":1835,\"height\":281,\"caption\":\"Vinopolis\"},\"image\":{\"@id\":\"https:\/\/vinopolis.mx\/#\/schema\/logo\/image\/\"}}]}<\/script>\n<!-- \/ Yoast SEO plugin. -->","yoast_head_json":{"title":"BAROLO \"BUSSIA\" 2004 - Vinopolis","robots":{"index":"index","follow":"follow","max-snippet":"max-snippet:-1","max-image-preview":"max-image-preview:large","max-video-preview":"max-video-preview:-1"},"canonical":"https:\/\/vinopolis.mx\/en\/product\/barolo-bussia-2004-750-ml\/","og_locale":"en_US","og_type":"article","og_title":"BAROLO \"BUSSIA\" 2004 - Vinopolis","og_description":"Winery:\u00a0Parusso  Typology:\u00a0Red Wine Variety:\u00a0100% Nebbiolo Location and altitude of the vineyard: Monforte d\u2019Alba, 280\/300 meters above sea level. Vineyard area: 25 hectare  Age of vines: 15-50 years.  Agricultural practices: Biodynamic Yeast type: Indigenous.  Vinification: After a soft pressing the grape occurs a long maceration. The alcoholic fermentation starts spontaneously with its indigenous yeasts without using sulfites. Aging: In small oak barrels for minimum 18 months in contact with its indigenous yeasts, in bottle for almost 6 months, in bottle at controlled temperature of 15\u00b0C.  Ver ficha t\u00e9cnica","og_url":"https:\/\/vinopolis.mx\/en\/product\/barolo-bussia-2004-750-ml\/","og_site_name":"Vinopolis","article_modified_time":"2026-03-30T21:58:21+00:00","og_image":[{"width":400,"height":608,"url":"https:\/\/vinopolis.mx\/wp-content\/uploads\/2023\/10\/Barolo-Bussia.png","type":"image\/png"}],"twitter_card":"summary_large_image","twitter_misc":{"Est. reading time":"1 minute"},"schema":{"@context":"https:\/\/schema.org","@graph":[{"@type":"WebPage","@id":"https:\/\/vinopolis.mx\/producto\/barolo-bussia-2004-750-ml\/","url":"https:\/\/vinopolis.mx\/producto\/barolo-bussia-2004-750-ml\/","name":"BAROLO \"BUSSIA\" 2004 - Vinopolis","isPartOf":{"@id":"https:\/\/vinopolis.mx\/#website"},"primaryImageOfPage":{"@id":"https:\/\/vinopolis.mx\/producto\/barolo-bussia-2004-750-ml\/#primaryimage"},"image":{"@id":"https:\/\/vinopolis.mx\/producto\/barolo-bussia-2004-750-ml\/#primaryimage"},"thumbnailUrl":"https:\/\/vinopolis.mx\/wp-content\/uploads\/2023\/10\/Barolo-Bussia.png","datePublished":"2023-10-09T20:11:33+00:00","dateModified":"2026-03-30T21:58:21+00:00","breadcrumb":{"@id":"https:\/\/vinopolis.mx\/producto\/barolo-bussia-2004-750-ml\/#breadcrumb"},"inLanguage":"en-US","potentialAction":[{"@type":"ReadAction","target":["https:\/\/vinopolis.mx\/producto\/barolo-bussia-2004-750-ml\/"]}]},{"@type":"ImageObject","inLanguage":"en-US","@id":"https:\/\/vinopolis.mx\/producto\/barolo-bussia-2004-750-ml\/#primaryimage","url":"https:\/\/vinopolis.mx\/wp-content\/uploads\/2023\/10\/Barolo-Bussia.png","contentUrl":"https:\/\/vinopolis.mx\/wp-content\/uploads\/2023\/10\/Barolo-Bussia.png","width":400,"height":608},{"@type":"BreadcrumbList","@id":"https:\/\/vinopolis.mx\/producto\/barolo-bussia-2004-750-ml\/#breadcrumb","itemListElement":[{"@type":"ListItem","position":1,"name":"Inicio","item":"https:\/\/vinopolis.mx\/"},{"@type":"ListItem","position":2,"name":"Shop","item":"https:\/\/vinopolis.mx\/shop\/"},{"@type":"ListItem","position":3,"name":"BAROLO &#8220;BUSSIA&#8221; 2004"}]},{"@type":"WebSite","@id":"https:\/\/vinopolis.mx\/#website","url":"https:\/\/vinopolis.mx\/","name":"Vinopolis","description":"Intrepid Wines Collection","publisher":{"@id":"https:\/\/vinopolis.mx\/#organization"},"potentialAction":[{"@type":"SearchAction","target":{"@type":"EntryPoint","urlTemplate":"https:\/\/vinopolis.mx\/?s={search_term_string}"},"query-input":{"@type":"PropertyValueSpecification","valueRequired":true,"valueName":"search_term_string"}}],"inLanguage":"en-US"},{"@type":"Organization","@id":"https:\/\/vinopolis.mx\/#organization","name":"Vinopolis","url":"https:\/\/vinopolis.mx\/","logo":{"@type":"ImageObject","inLanguage":"en-US","@id":"https:\/\/vinopolis.mx\/#\/schema\/logo\/image\/","url":"https:\/\/vinopolis.mx\/wp-content\/uploads\/2025\/08\/vinopolis_logo-25.png","contentUrl":"https:\/\/vinopolis.mx\/wp-content\/uploads\/2025\/08\/vinopolis_logo-25.png","width":1835,"height":281,"caption":"Vinopolis"},"image":{"@id":"https:\/\/vinopolis.mx\/#\/schema\/logo\/image\/"}}]}},"_links":{"self":[{"href":"https:\/\/vinopolis.mx\/en\/wp-json\/wp\/v2\/product\/1653","targetHints":{"allow":["GET"]}}],"collection":[{"href":"https:\/\/vinopolis.mx\/en\/wp-json\/wp\/v2\/product"}],"about":[{"href":"https:\/\/vinopolis.mx\/en\/wp-json\/wp\/v2\/types\/product"}],"version-history":[{"count":9,"href":"https:\/\/vinopolis.mx\/en\/wp-json\/wp\/v2\/product\/1653\/revisions"}],"predecessor-version":[{"id":23107,"href":"https:\/\/vinopolis.mx\/en\/wp-json\/wp\/v2\/product\/1653\/revisions\/23107"}],"wp:featuredmedia":[{"embeddable":true,"href":"https:\/\/vinopolis.mx\/en\/wp-json\/wp\/v2\/media\/12726"}],"wp:attachment":[{"href":"https:\/\/vinopolis.mx\/en\/wp-json\/wp\/v2\/media?parent=1653"}],"wp:term":[{"taxonomy":"product_brand","embeddable":true,"href":"https:\/\/vinopolis.mx\/en\/wp-json\/wp\/v2\/product_brand?post=1653"},{"taxonomy":"product_cat","embeddable":true,"href":"https:\/\/vinopolis.mx\/en\/wp-json\/wp\/v2\/product_cat?post=1653"},{"taxonomy":"product_tag","embeddable":true,"href":"https:\/\/vinopolis.mx\/en\/wp-json\/wp\/v2\/product_tag?post=1653"}],"curies":[{"name":"wp","href":"https:\/\/api.w.org\/{rel}","templated":true}]}}