{"id":16271,"date":"2025-02-28T15:12:11","date_gmt":"2025-02-28T20:12:11","guid":{"rendered":"https:\/\/vinopolis.mx\/?post_type=product&#038;p=16271"},"modified":"2026-03-30T17:01:13","modified_gmt":"2026-03-30T22:01:13","slug":"proximamente-io-rose-2023","status":"publish","type":"product","link":"https:\/\/vinopolis.mx\/en\/product\/proximamente-io-rose-2023\/","title":{"rendered":"Xinomavro &#8220;I\u00d3 Ros\u00e9&#8221; 2024"},"content":{"rendered":"<p>TSILILIS TERRES<\/p>","protected":false},"excerpt":{"rendered":"<ul>\n<li><strong>Bodega:<\/strong> Tsililis Terres.<br \/>\n<strong>Tipolog\u00eda:<\/strong> Vino rosado.<br \/>\n<strong>Variedad:<\/strong> Xinomavro 90 %, Limniona 5 %, Syrah 5 %.<br \/>\n<strong>Ubicaci\u00f3n y altitud del vi\u00f1edo:<\/strong> Vi\u00f1edos seleccionados de bajo rendimiento en las colinas de Tesalia. Clima continental con inviernos lluviosos y fr\u00edos y veranos soleados, calurosos y secos. Gran amplitud t\u00e9rmica diaria durante la primavera y el verano.<br \/>\n<strong>Superficie del vi\u00f1edo:<\/strong> hect\u00e1reas.<br \/>\n<strong>Pr\u00e1cticas agr\u00edcolas:<\/strong> org\u00e1nicas, regenerativas.<br \/>\n<strong>Tipo de levadura:<\/strong> aut\u00f3ctona.<br \/>\n<strong>Vinification:<\/strong> uvas recogidas a mano. Cofermentaci\u00f3n de todas las variedades; tras una maceraci\u00f3n de 4 horas, fermentaci\u00f3n alcoh\u00f3lica con levaduras silvestres en dep\u00f3sitos de acero inoxidable.<\/li>\n<li><strong>Crianza<\/strong>: sur lie durante 3 meses, ligera filtraci\u00f3n y adici\u00f3n m\u00ednima de sulfitos antes del embotellado.<\/li>\n<li>\n<p style=\"font-weight: 400;\"><strong style=\"font-size: 16px;\">Clarificaci\u00f3n:<\/strong><span style=\"font-size: 16px;\"> sin clarificar.<\/span><\/p>\n<p><strong>Filtraci\u00f3n:<\/strong> sin filtrar.<br \/>\n<strong>Sulfitos:<\/strong> 16 mg\/l de sulfitos libres, 60 mg\/l de sulfitos totales.<\/li>\n<\/ul>\n<p><a class=\"btn_ficha\" href=\"https:\/\/vinopolis.mx\/wp-content\/uploads\/2025\/03\/INFO-SHEET-IO-Rose-2023.pdf\" target=\"_blank\" rel=\"noopener\">See technical sheet<\/a><\/p>","protected":false},"featured_media":16283,"template":"","meta":{"site-sidebar-layout":"default","site-content-layout":"","ast-site-content-layout":"default","site-content-style":"default","site-sidebar-style":"default","ast-global-header-display":"","ast-banner-title-visibility":"","ast-main-header-display":"","ast-hfb-above-header-display":"","ast-hfb-below-header-display":"","ast-hfb-mobile-header-display":"","site-post-title":"","ast-breadcrumbs-content":"","ast-featured-img":"","footer-sml-layout":"","theme-transparent-header-meta":"default","adv-header-id-meta":"","stick-header-meta":"","header-above-stick-meta":"","header-main-stick-meta":"","header-below-stick-meta":"","astra-migrate-meta-layouts":"set","ast-page-background-enabled":"default","ast-page-background-meta":{"desktop":{"background-color":"","background-image":"","background-repeat":"repeat","background-position":"center center","background-size":"auto","background-attachment":"scroll","background-type":"","background-media":"","overlay-type":"","overlay-color":"","overlay-opacity":"","overlay-gradient":""},"tablet":{"background-color":"","background-image":"","background-repeat":"repeat","background-position":"center center","background-size":"auto","background-attachment":"scroll","background-type":"","background-media":"","overlay-type":"","overlay-color":"","overlay-opacity":"","overlay-gradient":""},"mobile":{"background-color":"","background-image":"","background-repeat":"repeat","background-position":"center center","background-size":"auto","background-attachment":"scroll","background-type":"","background-media":"","overlay-type":"","overlay-color":"","overlay-opacity":"","overlay-gradient":""}},"ast-content-background-meta":{"desktop":{"background-color":"var(--ast-global-color-5)","background-image":"","background-repeat":"repeat","background-position":"center center","background-size":"auto","background-attachment":"scroll","background-type":"","background-media":"","overlay-type":"","overlay-color":"","overlay-opacity":"","overlay-gradient":""},"tablet":{"background-color":"var(--ast-global-color-5)","background-image":"","background-repeat":"repeat","background-position":"center center","background-size":"auto","background-attachment":"scroll","background-type":"","background-media":"","overlay-type":"","overlay-color":"","overlay-opacity":"","overlay-gradient":""},"mobile":{"background-color":"var(--ast-global-color-5)","background-image":"","background-repeat":"repeat","background-position":"center center","background-size":"auto","background-attachment":"scroll","background-type":"","background-media":"","overlay-type":"","overlay-color":"","overlay-opacity":"","overlay-gradient":""}},"_joinchat":[]},"product_brand":[],"product_cat":[2204,2242,1981,1815,1809,1466,1674,2105,1986,2146],"product_tag":[288,1081,2117,2137,2145,2149],"class_list":{"0":"post-16271","1":"product","2":"type-product","3":"status-publish","4":"has-post-thumbnail","6":"product_cat-grecia","7":"product_cat-grecia-central","8":"product_cat-de-400-a-699","9":"product_cat-seleccion","10":"product_cat-natural-viticultura-y-tecnica","11":"product_cat-rosado","12":"product_cat-botella-750-ml","13":"product_cat-syrah","14":"product_cat-uva","15":"product_cat-tsililis-terres","16":"product_tag-12-5","17":"product_tag-vino-rosado","18":"product_tag-grecia","19":"product_tag-natural","20":"product_tag-tsililis-terres","21":"product_tag-crianza","22":"desktop-align-center","23":"tablet-align-center","24":"mobile-align-center","25":"ast-product-gallery-layout-horizontal-slider","26":"ast-product-gallery-with-no-image","27":"ast-product-tabs-layout-horizontal","28":"ast-qv-on-image","30":"first","31":"instock","32":"taxable","33":"shipping-taxable","34":"purchasable","35":"product-type-simple"},"yoast_head":"<!-- This site is optimized with the Yoast SEO plugin v26.3 - https:\/\/yoast.com\/wordpress\/plugins\/seo\/ -->\n<title>Xinomavro &quot;I\u00d3 Ros\u00e9&quot; 2024 - Vinopolis<\/title>\n<meta name=\"description\" content=\"Grecia - Thessaloniki - Uva: Mavrotragano, Xinomavro, Syrah - Biodin\u00e1mico - Natural - Vino Tinto - Env\u00edos a todo M\u00e9xico - Vinopolis\" \/>\n<meta name=\"robots\" content=\"index, follow, max-snippet:-1, max-image-preview:large, max-video-preview:-1\" \/>\n<link rel=\"canonical\" href=\"https:\/\/vinopolis.mx\/en\/product\/proximamente-io-rose-2023\/\" \/>\n<meta property=\"og:locale\" content=\"en_US\" \/>\n<meta property=\"og:type\" content=\"article\" \/>\n<meta property=\"og:title\" content=\"Xinomavro &quot;I\u00d3 Ros\u00e9&quot; 2024 - Vinopolis\" \/>\n<meta property=\"og:description\" content=\"Grecia - Thessaloniki - Uva: Mavrotragano, Xinomavro, Syrah - Biodin\u00e1mico - Natural - Vino Tinto - Env\u00edos a todo M\u00e9xico - Vinopolis\" \/>\n<meta property=\"og:url\" content=\"https:\/\/vinopolis.mx\/en\/product\/proximamente-io-rose-2023\/\" \/>\n<meta property=\"og:site_name\" content=\"Vinopolis\" \/>\n<meta property=\"article:modified_time\" content=\"2026-03-30T22:01:13+00:00\" \/>\n<meta property=\"og:image\" content=\"https:\/\/vinopolis.mx\/wp-content\/uploads\/2025\/02\/IO-ROSE.png\" \/>\n\t<meta property=\"og:image:width\" content=\"400\" \/>\n\t<meta property=\"og:image:height\" content=\"608\" \/>\n\t<meta property=\"og:image:type\" content=\"image\/png\" \/>\n<meta name=\"twitter:card\" content=\"summary_large_image\" \/>\n<meta name=\"twitter:label1\" content=\"Est. reading time\" \/>\n\t<meta name=\"twitter:data1\" content=\"1 minute\" \/>\n<script type=\"application\/ld+json\" class=\"yoast-schema-graph\">{\"@context\":\"https:\/\/schema.org\",\"@graph\":[{\"@type\":\"WebPage\",\"@id\":\"https:\/\/vinopolis.mx\/producto\/proximamente-io-rose-2023\/\",\"url\":\"https:\/\/vinopolis.mx\/producto\/proximamente-io-rose-2023\/\",\"name\":\"Xinomavro \\\"I\u00d3 Ros\u00e9\\\" 2024 - Vinopolis\",\"isPartOf\":{\"@id\":\"https:\/\/vinopolis.mx\/#website\"},\"primaryImageOfPage\":{\"@id\":\"https:\/\/vinopolis.mx\/producto\/proximamente-io-rose-2023\/#primaryimage\"},\"image\":{\"@id\":\"https:\/\/vinopolis.mx\/producto\/proximamente-io-rose-2023\/#primaryimage\"},\"thumbnailUrl\":\"https:\/\/vinopolis.mx\/wp-content\/uploads\/2025\/02\/IO-ROSE.png\",\"datePublished\":\"2025-02-28T20:12:11+00:00\",\"dateModified\":\"2026-03-30T22:01:13+00:00\",\"description\":\"Grecia - Thessaloniki - Uva: Mavrotragano, Xinomavro, Syrah - Biodin\u00e1mico - Natural - Vino Tinto - Env\u00edos a todo M\u00e9xico - Vinopolis\",\"breadcrumb\":{\"@id\":\"https:\/\/vinopolis.mx\/producto\/proximamente-io-rose-2023\/#breadcrumb\"},\"inLanguage\":\"en-US\",\"potentialAction\":[{\"@type\":\"ReadAction\",\"target\":[\"https:\/\/vinopolis.mx\/producto\/proximamente-io-rose-2023\/\"]}]},{\"@type\":\"ImageObject\",\"inLanguage\":\"en-US\",\"@id\":\"https:\/\/vinopolis.mx\/producto\/proximamente-io-rose-2023\/#primaryimage\",\"url\":\"https:\/\/vinopolis.mx\/wp-content\/uploads\/2025\/02\/IO-ROSE.png\",\"contentUrl\":\"https:\/\/vinopolis.mx\/wp-content\/uploads\/2025\/02\/IO-ROSE.png\",\"width\":400,\"height\":608},{\"@type\":\"BreadcrumbList\",\"@id\":\"https:\/\/vinopolis.mx\/producto\/proximamente-io-rose-2023\/#breadcrumb\",\"itemListElement\":[{\"@type\":\"ListItem\",\"position\":1,\"name\":\"Inicio\",\"item\":\"https:\/\/vinopolis.mx\/\"},{\"@type\":\"ListItem\",\"position\":2,\"name\":\"Shop\",\"item\":\"https:\/\/vinopolis.mx\/shop\/\"},{\"@type\":\"ListItem\",\"position\":3,\"name\":\"Xinomavro &#8220;I\u00d3 Ros\u00e9&#8221; 2024\"}]},{\"@type\":\"WebSite\",\"@id\":\"https:\/\/vinopolis.mx\/#website\",\"url\":\"https:\/\/vinopolis.mx\/\",\"name\":\"Vinopolis\",\"description\":\"Intrepid Wines Collection\",\"publisher\":{\"@id\":\"https:\/\/vinopolis.mx\/#organization\"},\"potentialAction\":[{\"@type\":\"SearchAction\",\"target\":{\"@type\":\"EntryPoint\",\"urlTemplate\":\"https:\/\/vinopolis.mx\/?s={search_term_string}\"},\"query-input\":{\"@type\":\"PropertyValueSpecification\",\"valueRequired\":true,\"valueName\":\"search_term_string\"}}],\"inLanguage\":\"en-US\"},{\"@type\":\"Organization\",\"@id\":\"https:\/\/vinopolis.mx\/#organization\",\"name\":\"Vinopolis\",\"url\":\"https:\/\/vinopolis.mx\/\",\"logo\":{\"@type\":\"ImageObject\",\"inLanguage\":\"en-US\",\"@id\":\"https:\/\/vinopolis.mx\/#\/schema\/logo\/image\/\",\"url\":\"https:\/\/vinopolis.mx\/wp-content\/uploads\/2025\/08\/vinopolis_logo-25.png\",\"contentUrl\":\"https:\/\/vinopolis.mx\/wp-content\/uploads\/2025\/08\/vinopolis_logo-25.png\",\"width\":1835,\"height\":281,\"caption\":\"Vinopolis\"},\"image\":{\"@id\":\"https:\/\/vinopolis.mx\/#\/schema\/logo\/image\/\"}}]}<\/script>\n<!-- \/ Yoast SEO plugin. -->","yoast_head_json":{"title":"Xinomavro \"I\u00d3 Ros\u00e9\" 2024 - Vinopolis","description":"Grecia - Thessaloniki - Uva: Mavrotragano, Xinomavro, Syrah - Biodin\u00e1mico - Natural - Vino Tinto - Env\u00edos a todo M\u00e9xico - Vinopolis","robots":{"index":"index","follow":"follow","max-snippet":"max-snippet:-1","max-image-preview":"max-image-preview:large","max-video-preview":"max-video-preview:-1"},"canonical":"https:\/\/vinopolis.mx\/en\/product\/proximamente-io-rose-2023\/","og_locale":"en_US","og_type":"article","og_title":"Xinomavro \"I\u00d3 Ros\u00e9\" 2024 - Vinopolis","og_description":"Grecia - Thessaloniki - Uva: Mavrotragano, Xinomavro, Syrah - Biodin\u00e1mico - Natural - Vino Tinto - Env\u00edos a todo M\u00e9xico - Vinopolis","og_url":"https:\/\/vinopolis.mx\/en\/product\/proximamente-io-rose-2023\/","og_site_name":"Vinopolis","article_modified_time":"2026-03-30T22:01:13+00:00","og_image":[{"width":400,"height":608,"url":"https:\/\/vinopolis.mx\/wp-content\/uploads\/2025\/02\/IO-ROSE.png","type":"image\/png"}],"twitter_card":"summary_large_image","twitter_misc":{"Est. reading time":"1 minute"},"schema":{"@context":"https:\/\/schema.org","@graph":[{"@type":"WebPage","@id":"https:\/\/vinopolis.mx\/producto\/proximamente-io-rose-2023\/","url":"https:\/\/vinopolis.mx\/producto\/proximamente-io-rose-2023\/","name":"Xinomavro \"I\u00d3 Ros\u00e9\" 2024 - Vinopolis","isPartOf":{"@id":"https:\/\/vinopolis.mx\/#website"},"primaryImageOfPage":{"@id":"https:\/\/vinopolis.mx\/producto\/proximamente-io-rose-2023\/#primaryimage"},"image":{"@id":"https:\/\/vinopolis.mx\/producto\/proximamente-io-rose-2023\/#primaryimage"},"thumbnailUrl":"https:\/\/vinopolis.mx\/wp-content\/uploads\/2025\/02\/IO-ROSE.png","datePublished":"2025-02-28T20:12:11+00:00","dateModified":"2026-03-30T22:01:13+00:00","description":"Grecia - Thessaloniki - Uva: Mavrotragano, Xinomavro, Syrah - Biodin\u00e1mico - Natural - Vino Tinto - Env\u00edos a todo M\u00e9xico - Vinopolis","breadcrumb":{"@id":"https:\/\/vinopolis.mx\/producto\/proximamente-io-rose-2023\/#breadcrumb"},"inLanguage":"en-US","potentialAction":[{"@type":"ReadAction","target":["https:\/\/vinopolis.mx\/producto\/proximamente-io-rose-2023\/"]}]},{"@type":"ImageObject","inLanguage":"en-US","@id":"https:\/\/vinopolis.mx\/producto\/proximamente-io-rose-2023\/#primaryimage","url":"https:\/\/vinopolis.mx\/wp-content\/uploads\/2025\/02\/IO-ROSE.png","contentUrl":"https:\/\/vinopolis.mx\/wp-content\/uploads\/2025\/02\/IO-ROSE.png","width":400,"height":608},{"@type":"BreadcrumbList","@id":"https:\/\/vinopolis.mx\/producto\/proximamente-io-rose-2023\/#breadcrumb","itemListElement":[{"@type":"ListItem","position":1,"name":"Inicio","item":"https:\/\/vinopolis.mx\/"},{"@type":"ListItem","position":2,"name":"Shop","item":"https:\/\/vinopolis.mx\/shop\/"},{"@type":"ListItem","position":3,"name":"Xinomavro &#8220;I\u00d3 Ros\u00e9&#8221; 2024"}]},{"@type":"WebSite","@id":"https:\/\/vinopolis.mx\/#website","url":"https:\/\/vinopolis.mx\/","name":"Vinopolis","description":"Intrepid Wines Collection","publisher":{"@id":"https:\/\/vinopolis.mx\/#organization"},"potentialAction":[{"@type":"SearchAction","target":{"@type":"EntryPoint","urlTemplate":"https:\/\/vinopolis.mx\/?s={search_term_string}"},"query-input":{"@type":"PropertyValueSpecification","valueRequired":true,"valueName":"search_term_string"}}],"inLanguage":"en-US"},{"@type":"Organization","@id":"https:\/\/vinopolis.mx\/#organization","name":"Vinopolis","url":"https:\/\/vinopolis.mx\/","logo":{"@type":"ImageObject","inLanguage":"en-US","@id":"https:\/\/vinopolis.mx\/#\/schema\/logo\/image\/","url":"https:\/\/vinopolis.mx\/wp-content\/uploads\/2025\/08\/vinopolis_logo-25.png","contentUrl":"https:\/\/vinopolis.mx\/wp-content\/uploads\/2025\/08\/vinopolis_logo-25.png","width":1835,"height":281,"caption":"Vinopolis"},"image":{"@id":"https:\/\/vinopolis.mx\/#\/schema\/logo\/image\/"}}]}},"_links":{"self":[{"href":"https:\/\/vinopolis.mx\/en\/wp-json\/wp\/v2\/product\/16271","targetHints":{"allow":["GET"]}}],"collection":[{"href":"https:\/\/vinopolis.mx\/en\/wp-json\/wp\/v2\/product"}],"about":[{"href":"https:\/\/vinopolis.mx\/en\/wp-json\/wp\/v2\/types\/product"}],"version-history":[{"count":8,"href":"https:\/\/vinopolis.mx\/en\/wp-json\/wp\/v2\/product\/16271\/revisions"}],"predecessor-version":[{"id":22729,"href":"https:\/\/vinopolis.mx\/en\/wp-json\/wp\/v2\/product\/16271\/revisions\/22729"}],"wp:featuredmedia":[{"embeddable":true,"href":"https:\/\/vinopolis.mx\/en\/wp-json\/wp\/v2\/media\/16283"}],"wp:attachment":[{"href":"https:\/\/vinopolis.mx\/en\/wp-json\/wp\/v2\/media?parent=16271"}],"wp:term":[{"taxonomy":"product_brand","embeddable":true,"href":"https:\/\/vinopolis.mx\/en\/wp-json\/wp\/v2\/product_brand?post=16271"},{"taxonomy":"product_cat","embeddable":true,"href":"https:\/\/vinopolis.mx\/en\/wp-json\/wp\/v2\/product_cat?post=16271"},{"taxonomy":"product_tag","embeddable":true,"href":"https:\/\/vinopolis.mx\/en\/wp-json\/wp\/v2\/product_tag?post=16271"}],"curies":[{"name":"wp","href":"https:\/\/api.w.org\/{rel}","templated":true}]}}