{"id":16210,"date":"2025-02-10T10:59:41","date_gmt":"2025-02-10T15:59:41","guid":{"rendered":"https:\/\/vinopolis.mx\/?post_type=product&#038;p=16210"},"modified":"2026-03-30T17:01:11","modified_gmt":"2026-03-30T22:01:11","slug":"edenia-luna-2021","status":"publish","type":"product","link":"https:\/\/vinopolis.mx\/en\/product\/edenia-luna-2021\/","title":{"rendered":"Limniona &#8220;Edenia Luna&#8221; 2021"},"content":{"rendered":"<p>TSILILIS TERRES<\/p>","protected":false},"excerpt":{"rendered":"<ul>\n<li><strong>Bodega:<\/strong> Tsililis Terres.<br \/>\n<strong>Tipolog\u00eda:<\/strong> Vino tinto.<br \/>\n<strong>Variedad:<\/strong>\u00a0 Limniona 100 %<br \/>\n<strong>Ubicaci\u00f3n y altitud del vi\u00f1edo:<\/strong> Vi\u00f1edo Avra. 300-320 m de altitud, 10 % de inclinaci\u00f3n.<br \/>\n<strong>Superficie del vi\u00f1edo:<\/strong> hect\u00e1rea.<br \/>\n<strong>Pr\u00e1cticas agr\u00edcolas:<\/strong> org\u00e1nicas, regenerativas.<br \/>\n<strong>Tipo de levadura:<\/strong> aut\u00f3ctona.<br \/>\n<strong>Vinification:<\/strong> Vino sin filtrar y de baja intervenci\u00f3n. Uvas recogidas a mano. Selecci\u00f3n de bayas, fermentaci\u00f3n alcoh\u00f3lica lenta con levaduras aut\u00f3ctonas.<br \/>\n<strong>Crianza:<\/strong> Maduraci\u00f3n en barricas de roble franc\u00e9s durante 12 meses, sin filtrar y con un m\u00ednimo de sulfitos a\u00f1adidos antes del embotellado.<br \/>\n<strong>Clarificaci\u00f3n:<\/strong> Sin clarificar.<br \/>\n<strong>Filtraci\u00f3n:<\/strong> Sin filtrar.<br \/>\n<strong>Sulfitos:<\/strong> 15 mg\/l de sulfitos libres, 60 mg\/l de sulfitos totales.<\/li>\n<\/ul>\n<p><a class=\"btn_ficha\" href=\"https:\/\/vinopolis.mx\/wp-content\/uploads\/2025\/02\/INFO-SHEET-EDENIA-Luna-2021.pdf\" target=\"_blank\" rel=\"noopener\">See technical sheet<\/a><\/p>","protected":false},"featured_media":16215,"template":"","meta":{"site-sidebar-layout":"default","site-content-layout":"","ast-site-content-layout":"default","site-content-style":"default","site-sidebar-style":"default","ast-global-header-display":"","ast-banner-title-visibility":"","ast-main-header-display":"","ast-hfb-above-header-display":"","ast-hfb-below-header-display":"","ast-hfb-mobile-header-display":"","site-post-title":"","ast-breadcrumbs-content":"","ast-featured-img":"","footer-sml-layout":"","theme-transparent-header-meta":"default","adv-header-id-meta":"","stick-header-meta":"","header-above-stick-meta":"","header-main-stick-meta":"","header-below-stick-meta":"","astra-migrate-meta-layouts":"set","ast-page-background-enabled":"default","ast-page-background-meta":{"desktop":{"background-color":"","background-image":"","background-repeat":"repeat","background-position":"center center","background-size":"auto","background-attachment":"scroll","background-type":"","background-media":"","overlay-type":"","overlay-color":"","overlay-opacity":"","overlay-gradient":""},"tablet":{"background-color":"","background-image":"","background-repeat":"repeat","background-position":"center center","background-size":"auto","background-attachment":"scroll","background-type":"","background-media":"","overlay-type":"","overlay-color":"","overlay-opacity":"","overlay-gradient":""},"mobile":{"background-color":"","background-image":"","background-repeat":"repeat","background-position":"center center","background-size":"auto","background-attachment":"scroll","background-type":"","background-media":"","overlay-type":"","overlay-color":"","overlay-opacity":"","overlay-gradient":""}},"ast-content-background-meta":{"desktop":{"background-color":"var(--ast-global-color-5)","background-image":"","background-repeat":"repeat","background-position":"center center","background-size":"auto","background-attachment":"scroll","background-type":"","background-media":"","overlay-type":"","overlay-color":"","overlay-opacity":"","overlay-gradient":""},"tablet":{"background-color":"var(--ast-global-color-5)","background-image":"","background-repeat":"repeat","background-position":"center center","background-size":"auto","background-attachment":"scroll","background-type":"","background-media":"","overlay-type":"","overlay-color":"","overlay-opacity":"","overlay-gradient":""},"mobile":{"background-color":"var(--ast-global-color-5)","background-image":"","background-repeat":"repeat","background-position":"center center","background-size":"auto","background-attachment":"scroll","background-type":"","background-media":"","overlay-type":"","overlay-color":"","overlay-opacity":"","overlay-gradient":""}},"_joinchat":[]},"product_brand":[],"product_cat":[2204,2242,1810,1809,1816,1983,1467,2147,1674,1986,2146],"product_tag":[354,359,469,614,2117,2137,2145,2148],"class_list":{"0":"post-16210","1":"product","2":"type-product","3":"status-publish","4":"has-post-thumbnail","6":"product_cat-grecia","7":"product_cat-grecia-central","8":"product_cat-organico","9":"product_cat-natural-viticultura-y-tecnica","10":"product_cat-reserva","11":"product_cat-de-1000-a-1499","12":"product_cat-tinto","13":"product_cat-limniona","14":"product_cat-botella-750-ml","15":"product_cat-uva","16":"product_cat-tsililis-terres","17":"product_tag-reserva","18":"product_tag-13-5","19":"product_tag-vino-tinto","20":"product_tag-biodinamico","21":"product_tag-grecia","22":"product_tag-natural","23":"product_tag-tsililis-terres","24":"product_tag-limniona","25":"desktop-align-center","26":"tablet-align-center","27":"mobile-align-center","28":"ast-product-gallery-layout-horizontal-slider","29":"ast-product-gallery-with-no-image","30":"ast-product-tabs-layout-horizontal","31":"ast-qv-on-image","33":"first","34":"instock","35":"taxable","36":"shipping-taxable","37":"purchasable","38":"product-type-simple"},"yoast_head":"<!-- This site is optimized with the Yoast SEO plugin v26.3 - https:\/\/yoast.com\/wordpress\/plugins\/seo\/ -->\n<title>Limniona &quot;Edenia Luna&quot; 2021 - Vinopolis<\/title>\n<meta name=\"description\" content=\"Grecia - Thessaloniki - Uva: Mavrotragano, Xinomavro, Syrah - Biodin\u00e1mico - Natural - Vino Tinto - Env\u00edos a todo M\u00e9xico - Vinopolis\" \/>\n<meta name=\"robots\" content=\"index, follow, max-snippet:-1, max-image-preview:large, max-video-preview:-1\" \/>\n<link rel=\"canonical\" href=\"https:\/\/vinopolis.mx\/en\/product\/edenia-luna-2021\/\" \/>\n<meta property=\"og:locale\" content=\"en_US\" \/>\n<meta property=\"og:type\" content=\"article\" \/>\n<meta property=\"og:title\" content=\"Limniona &quot;Edenia Luna&quot; 2021 - Vinopolis\" \/>\n<meta property=\"og:description\" content=\"Grecia - Thessaloniki - Uva: Mavrotragano, Xinomavro, Syrah - Biodin\u00e1mico - Natural - Vino Tinto - Env\u00edos a todo M\u00e9xico - Vinopolis\" \/>\n<meta property=\"og:url\" content=\"https:\/\/vinopolis.mx\/en\/product\/edenia-luna-2021\/\" \/>\n<meta property=\"og:site_name\" content=\"Vinopolis\" \/>\n<meta property=\"article:modified_time\" content=\"2026-03-30T22:01:11+00:00\" \/>\n<meta property=\"og:image\" content=\"https:\/\/vinopolis.mx\/wp-content\/uploads\/2025\/02\/TAMANO-DE-BOTELLA.png\" \/>\n\t<meta property=\"og:image:width\" content=\"400\" \/>\n\t<meta property=\"og:image:height\" content=\"608\" \/>\n\t<meta property=\"og:image:type\" content=\"image\/png\" \/>\n<meta name=\"twitter:card\" content=\"summary_large_image\" \/>\n<meta name=\"twitter:label1\" content=\"Est. reading time\" \/>\n\t<meta name=\"twitter:data1\" content=\"1 minute\" \/>\n<script type=\"application\/ld+json\" class=\"yoast-schema-graph\">{\"@context\":\"https:\/\/schema.org\",\"@graph\":[{\"@type\":\"WebPage\",\"@id\":\"https:\/\/vinopolis.mx\/producto\/edenia-luna-2021\/\",\"url\":\"https:\/\/vinopolis.mx\/producto\/edenia-luna-2021\/\",\"name\":\"Limniona \\\"Edenia Luna\\\" 2021 - Vinopolis\",\"isPartOf\":{\"@id\":\"https:\/\/vinopolis.mx\/#website\"},\"primaryImageOfPage\":{\"@id\":\"https:\/\/vinopolis.mx\/producto\/edenia-luna-2021\/#primaryimage\"},\"image\":{\"@id\":\"https:\/\/vinopolis.mx\/producto\/edenia-luna-2021\/#primaryimage\"},\"thumbnailUrl\":\"https:\/\/vinopolis.mx\/wp-content\/uploads\/2025\/02\/TAMANO-DE-BOTELLA.png\",\"datePublished\":\"2025-02-10T15:59:41+00:00\",\"dateModified\":\"2026-03-30T22:01:11+00:00\",\"description\":\"Grecia - Thessaloniki - Uva: Mavrotragano, Xinomavro, Syrah - Biodin\u00e1mico - Natural - Vino Tinto - Env\u00edos a todo M\u00e9xico - Vinopolis\",\"breadcrumb\":{\"@id\":\"https:\/\/vinopolis.mx\/producto\/edenia-luna-2021\/#breadcrumb\"},\"inLanguage\":\"en-US\",\"potentialAction\":[{\"@type\":\"ReadAction\",\"target\":[\"https:\/\/vinopolis.mx\/producto\/edenia-luna-2021\/\"]}]},{\"@type\":\"ImageObject\",\"inLanguage\":\"en-US\",\"@id\":\"https:\/\/vinopolis.mx\/producto\/edenia-luna-2021\/#primaryimage\",\"url\":\"https:\/\/vinopolis.mx\/wp-content\/uploads\/2025\/02\/TAMANO-DE-BOTELLA.png\",\"contentUrl\":\"https:\/\/vinopolis.mx\/wp-content\/uploads\/2025\/02\/TAMANO-DE-BOTELLA.png\",\"width\":400,\"height\":608},{\"@type\":\"BreadcrumbList\",\"@id\":\"https:\/\/vinopolis.mx\/producto\/edenia-luna-2021\/#breadcrumb\",\"itemListElement\":[{\"@type\":\"ListItem\",\"position\":1,\"name\":\"Inicio\",\"item\":\"https:\/\/vinopolis.mx\/\"},{\"@type\":\"ListItem\",\"position\":2,\"name\":\"Shop\",\"item\":\"https:\/\/vinopolis.mx\/shop\/\"},{\"@type\":\"ListItem\",\"position\":3,\"name\":\"Limniona &#8220;Edenia Luna&#8221; 2021\"}]},{\"@type\":\"WebSite\",\"@id\":\"https:\/\/vinopolis.mx\/#website\",\"url\":\"https:\/\/vinopolis.mx\/\",\"name\":\"Vinopolis\",\"description\":\"Intrepid Wines Collection\",\"publisher\":{\"@id\":\"https:\/\/vinopolis.mx\/#organization\"},\"potentialAction\":[{\"@type\":\"SearchAction\",\"target\":{\"@type\":\"EntryPoint\",\"urlTemplate\":\"https:\/\/vinopolis.mx\/?s={search_term_string}\"},\"query-input\":{\"@type\":\"PropertyValueSpecification\",\"valueRequired\":true,\"valueName\":\"search_term_string\"}}],\"inLanguage\":\"en-US\"},{\"@type\":\"Organization\",\"@id\":\"https:\/\/vinopolis.mx\/#organization\",\"name\":\"Vinopolis\",\"url\":\"https:\/\/vinopolis.mx\/\",\"logo\":{\"@type\":\"ImageObject\",\"inLanguage\":\"en-US\",\"@id\":\"https:\/\/vinopolis.mx\/#\/schema\/logo\/image\/\",\"url\":\"https:\/\/vinopolis.mx\/wp-content\/uploads\/2025\/08\/vinopolis_logo-25.png\",\"contentUrl\":\"https:\/\/vinopolis.mx\/wp-content\/uploads\/2025\/08\/vinopolis_logo-25.png\",\"width\":1835,\"height\":281,\"caption\":\"Vinopolis\"},\"image\":{\"@id\":\"https:\/\/vinopolis.mx\/#\/schema\/logo\/image\/\"}}]}<\/script>\n<!-- \/ Yoast SEO plugin. -->","yoast_head_json":{"title":"Limniona \"Edenia Luna\" 2021 - Vinopolis","description":"Grecia - Thessaloniki - Uva: Mavrotragano, Xinomavro, Syrah - Biodin\u00e1mico - Natural - Vino Tinto - Env\u00edos a todo M\u00e9xico - Vinopolis","robots":{"index":"index","follow":"follow","max-snippet":"max-snippet:-1","max-image-preview":"max-image-preview:large","max-video-preview":"max-video-preview:-1"},"canonical":"https:\/\/vinopolis.mx\/en\/product\/edenia-luna-2021\/","og_locale":"en_US","og_type":"article","og_title":"Limniona \"Edenia Luna\" 2021 - Vinopolis","og_description":"Grecia - Thessaloniki - Uva: Mavrotragano, Xinomavro, Syrah - Biodin\u00e1mico - Natural - Vino Tinto - Env\u00edos a todo M\u00e9xico - Vinopolis","og_url":"https:\/\/vinopolis.mx\/en\/product\/edenia-luna-2021\/","og_site_name":"Vinopolis","article_modified_time":"2026-03-30T22:01:11+00:00","og_image":[{"width":400,"height":608,"url":"https:\/\/vinopolis.mx\/wp-content\/uploads\/2025\/02\/TAMANO-DE-BOTELLA.png","type":"image\/png"}],"twitter_card":"summary_large_image","twitter_misc":{"Est. reading time":"1 minute"},"schema":{"@context":"https:\/\/schema.org","@graph":[{"@type":"WebPage","@id":"https:\/\/vinopolis.mx\/producto\/edenia-luna-2021\/","url":"https:\/\/vinopolis.mx\/producto\/edenia-luna-2021\/","name":"Limniona \"Edenia Luna\" 2021 - Vinopolis","isPartOf":{"@id":"https:\/\/vinopolis.mx\/#website"},"primaryImageOfPage":{"@id":"https:\/\/vinopolis.mx\/producto\/edenia-luna-2021\/#primaryimage"},"image":{"@id":"https:\/\/vinopolis.mx\/producto\/edenia-luna-2021\/#primaryimage"},"thumbnailUrl":"https:\/\/vinopolis.mx\/wp-content\/uploads\/2025\/02\/TAMANO-DE-BOTELLA.png","datePublished":"2025-02-10T15:59:41+00:00","dateModified":"2026-03-30T22:01:11+00:00","description":"Grecia - Thessaloniki - Uva: Mavrotragano, Xinomavro, Syrah - Biodin\u00e1mico - Natural - Vino Tinto - Env\u00edos a todo M\u00e9xico - Vinopolis","breadcrumb":{"@id":"https:\/\/vinopolis.mx\/producto\/edenia-luna-2021\/#breadcrumb"},"inLanguage":"en-US","potentialAction":[{"@type":"ReadAction","target":["https:\/\/vinopolis.mx\/producto\/edenia-luna-2021\/"]}]},{"@type":"ImageObject","inLanguage":"en-US","@id":"https:\/\/vinopolis.mx\/producto\/edenia-luna-2021\/#primaryimage","url":"https:\/\/vinopolis.mx\/wp-content\/uploads\/2025\/02\/TAMANO-DE-BOTELLA.png","contentUrl":"https:\/\/vinopolis.mx\/wp-content\/uploads\/2025\/02\/TAMANO-DE-BOTELLA.png","width":400,"height":608},{"@type":"BreadcrumbList","@id":"https:\/\/vinopolis.mx\/producto\/edenia-luna-2021\/#breadcrumb","itemListElement":[{"@type":"ListItem","position":1,"name":"Inicio","item":"https:\/\/vinopolis.mx\/"},{"@type":"ListItem","position":2,"name":"Shop","item":"https:\/\/vinopolis.mx\/shop\/"},{"@type":"ListItem","position":3,"name":"Limniona &#8220;Edenia Luna&#8221; 2021"}]},{"@type":"WebSite","@id":"https:\/\/vinopolis.mx\/#website","url":"https:\/\/vinopolis.mx\/","name":"Vinopolis","description":"Intrepid Wines Collection","publisher":{"@id":"https:\/\/vinopolis.mx\/#organization"},"potentialAction":[{"@type":"SearchAction","target":{"@type":"EntryPoint","urlTemplate":"https:\/\/vinopolis.mx\/?s={search_term_string}"},"query-input":{"@type":"PropertyValueSpecification","valueRequired":true,"valueName":"search_term_string"}}],"inLanguage":"en-US"},{"@type":"Organization","@id":"https:\/\/vinopolis.mx\/#organization","name":"Vinopolis","url":"https:\/\/vinopolis.mx\/","logo":{"@type":"ImageObject","inLanguage":"en-US","@id":"https:\/\/vinopolis.mx\/#\/schema\/logo\/image\/","url":"https:\/\/vinopolis.mx\/wp-content\/uploads\/2025\/08\/vinopolis_logo-25.png","contentUrl":"https:\/\/vinopolis.mx\/wp-content\/uploads\/2025\/08\/vinopolis_logo-25.png","width":1835,"height":281,"caption":"Vinopolis"},"image":{"@id":"https:\/\/vinopolis.mx\/#\/schema\/logo\/image\/"}}]}},"_links":{"self":[{"href":"https:\/\/vinopolis.mx\/en\/wp-json\/wp\/v2\/product\/16210","targetHints":{"allow":["GET"]}}],"collection":[{"href":"https:\/\/vinopolis.mx\/en\/wp-json\/wp\/v2\/product"}],"about":[{"href":"https:\/\/vinopolis.mx\/en\/wp-json\/wp\/v2\/types\/product"}],"version-history":[{"count":11,"href":"https:\/\/vinopolis.mx\/en\/wp-json\/wp\/v2\/product\/16210\/revisions"}],"predecessor-version":[{"id":22892,"href":"https:\/\/vinopolis.mx\/en\/wp-json\/wp\/v2\/product\/16210\/revisions\/22892"}],"wp:featuredmedia":[{"embeddable":true,"href":"https:\/\/vinopolis.mx\/en\/wp-json\/wp\/v2\/media\/16215"}],"wp:attachment":[{"href":"https:\/\/vinopolis.mx\/en\/wp-json\/wp\/v2\/media?parent=16210"}],"wp:term":[{"taxonomy":"product_brand","embeddable":true,"href":"https:\/\/vinopolis.mx\/en\/wp-json\/wp\/v2\/product_brand?post=16210"},{"taxonomy":"product_cat","embeddable":true,"href":"https:\/\/vinopolis.mx\/en\/wp-json\/wp\/v2\/product_cat?post=16210"},{"taxonomy":"product_tag","embeddable":true,"href":"https:\/\/vinopolis.mx\/en\/wp-json\/wp\/v2\/product_tag?post=16210"}],"curies":[{"name":"wp","href":"https:\/\/api.w.org\/{rel}","templated":true}]}}