{"id":1601,"date":"2023-10-09T20:11:09","date_gmt":"2023-10-09T20:11:09","guid":{"rendered":"https:\/\/vinopolis.mx\/?post_type=product&#038;p=1601"},"modified":"2026-03-30T16:58:16","modified_gmt":"2026-03-30T21:58:16","slug":"barbaresco-tulin-2011-1-5-lt-pelissero","status":"publish","type":"product","link":"https:\/\/vinopolis.mx\/en\/product\/barbaresco-tulin-2011-1-5-lt-pelissero\/","title":{"rendered":"Barbaresco Tulin 2011"},"content":{"rendered":"","protected":false},"excerpt":{"rendered":"<ul>\n<li><strong>Bodega:<\/strong> Pelissero<br \/>\n<strong>Tipolog\u00eda:<\/strong> Red wine<br \/>\n<strong>Variedad:<\/strong>\u00a0 Nebbiolo 100 %<br \/>\n<strong>Ubicaci\u00f3n y altitud del vi\u00f1edo:<\/strong> Cascina Tolino, en los pueblos de Treiso y Neviglie \u2013 m<br \/>\n<strong>Superficie del vi\u00f1edo:<\/strong> 40 hect\u00e1reas<br \/>\n<strong>Pr\u00e1cticas agr\u00edcolas:<\/strong> Sustainable<br \/>\n<strong>Vinification:<\/strong> Maceraci\u00f3n en contacto con las pieles durante unos 15 d\u00edas en cubas de acero a temperatura controlada y, tras un periodo de decantaci\u00f3n natural siempre en acero, el vino pasa a madera, donde reposa durante 18\/20 meses.<br \/>\n<strong>Envejecimiento:<\/strong> Aproximadamente el 50 %, envejecido en barricas de roble de 50 hl, se mezcla con la otra parte envejecida en barricas. Esto nos permite evitar que una presencia excesiva de madera seque a\u00fan m\u00e1s este vino. Tras 9 meses en botella, finalmente se pone a la venta.<br \/>\n<strong>N.\u00ba de botellas:<\/strong><\/li>\n<\/ul>\n<p><a class=\"btn_ficha\" href=\"https:\/\/vinopolis.mx\/wp-content\/uploads\/2024\/01\/Pelissero_Barbaresco-Tulin_EN.pdf\" target=\"_blank\" rel=\"noopener\">See technical sheet<\/a><\/p>","protected":false},"featured_media":12758,"template":"","meta":{"site-sidebar-layout":"default","site-content-layout":"","ast-site-content-layout":"default","site-content-style":"default","site-sidebar-style":"default","ast-global-header-display":"","ast-banner-title-visibility":"","ast-main-header-display":"","ast-hfb-above-header-display":"","ast-hfb-below-header-display":"","ast-hfb-mobile-header-display":"","site-post-title":"","ast-breadcrumbs-content":"","ast-featured-img":"","footer-sml-layout":"","theme-transparent-header-meta":"default","adv-header-id-meta":"","stick-header-meta":"","header-above-stick-meta":"","header-main-stick-meta":"","header-below-stick-meta":"","astra-migrate-meta-layouts":"set","ast-page-background-enabled":"default","ast-page-background-meta":{"desktop":{"background-color":"","background-image":"","background-repeat":"repeat","background-position":"center center","background-size":"auto","background-attachment":"scroll","background-type":"","background-media":"","overlay-type":"","overlay-color":"","overlay-opacity":"","overlay-gradient":""},"tablet":{"background-color":"","background-image":"","background-repeat":"repeat","background-position":"center center","background-size":"auto","background-attachment":"scroll","background-type":"","background-media":"","overlay-type":"","overlay-color":"","overlay-opacity":"","overlay-gradient":""},"mobile":{"background-color":"","background-image":"","background-repeat":"repeat","background-position":"center center","background-size":"auto","background-attachment":"scroll","background-type":"","background-media":"","overlay-type":"","overlay-color":"","overlay-opacity":"","overlay-gradient":""}},"ast-content-background-meta":{"desktop":{"background-color":"var(--ast-global-color-5)","background-image":"","background-repeat":"repeat","background-position":"center center","background-size":"auto","background-attachment":"scroll","background-type":"","background-media":"","overlay-type":"","overlay-color":"","overlay-opacity":"","overlay-gradient":""},"tablet":{"background-color":"var(--ast-global-color-5)","background-image":"","background-repeat":"repeat","background-position":"center center","background-size":"auto","background-attachment":"scroll","background-type":"","background-media":"","overlay-type":"","overlay-color":"","overlay-opacity":"","overlay-gradient":""},"mobile":{"background-color":"var(--ast-global-color-5)","background-image":"","background-repeat":"repeat","background-position":"center center","background-size":"auto","background-attachment":"scroll","background-type":"","background-media":"","overlay-type":"","overlay-color":"","overlay-opacity":"","overlay-gradient":""}},"_joinchat":[]},"product_brand":[],"product_cat":[2195,2210,15,2124,2063,1513],"product_tag":[287,291,292,411,465,469,486,499,622,767,768,769],"class_list":{"0":"post-1601","1":"product","2":"type-product","3":"status-publish","4":"has-post-thumbnail","6":"product_cat-italia","7":"product_cat-piemonte","8":"product_cat-sin-categorizar","9":"product_cat-viticultura-sustentable","10":"product_cat-pendiente","11":"product_cat-pelissero","12":"product_tag-1-5-lt","13":"product_tag-piemonte","14":"product_tag-uvamonovarietal","15":"product_tag-411","16":"product_tag-gran-reserva","17":"product_tag-vino-tinto","18":"product_tag-individual","19":"product_tag-uvanebbiolo","20":"product_tag-magnum","21":"product_tag-14-5","22":"product_tag-barbaresco-docg","23":"product_tag-pelissero","24":"product_shipping_class-mensajeria","25":"desktop-align-center","26":"tablet-align-center","27":"mobile-align-center","28":"ast-product-gallery-layout-horizontal-slider","29":"ast-product-tabs-layout-horizontal","30":"ast-qv-on-image","32":"first","33":"instock","34":"taxable","35":"shipping-taxable","36":"purchasable","37":"product-type-simple"},"yoast_head":"<!-- This site is optimized with the Yoast SEO plugin v26.3 - https:\/\/yoast.com\/wordpress\/plugins\/seo\/ -->\n<title>Barbaresco Tulin 2011 - 1.5 Lts - Vino Tinto - Piemonte - Italia<\/title>\n<meta name=\"description\" content=\"Barbaresco Tulin 2011 - 1.5 Lts - Vino Tinto - Vinos Importados - Vinopolis - Env\u00edos a todo M\u00e9xico -\" \/>\n<meta name=\"robots\" content=\"index, follow, max-snippet:-1, max-image-preview:large, max-video-preview:-1\" \/>\n<link rel=\"canonical\" href=\"https:\/\/vinopolis.mx\/en\/product\/barbaresco-tulin-2011-1-5-lt-pelissero\/\" \/>\n<meta property=\"og:locale\" content=\"en_US\" \/>\n<meta property=\"og:type\" content=\"article\" \/>\n<meta property=\"og:title\" content=\"Barbaresco Tulin 2011 - 1.5 Lts - Vino Tinto - Piemonte - Italia\" \/>\n<meta property=\"og:description\" content=\"Barbaresco Tulin 2011 - 1.5 Lts - Vino Tinto - Vinos Importados - Vinopolis - Env\u00edos a todo M\u00e9xico -\" \/>\n<meta property=\"og:url\" content=\"https:\/\/vinopolis.mx\/en\/product\/barbaresco-tulin-2011-1-5-lt-pelissero\/\" \/>\n<meta property=\"og:site_name\" content=\"Vinopolis\" \/>\n<meta property=\"article:modified_time\" content=\"2026-03-30T21:58:16+00:00\" \/>\n<meta property=\"og:image\" content=\"https:\/\/vinopolis.mx\/wp-content\/uploads\/2023\/10\/Tulin-Barbaresco.png\" \/>\n\t<meta property=\"og:image:width\" content=\"400\" \/>\n\t<meta property=\"og:image:height\" content=\"608\" \/>\n\t<meta property=\"og:image:type\" content=\"image\/png\" \/>\n<meta name=\"twitter:card\" content=\"summary_large_image\" \/>\n<meta name=\"twitter:label1\" content=\"Est. reading time\" \/>\n\t<meta name=\"twitter:data1\" content=\"1 minute\" \/>\n<script type=\"application\/ld+json\" class=\"yoast-schema-graph\">{\"@context\":\"https:\/\/schema.org\",\"@graph\":[{\"@type\":\"WebPage\",\"@id\":\"https:\/\/vinopolis.mx\/producto\/barbaresco-tulin-2011-1-5-lt-pelissero\/\",\"url\":\"https:\/\/vinopolis.mx\/producto\/barbaresco-tulin-2011-1-5-lt-pelissero\/\",\"name\":\"Barbaresco Tulin 2011 - 1.5 Lts - Vino Tinto - Piemonte - Italia\",\"isPartOf\":{\"@id\":\"https:\/\/vinopolis.mx\/#website\"},\"primaryImageOfPage\":{\"@id\":\"https:\/\/vinopolis.mx\/producto\/barbaresco-tulin-2011-1-5-lt-pelissero\/#primaryimage\"},\"image\":{\"@id\":\"https:\/\/vinopolis.mx\/producto\/barbaresco-tulin-2011-1-5-lt-pelissero\/#primaryimage\"},\"thumbnailUrl\":\"https:\/\/vinopolis.mx\/wp-content\/uploads\/2023\/10\/Tulin-Barbaresco.png\",\"datePublished\":\"2023-10-09T20:11:09+00:00\",\"dateModified\":\"2026-03-30T21:58:16+00:00\",\"description\":\"Barbaresco Tulin 2011 - 1.5 Lts - Vino Tinto - Vinos Importados - Vinopolis - Env\u00edos a todo M\u00e9xico -\",\"breadcrumb\":{\"@id\":\"https:\/\/vinopolis.mx\/producto\/barbaresco-tulin-2011-1-5-lt-pelissero\/#breadcrumb\"},\"inLanguage\":\"en-US\",\"potentialAction\":[{\"@type\":\"ReadAction\",\"target\":[\"https:\/\/vinopolis.mx\/producto\/barbaresco-tulin-2011-1-5-lt-pelissero\/\"]}]},{\"@type\":\"ImageObject\",\"inLanguage\":\"en-US\",\"@id\":\"https:\/\/vinopolis.mx\/producto\/barbaresco-tulin-2011-1-5-lt-pelissero\/#primaryimage\",\"url\":\"https:\/\/vinopolis.mx\/wp-content\/uploads\/2023\/10\/Tulin-Barbaresco.png\",\"contentUrl\":\"https:\/\/vinopolis.mx\/wp-content\/uploads\/2023\/10\/Tulin-Barbaresco.png\",\"width\":400,\"height\":608},{\"@type\":\"BreadcrumbList\",\"@id\":\"https:\/\/vinopolis.mx\/producto\/barbaresco-tulin-2011-1-5-lt-pelissero\/#breadcrumb\",\"itemListElement\":[{\"@type\":\"ListItem\",\"position\":1,\"name\":\"Inicio\",\"item\":\"https:\/\/vinopolis.mx\/\"},{\"@type\":\"ListItem\",\"position\":2,\"name\":\"Shop\",\"item\":\"https:\/\/vinopolis.mx\/shop\/\"},{\"@type\":\"ListItem\",\"position\":3,\"name\":\"Barbaresco Tulin 2011\"}]},{\"@type\":\"WebSite\",\"@id\":\"https:\/\/vinopolis.mx\/#website\",\"url\":\"https:\/\/vinopolis.mx\/\",\"name\":\"Vinopolis\",\"description\":\"Intrepid Wines Collection\",\"publisher\":{\"@id\":\"https:\/\/vinopolis.mx\/#organization\"},\"potentialAction\":[{\"@type\":\"SearchAction\",\"target\":{\"@type\":\"EntryPoint\",\"urlTemplate\":\"https:\/\/vinopolis.mx\/?s={search_term_string}\"},\"query-input\":{\"@type\":\"PropertyValueSpecification\",\"valueRequired\":true,\"valueName\":\"search_term_string\"}}],\"inLanguage\":\"en-US\"},{\"@type\":\"Organization\",\"@id\":\"https:\/\/vinopolis.mx\/#organization\",\"name\":\"Vinopolis\",\"url\":\"https:\/\/vinopolis.mx\/\",\"logo\":{\"@type\":\"ImageObject\",\"inLanguage\":\"en-US\",\"@id\":\"https:\/\/vinopolis.mx\/#\/schema\/logo\/image\/\",\"url\":\"https:\/\/vinopolis.mx\/wp-content\/uploads\/2025\/08\/vinopolis_logo-25.png\",\"contentUrl\":\"https:\/\/vinopolis.mx\/wp-content\/uploads\/2025\/08\/vinopolis_logo-25.png\",\"width\":1835,\"height\":281,\"caption\":\"Vinopolis\"},\"image\":{\"@id\":\"https:\/\/vinopolis.mx\/#\/schema\/logo\/image\/\"}}]}<\/script>\n<!-- \/ Yoast SEO plugin. -->","yoast_head_json":{"title":"Barbaresco Tulin 2011 - 1.5 Lts - Vino Tinto - Piemonte - Italia","description":"Barbaresco Tulin 2011 - 1.5 Lts - Vino Tinto - Vinos Importados - Vinopolis - Env\u00edos a todo M\u00e9xico -","robots":{"index":"index","follow":"follow","max-snippet":"max-snippet:-1","max-image-preview":"max-image-preview:large","max-video-preview":"max-video-preview:-1"},"canonical":"https:\/\/vinopolis.mx\/en\/product\/barbaresco-tulin-2011-1-5-lt-pelissero\/","og_locale":"en_US","og_type":"article","og_title":"Barbaresco Tulin 2011 - 1.5 Lts - Vino Tinto - Piemonte - Italia","og_description":"Barbaresco Tulin 2011 - 1.5 Lts - Vino Tinto - Vinos Importados - Vinopolis - Env\u00edos a todo M\u00e9xico -","og_url":"https:\/\/vinopolis.mx\/en\/product\/barbaresco-tulin-2011-1-5-lt-pelissero\/","og_site_name":"Vinopolis","article_modified_time":"2026-03-30T21:58:16+00:00","og_image":[{"width":400,"height":608,"url":"https:\/\/vinopolis.mx\/wp-content\/uploads\/2023\/10\/Tulin-Barbaresco.png","type":"image\/png"}],"twitter_card":"summary_large_image","twitter_misc":{"Est. reading time":"1 minute"},"schema":{"@context":"https:\/\/schema.org","@graph":[{"@type":"WebPage","@id":"https:\/\/vinopolis.mx\/producto\/barbaresco-tulin-2011-1-5-lt-pelissero\/","url":"https:\/\/vinopolis.mx\/producto\/barbaresco-tulin-2011-1-5-lt-pelissero\/","name":"Barbaresco Tulin 2011 - 1.5 Lts - Vino Tinto - Piemonte - Italia","isPartOf":{"@id":"https:\/\/vinopolis.mx\/#website"},"primaryImageOfPage":{"@id":"https:\/\/vinopolis.mx\/producto\/barbaresco-tulin-2011-1-5-lt-pelissero\/#primaryimage"},"image":{"@id":"https:\/\/vinopolis.mx\/producto\/barbaresco-tulin-2011-1-5-lt-pelissero\/#primaryimage"},"thumbnailUrl":"https:\/\/vinopolis.mx\/wp-content\/uploads\/2023\/10\/Tulin-Barbaresco.png","datePublished":"2023-10-09T20:11:09+00:00","dateModified":"2026-03-30T21:58:16+00:00","description":"Barbaresco Tulin 2011 - 1.5 Lts - Vino Tinto - Vinos Importados - Vinopolis - Env\u00edos a todo M\u00e9xico -","breadcrumb":{"@id":"https:\/\/vinopolis.mx\/producto\/barbaresco-tulin-2011-1-5-lt-pelissero\/#breadcrumb"},"inLanguage":"en-US","potentialAction":[{"@type":"ReadAction","target":["https:\/\/vinopolis.mx\/producto\/barbaresco-tulin-2011-1-5-lt-pelissero\/"]}]},{"@type":"ImageObject","inLanguage":"en-US","@id":"https:\/\/vinopolis.mx\/producto\/barbaresco-tulin-2011-1-5-lt-pelissero\/#primaryimage","url":"https:\/\/vinopolis.mx\/wp-content\/uploads\/2023\/10\/Tulin-Barbaresco.png","contentUrl":"https:\/\/vinopolis.mx\/wp-content\/uploads\/2023\/10\/Tulin-Barbaresco.png","width":400,"height":608},{"@type":"BreadcrumbList","@id":"https:\/\/vinopolis.mx\/producto\/barbaresco-tulin-2011-1-5-lt-pelissero\/#breadcrumb","itemListElement":[{"@type":"ListItem","position":1,"name":"Inicio","item":"https:\/\/vinopolis.mx\/"},{"@type":"ListItem","position":2,"name":"Shop","item":"https:\/\/vinopolis.mx\/shop\/"},{"@type":"ListItem","position":3,"name":"Barbaresco Tulin 2011"}]},{"@type":"WebSite","@id":"https:\/\/vinopolis.mx\/#website","url":"https:\/\/vinopolis.mx\/","name":"Vinopolis","description":"Intrepid Wines Collection","publisher":{"@id":"https:\/\/vinopolis.mx\/#organization"},"potentialAction":[{"@type":"SearchAction","target":{"@type":"EntryPoint","urlTemplate":"https:\/\/vinopolis.mx\/?s={search_term_string}"},"query-input":{"@type":"PropertyValueSpecification","valueRequired":true,"valueName":"search_term_string"}}],"inLanguage":"en-US"},{"@type":"Organization","@id":"https:\/\/vinopolis.mx\/#organization","name":"Vinopolis","url":"https:\/\/vinopolis.mx\/","logo":{"@type":"ImageObject","inLanguage":"en-US","@id":"https:\/\/vinopolis.mx\/#\/schema\/logo\/image\/","url":"https:\/\/vinopolis.mx\/wp-content\/uploads\/2025\/08\/vinopolis_logo-25.png","contentUrl":"https:\/\/vinopolis.mx\/wp-content\/uploads\/2025\/08\/vinopolis_logo-25.png","width":1835,"height":281,"caption":"Vinopolis"},"image":{"@id":"https:\/\/vinopolis.mx\/#\/schema\/logo\/image\/"}}]}},"_links":{"self":[{"href":"https:\/\/vinopolis.mx\/en\/wp-json\/wp\/v2\/product\/1601","targetHints":{"allow":["GET"]}}],"collection":[{"href":"https:\/\/vinopolis.mx\/en\/wp-json\/wp\/v2\/product"}],"about":[{"href":"https:\/\/vinopolis.mx\/en\/wp-json\/wp\/v2\/types\/product"}],"version-history":[{"count":7,"href":"https:\/\/vinopolis.mx\/en\/wp-json\/wp\/v2\/product\/1601\/revisions"}],"predecessor-version":[{"id":23121,"href":"https:\/\/vinopolis.mx\/en\/wp-json\/wp\/v2\/product\/1601\/revisions\/23121"}],"wp:featuredmedia":[{"embeddable":true,"href":"https:\/\/vinopolis.mx\/en\/wp-json\/wp\/v2\/media\/12758"}],"wp:attachment":[{"href":"https:\/\/vinopolis.mx\/en\/wp-json\/wp\/v2\/media?parent=1601"}],"wp:term":[{"taxonomy":"product_brand","embeddable":true,"href":"https:\/\/vinopolis.mx\/en\/wp-json\/wp\/v2\/product_brand?post=1601"},{"taxonomy":"product_cat","embeddable":true,"href":"https:\/\/vinopolis.mx\/en\/wp-json\/wp\/v2\/product_cat?post=1601"},{"taxonomy":"product_tag","embeddable":true,"href":"https:\/\/vinopolis.mx\/en\/wp-json\/wp\/v2\/product_tag?post=1601"}],"curies":[{"name":"wp","href":"https:\/\/api.w.org\/{rel}","templated":true}]}}