{"id":15919,"date":"2025-01-13T18:10:22","date_gmt":"2025-01-13T23:10:22","guid":{"rendered":"https:\/\/vinopolis.mx\/?post_type=product&#038;p=15919"},"modified":"2026-03-30T17:01:10","modified_gmt":"2026-03-30T22:01:10","slug":"naoussa-single-vineyard-2020","status":"publish","type":"product","link":"https:\/\/vinopolis.mx\/en\/product\/naoussa-single-vineyard-2020\/","title":{"rendered":"Naoussa Single Vineyard 2020"},"content":{"rendered":"","protected":false},"excerpt":{"rendered":"<ul>\n<li><b>Bodega:<\/b> Argatia<\/li>\n<li><b>Tipolog\u00eda:<\/b> Red wine<\/li>\n<li><b>Variedad:<\/b> Xinomavro 100%<\/li>\n<li><b>Ubicaci\u00f3n y Altitud del Vi\u00f1edo:<\/b> Naoussa, vi\u00f1edo privado Giannakochori\/Lakka \u2013 270 m.<\/li>\n<li><b>Pr\u00e1cticas Agr\u00edcolas:<\/b> Org\u00e1nicas, regenerativas.<\/li>\n<li><b>Tipo de Levadura:<\/b> Ind\u00edgena<\/li>\n<li><b>Vinification:<\/b> Maceraci\u00f3n prefermentativa en fr\u00edo (<i>cold soak<\/i>) durante 8-10 d\u00edas. Fermentaci\u00f3n a temperatura controlada (m\u00e1ximo 30 \u00b0C).<\/li>\n<li><b>Crianza:<\/b> Roble franc\u00e9s viejo de 500 litros durante 8-12 meses (tercer y cuarto uso). 1-2 a\u00f1os en botella.<\/li>\n<\/ul>\n<p><a href=\"https:\/\/vinopolis.mx\/wp-content\/uploads\/2024\/12\/Naoussa-SV-2020.pdf\">Ver Ficha T\u00e9cnica<\/a><\/p>","protected":false},"featured_media":15592,"template":"","meta":{"site-sidebar-layout":"no-sidebar","site-content-layout":"page-builder","ast-site-content-layout":"full-width-container","site-content-style":"default","site-sidebar-style":"default","ast-global-header-display":"","ast-banner-title-visibility":"","ast-main-header-display":"","ast-hfb-above-header-display":"","ast-hfb-below-header-display":"","ast-hfb-mobile-header-display":"","site-post-title":"disabled","ast-breadcrumbs-content":"","ast-featured-img":"disabled","footer-sml-layout":"","theme-transparent-header-meta":"default","adv-header-id-meta":"","stick-header-meta":"","header-above-stick-meta":"","header-main-stick-meta":"","header-below-stick-meta":"","astra-migrate-meta-layouts":"set","ast-page-background-enabled":"default","ast-page-background-meta":{"desktop":{"background-color":"","background-image":"","background-repeat":"repeat","background-position":"center center","background-size":"auto","background-attachment":"scroll","background-type":"","background-media":"","overlay-type":"","overlay-color":"","overlay-opacity":"","overlay-gradient":""},"tablet":{"background-color":"","background-image":"","background-repeat":"repeat","background-position":"center center","background-size":"auto","background-attachment":"scroll","background-type":"","background-media":"","overlay-type":"","overlay-color":"","overlay-opacity":"","overlay-gradient":""},"mobile":{"background-color":"","background-image":"","background-repeat":"repeat","background-position":"center center","background-size":"auto","background-attachment":"scroll","background-type":"","background-media":"","overlay-type":"","overlay-color":"","overlay-opacity":"","overlay-gradient":""}},"ast-content-background-meta":{"desktop":{"background-color":"var(--ast-global-color-5)","background-image":"","background-repeat":"repeat","background-position":"center center","background-size":"auto","background-attachment":"scroll","background-type":"","background-media":"","overlay-type":"","overlay-color":"","overlay-opacity":"","overlay-gradient":""},"tablet":{"background-color":"var(--ast-global-color-5)","background-image":"","background-repeat":"repeat","background-position":"center center","background-size":"auto","background-attachment":"scroll","background-type":"","background-media":"","overlay-type":"","overlay-color":"","overlay-opacity":"","overlay-gradient":""},"mobile":{"background-color":"var(--ast-global-color-5)","background-image":"","background-repeat":"repeat","background-position":"center center","background-size":"auto","background-attachment":"scroll","background-type":"","background-media":"","overlay-type":"","overlay-color":"","overlay-opacity":"","overlay-gradient":""}},"_joinchat":[]},"product_brand":[],"product_cat":[2204,2240,1810,1982,1467,1674,2036,2103],"product_tag":[353,469,2115,2117,2132,2135],"class_list":{"0":"post-15919","1":"product","2":"type-product","3":"status-publish","4":"has-post-thumbnail","6":"product_cat-grecia","7":"product_cat-macedonia-central","8":"product_cat-organico","9":"product_cat-de-700-a-999","10":"product_cat-tinto","11":"product_cat-botella-750-ml","12":"product_cat-de-700-a-999-precio","13":"product_cat-argatia","14":"product_tag-organico","15":"product_tag-vino-tinto","16":"product_tag-argatia","17":"product_tag-grecia","18":"product_tag-xinomavro","19":"product_tag-importacion","20":"desktop-align-center","21":"tablet-align-center","22":"mobile-align-center","23":"ast-product-gallery-layout-horizontal-slider","24":"ast-product-gallery-with-no-image","25":"ast-product-tabs-layout-horizontal","26":"ast-qv-on-image","28":"first","29":"instock","30":"taxable","31":"shipping-taxable","32":"purchasable","33":"product-type-simple"},"yoast_head":"<!-- This site is optimized with the Yoast SEO plugin v26.3 - https:\/\/yoast.com\/wordpress\/plugins\/seo\/ -->\n<title>Naoussa Single Vineyard 2020 - Vinopolis<\/title>\n<meta name=\"description\" content=\"Grecia - Naoussa - Single Vineyard - Xinomavro - Vino Tinto - Argatia - Vino Org\u00e1nico - Envios a todo M\u00e9xico - Vino Importado - 750ml - 2020\" \/>\n<meta name=\"robots\" content=\"index, follow, max-snippet:-1, max-image-preview:large, max-video-preview:-1\" \/>\n<link rel=\"canonical\" href=\"https:\/\/vinopolis.mx\/en\/product\/naoussa-single-vineyard-2020\/\" \/>\n<meta property=\"og:locale\" content=\"en_US\" \/>\n<meta property=\"og:type\" content=\"article\" \/>\n<meta property=\"og:title\" content=\"Naoussa Single Vineyard 2020 - Vinopolis\" \/>\n<meta property=\"og:description\" content=\"Grecia - Naoussa - Single Vineyard - Xinomavro - Vino Tinto - Argatia - Vino Org\u00e1nico - Envios a todo M\u00e9xico - Vino Importado - 750ml - 2020\" \/>\n<meta property=\"og:url\" content=\"https:\/\/vinopolis.mx\/en\/product\/naoussa-single-vineyard-2020\/\" \/>\n<meta property=\"og:site_name\" content=\"Vinopolis\" \/>\n<meta property=\"article:modified_time\" content=\"2026-03-30T22:01:10+00:00\" \/>\n<meta property=\"og:image\" content=\"https:\/\/vinopolis.mx\/wp-content\/uploads\/2024\/12\/Argatia-Naoussa-Single-Vineyard.png\" \/>\n\t<meta property=\"og:image:width\" content=\"400\" \/>\n\t<meta property=\"og:image:height\" content=\"608\" \/>\n\t<meta property=\"og:image:type\" content=\"image\/png\" \/>\n<meta name=\"twitter:card\" content=\"summary_large_image\" \/>\n<meta name=\"twitter:label1\" content=\"Est. reading time\" \/>\n\t<meta name=\"twitter:data1\" content=\"1 minute\" \/>\n<script type=\"application\/ld+json\" class=\"yoast-schema-graph\">{\"@context\":\"https:\/\/schema.org\",\"@graph\":[{\"@type\":\"WebPage\",\"@id\":\"https:\/\/vinopolis.mx\/producto\/naoussa-single-vineyard-2020\/\",\"url\":\"https:\/\/vinopolis.mx\/producto\/naoussa-single-vineyard-2020\/\",\"name\":\"Naoussa Single Vineyard 2020 - Vinopolis\",\"isPartOf\":{\"@id\":\"https:\/\/vinopolis.mx\/#website\"},\"primaryImageOfPage\":{\"@id\":\"https:\/\/vinopolis.mx\/producto\/naoussa-single-vineyard-2020\/#primaryimage\"},\"image\":{\"@id\":\"https:\/\/vinopolis.mx\/producto\/naoussa-single-vineyard-2020\/#primaryimage\"},\"thumbnailUrl\":\"https:\/\/vinopolis.mx\/wp-content\/uploads\/2024\/12\/Argatia-Naoussa-Single-Vineyard.png\",\"datePublished\":\"2025-01-13T23:10:22+00:00\",\"dateModified\":\"2026-03-30T22:01:10+00:00\",\"description\":\"Grecia - Naoussa - Single Vineyard - Xinomavro - Vino Tinto - Argatia - Vino Org\u00e1nico - Envios a todo M\u00e9xico - Vino Importado - 750ml - 2020\",\"breadcrumb\":{\"@id\":\"https:\/\/vinopolis.mx\/producto\/naoussa-single-vineyard-2020\/#breadcrumb\"},\"inLanguage\":\"en-US\",\"potentialAction\":[{\"@type\":\"ReadAction\",\"target\":[\"https:\/\/vinopolis.mx\/producto\/naoussa-single-vineyard-2020\/\"]}]},{\"@type\":\"ImageObject\",\"inLanguage\":\"en-US\",\"@id\":\"https:\/\/vinopolis.mx\/producto\/naoussa-single-vineyard-2020\/#primaryimage\",\"url\":\"https:\/\/vinopolis.mx\/wp-content\/uploads\/2024\/12\/Argatia-Naoussa-Single-Vineyard.png\",\"contentUrl\":\"https:\/\/vinopolis.mx\/wp-content\/uploads\/2024\/12\/Argatia-Naoussa-Single-Vineyard.png\",\"width\":400,\"height\":608},{\"@type\":\"BreadcrumbList\",\"@id\":\"https:\/\/vinopolis.mx\/producto\/naoussa-single-vineyard-2020\/#breadcrumb\",\"itemListElement\":[{\"@type\":\"ListItem\",\"position\":1,\"name\":\"Inicio\",\"item\":\"https:\/\/vinopolis.mx\/\"},{\"@type\":\"ListItem\",\"position\":2,\"name\":\"Shop\",\"item\":\"https:\/\/vinopolis.mx\/shop\/\"},{\"@type\":\"ListItem\",\"position\":3,\"name\":\"Naoussa Single Vineyard 2020\"}]},{\"@type\":\"WebSite\",\"@id\":\"https:\/\/vinopolis.mx\/#website\",\"url\":\"https:\/\/vinopolis.mx\/\",\"name\":\"Vinopolis\",\"description\":\"Intrepid Wines Collection\",\"publisher\":{\"@id\":\"https:\/\/vinopolis.mx\/#organization\"},\"potentialAction\":[{\"@type\":\"SearchAction\",\"target\":{\"@type\":\"EntryPoint\",\"urlTemplate\":\"https:\/\/vinopolis.mx\/?s={search_term_string}\"},\"query-input\":{\"@type\":\"PropertyValueSpecification\",\"valueRequired\":true,\"valueName\":\"search_term_string\"}}],\"inLanguage\":\"en-US\"},{\"@type\":\"Organization\",\"@id\":\"https:\/\/vinopolis.mx\/#organization\",\"name\":\"Vinopolis\",\"url\":\"https:\/\/vinopolis.mx\/\",\"logo\":{\"@type\":\"ImageObject\",\"inLanguage\":\"en-US\",\"@id\":\"https:\/\/vinopolis.mx\/#\/schema\/logo\/image\/\",\"url\":\"https:\/\/vinopolis.mx\/wp-content\/uploads\/2025\/08\/vinopolis_logo-25.png\",\"contentUrl\":\"https:\/\/vinopolis.mx\/wp-content\/uploads\/2025\/08\/vinopolis_logo-25.png\",\"width\":1835,\"height\":281,\"caption\":\"Vinopolis\"},\"image\":{\"@id\":\"https:\/\/vinopolis.mx\/#\/schema\/logo\/image\/\"}}]}<\/script>\n<!-- \/ Yoast SEO plugin. -->","yoast_head_json":{"title":"Naoussa Single Vineyard 2020 - Vinopolis","description":"Grecia - Naoussa - Single Vineyard - Xinomavro - Vino Tinto - Argatia - Vino Org\u00e1nico - Envios a todo M\u00e9xico - Vino Importado - 750ml - 2020","robots":{"index":"index","follow":"follow","max-snippet":"max-snippet:-1","max-image-preview":"max-image-preview:large","max-video-preview":"max-video-preview:-1"},"canonical":"https:\/\/vinopolis.mx\/en\/product\/naoussa-single-vineyard-2020\/","og_locale":"en_US","og_type":"article","og_title":"Naoussa Single Vineyard 2020 - Vinopolis","og_description":"Grecia - Naoussa - Single Vineyard - Xinomavro - Vino Tinto - Argatia - Vino Org\u00e1nico - Envios a todo M\u00e9xico - Vino Importado - 750ml - 2020","og_url":"https:\/\/vinopolis.mx\/en\/product\/naoussa-single-vineyard-2020\/","og_site_name":"Vinopolis","article_modified_time":"2026-03-30T22:01:10+00:00","og_image":[{"width":400,"height":608,"url":"https:\/\/vinopolis.mx\/wp-content\/uploads\/2024\/12\/Argatia-Naoussa-Single-Vineyard.png","type":"image\/png"}],"twitter_card":"summary_large_image","twitter_misc":{"Est. reading time":"1 minute"},"schema":{"@context":"https:\/\/schema.org","@graph":[{"@type":"WebPage","@id":"https:\/\/vinopolis.mx\/producto\/naoussa-single-vineyard-2020\/","url":"https:\/\/vinopolis.mx\/producto\/naoussa-single-vineyard-2020\/","name":"Naoussa Single Vineyard 2020 - Vinopolis","isPartOf":{"@id":"https:\/\/vinopolis.mx\/#website"},"primaryImageOfPage":{"@id":"https:\/\/vinopolis.mx\/producto\/naoussa-single-vineyard-2020\/#primaryimage"},"image":{"@id":"https:\/\/vinopolis.mx\/producto\/naoussa-single-vineyard-2020\/#primaryimage"},"thumbnailUrl":"https:\/\/vinopolis.mx\/wp-content\/uploads\/2024\/12\/Argatia-Naoussa-Single-Vineyard.png","datePublished":"2025-01-13T23:10:22+00:00","dateModified":"2026-03-30T22:01:10+00:00","description":"Grecia - Naoussa - Single Vineyard - Xinomavro - Vino Tinto - Argatia - Vino Org\u00e1nico - Envios a todo M\u00e9xico - Vino Importado - 750ml - 2020","breadcrumb":{"@id":"https:\/\/vinopolis.mx\/producto\/naoussa-single-vineyard-2020\/#breadcrumb"},"inLanguage":"en-US","potentialAction":[{"@type":"ReadAction","target":["https:\/\/vinopolis.mx\/producto\/naoussa-single-vineyard-2020\/"]}]},{"@type":"ImageObject","inLanguage":"en-US","@id":"https:\/\/vinopolis.mx\/producto\/naoussa-single-vineyard-2020\/#primaryimage","url":"https:\/\/vinopolis.mx\/wp-content\/uploads\/2024\/12\/Argatia-Naoussa-Single-Vineyard.png","contentUrl":"https:\/\/vinopolis.mx\/wp-content\/uploads\/2024\/12\/Argatia-Naoussa-Single-Vineyard.png","width":400,"height":608},{"@type":"BreadcrumbList","@id":"https:\/\/vinopolis.mx\/producto\/naoussa-single-vineyard-2020\/#breadcrumb","itemListElement":[{"@type":"ListItem","position":1,"name":"Inicio","item":"https:\/\/vinopolis.mx\/"},{"@type":"ListItem","position":2,"name":"Shop","item":"https:\/\/vinopolis.mx\/shop\/"},{"@type":"ListItem","position":3,"name":"Naoussa Single Vineyard 2020"}]},{"@type":"WebSite","@id":"https:\/\/vinopolis.mx\/#website","url":"https:\/\/vinopolis.mx\/","name":"Vinopolis","description":"Intrepid Wines Collection","publisher":{"@id":"https:\/\/vinopolis.mx\/#organization"},"potentialAction":[{"@type":"SearchAction","target":{"@type":"EntryPoint","urlTemplate":"https:\/\/vinopolis.mx\/?s={search_term_string}"},"query-input":{"@type":"PropertyValueSpecification","valueRequired":true,"valueName":"search_term_string"}}],"inLanguage":"en-US"},{"@type":"Organization","@id":"https:\/\/vinopolis.mx\/#organization","name":"Vinopolis","url":"https:\/\/vinopolis.mx\/","logo":{"@type":"ImageObject","inLanguage":"en-US","@id":"https:\/\/vinopolis.mx\/#\/schema\/logo\/image\/","url":"https:\/\/vinopolis.mx\/wp-content\/uploads\/2025\/08\/vinopolis_logo-25.png","contentUrl":"https:\/\/vinopolis.mx\/wp-content\/uploads\/2025\/08\/vinopolis_logo-25.png","width":1835,"height":281,"caption":"Vinopolis"},"image":{"@id":"https:\/\/vinopolis.mx\/#\/schema\/logo\/image\/"}}]}},"_links":{"self":[{"href":"https:\/\/vinopolis.mx\/en\/wp-json\/wp\/v2\/product\/15919","targetHints":{"allow":["GET"]}}],"collection":[{"href":"https:\/\/vinopolis.mx\/en\/wp-json\/wp\/v2\/product"}],"about":[{"href":"https:\/\/vinopolis.mx\/en\/wp-json\/wp\/v2\/types\/product"}],"version-history":[{"count":8,"href":"https:\/\/vinopolis.mx\/en\/wp-json\/wp\/v2\/product\/15919\/revisions"}],"predecessor-version":[{"id":20406,"href":"https:\/\/vinopolis.mx\/en\/wp-json\/wp\/v2\/product\/15919\/revisions\/20406"}],"wp:featuredmedia":[{"embeddable":true,"href":"https:\/\/vinopolis.mx\/en\/wp-json\/wp\/v2\/media\/15592"}],"wp:attachment":[{"href":"https:\/\/vinopolis.mx\/en\/wp-json\/wp\/v2\/media?parent=15919"}],"wp:term":[{"taxonomy":"product_brand","embeddable":true,"href":"https:\/\/vinopolis.mx\/en\/wp-json\/wp\/v2\/product_brand?post=15919"},{"taxonomy":"product_cat","embeddable":true,"href":"https:\/\/vinopolis.mx\/en\/wp-json\/wp\/v2\/product_cat?post=15919"},{"taxonomy":"product_tag","embeddable":true,"href":"https:\/\/vinopolis.mx\/en\/wp-json\/wp\/v2\/product_tag?post=15919"}],"curies":[{"name":"wp","href":"https:\/\/api.w.org\/{rel}","templated":true}]}}