{"id":1533,"date":"2023-10-09T20:10:50","date_gmt":"2023-10-09T20:10:50","guid":{"rendered":"https:\/\/vinopolis.mx\/?post_type=product&#038;p=1533"},"modified":"2026-03-30T16:58:11","modified_gmt":"2026-03-30T21:58:11","slug":"vinagre-balsamico-frambuesa","status":"publish","type":"product","link":"https:\/\/vinopolis.mx\/en\/product\/vinagre-balsamico-frambuesa\/","title":{"rendered":"RASPBERRY BALSAMIC VINEGAR"},"content":{"rendered":"","protected":false},"excerpt":{"rendered":"<p><b>DESCRIPCI\u00d3N<br \/>\n<\/b>El ali\u00f1o de frambuesa ReModena Colecci\u00f3n BIO es el resultado de una maravillosa combinaci\u00f3n de vinagre bals\u00e1mico a\u00f1ejado en barricas de roble y frambuesa.<\/p>\n<p><b>CARACTER\u00cdSTICAS<br \/>\n<\/b>Es de aspecto marr\u00f3n. Tiene un aroma a frambuesa dulce y muy agradable. <span class=\"citation-33 citation-end-33\">Posee un sabor completo con un ligero grado de acidez que le aporta ligereza.<\/span><\/p>\n<p><b><span class=\"citation-32\">MARIDAJES RECOMENDADOS<\/span><\/b><span class=\"citation-32 citation-end-32\"><br \/>\n<\/span><span class=\"citation-32 citation-end-32\">Ensaladas de frutas, tartas, postres, helados y yogur.<\/span><\/p>\n<p class=\"source-inline-chip-container ng-star-inserted\">","protected":false},"featured_media":1561,"template":"","meta":{"site-sidebar-layout":"default","site-content-layout":"","ast-site-content-layout":"default","site-content-style":"default","site-sidebar-style":"default","ast-global-header-display":"","ast-banner-title-visibility":"","ast-main-header-display":"","ast-hfb-above-header-display":"","ast-hfb-below-header-display":"","ast-hfb-mobile-header-display":"","site-post-title":"","ast-breadcrumbs-content":"","ast-featured-img":"","footer-sml-layout":"","theme-transparent-header-meta":"default","adv-header-id-meta":"","stick-header-meta":"","header-above-stick-meta":"","header-main-stick-meta":"","header-below-stick-meta":"","astra-migrate-meta-layouts":"set","ast-page-background-enabled":"default","ast-page-background-meta":{"desktop":{"background-color":"","background-image":"","background-repeat":"repeat","background-position":"center center","background-size":"auto","background-attachment":"scroll","background-type":"","background-media":"","overlay-type":"","overlay-color":"","overlay-opacity":"","overlay-gradient":""},"tablet":{"background-color":"","background-image":"","background-repeat":"repeat","background-position":"center center","background-size":"auto","background-attachment":"scroll","background-type":"","background-media":"","overlay-type":"","overlay-color":"","overlay-opacity":"","overlay-gradient":""},"mobile":{"background-color":"","background-image":"","background-repeat":"repeat","background-position":"center center","background-size":"auto","background-attachment":"scroll","background-type":"","background-media":"","overlay-type":"","overlay-color":"","overlay-opacity":"","overlay-gradient":""}},"ast-content-background-meta":{"desktop":{"background-color":"var(--ast-global-color-5)","background-image":"","background-repeat":"repeat","background-position":"center center","background-size":"auto","background-attachment":"scroll","background-type":"","background-media":"","overlay-type":"","overlay-color":"","overlay-opacity":"","overlay-gradient":""},"tablet":{"background-color":"var(--ast-global-color-5)","background-image":"","background-repeat":"repeat","background-position":"center center","background-size":"auto","background-attachment":"scroll","background-type":"","background-media":"","overlay-type":"","overlay-color":"","overlay-opacity":"","overlay-gradient":""},"mobile":{"background-color":"var(--ast-global-color-5)","background-image":"","background-repeat":"repeat","background-position":"center center","background-size":"auto","background-attachment":"scroll","background-type":"","background-media":"","overlay-type":"","overlay-color":"","overlay-opacity":"","overlay-gradient":""}},"_joinchat":[]},"product_brand":[],"product_cat":[2195,2212,2069,2072,2011,1706,2067,2099],"product_tag":[],"class_list":{"0":"post-1533","1":"product","2":"type-product","3":"status-publish","4":"has-post-thumbnail","6":"product_cat-italia","7":"product_cat-emilia-romagna","8":"product_cat-250-ml-tamano-vinagre","9":"product_cat-de-300-a-999-precio-vinagre","10":"product_cat-acceto-balsamico-di-modena","11":"product_cat-balsamico-frambuesa","12":"product_cat-vinagre-balsamico","13":"product_cat-re-moderna","14":"product_shipping_class-mensajeria","15":"desktop-align-center","16":"tablet-align-center","17":"mobile-align-center","18":"ast-product-gallery-layout-horizontal-slider","19":"ast-product-gallery-with-no-image","20":"ast-product-tabs-layout-horizontal","21":"ast-qv-on-image","23":"first","24":"instock","25":"taxable","26":"shipping-taxable","27":"purchasable","28":"product-type-simple"},"yoast_head":"<!-- This site is optimized with the Yoast SEO plugin v26.3 - https:\/\/yoast.com\/wordpress\/plugins\/seo\/ -->\n<title>VINAGRE BALS\u00c1MICO FRAMBUESA - Vinopolis Intrepid Wine<\/title>\n<meta name=\"description\" content=\"VINAGRE BALS\u00c1MICO FRAMBUESA - Vinopolis - Vinagre Bals\u00e1mico - Frambuesa - Env\u00edos a todo M\u00e9xico\" \/>\n<meta name=\"robots\" content=\"index, follow, max-snippet:-1, max-image-preview:large, max-video-preview:-1\" \/>\n<link rel=\"canonical\" href=\"https:\/\/vinopolis.mx\/en\/product\/vinagre-balsamico-frambuesa\/\" \/>\n<meta property=\"og:locale\" content=\"en_US\" \/>\n<meta property=\"og:type\" content=\"article\" \/>\n<meta property=\"og:title\" content=\"VINAGRE BALS\u00c1MICO FRAMBUESA - Vinopolis Intrepid Wine\" \/>\n<meta property=\"og:description\" content=\"VINAGRE BALS\u00c1MICO FRAMBUESA - Vinopolis - Vinagre Bals\u00e1mico - Frambuesa - Env\u00edos a todo M\u00e9xico\" \/>\n<meta property=\"og:url\" content=\"https:\/\/vinopolis.mx\/en\/product\/vinagre-balsamico-frambuesa\/\" \/>\n<meta property=\"og:site_name\" content=\"Vinopolis\" \/>\n<meta property=\"article:modified_time\" content=\"2026-03-30T21:58:11+00:00\" \/>\n<meta property=\"og:image\" content=\"https:\/\/vinopolis.mx\/wp-content\/uploads\/2023\/10\/BALSAMICPO-FRAMBUESA.png\" \/>\n\t<meta property=\"og:image:width\" content=\"400\" \/>\n\t<meta property=\"og:image:height\" content=\"608\" \/>\n\t<meta property=\"og:image:type\" content=\"image\/png\" \/>\n<meta name=\"twitter:card\" content=\"summary_large_image\" \/>\n<meta name=\"twitter:label1\" content=\"Est. reading time\" \/>\n\t<meta name=\"twitter:data1\" content=\"1 minute\" \/>\n<script type=\"application\/ld+json\" class=\"yoast-schema-graph\">{\"@context\":\"https:\/\/schema.org\",\"@graph\":[{\"@type\":\"WebPage\",\"@id\":\"https:\/\/vinopolis.mx\/producto\/vinagre-balsamico-frambuesa\/\",\"url\":\"https:\/\/vinopolis.mx\/producto\/vinagre-balsamico-frambuesa\/\",\"name\":\"VINAGRE BALS\u00c1MICO FRAMBUESA - Vinopolis Intrepid Wine\",\"isPartOf\":{\"@id\":\"https:\/\/vinopolis.mx\/#website\"},\"primaryImageOfPage\":{\"@id\":\"https:\/\/vinopolis.mx\/producto\/vinagre-balsamico-frambuesa\/#primaryimage\"},\"image\":{\"@id\":\"https:\/\/vinopolis.mx\/producto\/vinagre-balsamico-frambuesa\/#primaryimage\"},\"thumbnailUrl\":\"https:\/\/vinopolis.mx\/wp-content\/uploads\/2023\/10\/BALSAMICPO-FRAMBUESA.png\",\"datePublished\":\"2023-10-09T20:10:50+00:00\",\"dateModified\":\"2026-03-30T21:58:11+00:00\",\"description\":\"VINAGRE BALS\u00c1MICO FRAMBUESA - Vinopolis - Vinagre Bals\u00e1mico - Frambuesa - Env\u00edos a todo M\u00e9xico\",\"breadcrumb\":{\"@id\":\"https:\/\/vinopolis.mx\/producto\/vinagre-balsamico-frambuesa\/#breadcrumb\"},\"inLanguage\":\"en-US\",\"potentialAction\":[{\"@type\":\"ReadAction\",\"target\":[\"https:\/\/vinopolis.mx\/producto\/vinagre-balsamico-frambuesa\/\"]}]},{\"@type\":\"ImageObject\",\"inLanguage\":\"en-US\",\"@id\":\"https:\/\/vinopolis.mx\/producto\/vinagre-balsamico-frambuesa\/#primaryimage\",\"url\":\"https:\/\/vinopolis.mx\/wp-content\/uploads\/2023\/10\/BALSAMICPO-FRAMBUESA.png\",\"contentUrl\":\"https:\/\/vinopolis.mx\/wp-content\/uploads\/2023\/10\/BALSAMICPO-FRAMBUESA.png\",\"width\":400,\"height\":608},{\"@type\":\"BreadcrumbList\",\"@id\":\"https:\/\/vinopolis.mx\/producto\/vinagre-balsamico-frambuesa\/#breadcrumb\",\"itemListElement\":[{\"@type\":\"ListItem\",\"position\":1,\"name\":\"Inicio\",\"item\":\"https:\/\/vinopolis.mx\/\"},{\"@type\":\"ListItem\",\"position\":2,\"name\":\"Shop\",\"item\":\"https:\/\/vinopolis.mx\/shop\/\"},{\"@type\":\"ListItem\",\"position\":3,\"name\":\"VINAGRE BALS\u00c1MICO FRAMBUESA\"}]},{\"@type\":\"WebSite\",\"@id\":\"https:\/\/vinopolis.mx\/#website\",\"url\":\"https:\/\/vinopolis.mx\/\",\"name\":\"Vinopolis\",\"description\":\"Intrepid Wines Collection\",\"publisher\":{\"@id\":\"https:\/\/vinopolis.mx\/#organization\"},\"potentialAction\":[{\"@type\":\"SearchAction\",\"target\":{\"@type\":\"EntryPoint\",\"urlTemplate\":\"https:\/\/vinopolis.mx\/?s={search_term_string}\"},\"query-input\":{\"@type\":\"PropertyValueSpecification\",\"valueRequired\":true,\"valueName\":\"search_term_string\"}}],\"inLanguage\":\"en-US\"},{\"@type\":\"Organization\",\"@id\":\"https:\/\/vinopolis.mx\/#organization\",\"name\":\"Vinopolis\",\"url\":\"https:\/\/vinopolis.mx\/\",\"logo\":{\"@type\":\"ImageObject\",\"inLanguage\":\"en-US\",\"@id\":\"https:\/\/vinopolis.mx\/#\/schema\/logo\/image\/\",\"url\":\"https:\/\/vinopolis.mx\/wp-content\/uploads\/2025\/08\/vinopolis_logo-25.png\",\"contentUrl\":\"https:\/\/vinopolis.mx\/wp-content\/uploads\/2025\/08\/vinopolis_logo-25.png\",\"width\":1835,\"height\":281,\"caption\":\"Vinopolis\"},\"image\":{\"@id\":\"https:\/\/vinopolis.mx\/#\/schema\/logo\/image\/\"}}]}<\/script>\n<!-- \/ Yoast SEO plugin. -->","yoast_head_json":{"title":"VINAGRE BALS\u00c1MICO FRAMBUESA - Vinopolis Intrepid Wine","description":"VINAGRE BALS\u00c1MICO FRAMBUESA - Vinopolis - Vinagre Bals\u00e1mico - Frambuesa - Env\u00edos a todo M\u00e9xico","robots":{"index":"index","follow":"follow","max-snippet":"max-snippet:-1","max-image-preview":"max-image-preview:large","max-video-preview":"max-video-preview:-1"},"canonical":"https:\/\/vinopolis.mx\/en\/product\/vinagre-balsamico-frambuesa\/","og_locale":"en_US","og_type":"article","og_title":"VINAGRE BALS\u00c1MICO FRAMBUESA - Vinopolis Intrepid Wine","og_description":"VINAGRE BALS\u00c1MICO FRAMBUESA - Vinopolis - Vinagre Bals\u00e1mico - Frambuesa - Env\u00edos a todo M\u00e9xico","og_url":"https:\/\/vinopolis.mx\/en\/product\/vinagre-balsamico-frambuesa\/","og_site_name":"Vinopolis","article_modified_time":"2026-03-30T21:58:11+00:00","og_image":[{"width":400,"height":608,"url":"https:\/\/vinopolis.mx\/wp-content\/uploads\/2023\/10\/BALSAMICPO-FRAMBUESA.png","type":"image\/png"}],"twitter_card":"summary_large_image","twitter_misc":{"Est. reading time":"1 minute"},"schema":{"@context":"https:\/\/schema.org","@graph":[{"@type":"WebPage","@id":"https:\/\/vinopolis.mx\/producto\/vinagre-balsamico-frambuesa\/","url":"https:\/\/vinopolis.mx\/producto\/vinagre-balsamico-frambuesa\/","name":"VINAGRE BALS\u00c1MICO FRAMBUESA - Vinopolis Intrepid Wine","isPartOf":{"@id":"https:\/\/vinopolis.mx\/#website"},"primaryImageOfPage":{"@id":"https:\/\/vinopolis.mx\/producto\/vinagre-balsamico-frambuesa\/#primaryimage"},"image":{"@id":"https:\/\/vinopolis.mx\/producto\/vinagre-balsamico-frambuesa\/#primaryimage"},"thumbnailUrl":"https:\/\/vinopolis.mx\/wp-content\/uploads\/2023\/10\/BALSAMICPO-FRAMBUESA.png","datePublished":"2023-10-09T20:10:50+00:00","dateModified":"2026-03-30T21:58:11+00:00","description":"VINAGRE BALS\u00c1MICO FRAMBUESA - Vinopolis - Vinagre Bals\u00e1mico - Frambuesa - Env\u00edos a todo M\u00e9xico","breadcrumb":{"@id":"https:\/\/vinopolis.mx\/producto\/vinagre-balsamico-frambuesa\/#breadcrumb"},"inLanguage":"en-US","potentialAction":[{"@type":"ReadAction","target":["https:\/\/vinopolis.mx\/producto\/vinagre-balsamico-frambuesa\/"]}]},{"@type":"ImageObject","inLanguage":"en-US","@id":"https:\/\/vinopolis.mx\/producto\/vinagre-balsamico-frambuesa\/#primaryimage","url":"https:\/\/vinopolis.mx\/wp-content\/uploads\/2023\/10\/BALSAMICPO-FRAMBUESA.png","contentUrl":"https:\/\/vinopolis.mx\/wp-content\/uploads\/2023\/10\/BALSAMICPO-FRAMBUESA.png","width":400,"height":608},{"@type":"BreadcrumbList","@id":"https:\/\/vinopolis.mx\/producto\/vinagre-balsamico-frambuesa\/#breadcrumb","itemListElement":[{"@type":"ListItem","position":1,"name":"Inicio","item":"https:\/\/vinopolis.mx\/"},{"@type":"ListItem","position":2,"name":"Shop","item":"https:\/\/vinopolis.mx\/shop\/"},{"@type":"ListItem","position":3,"name":"VINAGRE BALS\u00c1MICO FRAMBUESA"}]},{"@type":"WebSite","@id":"https:\/\/vinopolis.mx\/#website","url":"https:\/\/vinopolis.mx\/","name":"Vinopolis","description":"Intrepid Wines Collection","publisher":{"@id":"https:\/\/vinopolis.mx\/#organization"},"potentialAction":[{"@type":"SearchAction","target":{"@type":"EntryPoint","urlTemplate":"https:\/\/vinopolis.mx\/?s={search_term_string}"},"query-input":{"@type":"PropertyValueSpecification","valueRequired":true,"valueName":"search_term_string"}}],"inLanguage":"en-US"},{"@type":"Organization","@id":"https:\/\/vinopolis.mx\/#organization","name":"Vinopolis","url":"https:\/\/vinopolis.mx\/","logo":{"@type":"ImageObject","inLanguage":"en-US","@id":"https:\/\/vinopolis.mx\/#\/schema\/logo\/image\/","url":"https:\/\/vinopolis.mx\/wp-content\/uploads\/2025\/08\/vinopolis_logo-25.png","contentUrl":"https:\/\/vinopolis.mx\/wp-content\/uploads\/2025\/08\/vinopolis_logo-25.png","width":1835,"height":281,"caption":"Vinopolis"},"image":{"@id":"https:\/\/vinopolis.mx\/#\/schema\/logo\/image\/"}}]}},"_links":{"self":[{"href":"https:\/\/vinopolis.mx\/en\/wp-json\/wp\/v2\/product\/1533","targetHints":{"allow":["GET"]}}],"collection":[{"href":"https:\/\/vinopolis.mx\/en\/wp-json\/wp\/v2\/product"}],"about":[{"href":"https:\/\/vinopolis.mx\/en\/wp-json\/wp\/v2\/types\/product"}],"version-history":[{"count":4,"href":"https:\/\/vinopolis.mx\/en\/wp-json\/wp\/v2\/product\/1533\/revisions"}],"predecessor-version":[{"id":20802,"href":"https:\/\/vinopolis.mx\/en\/wp-json\/wp\/v2\/product\/1533\/revisions\/20802"}],"wp:featuredmedia":[{"embeddable":true,"href":"https:\/\/vinopolis.mx\/en\/wp-json\/wp\/v2\/media\/1561"}],"wp:attachment":[{"href":"https:\/\/vinopolis.mx\/en\/wp-json\/wp\/v2\/media?parent=1533"}],"wp:term":[{"taxonomy":"product_brand","embeddable":true,"href":"https:\/\/vinopolis.mx\/en\/wp-json\/wp\/v2\/product_brand?post=1533"},{"taxonomy":"product_cat","embeddable":true,"href":"https:\/\/vinopolis.mx\/en\/wp-json\/wp\/v2\/product_cat?post=1533"},{"taxonomy":"product_tag","embeddable":true,"href":"https:\/\/vinopolis.mx\/en\/wp-json\/wp\/v2\/product_tag?post=1533"}],"curies":[{"name":"wp","href":"https:\/\/api.w.org\/{rel}","templated":true}]}}