{"id":1490,"date":"2023-10-09T20:10:31","date_gmt":"2023-10-09T20:10:31","guid":{"rendered":"https:\/\/vinopolis.mx\/?post_type=product&#038;p=1490"},"modified":"2026-03-30T16:58:08","modified_gmt":"2026-03-30T21:58:08","slug":"vinagre-balsamico-trufa-2-lt","status":"publish","type":"product","link":"https:\/\/vinopolis.mx\/en\/product\/vinagre-balsamico-trufa-2-lt\/","title":{"rendered":"TRUFFLE BALSAMIC VINEGAR 2 LT"},"content":{"rendered":"","protected":false},"excerpt":{"rendered":"<p><b>Descripci\u00f3n<br \/>\n<\/b>El ali\u00f1o de trufa ReModena es el resultado de una maravillosa combinaci\u00f3n de vinagre bals\u00e1mico a\u00f1ejado en barricas de roble y trufa.<\/p>\n<p><b>Caracter\u00edsticas<\/b><br \/>\nA la vista es denso y de color marr\u00f3n oscuro. En nariz, un cautivador aroma a trufa, dulce y muy agradable. Al gusto, un sabor redondo y con cuerpo, con ese ligero grado de acidez que aporta ligereza y limpieza.<\/p>\n<p><b><span class=\"citation-53\">Ingredientes<br \/>\n<\/span><\/b><span class=\"citation-53 citation-end-53\">Mosto cocido, vinagre de vino, vinagre bals\u00e1mico de M\u00f3dena I.G.P. y trufa.<\/span><\/p>\n<p><b><span class=\"citation-52\">Maridajes recomendados<br \/>\n<\/span><\/b><span class=\"citation-52 citation-end-52\">Carne, huevos, queso y patatas.<\/span><\/p>\n<p>&nbsp;<\/p>","protected":false},"featured_media":1517,"template":"","meta":{"site-sidebar-layout":"default","site-content-layout":"","ast-site-content-layout":"default","site-content-style":"default","site-sidebar-style":"default","ast-global-header-display":"","ast-banner-title-visibility":"","ast-main-header-display":"","ast-hfb-above-header-display":"","ast-hfb-below-header-display":"","ast-hfb-mobile-header-display":"","site-post-title":"","ast-breadcrumbs-content":"","ast-featured-img":"","footer-sml-layout":"","theme-transparent-header-meta":"default","adv-header-id-meta":"","stick-header-meta":"","header-above-stick-meta":"","header-main-stick-meta":"","header-below-stick-meta":"","astra-migrate-meta-layouts":"set","ast-page-background-enabled":"default","ast-page-background-meta":{"desktop":{"background-color":"","background-image":"","background-repeat":"repeat","background-position":"center center","background-size":"auto","background-attachment":"scroll","background-type":"","background-media":"","overlay-type":"","overlay-color":"","overlay-opacity":"","overlay-gradient":""},"tablet":{"background-color":"","background-image":"","background-repeat":"repeat","background-position":"center center","background-size":"auto","background-attachment":"scroll","background-type":"","background-media":"","overlay-type":"","overlay-color":"","overlay-opacity":"","overlay-gradient":""},"mobile":{"background-color":"","background-image":"","background-repeat":"repeat","background-position":"center center","background-size":"auto","background-attachment":"scroll","background-type":"","background-media":"","overlay-type":"","overlay-color":"","overlay-opacity":"","overlay-gradient":""}},"ast-content-background-meta":{"desktop":{"background-color":"var(--ast-global-color-5)","background-image":"","background-repeat":"repeat","background-position":"center center","background-size":"auto","background-attachment":"scroll","background-type":"","background-media":"","overlay-type":"","overlay-color":"","overlay-opacity":"","overlay-gradient":""},"tablet":{"background-color":"var(--ast-global-color-5)","background-image":"","background-repeat":"repeat","background-position":"center center","background-size":"auto","background-attachment":"scroll","background-type":"","background-media":"","overlay-type":"","overlay-color":"","overlay-opacity":"","overlay-gradient":""},"mobile":{"background-color":"var(--ast-global-color-5)","background-image":"","background-repeat":"repeat","background-position":"center center","background-size":"auto","background-attachment":"scroll","background-type":"","background-media":"","overlay-type":"","overlay-color":"","overlay-opacity":"","overlay-gradient":""}},"_joinchat":[]},"product_brand":[],"product_cat":[2195,2212,2011,2070,2073,2015,1707,2067,2099],"product_tag":[],"class_list":{"0":"post-1490","1":"product","2":"type-product","3":"status-publish","4":"has-post-thumbnail","6":"product_cat-italia","7":"product_cat-emilia-romagna","8":"product_cat-acceto-balsamico-di-modena","9":"product_cat-2000-ml-tamano-vinagre","10":"product_cat-de-1000-a-1999-precio-vinagre","11":"product_cat-re-modena","12":"product_cat-balsamico-trufa","13":"product_cat-vinagre-balsamico","14":"product_cat-re-moderna","15":"product_shipping_class-mensajeria","16":"desktop-align-center","17":"tablet-align-center","18":"mobile-align-center","19":"ast-product-gallery-layout-horizontal-slider","20":"ast-product-gallery-with-no-image","21":"ast-product-tabs-layout-horizontal","22":"ast-qv-on-image","24":"first","25":"instock","26":"taxable","27":"shipping-taxable","28":"purchasable","29":"product-type-simple"},"yoast_head":"<!-- This site is optimized with the Yoast SEO plugin v26.3 - https:\/\/yoast.com\/wordpress\/plugins\/seo\/ -->\n<title>VINAGRE BALS\u00c1MICO TRUFA 2 LT - Vinopolis Intrepid Wine - Vinagre<\/title>\n<meta name=\"description\" content=\"VINAGRE BALS\u00c1MICO TRUFA 2 LT - Trufa - Vinagre Bals\u00e1mico - Vinopolis - Env\u00edos a todo M\u00e9xico\" \/>\n<meta name=\"robots\" content=\"index, follow, max-snippet:-1, max-image-preview:large, max-video-preview:-1\" \/>\n<link rel=\"canonical\" href=\"https:\/\/vinopolis.mx\/en\/product\/vinagre-balsamico-trufa-2-lt\/\" \/>\n<meta property=\"og:locale\" content=\"en_US\" \/>\n<meta property=\"og:type\" content=\"article\" \/>\n<meta property=\"og:title\" content=\"VINAGRE BALS\u00c1MICO TRUFA 2 LT - Vinopolis Intrepid Wine - Vinagre\" \/>\n<meta property=\"og:description\" content=\"VINAGRE BALS\u00c1MICO TRUFA 2 LT - Trufa - Vinagre Bals\u00e1mico - Vinopolis - Env\u00edos a todo M\u00e9xico\" \/>\n<meta property=\"og:url\" content=\"https:\/\/vinopolis.mx\/en\/product\/vinagre-balsamico-trufa-2-lt\/\" \/>\n<meta property=\"og:site_name\" content=\"Vinopolis\" \/>\n<meta property=\"article:modified_time\" content=\"2026-03-30T21:58:08+00:00\" \/>\n<meta property=\"og:image\" content=\"https:\/\/vinopolis.mx\/wp-content\/uploads\/2023\/10\/BALSAMICO-TRUFA.png\" \/>\n\t<meta property=\"og:image:width\" content=\"400\" \/>\n\t<meta property=\"og:image:height\" content=\"608\" \/>\n\t<meta property=\"og:image:type\" content=\"image\/png\" \/>\n<meta name=\"twitter:card\" content=\"summary_large_image\" \/>\n<meta name=\"twitter:label1\" content=\"Est. reading time\" \/>\n\t<meta name=\"twitter:data1\" content=\"1 minute\" \/>\n<script type=\"application\/ld+json\" class=\"yoast-schema-graph\">{\"@context\":\"https:\/\/schema.org\",\"@graph\":[{\"@type\":\"WebPage\",\"@id\":\"https:\/\/vinopolis.mx\/producto\/vinagre-balsamico-trufa-2-lt\/\",\"url\":\"https:\/\/vinopolis.mx\/producto\/vinagre-balsamico-trufa-2-lt\/\",\"name\":\"VINAGRE BALS\u00c1MICO TRUFA 2 LT - Vinopolis Intrepid Wine - Vinagre\",\"isPartOf\":{\"@id\":\"https:\/\/vinopolis.mx\/#website\"},\"primaryImageOfPage\":{\"@id\":\"https:\/\/vinopolis.mx\/producto\/vinagre-balsamico-trufa-2-lt\/#primaryimage\"},\"image\":{\"@id\":\"https:\/\/vinopolis.mx\/producto\/vinagre-balsamico-trufa-2-lt\/#primaryimage\"},\"thumbnailUrl\":\"https:\/\/vinopolis.mx\/wp-content\/uploads\/2023\/10\/BALSAMICO-TRUFA.png\",\"datePublished\":\"2023-10-09T20:10:31+00:00\",\"dateModified\":\"2026-03-30T21:58:08+00:00\",\"description\":\"VINAGRE BALS\u00c1MICO TRUFA 2 LT - Trufa - Vinagre Bals\u00e1mico - Vinopolis - Env\u00edos a todo M\u00e9xico\",\"breadcrumb\":{\"@id\":\"https:\/\/vinopolis.mx\/producto\/vinagre-balsamico-trufa-2-lt\/#breadcrumb\"},\"inLanguage\":\"en-US\",\"potentialAction\":[{\"@type\":\"ReadAction\",\"target\":[\"https:\/\/vinopolis.mx\/producto\/vinagre-balsamico-trufa-2-lt\/\"]}]},{\"@type\":\"ImageObject\",\"inLanguage\":\"en-US\",\"@id\":\"https:\/\/vinopolis.mx\/producto\/vinagre-balsamico-trufa-2-lt\/#primaryimage\",\"url\":\"https:\/\/vinopolis.mx\/wp-content\/uploads\/2023\/10\/BALSAMICO-TRUFA.png\",\"contentUrl\":\"https:\/\/vinopolis.mx\/wp-content\/uploads\/2023\/10\/BALSAMICO-TRUFA.png\",\"width\":400,\"height\":608},{\"@type\":\"BreadcrumbList\",\"@id\":\"https:\/\/vinopolis.mx\/producto\/vinagre-balsamico-trufa-2-lt\/#breadcrumb\",\"itemListElement\":[{\"@type\":\"ListItem\",\"position\":1,\"name\":\"Inicio\",\"item\":\"https:\/\/vinopolis.mx\/\"},{\"@type\":\"ListItem\",\"position\":2,\"name\":\"Shop\",\"item\":\"https:\/\/vinopolis.mx\/shop\/\"},{\"@type\":\"ListItem\",\"position\":3,\"name\":\"VINAGRE BALS\u00c1MICO TRUFA 2 LT\"}]},{\"@type\":\"WebSite\",\"@id\":\"https:\/\/vinopolis.mx\/#website\",\"url\":\"https:\/\/vinopolis.mx\/\",\"name\":\"Vinopolis\",\"description\":\"Intrepid Wines Collection\",\"publisher\":{\"@id\":\"https:\/\/vinopolis.mx\/#organization\"},\"potentialAction\":[{\"@type\":\"SearchAction\",\"target\":{\"@type\":\"EntryPoint\",\"urlTemplate\":\"https:\/\/vinopolis.mx\/?s={search_term_string}\"},\"query-input\":{\"@type\":\"PropertyValueSpecification\",\"valueRequired\":true,\"valueName\":\"search_term_string\"}}],\"inLanguage\":\"en-US\"},{\"@type\":\"Organization\",\"@id\":\"https:\/\/vinopolis.mx\/#organization\",\"name\":\"Vinopolis\",\"url\":\"https:\/\/vinopolis.mx\/\",\"logo\":{\"@type\":\"ImageObject\",\"inLanguage\":\"en-US\",\"@id\":\"https:\/\/vinopolis.mx\/#\/schema\/logo\/image\/\",\"url\":\"https:\/\/vinopolis.mx\/wp-content\/uploads\/2025\/08\/vinopolis_logo-25.png\",\"contentUrl\":\"https:\/\/vinopolis.mx\/wp-content\/uploads\/2025\/08\/vinopolis_logo-25.png\",\"width\":1835,\"height\":281,\"caption\":\"Vinopolis\"},\"image\":{\"@id\":\"https:\/\/vinopolis.mx\/#\/schema\/logo\/image\/\"}}]}<\/script>\n<!-- \/ Yoast SEO plugin. -->","yoast_head_json":{"title":"VINAGRE BALS\u00c1MICO TRUFA 2 LT - Vinopolis Intrepid Wine - Vinagre","description":"VINAGRE BALS\u00c1MICO TRUFA 2 LT - Trufa - Vinagre Bals\u00e1mico - Vinopolis - Env\u00edos a todo M\u00e9xico","robots":{"index":"index","follow":"follow","max-snippet":"max-snippet:-1","max-image-preview":"max-image-preview:large","max-video-preview":"max-video-preview:-1"},"canonical":"https:\/\/vinopolis.mx\/en\/product\/vinagre-balsamico-trufa-2-lt\/","og_locale":"en_US","og_type":"article","og_title":"VINAGRE BALS\u00c1MICO TRUFA 2 LT - Vinopolis Intrepid Wine - Vinagre","og_description":"VINAGRE BALS\u00c1MICO TRUFA 2 LT - Trufa - Vinagre Bals\u00e1mico - Vinopolis - Env\u00edos a todo M\u00e9xico","og_url":"https:\/\/vinopolis.mx\/en\/product\/vinagre-balsamico-trufa-2-lt\/","og_site_name":"Vinopolis","article_modified_time":"2026-03-30T21:58:08+00:00","og_image":[{"width":400,"height":608,"url":"https:\/\/vinopolis.mx\/wp-content\/uploads\/2023\/10\/BALSAMICO-TRUFA.png","type":"image\/png"}],"twitter_card":"summary_large_image","twitter_misc":{"Est. reading time":"1 minute"},"schema":{"@context":"https:\/\/schema.org","@graph":[{"@type":"WebPage","@id":"https:\/\/vinopolis.mx\/producto\/vinagre-balsamico-trufa-2-lt\/","url":"https:\/\/vinopolis.mx\/producto\/vinagre-balsamico-trufa-2-lt\/","name":"VINAGRE BALS\u00c1MICO TRUFA 2 LT - Vinopolis Intrepid Wine - Vinagre","isPartOf":{"@id":"https:\/\/vinopolis.mx\/#website"},"primaryImageOfPage":{"@id":"https:\/\/vinopolis.mx\/producto\/vinagre-balsamico-trufa-2-lt\/#primaryimage"},"image":{"@id":"https:\/\/vinopolis.mx\/producto\/vinagre-balsamico-trufa-2-lt\/#primaryimage"},"thumbnailUrl":"https:\/\/vinopolis.mx\/wp-content\/uploads\/2023\/10\/BALSAMICO-TRUFA.png","datePublished":"2023-10-09T20:10:31+00:00","dateModified":"2026-03-30T21:58:08+00:00","description":"VINAGRE BALS\u00c1MICO TRUFA 2 LT - Trufa - Vinagre Bals\u00e1mico - Vinopolis - Env\u00edos a todo M\u00e9xico","breadcrumb":{"@id":"https:\/\/vinopolis.mx\/producto\/vinagre-balsamico-trufa-2-lt\/#breadcrumb"},"inLanguage":"en-US","potentialAction":[{"@type":"ReadAction","target":["https:\/\/vinopolis.mx\/producto\/vinagre-balsamico-trufa-2-lt\/"]}]},{"@type":"ImageObject","inLanguage":"en-US","@id":"https:\/\/vinopolis.mx\/producto\/vinagre-balsamico-trufa-2-lt\/#primaryimage","url":"https:\/\/vinopolis.mx\/wp-content\/uploads\/2023\/10\/BALSAMICO-TRUFA.png","contentUrl":"https:\/\/vinopolis.mx\/wp-content\/uploads\/2023\/10\/BALSAMICO-TRUFA.png","width":400,"height":608},{"@type":"BreadcrumbList","@id":"https:\/\/vinopolis.mx\/producto\/vinagre-balsamico-trufa-2-lt\/#breadcrumb","itemListElement":[{"@type":"ListItem","position":1,"name":"Inicio","item":"https:\/\/vinopolis.mx\/"},{"@type":"ListItem","position":2,"name":"Shop","item":"https:\/\/vinopolis.mx\/shop\/"},{"@type":"ListItem","position":3,"name":"VINAGRE BALS\u00c1MICO TRUFA 2 LT"}]},{"@type":"WebSite","@id":"https:\/\/vinopolis.mx\/#website","url":"https:\/\/vinopolis.mx\/","name":"Vinopolis","description":"Intrepid Wines Collection","publisher":{"@id":"https:\/\/vinopolis.mx\/#organization"},"potentialAction":[{"@type":"SearchAction","target":{"@type":"EntryPoint","urlTemplate":"https:\/\/vinopolis.mx\/?s={search_term_string}"},"query-input":{"@type":"PropertyValueSpecification","valueRequired":true,"valueName":"search_term_string"}}],"inLanguage":"en-US"},{"@type":"Organization","@id":"https:\/\/vinopolis.mx\/#organization","name":"Vinopolis","url":"https:\/\/vinopolis.mx\/","logo":{"@type":"ImageObject","inLanguage":"en-US","@id":"https:\/\/vinopolis.mx\/#\/schema\/logo\/image\/","url":"https:\/\/vinopolis.mx\/wp-content\/uploads\/2025\/08\/vinopolis_logo-25.png","contentUrl":"https:\/\/vinopolis.mx\/wp-content\/uploads\/2025\/08\/vinopolis_logo-25.png","width":1835,"height":281,"caption":"Vinopolis"},"image":{"@id":"https:\/\/vinopolis.mx\/#\/schema\/logo\/image\/"}}]}},"_links":{"self":[{"href":"https:\/\/vinopolis.mx\/en\/wp-json\/wp\/v2\/product\/1490","targetHints":{"allow":["GET"]}}],"collection":[{"href":"https:\/\/vinopolis.mx\/en\/wp-json\/wp\/v2\/product"}],"about":[{"href":"https:\/\/vinopolis.mx\/en\/wp-json\/wp\/v2\/types\/product"}],"version-history":[{"count":5,"href":"https:\/\/vinopolis.mx\/en\/wp-json\/wp\/v2\/product\/1490\/revisions"}],"predecessor-version":[{"id":20806,"href":"https:\/\/vinopolis.mx\/en\/wp-json\/wp\/v2\/product\/1490\/revisions\/20806"}],"wp:featuredmedia":[{"embeddable":true,"href":"https:\/\/vinopolis.mx\/en\/wp-json\/wp\/v2\/media\/1517"}],"wp:attachment":[{"href":"https:\/\/vinopolis.mx\/en\/wp-json\/wp\/v2\/media?parent=1490"}],"wp:term":[{"taxonomy":"product_brand","embeddable":true,"href":"https:\/\/vinopolis.mx\/en\/wp-json\/wp\/v2\/product_brand?post=1490"},{"taxonomy":"product_cat","embeddable":true,"href":"https:\/\/vinopolis.mx\/en\/wp-json\/wp\/v2\/product_cat?post=1490"},{"taxonomy":"product_tag","embeddable":true,"href":"https:\/\/vinopolis.mx\/en\/wp-json\/wp\/v2\/product_tag?post=1490"}],"curies":[{"name":"wp","href":"https:\/\/api.w.org\/{rel}","templated":true}]}}