{"id":1489,"date":"2023-10-09T20:10:31","date_gmt":"2023-10-09T20:10:31","guid":{"rendered":"https:\/\/vinopolis.mx\/?post_type=product&#038;p=1489"},"modified":"2026-03-30T16:58:07","modified_gmt":"2026-03-30T21:58:07","slug":"vinagre-balsamico-organico","status":"publish","type":"product","link":"https:\/\/vinopolis.mx\/en\/product\/vinagre-balsamico-organico\/","title":{"rendered":"ORGANIC BALSAMIC VINEGAR"},"content":{"rendered":"","protected":false},"excerpt":{"rendered":"<p><b><span class=\"citation-49\">Descripci\u00f3n<br \/>\n<\/span><\/b><span class=\"citation-49 citation-end-49\">El Sello Verde ReModena es la excelencia del vinagre bals\u00e1mico de M\u00f3dena I.G.P. Es el espl\u00e9ndido resultado de un largo per\u00edodo de reposo en barricas de roble, donde la esencia de la madera ha creado un producto delicioso.<\/span> El Sello Verde es verificado repetidamente en todos sus pasos y ha superado los controles de los institutos reguladores. Todo esto garantiza que este producto madure y se desarrolle con respeto y en la tradici\u00f3n de la tierra de origen. Una receta \u00fanica que ha encontrado su maridaje ideal tanto en platos dulces como salados.<\/p>\n<p><b><span class=\"citation-48\">Caracter\u00edsticas Organol\u00e9pticas<\/span><\/b><span class=\"citation-48 citation-end-48\"><br \/>\nA la vista es denso, de un color marr\u00f3n brillante.<\/span> <span class=\"citation-47 citation-end-47\">En nariz, un aroma complejo, intenso y agradable, con notas afrutadas y amaderadas.<\/span> Al gusto, un sabor armonioso, redondo, equilibrado y persistente.<\/p>\n<p><b>Ingredientes<br \/>\n<\/b>Mosto de uva cocido org\u00e1nico, vinagre de vino org\u00e1nico.<\/p>\n<p><b>Maridajes recomendados<br \/>\n<\/b>Ensaladas, verduras crudas y cocidas, carne a la parrilla, quesos, carnes cocidas y asadas, pescado, macedonia de frutas, fresas, yogur, helado.<\/p>","protected":false},"featured_media":1516,"template":"","meta":{"site-sidebar-layout":"default","site-content-layout":"","ast-site-content-layout":"default","site-content-style":"default","site-sidebar-style":"default","ast-global-header-display":"","ast-banner-title-visibility":"","ast-main-header-display":"","ast-hfb-above-header-display":"","ast-hfb-below-header-display":"","ast-hfb-mobile-header-display":"","site-post-title":"","ast-breadcrumbs-content":"","ast-featured-img":"","footer-sml-layout":"","theme-transparent-header-meta":"default","adv-header-id-meta":"","stick-header-meta":"","header-above-stick-meta":"","header-main-stick-meta":"","header-below-stick-meta":"","astra-migrate-meta-layouts":"set","ast-page-background-enabled":"default","ast-page-background-meta":{"desktop":{"background-color":"","background-image":"","background-repeat":"repeat","background-position":"center center","background-size":"auto","background-attachment":"scroll","background-type":"","background-media":"","overlay-type":"","overlay-color":"","overlay-opacity":"","overlay-gradient":""},"tablet":{"background-color":"","background-image":"","background-repeat":"repeat","background-position":"center center","background-size":"auto","background-attachment":"scroll","background-type":"","background-media":"","overlay-type":"","overlay-color":"","overlay-opacity":"","overlay-gradient":""},"mobile":{"background-color":"","background-image":"","background-repeat":"repeat","background-position":"center center","background-size":"auto","background-attachment":"scroll","background-type":"","background-media":"","overlay-type":"","overlay-color":"","overlay-opacity":"","overlay-gradient":""}},"ast-content-background-meta":{"desktop":{"background-color":"var(--ast-global-color-5)","background-image":"","background-repeat":"repeat","background-position":"center center","background-size":"auto","background-attachment":"scroll","background-type":"","background-media":"","overlay-type":"","overlay-color":"","overlay-opacity":"","overlay-gradient":""},"tablet":{"background-color":"var(--ast-global-color-5)","background-image":"","background-repeat":"repeat","background-position":"center center","background-size":"auto","background-attachment":"scroll","background-type":"","background-media":"","overlay-type":"","overlay-color":"","overlay-opacity":"","overlay-gradient":""},"mobile":{"background-color":"var(--ast-global-color-5)","background-image":"","background-repeat":"repeat","background-position":"center center","background-size":"auto","background-attachment":"scroll","background-type":"","background-media":"","overlay-type":"","overlay-color":"","overlay-opacity":"","overlay-gradient":""}},"_joinchat":[]},"product_brand":[],"product_cat":[2195,2212,2069,2072,2011,1705,2067,2099],"product_tag":[],"class_list":{"0":"post-1489","1":"product","2":"type-product","3":"status-publish","4":"has-post-thumbnail","6":"product_cat-italia","7":"product_cat-emilia-romagna","8":"product_cat-250-ml-tamano-vinagre","9":"product_cat-de-300-a-999-precio-vinagre","10":"product_cat-acceto-balsamico-di-modena","11":"product_cat-balsamico-organico","12":"product_cat-vinagre-balsamico","13":"product_cat-re-moderna","14":"product_shipping_class-mensajeria","15":"desktop-align-center","16":"tablet-align-center","17":"mobile-align-center","18":"ast-product-gallery-layout-horizontal-slider","19":"ast-product-gallery-with-no-image","20":"ast-product-tabs-layout-horizontal","21":"ast-qv-on-image","23":"first","24":"instock","25":"taxable","26":"shipping-taxable","27":"purchasable","28":"product-type-simple"},"yoast_head":"<!-- This site is optimized with the Yoast SEO plugin v26.3 - https:\/\/yoast.com\/wordpress\/plugins\/seo\/ -->\n<title>VINAGRE BALS\u00c1MICO ORG\u00c1NICO - Vinopolis<\/title>\n<meta name=\"robots\" content=\"index, follow, max-snippet:-1, max-image-preview:large, max-video-preview:-1\" \/>\n<link rel=\"canonical\" href=\"https:\/\/vinopolis.mx\/en\/product\/vinagre-balsamico-organico\/\" \/>\n<meta property=\"og:locale\" content=\"en_US\" \/>\n<meta property=\"og:type\" content=\"article\" \/>\n<meta property=\"og:title\" content=\"VINAGRE BALS\u00c1MICO ORG\u00c1NICO - Vinopolis\" \/>\n<meta property=\"og:description\" content=\"Descripci\u00f3n El Sello Verde ReModena es la excelencia del vinagre bals\u00e1mico de M\u00f3dena I.G.P. Es el espl\u00e9ndido resultado de un largo per\u00edodo de reposo en barricas de roble, donde la esencia de la madera ha creado un producto delicioso. El Sello Verde es verificado repetidamente en todos sus pasos y ha superado los controles de los institutos reguladores. Todo esto garantiza que este producto madure y se desarrolle con respeto y en la tradici\u00f3n de la tierra de origen. Una receta \u00fanica que ha encontrado su maridaje ideal tanto en platos dulces como salados.  Caracter\u00edsticas Organol\u00e9pticas A la vista es denso, de un color marr\u00f3n brillante. En nariz, un aroma complejo, intenso y agradable, con notas afrutadas y amaderadas. Al gusto, un sabor armonioso, redondo, equilibrado y persistente.  Ingredientes Mosto de uva cocido org\u00e1nico, vinagre de vino org\u00e1nico.  Maridajes recomendados Ensaladas, verduras crudas y cocidas, carne a la parrilla, quesos, carnes cocidas y asadas, pescado, macedonia de frutas, fresas, yogur, helado.\" \/>\n<meta property=\"og:url\" content=\"https:\/\/vinopolis.mx\/en\/product\/vinagre-balsamico-organico\/\" \/>\n<meta property=\"og:site_name\" content=\"Vinopolis\" \/>\n<meta property=\"article:modified_time\" content=\"2026-03-30T21:58:07+00:00\" \/>\n<meta property=\"og:image\" content=\"https:\/\/vinopolis.mx\/wp-content\/uploads\/2023\/10\/BALSAMICO-ORGANICO.png\" \/>\n\t<meta property=\"og:image:width\" content=\"400\" \/>\n\t<meta property=\"og:image:height\" content=\"608\" \/>\n\t<meta property=\"og:image:type\" content=\"image\/png\" \/>\n<meta name=\"twitter:card\" content=\"summary_large_image\" \/>\n<meta name=\"twitter:label1\" content=\"Est. reading time\" \/>\n\t<meta name=\"twitter:data1\" content=\"1 minute\" \/>\n<script type=\"application\/ld+json\" class=\"yoast-schema-graph\">{\"@context\":\"https:\/\/schema.org\",\"@graph\":[{\"@type\":\"WebPage\",\"@id\":\"https:\/\/vinopolis.mx\/producto\/vinagre-balsamico-organico\/\",\"url\":\"https:\/\/vinopolis.mx\/producto\/vinagre-balsamico-organico\/\",\"name\":\"VINAGRE BALS\u00c1MICO ORG\u00c1NICO - Vinopolis\",\"isPartOf\":{\"@id\":\"https:\/\/vinopolis.mx\/#website\"},\"primaryImageOfPage\":{\"@id\":\"https:\/\/vinopolis.mx\/producto\/vinagre-balsamico-organico\/#primaryimage\"},\"image\":{\"@id\":\"https:\/\/vinopolis.mx\/producto\/vinagre-balsamico-organico\/#primaryimage\"},\"thumbnailUrl\":\"https:\/\/vinopolis.mx\/wp-content\/uploads\/2023\/10\/BALSAMICO-ORGANICO.png\",\"datePublished\":\"2023-10-09T20:10:31+00:00\",\"dateModified\":\"2026-03-30T21:58:07+00:00\",\"breadcrumb\":{\"@id\":\"https:\/\/vinopolis.mx\/producto\/vinagre-balsamico-organico\/#breadcrumb\"},\"inLanguage\":\"en-US\",\"potentialAction\":[{\"@type\":\"ReadAction\",\"target\":[\"https:\/\/vinopolis.mx\/producto\/vinagre-balsamico-organico\/\"]}]},{\"@type\":\"ImageObject\",\"inLanguage\":\"en-US\",\"@id\":\"https:\/\/vinopolis.mx\/producto\/vinagre-balsamico-organico\/#primaryimage\",\"url\":\"https:\/\/vinopolis.mx\/wp-content\/uploads\/2023\/10\/BALSAMICO-ORGANICO.png\",\"contentUrl\":\"https:\/\/vinopolis.mx\/wp-content\/uploads\/2023\/10\/BALSAMICO-ORGANICO.png\",\"width\":400,\"height\":608},{\"@type\":\"BreadcrumbList\",\"@id\":\"https:\/\/vinopolis.mx\/producto\/vinagre-balsamico-organico\/#breadcrumb\",\"itemListElement\":[{\"@type\":\"ListItem\",\"position\":1,\"name\":\"Inicio\",\"item\":\"https:\/\/vinopolis.mx\/\"},{\"@type\":\"ListItem\",\"position\":2,\"name\":\"Shop\",\"item\":\"https:\/\/vinopolis.mx\/shop\/\"},{\"@type\":\"ListItem\",\"position\":3,\"name\":\"VINAGRE BALS\u00c1MICO ORG\u00c1NICO\"}]},{\"@type\":\"WebSite\",\"@id\":\"https:\/\/vinopolis.mx\/#website\",\"url\":\"https:\/\/vinopolis.mx\/\",\"name\":\"Vinopolis\",\"description\":\"Intrepid Wines Collection\",\"publisher\":{\"@id\":\"https:\/\/vinopolis.mx\/#organization\"},\"potentialAction\":[{\"@type\":\"SearchAction\",\"target\":{\"@type\":\"EntryPoint\",\"urlTemplate\":\"https:\/\/vinopolis.mx\/?s={search_term_string}\"},\"query-input\":{\"@type\":\"PropertyValueSpecification\",\"valueRequired\":true,\"valueName\":\"search_term_string\"}}],\"inLanguage\":\"en-US\"},{\"@type\":\"Organization\",\"@id\":\"https:\/\/vinopolis.mx\/#organization\",\"name\":\"Vinopolis\",\"url\":\"https:\/\/vinopolis.mx\/\",\"logo\":{\"@type\":\"ImageObject\",\"inLanguage\":\"en-US\",\"@id\":\"https:\/\/vinopolis.mx\/#\/schema\/logo\/image\/\",\"url\":\"https:\/\/vinopolis.mx\/wp-content\/uploads\/2025\/08\/vinopolis_logo-25.png\",\"contentUrl\":\"https:\/\/vinopolis.mx\/wp-content\/uploads\/2025\/08\/vinopolis_logo-25.png\",\"width\":1835,\"height\":281,\"caption\":\"Vinopolis\"},\"image\":{\"@id\":\"https:\/\/vinopolis.mx\/#\/schema\/logo\/image\/\"}}]}<\/script>\n<!-- \/ Yoast SEO plugin. -->","yoast_head_json":{"title":"VINAGRE BALS\u00c1MICO ORG\u00c1NICO - Vinopolis","robots":{"index":"index","follow":"follow","max-snippet":"max-snippet:-1","max-image-preview":"max-image-preview:large","max-video-preview":"max-video-preview:-1"},"canonical":"https:\/\/vinopolis.mx\/en\/product\/vinagre-balsamico-organico\/","og_locale":"en_US","og_type":"article","og_title":"VINAGRE BALS\u00c1MICO ORG\u00c1NICO - Vinopolis","og_description":"Descripci\u00f3n El Sello Verde ReModena es la excelencia del vinagre bals\u00e1mico de M\u00f3dena I.G.P. Es el espl\u00e9ndido resultado de un largo per\u00edodo de reposo en barricas de roble, donde la esencia de la madera ha creado un producto delicioso. El Sello Verde es verificado repetidamente en todos sus pasos y ha superado los controles de los institutos reguladores. Todo esto garantiza que este producto madure y se desarrolle con respeto y en la tradici\u00f3n de la tierra de origen. Una receta \u00fanica que ha encontrado su maridaje ideal tanto en platos dulces como salados.  Caracter\u00edsticas Organol\u00e9pticas A la vista es denso, de un color marr\u00f3n brillante. En nariz, un aroma complejo, intenso y agradable, con notas afrutadas y amaderadas. Al gusto, un sabor armonioso, redondo, equilibrado y persistente.  Ingredientes Mosto de uva cocido org\u00e1nico, vinagre de vino org\u00e1nico.  Maridajes recomendados Ensaladas, verduras crudas y cocidas, carne a la parrilla, quesos, carnes cocidas y asadas, pescado, macedonia de frutas, fresas, yogur, helado.","og_url":"https:\/\/vinopolis.mx\/en\/product\/vinagre-balsamico-organico\/","og_site_name":"Vinopolis","article_modified_time":"2026-03-30T21:58:07+00:00","og_image":[{"width":400,"height":608,"url":"https:\/\/vinopolis.mx\/wp-content\/uploads\/2023\/10\/BALSAMICO-ORGANICO.png","type":"image\/png"}],"twitter_card":"summary_large_image","twitter_misc":{"Est. reading time":"1 minute"},"schema":{"@context":"https:\/\/schema.org","@graph":[{"@type":"WebPage","@id":"https:\/\/vinopolis.mx\/producto\/vinagre-balsamico-organico\/","url":"https:\/\/vinopolis.mx\/producto\/vinagre-balsamico-organico\/","name":"VINAGRE BALS\u00c1MICO ORG\u00c1NICO - Vinopolis","isPartOf":{"@id":"https:\/\/vinopolis.mx\/#website"},"primaryImageOfPage":{"@id":"https:\/\/vinopolis.mx\/producto\/vinagre-balsamico-organico\/#primaryimage"},"image":{"@id":"https:\/\/vinopolis.mx\/producto\/vinagre-balsamico-organico\/#primaryimage"},"thumbnailUrl":"https:\/\/vinopolis.mx\/wp-content\/uploads\/2023\/10\/BALSAMICO-ORGANICO.png","datePublished":"2023-10-09T20:10:31+00:00","dateModified":"2026-03-30T21:58:07+00:00","breadcrumb":{"@id":"https:\/\/vinopolis.mx\/producto\/vinagre-balsamico-organico\/#breadcrumb"},"inLanguage":"en-US","potentialAction":[{"@type":"ReadAction","target":["https:\/\/vinopolis.mx\/producto\/vinagre-balsamico-organico\/"]}]},{"@type":"ImageObject","inLanguage":"en-US","@id":"https:\/\/vinopolis.mx\/producto\/vinagre-balsamico-organico\/#primaryimage","url":"https:\/\/vinopolis.mx\/wp-content\/uploads\/2023\/10\/BALSAMICO-ORGANICO.png","contentUrl":"https:\/\/vinopolis.mx\/wp-content\/uploads\/2023\/10\/BALSAMICO-ORGANICO.png","width":400,"height":608},{"@type":"BreadcrumbList","@id":"https:\/\/vinopolis.mx\/producto\/vinagre-balsamico-organico\/#breadcrumb","itemListElement":[{"@type":"ListItem","position":1,"name":"Inicio","item":"https:\/\/vinopolis.mx\/"},{"@type":"ListItem","position":2,"name":"Shop","item":"https:\/\/vinopolis.mx\/shop\/"},{"@type":"ListItem","position":3,"name":"VINAGRE BALS\u00c1MICO ORG\u00c1NICO"}]},{"@type":"WebSite","@id":"https:\/\/vinopolis.mx\/#website","url":"https:\/\/vinopolis.mx\/","name":"Vinopolis","description":"Intrepid Wines Collection","publisher":{"@id":"https:\/\/vinopolis.mx\/#organization"},"potentialAction":[{"@type":"SearchAction","target":{"@type":"EntryPoint","urlTemplate":"https:\/\/vinopolis.mx\/?s={search_term_string}"},"query-input":{"@type":"PropertyValueSpecification","valueRequired":true,"valueName":"search_term_string"}}],"inLanguage":"en-US"},{"@type":"Organization","@id":"https:\/\/vinopolis.mx\/#organization","name":"Vinopolis","url":"https:\/\/vinopolis.mx\/","logo":{"@type":"ImageObject","inLanguage":"en-US","@id":"https:\/\/vinopolis.mx\/#\/schema\/logo\/image\/","url":"https:\/\/vinopolis.mx\/wp-content\/uploads\/2025\/08\/vinopolis_logo-25.png","contentUrl":"https:\/\/vinopolis.mx\/wp-content\/uploads\/2025\/08\/vinopolis_logo-25.png","width":1835,"height":281,"caption":"Vinopolis"},"image":{"@id":"https:\/\/vinopolis.mx\/#\/schema\/logo\/image\/"}}]}},"_links":{"self":[{"href":"https:\/\/vinopolis.mx\/en\/wp-json\/wp\/v2\/product\/1489","targetHints":{"allow":["GET"]}}],"collection":[{"href":"https:\/\/vinopolis.mx\/en\/wp-json\/wp\/v2\/product"}],"about":[{"href":"https:\/\/vinopolis.mx\/en\/wp-json\/wp\/v2\/types\/product"}],"version-history":[{"count":5,"href":"https:\/\/vinopolis.mx\/en\/wp-json\/wp\/v2\/product\/1489\/revisions"}],"predecessor-version":[{"id":20805,"href":"https:\/\/vinopolis.mx\/en\/wp-json\/wp\/v2\/product\/1489\/revisions\/20805"}],"wp:featuredmedia":[{"embeddable":true,"href":"https:\/\/vinopolis.mx\/en\/wp-json\/wp\/v2\/media\/1516"}],"wp:attachment":[{"href":"https:\/\/vinopolis.mx\/en\/wp-json\/wp\/v2\/media?parent=1489"}],"wp:term":[{"taxonomy":"product_brand","embeddable":true,"href":"https:\/\/vinopolis.mx\/en\/wp-json\/wp\/v2\/product_brand?post=1489"},{"taxonomy":"product_cat","embeddable":true,"href":"https:\/\/vinopolis.mx\/en\/wp-json\/wp\/v2\/product_cat?post=1489"},{"taxonomy":"product_tag","embeddable":true,"href":"https:\/\/vinopolis.mx\/en\/wp-json\/wp\/v2\/product_tag?post=1489"}],"curies":[{"name":"wp","href":"https:\/\/api.w.org\/{rel}","templated":true}]}}