{"id":1488,"date":"2023-10-09T20:10:31","date_gmt":"2023-10-09T20:10:31","guid":{"rendered":"https:\/\/vinopolis.mx\/?post_type=product&#038;p=1488"},"modified":"2026-03-30T16:58:07","modified_gmt":"2026-03-30T21:58:07","slug":"vinagre-balsamico","status":"publish","type":"product","link":"https:\/\/vinopolis.mx\/en\/product\/vinagre-balsamico\/","title":{"rendered":"VINAGRE BALS\u00c1MICO"},"content":{"rendered":"","protected":false},"excerpt":{"rendered":"<p><b><span class=\"citation-43\">Descripci\u00f3n<br \/>\n<\/span><\/b><span class=\"citation-43 citation-end-43\">El Sello Verde ReModena es la excelencia del vinagre bals\u00e1mico.<\/span> <span class=\"citation-42 citation-end-42\">Es el espl\u00e9ndido resultado de un largo per\u00edodo de reposo en barricas de roble, donde los taninos y la esencia de la madera han creado ese producto m\u00e1gico que es reconocido en todas las mesas del mundo.<\/span> El Sello Verde es verificado repetidamente en todos sus pasos y ha superado los controles de los institutos reguladores. Todo esto garantiza que este producto madure y se desarrolle con el respeto y la tradici\u00f3n de su tierra de origen. Una receta \u00fanica que ha encontrado su maridaje ideal tanto en platos dulces como salados.<\/p>\n<p><b><span class=\"citation-41\">Caracter\u00edsticas<br \/>\n<\/span><\/b><span class=\"citation-41 citation-end-41\">\u00a0A la vista es denso, de un color marr\u00f3n brillante.<\/span> <span class=\"citation-40 citation-end-40\">En nariz, un aroma complejo, intenso y agradable, con notas afrutadas y amaderadas.<\/span>Al gusto, un sabor armonioso, redondo, equilibrado y persistente.<\/p>\n<p><b><span class=\"citation-39\">Ingredientes<br \/>\n<\/span><\/b><span class=\"citation-39 citation-end-39\">Mosto de uva cocido, vinagre de vino.<\/span><\/p>\n<p><b>Maridajes recomendados<br \/>\n<\/b>Ensaladas, verduras crudas y cocidas, carne a la parrilla, quesos, carnes cocidas y asadas, pescado, macedonia de frutas, fresas, yogur, helado.<\/p>\n<p><a href=\"https:\/\/vinopolis.mx\/wp-content\/uploads\/2024\/09\/3.png\">see technical sheet<\/a><\/p>","protected":false},"featured_media":1515,"template":"","meta":{"site-sidebar-layout":"default","site-content-layout":"","ast-site-content-layout":"default","site-content-style":"default","site-sidebar-style":"default","ast-global-header-display":"","ast-banner-title-visibility":"","ast-main-header-display":"","ast-hfb-above-header-display":"","ast-hfb-below-header-display":"","ast-hfb-mobile-header-display":"","site-post-title":"","ast-breadcrumbs-content":"","ast-featured-img":"","footer-sml-layout":"","theme-transparent-header-meta":"default","adv-header-id-meta":"","stick-header-meta":"","header-above-stick-meta":"","header-main-stick-meta":"","header-below-stick-meta":"","astra-migrate-meta-layouts":"set","ast-page-background-enabled":"default","ast-page-background-meta":{"desktop":{"background-color":"","background-image":"","background-repeat":"repeat","background-position":"center center","background-size":"auto","background-attachment":"scroll","background-type":"","background-media":"","overlay-type":"","overlay-color":"","overlay-opacity":"","overlay-gradient":""},"tablet":{"background-color":"","background-image":"","background-repeat":"repeat","background-position":"center center","background-size":"auto","background-attachment":"scroll","background-type":"","background-media":"","overlay-type":"","overlay-color":"","overlay-opacity":"","overlay-gradient":""},"mobile":{"background-color":"","background-image":"","background-repeat":"repeat","background-position":"center center","background-size":"auto","background-attachment":"scroll","background-type":"","background-media":"","overlay-type":"","overlay-color":"","overlay-opacity":"","overlay-gradient":""}},"ast-content-background-meta":{"desktop":{"background-color":"var(--ast-global-color-5)","background-image":"","background-repeat":"repeat","background-position":"center center","background-size":"auto","background-attachment":"scroll","background-type":"","background-media":"","overlay-type":"","overlay-color":"","overlay-opacity":"","overlay-gradient":""},"tablet":{"background-color":"var(--ast-global-color-5)","background-image":"","background-repeat":"repeat","background-position":"center center","background-size":"auto","background-attachment":"scroll","background-type":"","background-media":"","overlay-type":"","overlay-color":"","overlay-opacity":"","overlay-gradient":""},"mobile":{"background-color":"var(--ast-global-color-5)","background-image":"","background-repeat":"repeat","background-position":"center center","background-size":"auto","background-attachment":"scroll","background-type":"","background-media":"","overlay-type":"","overlay-color":"","overlay-opacity":"","overlay-gradient":""}},"_joinchat":[]},"product_brand":[],"product_cat":[2195,2212,15,1704,2011,2015,1702,2009,2099],"product_tag":[],"class_list":{"0":"post-1488","1":"product","2":"type-product","3":"status-publish","4":"has-post-thumbnail","6":"product_cat-italia","7":"product_cat-emilia-romagna","8":"product_cat-sin-categorizar","9":"product_cat-balsamico-vr","10":"product_cat-acceto-balsamico-di-modena","11":"product_cat-re-modena","12":"product_cat-olivo-balsamico","13":"product_cat-categoria-aceite","14":"product_cat-re-moderna","15":"product_shipping_class-mensajeria","16":"desktop-align-center","17":"tablet-align-center","18":"mobile-align-center","19":"ast-product-gallery-layout-horizontal-slider","20":"ast-product-gallery-with-no-image","21":"ast-product-tabs-layout-horizontal","22":"ast-qv-on-image","24":"first","25":"instock","26":"taxable","27":"shipping-taxable","28":"purchasable","29":"product-type-simple"},"yoast_head":"<!-- This site is optimized with the Yoast SEO plugin v26.3 - https:\/\/yoast.com\/wordpress\/plugins\/seo\/ -->\n<title>VINAGRE BALS\u00c1MICO - Vinopolis -<\/title>\n<meta name=\"description\" content=\"VINAGRE BALS\u00c1MICO - Lambrusco - Trebbiano - Vinopolis - Env\u00edos a todo M\u00e9xico - 250 ml - Vinagre Bals\u00e1mico\" \/>\n<meta name=\"robots\" content=\"index, follow, max-snippet:-1, max-image-preview:large, max-video-preview:-1\" \/>\n<link rel=\"canonical\" href=\"https:\/\/vinopolis.mx\/en\/product\/vinagre-balsamico\/\" \/>\n<meta property=\"og:locale\" content=\"en_US\" \/>\n<meta property=\"og:type\" content=\"article\" \/>\n<meta property=\"og:title\" content=\"VINAGRE BALS\u00c1MICO - Vinopolis -\" \/>\n<meta property=\"og:description\" content=\"VINAGRE BALS\u00c1MICO - Lambrusco - Trebbiano - Vinopolis - Env\u00edos a todo M\u00e9xico - 250 ml - Vinagre Bals\u00e1mico\" \/>\n<meta property=\"og:url\" content=\"https:\/\/vinopolis.mx\/en\/product\/vinagre-balsamico\/\" \/>\n<meta property=\"og:site_name\" content=\"Vinopolis\" \/>\n<meta property=\"article:modified_time\" content=\"2026-03-30T21:58:07+00:00\" \/>\n<meta property=\"og:image\" content=\"https:\/\/vinopolis.mx\/wp-content\/uploads\/2023\/10\/VINAGRE-BALSAMICO.png\" \/>\n\t<meta property=\"og:image:width\" content=\"400\" \/>\n\t<meta property=\"og:image:height\" content=\"608\" \/>\n\t<meta property=\"og:image:type\" content=\"image\/png\" \/>\n<meta name=\"twitter:card\" content=\"summary_large_image\" \/>\n<meta name=\"twitter:label1\" content=\"Est. reading time\" \/>\n\t<meta name=\"twitter:data1\" content=\"1 minute\" \/>\n<script type=\"application\/ld+json\" class=\"yoast-schema-graph\">{\"@context\":\"https:\/\/schema.org\",\"@graph\":[{\"@type\":\"WebPage\",\"@id\":\"https:\/\/vinopolis.mx\/producto\/vinagre-balsamico\/\",\"url\":\"https:\/\/vinopolis.mx\/producto\/vinagre-balsamico\/\",\"name\":\"VINAGRE BALS\u00c1MICO - Vinopolis -\",\"isPartOf\":{\"@id\":\"https:\/\/vinopolis.mx\/#website\"},\"primaryImageOfPage\":{\"@id\":\"https:\/\/vinopolis.mx\/producto\/vinagre-balsamico\/#primaryimage\"},\"image\":{\"@id\":\"https:\/\/vinopolis.mx\/producto\/vinagre-balsamico\/#primaryimage\"},\"thumbnailUrl\":\"https:\/\/vinopolis.mx\/wp-content\/uploads\/2023\/10\/VINAGRE-BALSAMICO.png\",\"datePublished\":\"2023-10-09T20:10:31+00:00\",\"dateModified\":\"2026-03-30T21:58:07+00:00\",\"description\":\"VINAGRE BALS\u00c1MICO - Lambrusco - Trebbiano - Vinopolis - Env\u00edos a todo M\u00e9xico - 250 ml - Vinagre Bals\u00e1mico\",\"breadcrumb\":{\"@id\":\"https:\/\/vinopolis.mx\/producto\/vinagre-balsamico\/#breadcrumb\"},\"inLanguage\":\"en-US\",\"potentialAction\":[{\"@type\":\"ReadAction\",\"target\":[\"https:\/\/vinopolis.mx\/producto\/vinagre-balsamico\/\"]}]},{\"@type\":\"ImageObject\",\"inLanguage\":\"en-US\",\"@id\":\"https:\/\/vinopolis.mx\/producto\/vinagre-balsamico\/#primaryimage\",\"url\":\"https:\/\/vinopolis.mx\/wp-content\/uploads\/2023\/10\/VINAGRE-BALSAMICO.png\",\"contentUrl\":\"https:\/\/vinopolis.mx\/wp-content\/uploads\/2023\/10\/VINAGRE-BALSAMICO.png\",\"width\":400,\"height\":608},{\"@type\":\"BreadcrumbList\",\"@id\":\"https:\/\/vinopolis.mx\/producto\/vinagre-balsamico\/#breadcrumb\",\"itemListElement\":[{\"@type\":\"ListItem\",\"position\":1,\"name\":\"Inicio\",\"item\":\"https:\/\/vinopolis.mx\/\"},{\"@type\":\"ListItem\",\"position\":2,\"name\":\"Shop\",\"item\":\"https:\/\/vinopolis.mx\/shop\/\"},{\"@type\":\"ListItem\",\"position\":3,\"name\":\"VINAGRE BALS\u00c1MICO\"}]},{\"@type\":\"WebSite\",\"@id\":\"https:\/\/vinopolis.mx\/#website\",\"url\":\"https:\/\/vinopolis.mx\/\",\"name\":\"Vinopolis\",\"description\":\"Intrepid Wines Collection\",\"publisher\":{\"@id\":\"https:\/\/vinopolis.mx\/#organization\"},\"potentialAction\":[{\"@type\":\"SearchAction\",\"target\":{\"@type\":\"EntryPoint\",\"urlTemplate\":\"https:\/\/vinopolis.mx\/?s={search_term_string}\"},\"query-input\":{\"@type\":\"PropertyValueSpecification\",\"valueRequired\":true,\"valueName\":\"search_term_string\"}}],\"inLanguage\":\"en-US\"},{\"@type\":\"Organization\",\"@id\":\"https:\/\/vinopolis.mx\/#organization\",\"name\":\"Vinopolis\",\"url\":\"https:\/\/vinopolis.mx\/\",\"logo\":{\"@type\":\"ImageObject\",\"inLanguage\":\"en-US\",\"@id\":\"https:\/\/vinopolis.mx\/#\/schema\/logo\/image\/\",\"url\":\"https:\/\/vinopolis.mx\/wp-content\/uploads\/2025\/08\/vinopolis_logo-25.png\",\"contentUrl\":\"https:\/\/vinopolis.mx\/wp-content\/uploads\/2025\/08\/vinopolis_logo-25.png\",\"width\":1835,\"height\":281,\"caption\":\"Vinopolis\"},\"image\":{\"@id\":\"https:\/\/vinopolis.mx\/#\/schema\/logo\/image\/\"}}]}<\/script>\n<!-- \/ Yoast SEO plugin. -->","yoast_head_json":{"title":"VINAGRE BALS\u00c1MICO - Vinopolis -","description":"VINAGRE BALS\u00c1MICO - Lambrusco - Trebbiano - Vinopolis - Env\u00edos a todo M\u00e9xico - 250 ml - Vinagre Bals\u00e1mico","robots":{"index":"index","follow":"follow","max-snippet":"max-snippet:-1","max-image-preview":"max-image-preview:large","max-video-preview":"max-video-preview:-1"},"canonical":"https:\/\/vinopolis.mx\/en\/product\/vinagre-balsamico\/","og_locale":"en_US","og_type":"article","og_title":"VINAGRE BALS\u00c1MICO - Vinopolis -","og_description":"VINAGRE BALS\u00c1MICO - Lambrusco - Trebbiano - Vinopolis - Env\u00edos a todo M\u00e9xico - 250 ml - Vinagre Bals\u00e1mico","og_url":"https:\/\/vinopolis.mx\/en\/product\/vinagre-balsamico\/","og_site_name":"Vinopolis","article_modified_time":"2026-03-30T21:58:07+00:00","og_image":[{"width":400,"height":608,"url":"https:\/\/vinopolis.mx\/wp-content\/uploads\/2023\/10\/VINAGRE-BALSAMICO.png","type":"image\/png"}],"twitter_card":"summary_large_image","twitter_misc":{"Est. reading time":"1 minute"},"schema":{"@context":"https:\/\/schema.org","@graph":[{"@type":"WebPage","@id":"https:\/\/vinopolis.mx\/producto\/vinagre-balsamico\/","url":"https:\/\/vinopolis.mx\/producto\/vinagre-balsamico\/","name":"VINAGRE BALS\u00c1MICO - Vinopolis -","isPartOf":{"@id":"https:\/\/vinopolis.mx\/#website"},"primaryImageOfPage":{"@id":"https:\/\/vinopolis.mx\/producto\/vinagre-balsamico\/#primaryimage"},"image":{"@id":"https:\/\/vinopolis.mx\/producto\/vinagre-balsamico\/#primaryimage"},"thumbnailUrl":"https:\/\/vinopolis.mx\/wp-content\/uploads\/2023\/10\/VINAGRE-BALSAMICO.png","datePublished":"2023-10-09T20:10:31+00:00","dateModified":"2026-03-30T21:58:07+00:00","description":"VINAGRE BALS\u00c1MICO - Lambrusco - Trebbiano - Vinopolis - Env\u00edos a todo M\u00e9xico - 250 ml - Vinagre Bals\u00e1mico","breadcrumb":{"@id":"https:\/\/vinopolis.mx\/producto\/vinagre-balsamico\/#breadcrumb"},"inLanguage":"en-US","potentialAction":[{"@type":"ReadAction","target":["https:\/\/vinopolis.mx\/producto\/vinagre-balsamico\/"]}]},{"@type":"ImageObject","inLanguage":"en-US","@id":"https:\/\/vinopolis.mx\/producto\/vinagre-balsamico\/#primaryimage","url":"https:\/\/vinopolis.mx\/wp-content\/uploads\/2023\/10\/VINAGRE-BALSAMICO.png","contentUrl":"https:\/\/vinopolis.mx\/wp-content\/uploads\/2023\/10\/VINAGRE-BALSAMICO.png","width":400,"height":608},{"@type":"BreadcrumbList","@id":"https:\/\/vinopolis.mx\/producto\/vinagre-balsamico\/#breadcrumb","itemListElement":[{"@type":"ListItem","position":1,"name":"Inicio","item":"https:\/\/vinopolis.mx\/"},{"@type":"ListItem","position":2,"name":"Shop","item":"https:\/\/vinopolis.mx\/shop\/"},{"@type":"ListItem","position":3,"name":"VINAGRE BALS\u00c1MICO"}]},{"@type":"WebSite","@id":"https:\/\/vinopolis.mx\/#website","url":"https:\/\/vinopolis.mx\/","name":"Vinopolis","description":"Intrepid Wines Collection","publisher":{"@id":"https:\/\/vinopolis.mx\/#organization"},"potentialAction":[{"@type":"SearchAction","target":{"@type":"EntryPoint","urlTemplate":"https:\/\/vinopolis.mx\/?s={search_term_string}"},"query-input":{"@type":"PropertyValueSpecification","valueRequired":true,"valueName":"search_term_string"}}],"inLanguage":"en-US"},{"@type":"Organization","@id":"https:\/\/vinopolis.mx\/#organization","name":"Vinopolis","url":"https:\/\/vinopolis.mx\/","logo":{"@type":"ImageObject","inLanguage":"en-US","@id":"https:\/\/vinopolis.mx\/#\/schema\/logo\/image\/","url":"https:\/\/vinopolis.mx\/wp-content\/uploads\/2025\/08\/vinopolis_logo-25.png","contentUrl":"https:\/\/vinopolis.mx\/wp-content\/uploads\/2025\/08\/vinopolis_logo-25.png","width":1835,"height":281,"caption":"Vinopolis"},"image":{"@id":"https:\/\/vinopolis.mx\/#\/schema\/logo\/image\/"}}]}},"_links":{"self":[{"href":"https:\/\/vinopolis.mx\/en\/wp-json\/wp\/v2\/product\/1488","targetHints":{"allow":["GET"]}}],"collection":[{"href":"https:\/\/vinopolis.mx\/en\/wp-json\/wp\/v2\/product"}],"about":[{"href":"https:\/\/vinopolis.mx\/en\/wp-json\/wp\/v2\/types\/product"}],"version-history":[{"count":4,"href":"https:\/\/vinopolis.mx\/en\/wp-json\/wp\/v2\/product\/1488\/revisions"}],"predecessor-version":[{"id":20804,"href":"https:\/\/vinopolis.mx\/en\/wp-json\/wp\/v2\/product\/1488\/revisions\/20804"}],"wp:featuredmedia":[{"embeddable":true,"href":"https:\/\/vinopolis.mx\/en\/wp-json\/wp\/v2\/media\/1515"}],"wp:attachment":[{"href":"https:\/\/vinopolis.mx\/en\/wp-json\/wp\/v2\/media?parent=1488"}],"wp:term":[{"taxonomy":"product_brand","embeddable":true,"href":"https:\/\/vinopolis.mx\/en\/wp-json\/wp\/v2\/product_brand?post=1488"},{"taxonomy":"product_cat","embeddable":true,"href":"https:\/\/vinopolis.mx\/en\/wp-json\/wp\/v2\/product_cat?post=1488"},{"taxonomy":"product_tag","embeddable":true,"href":"https:\/\/vinopolis.mx\/en\/wp-json\/wp\/v2\/product_tag?post=1488"}],"curies":[{"name":"wp","href":"https:\/\/api.w.org\/{rel}","templated":true}]}}