{"id":1485,"date":"2023-10-09T20:10:31","date_gmt":"2023-10-09T20:10:31","guid":{"rendered":"https:\/\/vinopolis.mx\/?post_type=product&#038;p=1485"},"modified":"2026-03-30T16:58:06","modified_gmt":"2026-03-30T21:58:06","slug":"riso-carnaroli-dop","status":"publish","type":"product","link":"https:\/\/vinopolis.mx\/en\/product\/riso-carnaroli-dop\/","title":{"rendered":"RISO CARNAROLI DOP"},"content":{"rendered":"","protected":false},"excerpt":{"rendered":"<p style=\"text-align: left;\"><strong>TIPO:<\/strong> Riso<\/p>\n<p style=\"text-align: left;\"><strong>REGION:<\/strong> Veneto<\/p>\n<p style=\"text-align: left;\"><strong>DESCRIPCI\u00d3N DEL PRODUCTO:<\/strong><\/p>\n<div class=\"column\">\n<p style=\"text-align: left;\">El grano es m\u00e1s grueso y largo. Su tiempo de cocci\u00f3n va de 17 a 18 minutos.<\/p>\n<p style=\"text-align: left;\">El arroz es rico en hidratos de carbono, almid\u00f3n y no contiene gluten, es hipoalerg\u00e9nico y de f\u00e1cil digesti\u00f3n por la naturaleza del almid\u00f3n (gr\u00e1nulos ma\u0301s diminutos de hasta 20 veces que los de el trigo y 70 veces los de la papa). Incluso el bajo contenido de grasa y la presencia m\u00ednima de residuos o sustancias no digeribles, promueve una buena digesti\u00f3n. Las prote\u00ednas est\u00e1n presentes en una calidad reducida pero mucho mayor que en otros cereales, as\u00ed tambi\u00e9n como un alto valor biol\u00f3gico.<\/p>\n<p style=\"text-align: left;\">Las vitaminas que contiene son el B &#8211; PP &#8211; E, algunos minerales que encontramos son f\u00f3sforo, calcio, hierro, magnesio y existe la presencia de selenio, que combate los radicales libres y retrasa el envejecimiento de las c\u00e9lulas. Entre los microelementos destacan el silicio, que es capaz de estimular las c\u00e9lulas osteop\u00e9ticas necesarias para la formaci\u00f3n de col\u00e1geno y elastina.<\/p>\n<p><a href=\"https:\/\/vinopolis.mx\/wp-content\/uploads\/2024\/09\/Foglio-ordine_002457.pdf\">see technical sheet<\/a><\/p>\n<\/div>","protected":false},"featured_media":1522,"template":"","meta":{"site-sidebar-layout":"default","site-content-layout":"","ast-site-content-layout":"default","site-content-style":"default","site-sidebar-style":"default","ast-global-header-display":"","ast-banner-title-visibility":"","ast-main-header-display":"","ast-hfb-above-header-display":"","ast-hfb-below-header-display":"","ast-hfb-mobile-header-display":"","site-post-title":"","ast-breadcrumbs-content":"","ast-featured-img":"","footer-sml-layout":"","theme-transparent-header-meta":"default","adv-header-id-meta":"","stick-header-meta":"","header-above-stick-meta":"","header-main-stick-meta":"","header-below-stick-meta":"","astra-migrate-meta-layouts":"set","ast-page-background-enabled":"default","ast-page-background-meta":{"desktop":{"background-color":"","background-image":"","background-repeat":"repeat","background-position":"center center","background-size":"auto","background-attachment":"scroll","background-type":"","background-media":"","overlay-type":"","overlay-color":"","overlay-opacity":"","overlay-gradient":""},"tablet":{"background-color":"","background-image":"","background-repeat":"repeat","background-position":"center center","background-size":"auto","background-attachment":"scroll","background-type":"","background-media":"","overlay-type":"","overlay-color":"","overlay-opacity":"","overlay-gradient":""},"mobile":{"background-color":"","background-image":"","background-repeat":"repeat","background-position":"center center","background-size":"auto","background-attachment":"scroll","background-type":"","background-media":"","overlay-type":"","overlay-color":"","overlay-opacity":"","overlay-gradient":""}},"ast-content-background-meta":{"desktop":{"background-color":"var(--ast-global-color-5)","background-image":"","background-repeat":"repeat","background-position":"center center","background-size":"auto","background-attachment":"scroll","background-type":"","background-media":"","overlay-type":"","overlay-color":"","overlay-opacity":"","overlay-gradient":""},"tablet":{"background-color":"var(--ast-global-color-5)","background-image":"","background-repeat":"repeat","background-position":"center center","background-size":"auto","background-attachment":"scroll","background-type":"","background-media":"","overlay-type":"","overlay-color":"","overlay-opacity":"","overlay-gradient":""},"mobile":{"background-color":"var(--ast-global-color-5)","background-image":"","background-repeat":"repeat","background-position":"center center","background-size":"auto","background-attachment":"scroll","background-type":"","background-media":"","overlay-type":"","overlay-color":"","overlay-opacity":"","overlay-gradient":""}},"_joinchat":[]},"product_brand":[],"product_cat":[2195,2210,1699,2092,1694],"product_tag":[325,560,589,590,591,592],"class_list":{"0":"post-1485","1":"product","2":"type-product","3":"status-publish","4":"has-post-thumbnail","6":"product_cat-italia","7":"product_cat-piemonte","8":"product_cat-riso-carnaroli-arroz","9":"product_cat-riso-carnalori-arroz","10":"product_cat-pastas-artesanales-y-riso","11":"product_tag-veneto","12":"product_tag-alimentos","13":"product_tag-1-kg","14":"product_tag-arroz","15":"product_tag-riseria-baschirotto","16":"product_tag-riso","17":"desktop-align-center","18":"tablet-align-center","19":"mobile-align-center","20":"ast-product-gallery-layout-horizontal-slider","21":"ast-product-gallery-with-no-image","22":"ast-product-tabs-layout-horizontal","23":"ast-qv-on-image","25":"first","26":"instock","27":"taxable","28":"shipping-taxable","29":"purchasable","30":"product-type-simple"},"yoast_head":"<!-- This site is optimized with the Yoast SEO plugin v26.3 - https:\/\/yoast.com\/wordpress\/plugins\/seo\/ -->\n<title>RISO CARNAROLI DOP - Vinopolis<\/title>\n<meta name=\"description\" content=\"RISO CARNAROLI DOP - Vinopolis - Riso - Veneto - Arroz - Env\u00edo a todo M\u00e9xico - Riseria Baschirotto\" \/>\n<meta name=\"robots\" content=\"index, follow, max-snippet:-1, max-image-preview:large, max-video-preview:-1\" \/>\n<link rel=\"canonical\" href=\"https:\/\/vinopolis.mx\/en\/product\/riso-carnaroli-dop\/\" \/>\n<meta property=\"og:locale\" content=\"en_US\" \/>\n<meta property=\"og:type\" content=\"article\" \/>\n<meta property=\"og:title\" content=\"RISO CARNAROLI DOP - Vinopolis\" \/>\n<meta property=\"og:description\" content=\"RISO CARNAROLI DOP - Vinopolis - Riso - Veneto - Arroz - Env\u00edo a todo M\u00e9xico - Riseria Baschirotto\" \/>\n<meta property=\"og:url\" content=\"https:\/\/vinopolis.mx\/en\/product\/riso-carnaroli-dop\/\" \/>\n<meta property=\"og:site_name\" content=\"Vinopolis\" \/>\n<meta property=\"article:modified_time\" content=\"2026-03-30T21:58:06+00:00\" \/>\n<meta property=\"og:image\" content=\"https:\/\/vinopolis.mx\/wp-content\/uploads\/2023\/10\/RISO-CARNAROLI-copia.png\" \/>\n\t<meta property=\"og:image:width\" content=\"400\" \/>\n\t<meta property=\"og:image:height\" content=\"608\" \/>\n\t<meta property=\"og:image:type\" content=\"image\/png\" \/>\n<meta name=\"twitter:card\" content=\"summary_large_image\" \/>\n<meta name=\"twitter:label1\" content=\"Est. reading time\" \/>\n\t<meta name=\"twitter:data1\" content=\"1 minute\" \/>\n<script type=\"application\/ld+json\" class=\"yoast-schema-graph\">{\"@context\":\"https:\/\/schema.org\",\"@graph\":[{\"@type\":\"WebPage\",\"@id\":\"https:\/\/vinopolis.mx\/producto\/riso-carnaroli-dop\/\",\"url\":\"https:\/\/vinopolis.mx\/producto\/riso-carnaroli-dop\/\",\"name\":\"RISO CARNAROLI DOP - Vinopolis\",\"isPartOf\":{\"@id\":\"https:\/\/vinopolis.mx\/#website\"},\"primaryImageOfPage\":{\"@id\":\"https:\/\/vinopolis.mx\/producto\/riso-carnaroli-dop\/#primaryimage\"},\"image\":{\"@id\":\"https:\/\/vinopolis.mx\/producto\/riso-carnaroli-dop\/#primaryimage\"},\"thumbnailUrl\":\"https:\/\/vinopolis.mx\/wp-content\/uploads\/2023\/10\/RISO-CARNAROLI-copia.png\",\"datePublished\":\"2023-10-09T20:10:31+00:00\",\"dateModified\":\"2026-03-30T21:58:06+00:00\",\"description\":\"RISO CARNAROLI DOP - Vinopolis - Riso - Veneto - Arroz - Env\u00edo a todo M\u00e9xico - Riseria Baschirotto\",\"breadcrumb\":{\"@id\":\"https:\/\/vinopolis.mx\/producto\/riso-carnaroli-dop\/#breadcrumb\"},\"inLanguage\":\"en-US\",\"potentialAction\":[{\"@type\":\"ReadAction\",\"target\":[\"https:\/\/vinopolis.mx\/producto\/riso-carnaroli-dop\/\"]}]},{\"@type\":\"ImageObject\",\"inLanguage\":\"en-US\",\"@id\":\"https:\/\/vinopolis.mx\/producto\/riso-carnaroli-dop\/#primaryimage\",\"url\":\"https:\/\/vinopolis.mx\/wp-content\/uploads\/2023\/10\/RISO-CARNAROLI-copia.png\",\"contentUrl\":\"https:\/\/vinopolis.mx\/wp-content\/uploads\/2023\/10\/RISO-CARNAROLI-copia.png\",\"width\":400,\"height\":608},{\"@type\":\"BreadcrumbList\",\"@id\":\"https:\/\/vinopolis.mx\/producto\/riso-carnaroli-dop\/#breadcrumb\",\"itemListElement\":[{\"@type\":\"ListItem\",\"position\":1,\"name\":\"Inicio\",\"item\":\"https:\/\/vinopolis.mx\/\"},{\"@type\":\"ListItem\",\"position\":2,\"name\":\"Shop\",\"item\":\"https:\/\/vinopolis.mx\/shop\/\"},{\"@type\":\"ListItem\",\"position\":3,\"name\":\"RISO CARNAROLI DOP\"}]},{\"@type\":\"WebSite\",\"@id\":\"https:\/\/vinopolis.mx\/#website\",\"url\":\"https:\/\/vinopolis.mx\/\",\"name\":\"Vinopolis\",\"description\":\"Intrepid Wines Collection\",\"publisher\":{\"@id\":\"https:\/\/vinopolis.mx\/#organization\"},\"potentialAction\":[{\"@type\":\"SearchAction\",\"target\":{\"@type\":\"EntryPoint\",\"urlTemplate\":\"https:\/\/vinopolis.mx\/?s={search_term_string}\"},\"query-input\":{\"@type\":\"PropertyValueSpecification\",\"valueRequired\":true,\"valueName\":\"search_term_string\"}}],\"inLanguage\":\"en-US\"},{\"@type\":\"Organization\",\"@id\":\"https:\/\/vinopolis.mx\/#organization\",\"name\":\"Vinopolis\",\"url\":\"https:\/\/vinopolis.mx\/\",\"logo\":{\"@type\":\"ImageObject\",\"inLanguage\":\"en-US\",\"@id\":\"https:\/\/vinopolis.mx\/#\/schema\/logo\/image\/\",\"url\":\"https:\/\/vinopolis.mx\/wp-content\/uploads\/2025\/08\/vinopolis_logo-25.png\",\"contentUrl\":\"https:\/\/vinopolis.mx\/wp-content\/uploads\/2025\/08\/vinopolis_logo-25.png\",\"width\":1835,\"height\":281,\"caption\":\"Vinopolis\"},\"image\":{\"@id\":\"https:\/\/vinopolis.mx\/#\/schema\/logo\/image\/\"}}]}<\/script>\n<!-- \/ Yoast SEO plugin. -->","yoast_head_json":{"title":"RISO CARNAROLI DOP - Vinopolis","description":"RISO CARNAROLI DOP - Vinopolis - Riso - Veneto - Arroz - Env\u00edo a todo M\u00e9xico - Riseria Baschirotto","robots":{"index":"index","follow":"follow","max-snippet":"max-snippet:-1","max-image-preview":"max-image-preview:large","max-video-preview":"max-video-preview:-1"},"canonical":"https:\/\/vinopolis.mx\/en\/product\/riso-carnaroli-dop\/","og_locale":"en_US","og_type":"article","og_title":"RISO CARNAROLI DOP - Vinopolis","og_description":"RISO CARNAROLI DOP - Vinopolis - Riso - Veneto - Arroz - Env\u00edo a todo M\u00e9xico - Riseria Baschirotto","og_url":"https:\/\/vinopolis.mx\/en\/product\/riso-carnaroli-dop\/","og_site_name":"Vinopolis","article_modified_time":"2026-03-30T21:58:06+00:00","og_image":[{"width":400,"height":608,"url":"https:\/\/vinopolis.mx\/wp-content\/uploads\/2023\/10\/RISO-CARNAROLI-copia.png","type":"image\/png"}],"twitter_card":"summary_large_image","twitter_misc":{"Est. reading time":"1 minute"},"schema":{"@context":"https:\/\/schema.org","@graph":[{"@type":"WebPage","@id":"https:\/\/vinopolis.mx\/producto\/riso-carnaroli-dop\/","url":"https:\/\/vinopolis.mx\/producto\/riso-carnaroli-dop\/","name":"RISO CARNAROLI DOP - Vinopolis","isPartOf":{"@id":"https:\/\/vinopolis.mx\/#website"},"primaryImageOfPage":{"@id":"https:\/\/vinopolis.mx\/producto\/riso-carnaroli-dop\/#primaryimage"},"image":{"@id":"https:\/\/vinopolis.mx\/producto\/riso-carnaroli-dop\/#primaryimage"},"thumbnailUrl":"https:\/\/vinopolis.mx\/wp-content\/uploads\/2023\/10\/RISO-CARNAROLI-copia.png","datePublished":"2023-10-09T20:10:31+00:00","dateModified":"2026-03-30T21:58:06+00:00","description":"RISO CARNAROLI DOP - Vinopolis - Riso - Veneto - Arroz - Env\u00edo a todo M\u00e9xico - Riseria Baschirotto","breadcrumb":{"@id":"https:\/\/vinopolis.mx\/producto\/riso-carnaroli-dop\/#breadcrumb"},"inLanguage":"en-US","potentialAction":[{"@type":"ReadAction","target":["https:\/\/vinopolis.mx\/producto\/riso-carnaroli-dop\/"]}]},{"@type":"ImageObject","inLanguage":"en-US","@id":"https:\/\/vinopolis.mx\/producto\/riso-carnaroli-dop\/#primaryimage","url":"https:\/\/vinopolis.mx\/wp-content\/uploads\/2023\/10\/RISO-CARNAROLI-copia.png","contentUrl":"https:\/\/vinopolis.mx\/wp-content\/uploads\/2023\/10\/RISO-CARNAROLI-copia.png","width":400,"height":608},{"@type":"BreadcrumbList","@id":"https:\/\/vinopolis.mx\/producto\/riso-carnaroli-dop\/#breadcrumb","itemListElement":[{"@type":"ListItem","position":1,"name":"Inicio","item":"https:\/\/vinopolis.mx\/"},{"@type":"ListItem","position":2,"name":"Shop","item":"https:\/\/vinopolis.mx\/shop\/"},{"@type":"ListItem","position":3,"name":"RISO CARNAROLI DOP"}]},{"@type":"WebSite","@id":"https:\/\/vinopolis.mx\/#website","url":"https:\/\/vinopolis.mx\/","name":"Vinopolis","description":"Intrepid Wines Collection","publisher":{"@id":"https:\/\/vinopolis.mx\/#organization"},"potentialAction":[{"@type":"SearchAction","target":{"@type":"EntryPoint","urlTemplate":"https:\/\/vinopolis.mx\/?s={search_term_string}"},"query-input":{"@type":"PropertyValueSpecification","valueRequired":true,"valueName":"search_term_string"}}],"inLanguage":"en-US"},{"@type":"Organization","@id":"https:\/\/vinopolis.mx\/#organization","name":"Vinopolis","url":"https:\/\/vinopolis.mx\/","logo":{"@type":"ImageObject","inLanguage":"en-US","@id":"https:\/\/vinopolis.mx\/#\/schema\/logo\/image\/","url":"https:\/\/vinopolis.mx\/wp-content\/uploads\/2025\/08\/vinopolis_logo-25.png","contentUrl":"https:\/\/vinopolis.mx\/wp-content\/uploads\/2025\/08\/vinopolis_logo-25.png","width":1835,"height":281,"caption":"Vinopolis"},"image":{"@id":"https:\/\/vinopolis.mx\/#\/schema\/logo\/image\/"}}]}},"_links":{"self":[{"href":"https:\/\/vinopolis.mx\/en\/wp-json\/wp\/v2\/product\/1485","targetHints":{"allow":["GET"]}}],"collection":[{"href":"https:\/\/vinopolis.mx\/en\/wp-json\/wp\/v2\/product"}],"about":[{"href":"https:\/\/vinopolis.mx\/en\/wp-json\/wp\/v2\/types\/product"}],"version-history":[{"count":3,"href":"https:\/\/vinopolis.mx\/en\/wp-json\/wp\/v2\/product\/1485\/revisions"}],"predecessor-version":[{"id":14573,"href":"https:\/\/vinopolis.mx\/en\/wp-json\/wp\/v2\/product\/1485\/revisions\/14573"}],"wp:featuredmedia":[{"embeddable":true,"href":"https:\/\/vinopolis.mx\/en\/wp-json\/wp\/v2\/media\/1522"}],"wp:attachment":[{"href":"https:\/\/vinopolis.mx\/en\/wp-json\/wp\/v2\/media?parent=1485"}],"wp:term":[{"taxonomy":"product_brand","embeddable":true,"href":"https:\/\/vinopolis.mx\/en\/wp-json\/wp\/v2\/product_brand?post=1485"},{"taxonomy":"product_cat","embeddable":true,"href":"https:\/\/vinopolis.mx\/en\/wp-json\/wp\/v2\/product_cat?post=1485"},{"taxonomy":"product_tag","embeddable":true,"href":"https:\/\/vinopolis.mx\/en\/wp-json\/wp\/v2\/product_tag?post=1485"}],"curies":[{"name":"wp","href":"https:\/\/api.w.org\/{rel}","templated":true}]}}