{"id":14390,"date":"2024-08-23T18:50:01","date_gmt":"2024-08-23T23:50:01","guid":{"rendered":"https:\/\/vinopolis.mx\/?post_type=product&#038;p=14390"},"modified":"2026-03-30T17:01:06","modified_gmt":"2026-03-30T22:01:06","slug":"xinomavro-amphora-2022","status":"publish","type":"product","link":"https:\/\/vinopolis.mx\/en\/product\/xinomavro-amphora-2022\/","title":{"rendered":"Xinomavro Amphora 2023"},"content":{"rendered":"","protected":false},"excerpt":{"rendered":"<ul>\n<li><strong>Bodega: <\/strong>Mosch\u00f3polis<\/li>\n<li><strong>Tipolog\u00eda: <\/strong>Red wine<\/li>\n<li><strong>Variedad: <\/strong>\u00a0Xinomavro 100%<\/li>\n<li><strong>Ubicaci\u00f3n y altitud del vi\u00f1edo: <\/strong>Monopigado, Tesal\u00f3nica &#8211; 150 m<\/li>\n<li><strong>Superficie del vi\u00f1edo:<\/strong> 2 hect\u00e1rea<\/li>\n<li><strong>Edad de las vides: <\/strong>15-20 a\u00f1os<\/li>\n<li><strong>Pr\u00e1cticas agr\u00edcolas: <\/strong>Org\u00e1nicas, regenerativas<\/li>\n<li><strong>Tipo de levadura: <\/strong>Nativa<\/li>\n<li><strong>Vinification: <\/strong>Fermentaci\u00f3n espont\u00e1nea en \u00e1nfora. 12 meses en contacto con las l\u00edas.<\/li>\n<li><strong>Crianza: <\/strong>12\u00a0meses en \u00e1nfora tradicional de Creta de 300 lts.<\/li>\n<li><strong>Clarificaci\u00f3n: <\/strong>Sin clarificar<\/li>\n<li><strong>Filtraci\u00f3n: <\/strong>Sin filtrar<\/li>\n<li><strong>Sulfitos:<\/strong>40\/18 (Total SO2 Siempre &lt; 40) Natural<\/li>\n<li><strong>N\u00famero de botellas: <\/strong>1,200<\/li>\n<\/ul>\n<p><a href=\"https:\/\/vinopolis.mx\/wp-content\/uploads\/2024\/07\/AIORA-XINOMAVRO.pdf\">Ver Ficha T\u00e9cnica<\/a><\/p>","protected":false},"featured_media":14391,"template":"","meta":{"site-sidebar-layout":"default","site-content-layout":"","ast-site-content-layout":"default","site-content-style":"default","site-sidebar-style":"default","ast-global-header-display":"","ast-banner-title-visibility":"","ast-main-header-display":"","ast-hfb-above-header-display":"","ast-hfb-below-header-display":"","ast-hfb-mobile-header-display":"","site-post-title":"","ast-breadcrumbs-content":"","ast-featured-img":"","footer-sml-layout":"","theme-transparent-header-meta":"default","adv-header-id-meta":"","stick-header-meta":"","header-above-stick-meta":"","header-main-stick-meta":"","header-below-stick-meta":"","astra-migrate-meta-layouts":"set","ast-page-background-enabled":"default","ast-page-background-meta":{"desktop":{"background-color":"","background-image":"","background-repeat":"repeat","background-position":"center center","background-size":"auto","background-attachment":"scroll","background-type":"","background-media":"","overlay-type":"","overlay-color":"","overlay-opacity":"","overlay-gradient":""},"tablet":{"background-color":"","background-image":"","background-repeat":"repeat","background-position":"center center","background-size":"auto","background-attachment":"scroll","background-type":"","background-media":"","overlay-type":"","overlay-color":"","overlay-opacity":"","overlay-gradient":""},"mobile":{"background-color":"","background-image":"","background-repeat":"repeat","background-position":"center center","background-size":"auto","background-attachment":"scroll","background-type":"","background-media":"","overlay-type":"","overlay-color":"","overlay-opacity":"","overlay-gradient":""}},"ast-content-background-meta":{"desktop":{"background-color":"var(--ast-global-color-5)","background-image":"","background-repeat":"repeat","background-position":"center center","background-size":"auto","background-attachment":"scroll","background-type":"","background-media":"","overlay-type":"","overlay-color":"","overlay-opacity":"","overlay-gradient":""},"tablet":{"background-color":"var(--ast-global-color-5)","background-image":"","background-repeat":"repeat","background-position":"center center","background-size":"auto","background-attachment":"scroll","background-type":"","background-media":"","overlay-type":"","overlay-color":"","overlay-opacity":"","overlay-gradient":""},"mobile":{"background-color":"var(--ast-global-color-5)","background-image":"","background-repeat":"repeat","background-position":"center center","background-size":"auto","background-attachment":"scroll","background-type":"","background-media":"","overlay-type":"","overlay-color":"","overlay-opacity":"","overlay-gradient":""}},"_joinchat":[]},"product_brand":[],"product_cat":[2204,2240,1810,1721,1982,1809,1811,1467,1674,2036,2153,2104],"product_tag":[469,2106,2117,2132,2154,2158],"class_list":{"0":"post-14390","1":"product","2":"type-product","3":"status-publish","4":"has-post-thumbnail","6":"product_cat-grecia","7":"product_cat-macedonia-central","8":"product_cat-organico","9":"product_cat-vino-tinto","10":"product_cat-de-700-a-999","11":"product_cat-natural-viticultura-y-tecnica","12":"product_cat-vegano","13":"product_cat-tinto","14":"product_cat-botella-750-ml","15":"product_cat-de-700-a-999-precio","16":"product_cat-xinomavro","17":"product_cat-moschopolis","18":"product_tag-vino-tinto","19":"product_tag-2106","20":"product_tag-grecia","21":"product_tag-xinomavro","22":"product_tag-uva-xinomavro","23":"product_tag-tinto","24":"desktop-align-center","25":"tablet-align-center","26":"mobile-align-center","27":"ast-product-gallery-layout-horizontal-slider","28":"ast-product-gallery-with-no-image","29":"ast-product-tabs-layout-horizontal","30":"ast-qv-on-image","32":"first","33":"instock","34":"taxable","35":"shipping-taxable","36":"purchasable","37":"product-type-simple"},"yoast_head":"<!-- This site is optimized with the Yoast SEO plugin v26.3 - https:\/\/yoast.com\/wordpress\/plugins\/seo\/ -->\n<title>Xinomavro Amphora 2023 - Vinopolis<\/title>\n<meta name=\"description\" content=\"Grecia - Thessaloniki - Xinomavro - Tinto - 750ml - Biodin\u00e1mico - Natural - Aroma a cereza y frutos rojos - 2023 - Moschopolis\" \/>\n<meta name=\"robots\" content=\"index, follow, max-snippet:-1, max-image-preview:large, max-video-preview:-1\" \/>\n<link rel=\"canonical\" href=\"https:\/\/vinopolis.mx\/en\/product\/xinomavro-amphora-2022\/\" \/>\n<meta property=\"og:locale\" content=\"en_US\" \/>\n<meta property=\"og:type\" content=\"article\" \/>\n<meta property=\"og:title\" content=\"Xinomavro Amphora 2023 - Vinopolis\" \/>\n<meta property=\"og:description\" content=\"Grecia - Thessaloniki - Xinomavro - Tinto - 750ml - Biodin\u00e1mico - Natural - Aroma a cereza y frutos rojos - 2023 - Moschopolis\" \/>\n<meta property=\"og:url\" content=\"https:\/\/vinopolis.mx\/en\/product\/xinomavro-amphora-2022\/\" \/>\n<meta property=\"og:site_name\" content=\"Vinopolis\" \/>\n<meta property=\"article:modified_time\" content=\"2026-03-30T22:01:06+00:00\" \/>\n<meta property=\"og:image\" content=\"https:\/\/vinopolis.mx\/wp-content\/uploads\/2024\/08\/XINOMAVRO.png\" \/>\n\t<meta property=\"og:image:width\" content=\"400\" \/>\n\t<meta property=\"og:image:height\" content=\"608\" \/>\n\t<meta property=\"og:image:type\" content=\"image\/png\" \/>\n<meta name=\"twitter:card\" content=\"summary_large_image\" \/>\n<meta name=\"twitter:label1\" content=\"Est. reading time\" \/>\n\t<meta name=\"twitter:data1\" content=\"1 minute\" \/>\n<script type=\"application\/ld+json\" class=\"yoast-schema-graph\">{\"@context\":\"https:\/\/schema.org\",\"@graph\":[{\"@type\":\"WebPage\",\"@id\":\"https:\/\/vinopolis.mx\/producto\/xinomavro-amphora-2022\/\",\"url\":\"https:\/\/vinopolis.mx\/producto\/xinomavro-amphora-2022\/\",\"name\":\"Xinomavro Amphora 2023 - Vinopolis\",\"isPartOf\":{\"@id\":\"https:\/\/vinopolis.mx\/#website\"},\"primaryImageOfPage\":{\"@id\":\"https:\/\/vinopolis.mx\/producto\/xinomavro-amphora-2022\/#primaryimage\"},\"image\":{\"@id\":\"https:\/\/vinopolis.mx\/producto\/xinomavro-amphora-2022\/#primaryimage\"},\"thumbnailUrl\":\"https:\/\/vinopolis.mx\/wp-content\/uploads\/2024\/08\/XINOMAVRO.png\",\"datePublished\":\"2024-08-23T23:50:01+00:00\",\"dateModified\":\"2026-03-30T22:01:06+00:00\",\"description\":\"Grecia - Thessaloniki - Xinomavro - Tinto - 750ml - Biodin\u00e1mico - Natural - Aroma a cereza y frutos rojos - 2023 - Moschopolis\",\"breadcrumb\":{\"@id\":\"https:\/\/vinopolis.mx\/producto\/xinomavro-amphora-2022\/#breadcrumb\"},\"inLanguage\":\"en-US\",\"potentialAction\":[{\"@type\":\"ReadAction\",\"target\":[\"https:\/\/vinopolis.mx\/producto\/xinomavro-amphora-2022\/\"]}]},{\"@type\":\"ImageObject\",\"inLanguage\":\"en-US\",\"@id\":\"https:\/\/vinopolis.mx\/producto\/xinomavro-amphora-2022\/#primaryimage\",\"url\":\"https:\/\/vinopolis.mx\/wp-content\/uploads\/2024\/08\/XINOMAVRO.png\",\"contentUrl\":\"https:\/\/vinopolis.mx\/wp-content\/uploads\/2024\/08\/XINOMAVRO.png\",\"width\":400,\"height\":608},{\"@type\":\"BreadcrumbList\",\"@id\":\"https:\/\/vinopolis.mx\/producto\/xinomavro-amphora-2022\/#breadcrumb\",\"itemListElement\":[{\"@type\":\"ListItem\",\"position\":1,\"name\":\"Inicio\",\"item\":\"https:\/\/vinopolis.mx\/\"},{\"@type\":\"ListItem\",\"position\":2,\"name\":\"Shop\",\"item\":\"https:\/\/vinopolis.mx\/shop\/\"},{\"@type\":\"ListItem\",\"position\":3,\"name\":\"Xinomavro Amphora 2023\"}]},{\"@type\":\"WebSite\",\"@id\":\"https:\/\/vinopolis.mx\/#website\",\"url\":\"https:\/\/vinopolis.mx\/\",\"name\":\"Vinopolis\",\"description\":\"Intrepid Wines Collection\",\"publisher\":{\"@id\":\"https:\/\/vinopolis.mx\/#organization\"},\"potentialAction\":[{\"@type\":\"SearchAction\",\"target\":{\"@type\":\"EntryPoint\",\"urlTemplate\":\"https:\/\/vinopolis.mx\/?s={search_term_string}\"},\"query-input\":{\"@type\":\"PropertyValueSpecification\",\"valueRequired\":true,\"valueName\":\"search_term_string\"}}],\"inLanguage\":\"en-US\"},{\"@type\":\"Organization\",\"@id\":\"https:\/\/vinopolis.mx\/#organization\",\"name\":\"Vinopolis\",\"url\":\"https:\/\/vinopolis.mx\/\",\"logo\":{\"@type\":\"ImageObject\",\"inLanguage\":\"en-US\",\"@id\":\"https:\/\/vinopolis.mx\/#\/schema\/logo\/image\/\",\"url\":\"https:\/\/vinopolis.mx\/wp-content\/uploads\/2025\/08\/vinopolis_logo-25.png\",\"contentUrl\":\"https:\/\/vinopolis.mx\/wp-content\/uploads\/2025\/08\/vinopolis_logo-25.png\",\"width\":1835,\"height\":281,\"caption\":\"Vinopolis\"},\"image\":{\"@id\":\"https:\/\/vinopolis.mx\/#\/schema\/logo\/image\/\"}}]}<\/script>\n<!-- \/ Yoast SEO plugin. -->","yoast_head_json":{"title":"Xinomavro Amphora 2023 - Vinopolis","description":"Grecia - Thessaloniki - Xinomavro - Tinto - 750ml - Biodin\u00e1mico - Natural - Aroma a cereza y frutos rojos - 2023 - Moschopolis","robots":{"index":"index","follow":"follow","max-snippet":"max-snippet:-1","max-image-preview":"max-image-preview:large","max-video-preview":"max-video-preview:-1"},"canonical":"https:\/\/vinopolis.mx\/en\/product\/xinomavro-amphora-2022\/","og_locale":"en_US","og_type":"article","og_title":"Xinomavro Amphora 2023 - Vinopolis","og_description":"Grecia - Thessaloniki - Xinomavro - Tinto - 750ml - Biodin\u00e1mico - Natural - Aroma a cereza y frutos rojos - 2023 - Moschopolis","og_url":"https:\/\/vinopolis.mx\/en\/product\/xinomavro-amphora-2022\/","og_site_name":"Vinopolis","article_modified_time":"2026-03-30T22:01:06+00:00","og_image":[{"width":400,"height":608,"url":"https:\/\/vinopolis.mx\/wp-content\/uploads\/2024\/08\/XINOMAVRO.png","type":"image\/png"}],"twitter_card":"summary_large_image","twitter_misc":{"Est. reading time":"1 minute"},"schema":{"@context":"https:\/\/schema.org","@graph":[{"@type":"WebPage","@id":"https:\/\/vinopolis.mx\/producto\/xinomavro-amphora-2022\/","url":"https:\/\/vinopolis.mx\/producto\/xinomavro-amphora-2022\/","name":"Xinomavro Amphora 2023 - Vinopolis","isPartOf":{"@id":"https:\/\/vinopolis.mx\/#website"},"primaryImageOfPage":{"@id":"https:\/\/vinopolis.mx\/producto\/xinomavro-amphora-2022\/#primaryimage"},"image":{"@id":"https:\/\/vinopolis.mx\/producto\/xinomavro-amphora-2022\/#primaryimage"},"thumbnailUrl":"https:\/\/vinopolis.mx\/wp-content\/uploads\/2024\/08\/XINOMAVRO.png","datePublished":"2024-08-23T23:50:01+00:00","dateModified":"2026-03-30T22:01:06+00:00","description":"Grecia - Thessaloniki - Xinomavro - Tinto - 750ml - Biodin\u00e1mico - Natural - Aroma a cereza y frutos rojos - 2023 - Moschopolis","breadcrumb":{"@id":"https:\/\/vinopolis.mx\/producto\/xinomavro-amphora-2022\/#breadcrumb"},"inLanguage":"en-US","potentialAction":[{"@type":"ReadAction","target":["https:\/\/vinopolis.mx\/producto\/xinomavro-amphora-2022\/"]}]},{"@type":"ImageObject","inLanguage":"en-US","@id":"https:\/\/vinopolis.mx\/producto\/xinomavro-amphora-2022\/#primaryimage","url":"https:\/\/vinopolis.mx\/wp-content\/uploads\/2024\/08\/XINOMAVRO.png","contentUrl":"https:\/\/vinopolis.mx\/wp-content\/uploads\/2024\/08\/XINOMAVRO.png","width":400,"height":608},{"@type":"BreadcrumbList","@id":"https:\/\/vinopolis.mx\/producto\/xinomavro-amphora-2022\/#breadcrumb","itemListElement":[{"@type":"ListItem","position":1,"name":"Inicio","item":"https:\/\/vinopolis.mx\/"},{"@type":"ListItem","position":2,"name":"Shop","item":"https:\/\/vinopolis.mx\/shop\/"},{"@type":"ListItem","position":3,"name":"Xinomavro Amphora 2023"}]},{"@type":"WebSite","@id":"https:\/\/vinopolis.mx\/#website","url":"https:\/\/vinopolis.mx\/","name":"Vinopolis","description":"Intrepid Wines Collection","publisher":{"@id":"https:\/\/vinopolis.mx\/#organization"},"potentialAction":[{"@type":"SearchAction","target":{"@type":"EntryPoint","urlTemplate":"https:\/\/vinopolis.mx\/?s={search_term_string}"},"query-input":{"@type":"PropertyValueSpecification","valueRequired":true,"valueName":"search_term_string"}}],"inLanguage":"en-US"},{"@type":"Organization","@id":"https:\/\/vinopolis.mx\/#organization","name":"Vinopolis","url":"https:\/\/vinopolis.mx\/","logo":{"@type":"ImageObject","inLanguage":"en-US","@id":"https:\/\/vinopolis.mx\/#\/schema\/logo\/image\/","url":"https:\/\/vinopolis.mx\/wp-content\/uploads\/2025\/08\/vinopolis_logo-25.png","contentUrl":"https:\/\/vinopolis.mx\/wp-content\/uploads\/2025\/08\/vinopolis_logo-25.png","width":1835,"height":281,"caption":"Vinopolis"},"image":{"@id":"https:\/\/vinopolis.mx\/#\/schema\/logo\/image\/"}}]}},"_links":{"self":[{"href":"https:\/\/vinopolis.mx\/en\/wp-json\/wp\/v2\/product\/14390","targetHints":{"allow":["GET"]}}],"collection":[{"href":"https:\/\/vinopolis.mx\/en\/wp-json\/wp\/v2\/product"}],"about":[{"href":"https:\/\/vinopolis.mx\/en\/wp-json\/wp\/v2\/types\/product"}],"version-history":[{"count":14,"href":"https:\/\/vinopolis.mx\/en\/wp-json\/wp\/v2\/product\/14390\/revisions"}],"predecessor-version":[{"id":22898,"href":"https:\/\/vinopolis.mx\/en\/wp-json\/wp\/v2\/product\/14390\/revisions\/22898"}],"wp:featuredmedia":[{"embeddable":true,"href":"https:\/\/vinopolis.mx\/en\/wp-json\/wp\/v2\/media\/14391"}],"wp:attachment":[{"href":"https:\/\/vinopolis.mx\/en\/wp-json\/wp\/v2\/media?parent=14390"}],"wp:term":[{"taxonomy":"product_brand","embeddable":true,"href":"https:\/\/vinopolis.mx\/en\/wp-json\/wp\/v2\/product_brand?post=14390"},{"taxonomy":"product_cat","embeddable":true,"href":"https:\/\/vinopolis.mx\/en\/wp-json\/wp\/v2\/product_cat?post=14390"},{"taxonomy":"product_tag","embeddable":true,"href":"https:\/\/vinopolis.mx\/en\/wp-json\/wp\/v2\/product_tag?post=14390"}],"curies":[{"name":"wp","href":"https:\/\/api.w.org\/{rel}","templated":true}]}}