{"id":1431,"date":"2023-10-09T20:10:08","date_gmt":"2023-10-09T20:10:08","guid":{"rendered":"https:\/\/vinopolis.mx\/?post_type=product&#038;p=1431"},"modified":"2026-03-30T16:58:01","modified_gmt":"2026-03-30T21:58:01","slug":"amaro-derbe-san-nicolao-700-ml-berta-destillerie","status":"publish","type":"product","link":"https:\/\/vinopolis.mx\/en\/product\/amaro-derbe-san-nicolao-700-ml-berta-destillerie\/","title":{"rendered":"Amaro D\u2019erbe San Nicolao"},"content":{"rendered":"<p>Ingredients<br \/>\nHydrated alcohol, brandy, sugar, infused and distilled flavors of<br \/>\nselected herbs and aromatic roots<\/p>\n<p>Aroma<br \/>\nRich, overwhelming with big<br \/>\npersonality. Splendid concert of sensations in which rhubarb,<br \/>\nquill and cinchona stand out<\/p>\n<p>Flavour<br \/>\nRich, overwhelming, the seductive sensations perceived from the<br \/>\naroma are confirmed<\/p>\n<p>Bottle content<br \/>\ncl. 70, cl. 150<\/p>\n<p>Alcohol content<br \/>\n30% vol.<\/p>\n<p>Glass recommended<br \/>\nSELEZIONE glass<\/p>","protected":false},"excerpt":{"rendered":"<p><a href=\"https:\/\/vinopolis.mx\/wp-content\/uploads\/2024\/09\/Schede-tecniche-2024_il-28-di-via-san-nicolao-1.pdf\"><strong>VER FICHA T\u00c9CNICA<\/strong><\/a><\/p>","protected":false},"featured_media":1464,"template":"","meta":{"site-sidebar-layout":"default","site-content-layout":"","ast-site-content-layout":"default","site-content-style":"default","site-sidebar-style":"default","ast-global-header-display":"","ast-banner-title-visibility":"","ast-main-header-display":"","ast-hfb-above-header-display":"","ast-hfb-below-header-display":"","ast-hfb-mobile-header-display":"","site-post-title":"","ast-breadcrumbs-content":"","ast-featured-img":"","footer-sml-layout":"","theme-transparent-header-meta":"default","adv-header-id-meta":"","stick-header-meta":"","header-above-stick-meta":"","header-main-stick-meta":"","header-below-stick-meta":"","astra-migrate-meta-layouts":"set","ast-page-background-enabled":"default","ast-page-background-meta":{"desktop":{"background-color":"","background-image":"","background-repeat":"repeat","background-position":"center center","background-size":"auto","background-attachment":"scroll","background-type":"","background-media":"","overlay-type":"","overlay-color":"","overlay-opacity":"","overlay-gradient":""},"tablet":{"background-color":"","background-image":"","background-repeat":"repeat","background-position":"center center","background-size":"auto","background-attachment":"scroll","background-type":"","background-media":"","overlay-type":"","overlay-color":"","overlay-opacity":"","overlay-gradient":""},"mobile":{"background-color":"","background-image":"","background-repeat":"repeat","background-position":"center center","background-size":"auto","background-attachment":"scroll","background-type":"","background-media":"","overlay-type":"","overlay-color":"","overlay-opacity":"","overlay-gradient":""}},"ast-content-background-meta":{"desktop":{"background-color":"var(--ast-global-color-5)","background-image":"","background-repeat":"repeat","background-position":"center center","background-size":"auto","background-attachment":"scroll","background-type":"","background-media":"","overlay-type":"","overlay-color":"","overlay-opacity":"","overlay-gradient":""},"tablet":{"background-color":"var(--ast-global-color-5)","background-image":"","background-repeat":"repeat","background-position":"center center","background-size":"auto","background-attachment":"scroll","background-type":"","background-media":"","overlay-type":"","overlay-color":"","overlay-opacity":"","overlay-gradient":""},"mobile":{"background-color":"var(--ast-global-color-5)","background-image":"","background-repeat":"repeat","background-position":"center center","background-size":"auto","background-attachment":"scroll","background-type":"","background-media":"","overlay-type":"","overlay-color":"","overlay-opacity":"","overlay-gradient":""}},"_joinchat":[]},"product_brand":[],"product_cat":[2195,2210,1683,1997,2001,2005,1659],"product_tag":[291,475,476,486,508,509],"class_list":{"0":"post-1431","1":"product","2":"type-product","3":"status-publish","4":"has-post-thumbnail","6":"product_cat-italia","7":"product_cat-piemonte","8":"product_cat-amaro","9":"product_cat-botella-700-ml","10":"product_cat-alcohol-brandy-azucar-infusiones-de-hierbas-aromaticas","11":"product_cat-de-1500-a-2500","12":"product_cat-berta-distillerie","13":"product_tag-piemonte","14":"product_tag-700-ml","15":"product_tag-berta-distillerie","16":"product_tag-individual","17":"product_tag-508","18":"product_tag-amaro","19":"desktop-align-center","20":"tablet-align-center","21":"mobile-align-center","22":"ast-product-gallery-layout-horizontal-slider","23":"ast-product-gallery-with-no-image","24":"ast-product-tabs-layout-horizontal","25":"ast-qv-on-image","27":"first","28":"instock","29":"taxable","30":"shipping-taxable","31":"purchasable","32":"product-type-simple"},"yoast_head":"<!-- This site is optimized with the Yoast SEO plugin v26.3 - https:\/\/yoast.com\/wordpress\/plugins\/seo\/ -->\n<title>Amaro D\u2019erbe San Nicolao - Amaro D\u2019erbe<\/title>\n<meta name=\"description\" content=\"Amaro D\u2019erbe San Nicolao - Amaro D\u2019erbe San Nicolao - Vinopolis - Env\u00edos a todo M\u00e9xico - Alcohol | Brandy | Az\u00facar | Infusiones de hierbas arom\u00e1ticas\" \/>\n<meta name=\"robots\" content=\"index, follow, max-snippet:-1, max-image-preview:large, max-video-preview:-1\" \/>\n<link rel=\"canonical\" href=\"https:\/\/vinopolis.mx\/en\/product\/amaro-derbe-san-nicolao-700-ml-berta-destillerie\/\" \/>\n<meta property=\"og:locale\" content=\"en_US\" \/>\n<meta property=\"og:type\" content=\"article\" \/>\n<meta property=\"og:title\" content=\"Amaro D\u2019erbe San Nicolao - Amaro D\u2019erbe\" \/>\n<meta property=\"og:description\" content=\"Amaro D\u2019erbe San Nicolao - Amaro D\u2019erbe San Nicolao - Vinopolis - Env\u00edos a todo M\u00e9xico - Alcohol | Brandy | Az\u00facar | Infusiones de hierbas arom\u00e1ticas\" \/>\n<meta property=\"og:url\" content=\"https:\/\/vinopolis.mx\/en\/product\/amaro-derbe-san-nicolao-700-ml-berta-destillerie\/\" \/>\n<meta property=\"og:site_name\" content=\"Vinopolis\" \/>\n<meta property=\"article:modified_time\" content=\"2026-03-30T21:58:01+00:00\" \/>\n<meta property=\"og:image\" content=\"https:\/\/vinopolis.mx\/wp-content\/uploads\/2023\/10\/SAN-NICOLA-WEB.png\" \/>\n\t<meta property=\"og:image:width\" content=\"400\" \/>\n\t<meta property=\"og:image:height\" content=\"608\" \/>\n\t<meta property=\"og:image:type\" content=\"image\/png\" \/>\n<meta name=\"twitter:card\" content=\"summary_large_image\" \/>\n<meta name=\"twitter:label1\" content=\"Est. reading time\" \/>\n\t<meta name=\"twitter:data1\" content=\"1 minute\" \/>\n<script type=\"application\/ld+json\" class=\"yoast-schema-graph\">{\"@context\":\"https:\/\/schema.org\",\"@graph\":[{\"@type\":\"WebPage\",\"@id\":\"https:\/\/vinopolis.mx\/producto\/amaro-derbe-san-nicolao-700-ml-berta-destillerie\/\",\"url\":\"https:\/\/vinopolis.mx\/producto\/amaro-derbe-san-nicolao-700-ml-berta-destillerie\/\",\"name\":\"Amaro D\u2019erbe San Nicolao - Amaro D\u2019erbe\",\"isPartOf\":{\"@id\":\"https:\/\/vinopolis.mx\/#website\"},\"primaryImageOfPage\":{\"@id\":\"https:\/\/vinopolis.mx\/producto\/amaro-derbe-san-nicolao-700-ml-berta-destillerie\/#primaryimage\"},\"image\":{\"@id\":\"https:\/\/vinopolis.mx\/producto\/amaro-derbe-san-nicolao-700-ml-berta-destillerie\/#primaryimage\"},\"thumbnailUrl\":\"https:\/\/vinopolis.mx\/wp-content\/uploads\/2023\/10\/SAN-NICOLA-WEB.png\",\"datePublished\":\"2023-10-09T20:10:08+00:00\",\"dateModified\":\"2026-03-30T21:58:01+00:00\",\"description\":\"Amaro D\u2019erbe San Nicolao - Amaro D\u2019erbe San Nicolao - Vinopolis - Env\u00edos a todo M\u00e9xico - Alcohol | Brandy | Az\u00facar | Infusiones de hierbas arom\u00e1ticas\",\"breadcrumb\":{\"@id\":\"https:\/\/vinopolis.mx\/producto\/amaro-derbe-san-nicolao-700-ml-berta-destillerie\/#breadcrumb\"},\"inLanguage\":\"en-US\",\"potentialAction\":[{\"@type\":\"ReadAction\",\"target\":[\"https:\/\/vinopolis.mx\/producto\/amaro-derbe-san-nicolao-700-ml-berta-destillerie\/\"]}]},{\"@type\":\"ImageObject\",\"inLanguage\":\"en-US\",\"@id\":\"https:\/\/vinopolis.mx\/producto\/amaro-derbe-san-nicolao-700-ml-berta-destillerie\/#primaryimage\",\"url\":\"https:\/\/vinopolis.mx\/wp-content\/uploads\/2023\/10\/SAN-NICOLA-WEB.png\",\"contentUrl\":\"https:\/\/vinopolis.mx\/wp-content\/uploads\/2023\/10\/SAN-NICOLA-WEB.png\",\"width\":400,\"height\":608},{\"@type\":\"BreadcrumbList\",\"@id\":\"https:\/\/vinopolis.mx\/producto\/amaro-derbe-san-nicolao-700-ml-berta-destillerie\/#breadcrumb\",\"itemListElement\":[{\"@type\":\"ListItem\",\"position\":1,\"name\":\"Inicio\",\"item\":\"https:\/\/vinopolis.mx\/\"},{\"@type\":\"ListItem\",\"position\":2,\"name\":\"Shop\",\"item\":\"https:\/\/vinopolis.mx\/shop\/\"},{\"@type\":\"ListItem\",\"position\":3,\"name\":\"Amaro D\u2019erbe San Nicolao\"}]},{\"@type\":\"WebSite\",\"@id\":\"https:\/\/vinopolis.mx\/#website\",\"url\":\"https:\/\/vinopolis.mx\/\",\"name\":\"Vinopolis\",\"description\":\"Intrepid Wines Collection\",\"publisher\":{\"@id\":\"https:\/\/vinopolis.mx\/#organization\"},\"potentialAction\":[{\"@type\":\"SearchAction\",\"target\":{\"@type\":\"EntryPoint\",\"urlTemplate\":\"https:\/\/vinopolis.mx\/?s={search_term_string}\"},\"query-input\":{\"@type\":\"PropertyValueSpecification\",\"valueRequired\":true,\"valueName\":\"search_term_string\"}}],\"inLanguage\":\"en-US\"},{\"@type\":\"Organization\",\"@id\":\"https:\/\/vinopolis.mx\/#organization\",\"name\":\"Vinopolis\",\"url\":\"https:\/\/vinopolis.mx\/\",\"logo\":{\"@type\":\"ImageObject\",\"inLanguage\":\"en-US\",\"@id\":\"https:\/\/vinopolis.mx\/#\/schema\/logo\/image\/\",\"url\":\"https:\/\/vinopolis.mx\/wp-content\/uploads\/2025\/08\/vinopolis_logo-25.png\",\"contentUrl\":\"https:\/\/vinopolis.mx\/wp-content\/uploads\/2025\/08\/vinopolis_logo-25.png\",\"width\":1835,\"height\":281,\"caption\":\"Vinopolis\"},\"image\":{\"@id\":\"https:\/\/vinopolis.mx\/#\/schema\/logo\/image\/\"}}]}<\/script>\n<!-- \/ Yoast SEO plugin. -->","yoast_head_json":{"title":"Amaro D\u2019erbe San Nicolao - Amaro D\u2019erbe","description":"Amaro D\u2019erbe San Nicolao - Amaro D\u2019erbe San Nicolao - Vinopolis - Env\u00edos a todo M\u00e9xico - Alcohol | Brandy | Az\u00facar | Infusiones de hierbas arom\u00e1ticas","robots":{"index":"index","follow":"follow","max-snippet":"max-snippet:-1","max-image-preview":"max-image-preview:large","max-video-preview":"max-video-preview:-1"},"canonical":"https:\/\/vinopolis.mx\/en\/product\/amaro-derbe-san-nicolao-700-ml-berta-destillerie\/","og_locale":"en_US","og_type":"article","og_title":"Amaro D\u2019erbe San Nicolao - Amaro D\u2019erbe","og_description":"Amaro D\u2019erbe San Nicolao - Amaro D\u2019erbe San Nicolao - Vinopolis - Env\u00edos a todo M\u00e9xico - Alcohol | Brandy | Az\u00facar | Infusiones de hierbas arom\u00e1ticas","og_url":"https:\/\/vinopolis.mx\/en\/product\/amaro-derbe-san-nicolao-700-ml-berta-destillerie\/","og_site_name":"Vinopolis","article_modified_time":"2026-03-30T21:58:01+00:00","og_image":[{"width":400,"height":608,"url":"https:\/\/vinopolis.mx\/wp-content\/uploads\/2023\/10\/SAN-NICOLA-WEB.png","type":"image\/png"}],"twitter_card":"summary_large_image","twitter_misc":{"Est. reading time":"1 minute"},"schema":{"@context":"https:\/\/schema.org","@graph":[{"@type":"WebPage","@id":"https:\/\/vinopolis.mx\/producto\/amaro-derbe-san-nicolao-700-ml-berta-destillerie\/","url":"https:\/\/vinopolis.mx\/producto\/amaro-derbe-san-nicolao-700-ml-berta-destillerie\/","name":"Amaro D\u2019erbe San Nicolao - Amaro D\u2019erbe","isPartOf":{"@id":"https:\/\/vinopolis.mx\/#website"},"primaryImageOfPage":{"@id":"https:\/\/vinopolis.mx\/producto\/amaro-derbe-san-nicolao-700-ml-berta-destillerie\/#primaryimage"},"image":{"@id":"https:\/\/vinopolis.mx\/producto\/amaro-derbe-san-nicolao-700-ml-berta-destillerie\/#primaryimage"},"thumbnailUrl":"https:\/\/vinopolis.mx\/wp-content\/uploads\/2023\/10\/SAN-NICOLA-WEB.png","datePublished":"2023-10-09T20:10:08+00:00","dateModified":"2026-03-30T21:58:01+00:00","description":"Amaro D\u2019erbe San Nicolao - Amaro D\u2019erbe San Nicolao - Vinopolis - Env\u00edos a todo M\u00e9xico - Alcohol | Brandy | Az\u00facar | Infusiones de hierbas arom\u00e1ticas","breadcrumb":{"@id":"https:\/\/vinopolis.mx\/producto\/amaro-derbe-san-nicolao-700-ml-berta-destillerie\/#breadcrumb"},"inLanguage":"en-US","potentialAction":[{"@type":"ReadAction","target":["https:\/\/vinopolis.mx\/producto\/amaro-derbe-san-nicolao-700-ml-berta-destillerie\/"]}]},{"@type":"ImageObject","inLanguage":"en-US","@id":"https:\/\/vinopolis.mx\/producto\/amaro-derbe-san-nicolao-700-ml-berta-destillerie\/#primaryimage","url":"https:\/\/vinopolis.mx\/wp-content\/uploads\/2023\/10\/SAN-NICOLA-WEB.png","contentUrl":"https:\/\/vinopolis.mx\/wp-content\/uploads\/2023\/10\/SAN-NICOLA-WEB.png","width":400,"height":608},{"@type":"BreadcrumbList","@id":"https:\/\/vinopolis.mx\/producto\/amaro-derbe-san-nicolao-700-ml-berta-destillerie\/#breadcrumb","itemListElement":[{"@type":"ListItem","position":1,"name":"Inicio","item":"https:\/\/vinopolis.mx\/"},{"@type":"ListItem","position":2,"name":"Shop","item":"https:\/\/vinopolis.mx\/shop\/"},{"@type":"ListItem","position":3,"name":"Amaro D\u2019erbe San Nicolao"}]},{"@type":"WebSite","@id":"https:\/\/vinopolis.mx\/#website","url":"https:\/\/vinopolis.mx\/","name":"Vinopolis","description":"Intrepid Wines Collection","publisher":{"@id":"https:\/\/vinopolis.mx\/#organization"},"potentialAction":[{"@type":"SearchAction","target":{"@type":"EntryPoint","urlTemplate":"https:\/\/vinopolis.mx\/?s={search_term_string}"},"query-input":{"@type":"PropertyValueSpecification","valueRequired":true,"valueName":"search_term_string"}}],"inLanguage":"en-US"},{"@type":"Organization","@id":"https:\/\/vinopolis.mx\/#organization","name":"Vinopolis","url":"https:\/\/vinopolis.mx\/","logo":{"@type":"ImageObject","inLanguage":"en-US","@id":"https:\/\/vinopolis.mx\/#\/schema\/logo\/image\/","url":"https:\/\/vinopolis.mx\/wp-content\/uploads\/2025\/08\/vinopolis_logo-25.png","contentUrl":"https:\/\/vinopolis.mx\/wp-content\/uploads\/2025\/08\/vinopolis_logo-25.png","width":1835,"height":281,"caption":"Vinopolis"},"image":{"@id":"https:\/\/vinopolis.mx\/#\/schema\/logo\/image\/"}}]}},"_links":{"self":[{"href":"https:\/\/vinopolis.mx\/en\/wp-json\/wp\/v2\/product\/1431","targetHints":{"allow":["GET"]}}],"collection":[{"href":"https:\/\/vinopolis.mx\/en\/wp-json\/wp\/v2\/product"}],"about":[{"href":"https:\/\/vinopolis.mx\/en\/wp-json\/wp\/v2\/types\/product"}],"version-history":[{"count":6,"href":"https:\/\/vinopolis.mx\/en\/wp-json\/wp\/v2\/product\/1431\/revisions"}],"predecessor-version":[{"id":16517,"href":"https:\/\/vinopolis.mx\/en\/wp-json\/wp\/v2\/product\/1431\/revisions\/16517"}],"wp:featuredmedia":[{"embeddable":true,"href":"https:\/\/vinopolis.mx\/en\/wp-json\/wp\/v2\/media\/1464"}],"wp:attachment":[{"href":"https:\/\/vinopolis.mx\/en\/wp-json\/wp\/v2\/media?parent=1431"}],"wp:term":[{"taxonomy":"product_brand","embeddable":true,"href":"https:\/\/vinopolis.mx\/en\/wp-json\/wp\/v2\/product_brand?post=1431"},{"taxonomy":"product_cat","embeddable":true,"href":"https:\/\/vinopolis.mx\/en\/wp-json\/wp\/v2\/product_cat?post=1431"},{"taxonomy":"product_tag","embeddable":true,"href":"https:\/\/vinopolis.mx\/en\/wp-json\/wp\/v2\/product_tag?post=1431"}],"curies":[{"name":"wp","href":"https:\/\/api.w.org\/{rel}","templated":true}]}}