{"id":13219,"date":"2024-04-18T17:07:16","date_gmt":"2024-04-18T22:07:16","guid":{"rendered":"https:\/\/vinopolis.mx\/?post_type=product&#038;p=13219"},"modified":"2026-03-30T17:00:50","modified_gmt":"2026-03-30T22:00:50","slug":"grappa-roccanivo","status":"publish","type":"product","link":"https:\/\/vinopolis.mx\/en\/product\/grappa-roccanivo\/","title":{"rendered":"Grappa \u201cRoccanivo\u201d"},"content":{"rendered":"","protected":false},"excerpt":{"rendered":"<p><a href=\"https:\/\/vinopolis.mx\/wp-content\/uploads\/2024\/09\/Schede-tecniche-2024_roccanivo-1.pdf\"><strong>VER FICHA T\u00c9CNICA<\/strong><\/a><\/p>","protected":false},"featured_media":11075,"template":"","meta":{"site-sidebar-layout":"default","site-content-layout":"","ast-site-content-layout":"default","site-content-style":"default","site-sidebar-style":"default","ast-global-header-display":"","ast-banner-title-visibility":"","ast-main-header-display":"","ast-hfb-above-header-display":"","ast-hfb-below-header-display":"","ast-hfb-mobile-header-display":"","site-post-title":"","ast-breadcrumbs-content":"","ast-featured-img":"","footer-sml-layout":"","theme-transparent-header-meta":"default","adv-header-id-meta":"","stick-header-meta":"","header-above-stick-meta":"","header-main-stick-meta":"","header-below-stick-meta":"","astra-migrate-meta-layouts":"set","ast-page-background-enabled":"default","ast-page-background-meta":{"desktop":{"background-color":"","background-image":"","background-repeat":"repeat","background-position":"center center","background-size":"auto","background-attachment":"scroll","background-type":"","background-media":"","overlay-type":"","overlay-color":"","overlay-opacity":"","overlay-gradient":""},"tablet":{"background-color":"","background-image":"","background-repeat":"repeat","background-position":"center center","background-size":"auto","background-attachment":"scroll","background-type":"","background-media":"","overlay-type":"","overlay-color":"","overlay-opacity":"","overlay-gradient":""},"mobile":{"background-color":"","background-image":"","background-repeat":"repeat","background-position":"center center","background-size":"auto","background-attachment":"scroll","background-type":"","background-media":"","overlay-type":"","overlay-color":"","overlay-opacity":"","overlay-gradient":""}},"ast-content-background-meta":{"desktop":{"background-color":"var(--ast-global-color-5)","background-image":"","background-repeat":"repeat","background-position":"center center","background-size":"auto","background-attachment":"scroll","background-type":"","background-media":"","overlay-type":"","overlay-color":"","overlay-opacity":"","overlay-gradient":""},"tablet":{"background-color":"var(--ast-global-color-5)","background-image":"","background-repeat":"repeat","background-position":"center center","background-size":"auto","background-attachment":"scroll","background-type":"","background-media":"","overlay-type":"","overlay-color":"","overlay-opacity":"","overlay-gradient":""},"mobile":{"background-color":"var(--ast-global-color-5)","background-image":"","background-repeat":"repeat","background-position":"center center","background-size":"auto","background-attachment":"scroll","background-type":"","background-media":"","overlay-type":"","overlay-color":"","overlay-opacity":"","overlay-gradient":""}},"_joinchat":[]},"product_brand":[],"product_cat":[2195,2210,1987,1995,1997,2081,1659],"product_tag":[291,442,475,476,482,484,486,489,495],"class_list":{"0":"post-13219","1":"product","2":"type-product","3":"status-publish","4":"has-post-thumbnail","6":"product_cat-italia","7":"product_cat-piemonte","8":"product_cat-barbera","9":"product_cat-de-3000-a-5999","10":"product_cat-botella-700-ml","11":"product_cat-grappa-extra-anejada","12":"product_cat-berta-distillerie","13":"product_tag-piemonte","14":"product_tag-442","15":"product_tag-700-ml","16":"product_tag-berta-distillerie","17":"product_tag-482","18":"product_tag-grappa","19":"product_tag-individual","20":"product_tag-grappa-extra-anejada","21":"product_tag-uvabarbera","22":"desktop-align-center","23":"tablet-align-center","24":"mobile-align-center","25":"ast-product-gallery-layout-horizontal-slider","26":"ast-product-gallery-with-no-image","27":"ast-product-tabs-layout-horizontal","28":"ast-qv-on-image","30":"first","31":"instock","32":"taxable","33":"shipping-taxable","34":"purchasable","35":"product-type-simple"},"yoast_head":"<!-- This site is optimized with the Yoast SEO plugin v26.3 - https:\/\/yoast.com\/wordpress\/plugins\/seo\/ -->\n<title>Grappa &quot;Roccanivo&quot; - Vinopolis<\/title>\n<meta name=\"description\" content=\"Grappa Roccanivo Vinopolis Berta Destillerie - Tienda de vinos en M\u00e9xico con env\u00edos en toda la rep\u00fablica - Grappa Extra A\u00f1ejada\" \/>\n<meta name=\"robots\" content=\"index, follow, max-snippet:-1, max-image-preview:large, max-video-preview:-1\" \/>\n<link rel=\"canonical\" href=\"https:\/\/vinopolis.mx\/en\/product\/grappa-roccanivo\/\" \/>\n<meta property=\"og:locale\" content=\"en_US\" \/>\n<meta property=\"og:type\" content=\"article\" \/>\n<meta property=\"og:title\" content=\"Grappa &quot;Roccanivo&quot; - Vinopolis\" \/>\n<meta property=\"og:description\" content=\"Grappa Roccanivo Vinopolis Berta Destillerie - Tienda de vinos en M\u00e9xico con env\u00edos en toda la rep\u00fablica - Grappa Extra A\u00f1ejada\" \/>\n<meta property=\"og:url\" content=\"https:\/\/vinopolis.mx\/en\/product\/grappa-roccanivo\/\" \/>\n<meta property=\"og:site_name\" content=\"Vinopolis\" \/>\n<meta property=\"article:modified_time\" content=\"2026-03-30T22:00:50+00:00\" \/>\n<meta property=\"og:image\" content=\"https:\/\/vinopolis.mx\/wp-content\/uploads\/2024\/01\/berta-distillerie-grappa-roccanivo-2013.jpg\" \/>\n\t<meta property=\"og:image:width\" content=\"800\" \/>\n\t<meta property=\"og:image:height\" content=\"800\" \/>\n\t<meta property=\"og:image:type\" content=\"image\/jpeg\" \/>\n<meta name=\"twitter:card\" content=\"summary_large_image\" \/>\n<meta name=\"twitter:label1\" content=\"Est. reading time\" \/>\n\t<meta name=\"twitter:data1\" content=\"1 minute\" \/>\n<script type=\"application\/ld+json\" class=\"yoast-schema-graph\">{\"@context\":\"https:\/\/schema.org\",\"@graph\":[{\"@type\":\"WebPage\",\"@id\":\"https:\/\/vinopolis.mx\/producto\/grappa-roccanivo\/\",\"url\":\"https:\/\/vinopolis.mx\/producto\/grappa-roccanivo\/\",\"name\":\"Grappa \\\"Roccanivo\\\" - Vinopolis\",\"isPartOf\":{\"@id\":\"https:\/\/vinopolis.mx\/#website\"},\"primaryImageOfPage\":{\"@id\":\"https:\/\/vinopolis.mx\/producto\/grappa-roccanivo\/#primaryimage\"},\"image\":{\"@id\":\"https:\/\/vinopolis.mx\/producto\/grappa-roccanivo\/#primaryimage\"},\"thumbnailUrl\":\"https:\/\/vinopolis.mx\/wp-content\/uploads\/2024\/01\/berta-distillerie-grappa-roccanivo-2013.jpg\",\"datePublished\":\"2024-04-18T22:07:16+00:00\",\"dateModified\":\"2026-03-30T22:00:50+00:00\",\"description\":\"Grappa Roccanivo Vinopolis Berta Destillerie - Tienda de vinos en M\u00e9xico con env\u00edos en toda la rep\u00fablica - Grappa Extra A\u00f1ejada\",\"breadcrumb\":{\"@id\":\"https:\/\/vinopolis.mx\/producto\/grappa-roccanivo\/#breadcrumb\"},\"inLanguage\":\"en-US\",\"potentialAction\":[{\"@type\":\"ReadAction\",\"target\":[\"https:\/\/vinopolis.mx\/producto\/grappa-roccanivo\/\"]}]},{\"@type\":\"ImageObject\",\"inLanguage\":\"en-US\",\"@id\":\"https:\/\/vinopolis.mx\/producto\/grappa-roccanivo\/#primaryimage\",\"url\":\"https:\/\/vinopolis.mx\/wp-content\/uploads\/2024\/01\/berta-distillerie-grappa-roccanivo-2013.jpg\",\"contentUrl\":\"https:\/\/vinopolis.mx\/wp-content\/uploads\/2024\/01\/berta-distillerie-grappa-roccanivo-2013.jpg\",\"width\":800,\"height\":800},{\"@type\":\"BreadcrumbList\",\"@id\":\"https:\/\/vinopolis.mx\/producto\/grappa-roccanivo\/#breadcrumb\",\"itemListElement\":[{\"@type\":\"ListItem\",\"position\":1,\"name\":\"Inicio\",\"item\":\"https:\/\/vinopolis.mx\/\"},{\"@type\":\"ListItem\",\"position\":2,\"name\":\"Shop\",\"item\":\"https:\/\/vinopolis.mx\/shop\/\"},{\"@type\":\"ListItem\",\"position\":3,\"name\":\"Grappa &#8220;Roccanivo&#8221;\"}]},{\"@type\":\"WebSite\",\"@id\":\"https:\/\/vinopolis.mx\/#website\",\"url\":\"https:\/\/vinopolis.mx\/\",\"name\":\"Vinopolis\",\"description\":\"Intrepid Wines Collection\",\"publisher\":{\"@id\":\"https:\/\/vinopolis.mx\/#organization\"},\"potentialAction\":[{\"@type\":\"SearchAction\",\"target\":{\"@type\":\"EntryPoint\",\"urlTemplate\":\"https:\/\/vinopolis.mx\/?s={search_term_string}\"},\"query-input\":{\"@type\":\"PropertyValueSpecification\",\"valueRequired\":true,\"valueName\":\"search_term_string\"}}],\"inLanguage\":\"en-US\"},{\"@type\":\"Organization\",\"@id\":\"https:\/\/vinopolis.mx\/#organization\",\"name\":\"Vinopolis\",\"url\":\"https:\/\/vinopolis.mx\/\",\"logo\":{\"@type\":\"ImageObject\",\"inLanguage\":\"en-US\",\"@id\":\"https:\/\/vinopolis.mx\/#\/schema\/logo\/image\/\",\"url\":\"https:\/\/vinopolis.mx\/wp-content\/uploads\/2025\/08\/vinopolis_logo-25.png\",\"contentUrl\":\"https:\/\/vinopolis.mx\/wp-content\/uploads\/2025\/08\/vinopolis_logo-25.png\",\"width\":1835,\"height\":281,\"caption\":\"Vinopolis\"},\"image\":{\"@id\":\"https:\/\/vinopolis.mx\/#\/schema\/logo\/image\/\"}}]}<\/script>\n<!-- \/ Yoast SEO plugin. -->","yoast_head_json":{"title":"Grappa \"Roccanivo\" - Vinopolis","description":"Grappa Roccanivo Vinopolis Berta Destillerie - Tienda de vinos en M\u00e9xico con env\u00edos en toda la rep\u00fablica - Grappa Extra A\u00f1ejada","robots":{"index":"index","follow":"follow","max-snippet":"max-snippet:-1","max-image-preview":"max-image-preview:large","max-video-preview":"max-video-preview:-1"},"canonical":"https:\/\/vinopolis.mx\/en\/product\/grappa-roccanivo\/","og_locale":"en_US","og_type":"article","og_title":"Grappa \"Roccanivo\" - Vinopolis","og_description":"Grappa Roccanivo Vinopolis Berta Destillerie - Tienda de vinos en M\u00e9xico con env\u00edos en toda la rep\u00fablica - Grappa Extra A\u00f1ejada","og_url":"https:\/\/vinopolis.mx\/en\/product\/grappa-roccanivo\/","og_site_name":"Vinopolis","article_modified_time":"2026-03-30T22:00:50+00:00","og_image":[{"width":800,"height":800,"url":"https:\/\/vinopolis.mx\/wp-content\/uploads\/2024\/01\/berta-distillerie-grappa-roccanivo-2013.jpg","type":"image\/jpeg"}],"twitter_card":"summary_large_image","twitter_misc":{"Est. reading time":"1 minute"},"schema":{"@context":"https:\/\/schema.org","@graph":[{"@type":"WebPage","@id":"https:\/\/vinopolis.mx\/producto\/grappa-roccanivo\/","url":"https:\/\/vinopolis.mx\/producto\/grappa-roccanivo\/","name":"Grappa \"Roccanivo\" - Vinopolis","isPartOf":{"@id":"https:\/\/vinopolis.mx\/#website"},"primaryImageOfPage":{"@id":"https:\/\/vinopolis.mx\/producto\/grappa-roccanivo\/#primaryimage"},"image":{"@id":"https:\/\/vinopolis.mx\/producto\/grappa-roccanivo\/#primaryimage"},"thumbnailUrl":"https:\/\/vinopolis.mx\/wp-content\/uploads\/2024\/01\/berta-distillerie-grappa-roccanivo-2013.jpg","datePublished":"2024-04-18T22:07:16+00:00","dateModified":"2026-03-30T22:00:50+00:00","description":"Grappa Roccanivo Vinopolis Berta Destillerie - Tienda de vinos en M\u00e9xico con env\u00edos en toda la rep\u00fablica - Grappa Extra A\u00f1ejada","breadcrumb":{"@id":"https:\/\/vinopolis.mx\/producto\/grappa-roccanivo\/#breadcrumb"},"inLanguage":"en-US","potentialAction":[{"@type":"ReadAction","target":["https:\/\/vinopolis.mx\/producto\/grappa-roccanivo\/"]}]},{"@type":"ImageObject","inLanguage":"en-US","@id":"https:\/\/vinopolis.mx\/producto\/grappa-roccanivo\/#primaryimage","url":"https:\/\/vinopolis.mx\/wp-content\/uploads\/2024\/01\/berta-distillerie-grappa-roccanivo-2013.jpg","contentUrl":"https:\/\/vinopolis.mx\/wp-content\/uploads\/2024\/01\/berta-distillerie-grappa-roccanivo-2013.jpg","width":800,"height":800},{"@type":"BreadcrumbList","@id":"https:\/\/vinopolis.mx\/producto\/grappa-roccanivo\/#breadcrumb","itemListElement":[{"@type":"ListItem","position":1,"name":"Inicio","item":"https:\/\/vinopolis.mx\/"},{"@type":"ListItem","position":2,"name":"Shop","item":"https:\/\/vinopolis.mx\/shop\/"},{"@type":"ListItem","position":3,"name":"Grappa &#8220;Roccanivo&#8221;"}]},{"@type":"WebSite","@id":"https:\/\/vinopolis.mx\/#website","url":"https:\/\/vinopolis.mx\/","name":"Vinopolis","description":"Intrepid Wines Collection","publisher":{"@id":"https:\/\/vinopolis.mx\/#organization"},"potentialAction":[{"@type":"SearchAction","target":{"@type":"EntryPoint","urlTemplate":"https:\/\/vinopolis.mx\/?s={search_term_string}"},"query-input":{"@type":"PropertyValueSpecification","valueRequired":true,"valueName":"search_term_string"}}],"inLanguage":"en-US"},{"@type":"Organization","@id":"https:\/\/vinopolis.mx\/#organization","name":"Vinopolis","url":"https:\/\/vinopolis.mx\/","logo":{"@type":"ImageObject","inLanguage":"en-US","@id":"https:\/\/vinopolis.mx\/#\/schema\/logo\/image\/","url":"https:\/\/vinopolis.mx\/wp-content\/uploads\/2025\/08\/vinopolis_logo-25.png","contentUrl":"https:\/\/vinopolis.mx\/wp-content\/uploads\/2025\/08\/vinopolis_logo-25.png","width":1835,"height":281,"caption":"Vinopolis"},"image":{"@id":"https:\/\/vinopolis.mx\/#\/schema\/logo\/image\/"}}]}},"_links":{"self":[{"href":"https:\/\/vinopolis.mx\/en\/wp-json\/wp\/v2\/product\/13219","targetHints":{"allow":["GET"]}}],"collection":[{"href":"https:\/\/vinopolis.mx\/en\/wp-json\/wp\/v2\/product"}],"about":[{"href":"https:\/\/vinopolis.mx\/en\/wp-json\/wp\/v2\/types\/product"}],"version-history":[{"count":3,"href":"https:\/\/vinopolis.mx\/en\/wp-json\/wp\/v2\/product\/13219\/revisions"}],"predecessor-version":[{"id":14577,"href":"https:\/\/vinopolis.mx\/en\/wp-json\/wp\/v2\/product\/13219\/revisions\/14577"}],"wp:featuredmedia":[{"embeddable":true,"href":"https:\/\/vinopolis.mx\/en\/wp-json\/wp\/v2\/media\/11075"}],"wp:attachment":[{"href":"https:\/\/vinopolis.mx\/en\/wp-json\/wp\/v2\/media?parent=13219"}],"wp:term":[{"taxonomy":"product_brand","embeddable":true,"href":"https:\/\/vinopolis.mx\/en\/wp-json\/wp\/v2\/product_brand?post=13219"},{"taxonomy":"product_cat","embeddable":true,"href":"https:\/\/vinopolis.mx\/en\/wp-json\/wp\/v2\/product_cat?post=13219"},{"taxonomy":"product_tag","embeddable":true,"href":"https:\/\/vinopolis.mx\/en\/wp-json\/wp\/v2\/product_tag?post=13219"}],"curies":[{"name":"wp","href":"https:\/\/api.w.org\/{rel}","templated":true}]}}