{"id":12952,"date":"2024-05-29T11:47:31","date_gmt":"2024-05-29T16:47:31","guid":{"rendered":"https:\/\/vinopolis.mx\/?post_type=product&#038;p=12952"},"modified":"2026-03-30T17:00:44","modified_gmt":"2026-03-30T22:00:44","slug":"vassilakis-estate-premium-extra-virgin-olive-oil","status":"publish","type":"product","link":"https:\/\/vinopolis.mx\/en\/product\/vassilakis-estate-premium-extra-virgin-olive-oil\/","title":{"rendered":"Aceite de Oliva Extra Virgen Vassilakis Estate Premium"},"content":{"rendered":"","protected":false},"excerpt":{"rendered":"<div class=\"elementor-element elementor-element-9e1dc4b e-con-full e-flex e-con e-child\" data-id=\"9e1dc4b\" data-element_type=\"container\">\n<div class=\"elementor-element elementor-element-d9e8f96 elementor-widget elementor-widget-heading\" data-id=\"d9e8f96\" data-element_type=\"widget\" data-widget_type=\"heading.default\">\n<div class=\"elementor-widget-container\">\n<p class=\"elementor-heading-title elementor-size-default\"><strong>Variedad de aceituna:<\/strong> Koroneiki local.<br \/>\n<strong>Origen:<\/strong> Agia Sophia.<br \/>\n<strong>Periodo de recolecci\u00f3n:<\/strong> Principios de noviembre, el primer aceite de la temporada.<br \/>\n<strong>Productor:<\/strong> Olivar de la familia Vassilakis.<br \/>\n<strong>Categor\u00eda de aceite de oliva:<\/strong> virgen extra premium, acidez = 0,3 o inferior.<br \/>\n<strong>Perfil organol\u00e9ptico:<\/strong> intenso y contundente. Intensamente afrutado y arom\u00e1tico. Distintivamente picante y especiado, con un agradable regusto a pimienta.<br \/>\n<strong>Usos y maridaje:<\/strong> Utilizar crudo para mojar o en platos que requieran un realce de sabor intenso: pan tostado, verduras salteadas, legumbres, marinados, carnes a la parrilla o asadas.<\/p>\n<\/div>\n<\/div>\n<\/div>\n<p><a class=\"btn_ficha\" href=\"https:\/\/vinopolis.mx\/wp-content\/uploads\/2024\/07\/Captura-de-pantalla-2024-07-19-210624.png\" target=\"_blank\" rel=\"noopener\">See technical sheet<\/a><\/p>","protected":false},"featured_media":12953,"template":"","meta":{"site-sidebar-layout":"default","site-content-layout":"","ast-site-content-layout":"default","site-content-style":"default","site-sidebar-style":"default","ast-global-header-display":"","ast-banner-title-visibility":"","ast-main-header-display":"","ast-hfb-above-header-display":"","ast-hfb-below-header-display":"","ast-hfb-mobile-header-display":"","site-post-title":"","ast-breadcrumbs-content":"","ast-featured-img":"","footer-sml-layout":"","theme-transparent-header-meta":"default","adv-header-id-meta":"","stick-header-meta":"","header-above-stick-meta":"","header-main-stick-meta":"","header-below-stick-meta":"","astra-migrate-meta-layouts":"set","ast-page-background-enabled":"default","ast-page-background-meta":{"desktop":{"background-color":"","background-image":"","background-repeat":"repeat","background-position":"center center","background-size":"auto","background-attachment":"scroll","background-type":"","background-media":"","overlay-type":"","overlay-color":"","overlay-opacity":"","overlay-gradient":""},"tablet":{"background-color":"","background-image":"","background-repeat":"repeat","background-position":"center center","background-size":"auto","background-attachment":"scroll","background-type":"","background-media":"","overlay-type":"","overlay-color":"","overlay-opacity":"","overlay-gradient":""},"mobile":{"background-color":"","background-image":"","background-repeat":"repeat","background-position":"center center","background-size":"auto","background-attachment":"scroll","background-type":"","background-media":"","overlay-type":"","overlay-color":"","overlay-opacity":"","overlay-gradient":""}},"ast-content-background-meta":{"desktop":{"background-color":"var(--ast-global-color-5)","background-image":"","background-repeat":"repeat","background-position":"center center","background-size":"auto","background-attachment":"scroll","background-type":"","background-media":"","overlay-type":"","overlay-color":"","overlay-opacity":"","overlay-gradient":""},"tablet":{"background-color":"var(--ast-global-color-5)","background-image":"","background-repeat":"repeat","background-position":"center center","background-size":"auto","background-attachment":"scroll","background-type":"","background-media":"","overlay-type":"","overlay-color":"","overlay-opacity":"","overlay-gradient":""},"mobile":{"background-color":"var(--ast-global-color-5)","background-image":"","background-repeat":"repeat","background-position":"center center","background-size":"auto","background-attachment":"scroll","background-type":"","background-media":"","overlay-type":"","overlay-color":"","overlay-opacity":"","overlay-gradient":""}},"_joinchat":[]},"product_brand":[],"product_cat":[2204,2226,2010,2108,2026,2107,2111,2009],"product_tag":[572],"class_list":{"0":"post-12952","1":"product","2":"type-product","3":"status-publish","4":"has-post-thumbnail","6":"product_cat-grecia","7":"product_cat-creta","8":"product_cat-aceite-de-oliva-extra-virgen","9":"product_cat-isla-creta","10":"product_cat-500-ml","11":"product_cat-vassilakis-estate","12":"product_cat-vassilakis-estate-bodegas","13":"product_cat-categoria-aceite","14":"product_tag-aceite","15":"desktop-align-center","16":"tablet-align-center","17":"mobile-align-center","18":"ast-product-gallery-layout-horizontal-slider","19":"ast-product-gallery-with-no-image","20":"ast-product-tabs-layout-horizontal","21":"ast-qv-on-image","23":"first","24":"instock","25":"taxable","26":"shipping-taxable","27":"purchasable","28":"product-type-simple"},"yoast_head":"<!-- This site is optimized with the Yoast SEO plugin v26.3 - https:\/\/yoast.com\/wordpress\/plugins\/seo\/ -->\n<title>Aceite de Oliva Extra Virgen Vassilakis Estate Premium - Vinopolis<\/title>\n<meta name=\"robots\" content=\"index, follow, max-snippet:-1, max-image-preview:large, max-video-preview:-1\" \/>\n<link rel=\"canonical\" href=\"https:\/\/vinopolis.mx\/en\/product\/vassilakis-estate-premium-extra-virgin-olive-oil\/\" \/>\n<meta property=\"og:locale\" content=\"en_US\" \/>\n<meta property=\"og:type\" content=\"article\" \/>\n<meta property=\"og:title\" content=\"Aceite de Oliva Extra Virgen Vassilakis Estate Premium - Vinopolis\" \/>\n<meta property=\"og:description\" content=\"Variedad de aceituna: Koroneiki local. Origen: Agia Sophia. Periodo de recolecci\u00f3n: Principios de noviembre, el primer aceite de la temporada. Productor: Olivar de la familia Vassilakis. Categor\u00eda de aceite de oliva: virgen extra premium, acidez = 0,3 o inferior. Perfil organol\u00e9ptico: intenso y contundente. Intensamente afrutado y arom\u00e1tico. Distintivamente picante y especiado, con un agradable regusto a pimienta. Usos y maridaje: Utilizar crudo para mojar o en platos que requieran un realce de sabor intenso: pan tostado, verduras salteadas, legumbres, marinados, carnes a la parrilla o asadas.     Ver ficha t\u00e9cnica\" \/>\n<meta property=\"og:url\" content=\"https:\/\/vinopolis.mx\/en\/product\/vassilakis-estate-premium-extra-virgin-olive-oil\/\" \/>\n<meta property=\"og:site_name\" content=\"Vinopolis\" \/>\n<meta property=\"article:modified_time\" content=\"2026-03-30T22:00:44+00:00\" \/>\n<meta property=\"og:image\" content=\"https:\/\/vinopolis.mx\/wp-content\/uploads\/2024\/04\/Estate.png\" \/>\n\t<meta property=\"og:image:width\" content=\"400\" \/>\n\t<meta property=\"og:image:height\" content=\"608\" \/>\n\t<meta property=\"og:image:type\" content=\"image\/png\" \/>\n<meta name=\"twitter:card\" content=\"summary_large_image\" \/>\n<meta name=\"twitter:label1\" content=\"Est. reading time\" \/>\n\t<meta name=\"twitter:data1\" content=\"1 minute\" \/>\n<script type=\"application\/ld+json\" class=\"yoast-schema-graph\">{\"@context\":\"https:\/\/schema.org\",\"@graph\":[{\"@type\":\"WebPage\",\"@id\":\"https:\/\/vinopolis.mx\/producto\/vassilakis-estate-premium-extra-virgin-olive-oil\/\",\"url\":\"https:\/\/vinopolis.mx\/producto\/vassilakis-estate-premium-extra-virgin-olive-oil\/\",\"name\":\"Aceite de Oliva Extra Virgen Vassilakis Estate Premium - Vinopolis\",\"isPartOf\":{\"@id\":\"https:\/\/vinopolis.mx\/#website\"},\"primaryImageOfPage\":{\"@id\":\"https:\/\/vinopolis.mx\/producto\/vassilakis-estate-premium-extra-virgin-olive-oil\/#primaryimage\"},\"image\":{\"@id\":\"https:\/\/vinopolis.mx\/producto\/vassilakis-estate-premium-extra-virgin-olive-oil\/#primaryimage\"},\"thumbnailUrl\":\"https:\/\/vinopolis.mx\/wp-content\/uploads\/2024\/04\/Estate.png\",\"datePublished\":\"2024-05-29T16:47:31+00:00\",\"dateModified\":\"2026-03-30T22:00:44+00:00\",\"breadcrumb\":{\"@id\":\"https:\/\/vinopolis.mx\/producto\/vassilakis-estate-premium-extra-virgin-olive-oil\/#breadcrumb\"},\"inLanguage\":\"en-US\",\"potentialAction\":[{\"@type\":\"ReadAction\",\"target\":[\"https:\/\/vinopolis.mx\/producto\/vassilakis-estate-premium-extra-virgin-olive-oil\/\"]}]},{\"@type\":\"ImageObject\",\"inLanguage\":\"en-US\",\"@id\":\"https:\/\/vinopolis.mx\/producto\/vassilakis-estate-premium-extra-virgin-olive-oil\/#primaryimage\",\"url\":\"https:\/\/vinopolis.mx\/wp-content\/uploads\/2024\/04\/Estate.png\",\"contentUrl\":\"https:\/\/vinopolis.mx\/wp-content\/uploads\/2024\/04\/Estate.png\",\"width\":400,\"height\":608},{\"@type\":\"BreadcrumbList\",\"@id\":\"https:\/\/vinopolis.mx\/producto\/vassilakis-estate-premium-extra-virgin-olive-oil\/#breadcrumb\",\"itemListElement\":[{\"@type\":\"ListItem\",\"position\":1,\"name\":\"Inicio\",\"item\":\"https:\/\/vinopolis.mx\/\"},{\"@type\":\"ListItem\",\"position\":2,\"name\":\"Shop\",\"item\":\"https:\/\/vinopolis.mx\/shop\/\"},{\"@type\":\"ListItem\",\"position\":3,\"name\":\"Aceite de Oliva Extra Virgen Vassilakis Estate Premium\"}]},{\"@type\":\"WebSite\",\"@id\":\"https:\/\/vinopolis.mx\/#website\",\"url\":\"https:\/\/vinopolis.mx\/\",\"name\":\"Vinopolis\",\"description\":\"Intrepid Wines Collection\",\"publisher\":{\"@id\":\"https:\/\/vinopolis.mx\/#organization\"},\"potentialAction\":[{\"@type\":\"SearchAction\",\"target\":{\"@type\":\"EntryPoint\",\"urlTemplate\":\"https:\/\/vinopolis.mx\/?s={search_term_string}\"},\"query-input\":{\"@type\":\"PropertyValueSpecification\",\"valueRequired\":true,\"valueName\":\"search_term_string\"}}],\"inLanguage\":\"en-US\"},{\"@type\":\"Organization\",\"@id\":\"https:\/\/vinopolis.mx\/#organization\",\"name\":\"Vinopolis\",\"url\":\"https:\/\/vinopolis.mx\/\",\"logo\":{\"@type\":\"ImageObject\",\"inLanguage\":\"en-US\",\"@id\":\"https:\/\/vinopolis.mx\/#\/schema\/logo\/image\/\",\"url\":\"https:\/\/vinopolis.mx\/wp-content\/uploads\/2025\/08\/vinopolis_logo-25.png\",\"contentUrl\":\"https:\/\/vinopolis.mx\/wp-content\/uploads\/2025\/08\/vinopolis_logo-25.png\",\"width\":1835,\"height\":281,\"caption\":\"Vinopolis\"},\"image\":{\"@id\":\"https:\/\/vinopolis.mx\/#\/schema\/logo\/image\/\"}}]}<\/script>\n<!-- \/ Yoast SEO plugin. -->","yoast_head_json":{"title":"Aceite de Oliva Extra Virgen Vassilakis Estate Premium - Vinopolis","robots":{"index":"index","follow":"follow","max-snippet":"max-snippet:-1","max-image-preview":"max-image-preview:large","max-video-preview":"max-video-preview:-1"},"canonical":"https:\/\/vinopolis.mx\/en\/product\/vassilakis-estate-premium-extra-virgin-olive-oil\/","og_locale":"en_US","og_type":"article","og_title":"Aceite de Oliva Extra Virgen Vassilakis Estate Premium - Vinopolis","og_description":"Variedad de aceituna: Koroneiki local. Origen: Agia Sophia. Periodo de recolecci\u00f3n: Principios de noviembre, el primer aceite de la temporada. Productor: Olivar de la familia Vassilakis. Categor\u00eda de aceite de oliva: virgen extra premium, acidez = 0,3 o inferior. Perfil organol\u00e9ptico: intenso y contundente. Intensamente afrutado y arom\u00e1tico. Distintivamente picante y especiado, con un agradable regusto a pimienta. Usos y maridaje: Utilizar crudo para mojar o en platos que requieran un realce de sabor intenso: pan tostado, verduras salteadas, legumbres, marinados, carnes a la parrilla o asadas.     Ver ficha t\u00e9cnica","og_url":"https:\/\/vinopolis.mx\/en\/product\/vassilakis-estate-premium-extra-virgin-olive-oil\/","og_site_name":"Vinopolis","article_modified_time":"2026-03-30T22:00:44+00:00","og_image":[{"width":400,"height":608,"url":"https:\/\/vinopolis.mx\/wp-content\/uploads\/2024\/04\/Estate.png","type":"image\/png"}],"twitter_card":"summary_large_image","twitter_misc":{"Est. reading time":"1 minute"},"schema":{"@context":"https:\/\/schema.org","@graph":[{"@type":"WebPage","@id":"https:\/\/vinopolis.mx\/producto\/vassilakis-estate-premium-extra-virgin-olive-oil\/","url":"https:\/\/vinopolis.mx\/producto\/vassilakis-estate-premium-extra-virgin-olive-oil\/","name":"Aceite de Oliva Extra Virgen Vassilakis Estate Premium - Vinopolis","isPartOf":{"@id":"https:\/\/vinopolis.mx\/#website"},"primaryImageOfPage":{"@id":"https:\/\/vinopolis.mx\/producto\/vassilakis-estate-premium-extra-virgin-olive-oil\/#primaryimage"},"image":{"@id":"https:\/\/vinopolis.mx\/producto\/vassilakis-estate-premium-extra-virgin-olive-oil\/#primaryimage"},"thumbnailUrl":"https:\/\/vinopolis.mx\/wp-content\/uploads\/2024\/04\/Estate.png","datePublished":"2024-05-29T16:47:31+00:00","dateModified":"2026-03-30T22:00:44+00:00","breadcrumb":{"@id":"https:\/\/vinopolis.mx\/producto\/vassilakis-estate-premium-extra-virgin-olive-oil\/#breadcrumb"},"inLanguage":"en-US","potentialAction":[{"@type":"ReadAction","target":["https:\/\/vinopolis.mx\/producto\/vassilakis-estate-premium-extra-virgin-olive-oil\/"]}]},{"@type":"ImageObject","inLanguage":"en-US","@id":"https:\/\/vinopolis.mx\/producto\/vassilakis-estate-premium-extra-virgin-olive-oil\/#primaryimage","url":"https:\/\/vinopolis.mx\/wp-content\/uploads\/2024\/04\/Estate.png","contentUrl":"https:\/\/vinopolis.mx\/wp-content\/uploads\/2024\/04\/Estate.png","width":400,"height":608},{"@type":"BreadcrumbList","@id":"https:\/\/vinopolis.mx\/producto\/vassilakis-estate-premium-extra-virgin-olive-oil\/#breadcrumb","itemListElement":[{"@type":"ListItem","position":1,"name":"Inicio","item":"https:\/\/vinopolis.mx\/"},{"@type":"ListItem","position":2,"name":"Shop","item":"https:\/\/vinopolis.mx\/shop\/"},{"@type":"ListItem","position":3,"name":"Aceite de Oliva Extra Virgen Vassilakis Estate Premium"}]},{"@type":"WebSite","@id":"https:\/\/vinopolis.mx\/#website","url":"https:\/\/vinopolis.mx\/","name":"Vinopolis","description":"Intrepid Wines Collection","publisher":{"@id":"https:\/\/vinopolis.mx\/#organization"},"potentialAction":[{"@type":"SearchAction","target":{"@type":"EntryPoint","urlTemplate":"https:\/\/vinopolis.mx\/?s={search_term_string}"},"query-input":{"@type":"PropertyValueSpecification","valueRequired":true,"valueName":"search_term_string"}}],"inLanguage":"en-US"},{"@type":"Organization","@id":"https:\/\/vinopolis.mx\/#organization","name":"Vinopolis","url":"https:\/\/vinopolis.mx\/","logo":{"@type":"ImageObject","inLanguage":"en-US","@id":"https:\/\/vinopolis.mx\/#\/schema\/logo\/image\/","url":"https:\/\/vinopolis.mx\/wp-content\/uploads\/2025\/08\/vinopolis_logo-25.png","contentUrl":"https:\/\/vinopolis.mx\/wp-content\/uploads\/2025\/08\/vinopolis_logo-25.png","width":1835,"height":281,"caption":"Vinopolis"},"image":{"@id":"https:\/\/vinopolis.mx\/#\/schema\/logo\/image\/"}}]}},"_links":{"self":[{"href":"https:\/\/vinopolis.mx\/en\/wp-json\/wp\/v2\/product\/12952","targetHints":{"allow":["GET"]}}],"collection":[{"href":"https:\/\/vinopolis.mx\/en\/wp-json\/wp\/v2\/product"}],"about":[{"href":"https:\/\/vinopolis.mx\/en\/wp-json\/wp\/v2\/types\/product"}],"version-history":[{"count":8,"href":"https:\/\/vinopolis.mx\/en\/wp-json\/wp\/v2\/product\/12952\/revisions"}],"predecessor-version":[{"id":20709,"href":"https:\/\/vinopolis.mx\/en\/wp-json\/wp\/v2\/product\/12952\/revisions\/20709"}],"wp:featuredmedia":[{"embeddable":true,"href":"https:\/\/vinopolis.mx\/en\/wp-json\/wp\/v2\/media\/12953"}],"wp:attachment":[{"href":"https:\/\/vinopolis.mx\/en\/wp-json\/wp\/v2\/media?parent=12952"}],"wp:term":[{"taxonomy":"product_brand","embeddable":true,"href":"https:\/\/vinopolis.mx\/en\/wp-json\/wp\/v2\/product_brand?post=12952"},{"taxonomy":"product_cat","embeddable":true,"href":"https:\/\/vinopolis.mx\/en\/wp-json\/wp\/v2\/product_cat?post=12952"},{"taxonomy":"product_tag","embeddable":true,"href":"https:\/\/vinopolis.mx\/en\/wp-json\/wp\/v2\/product_tag?post=12952"}],"curies":[{"name":"wp","href":"https:\/\/api.w.org\/{rel}","templated":true}]}}