{"id":12302,"date":"2024-05-29T11:48:36","date_gmt":"2024-05-29T16:48:36","guid":{"rendered":"https:\/\/vinopolis.mx\/?post_type=product&#038;p=12302"},"modified":"2026-03-30T17:00:43","modified_gmt":"2026-03-30T22:00:43","slug":"charisma-organic-extra-virgin-olive-oil","status":"publish","type":"product","link":"https:\/\/vinopolis.mx\/en\/product\/charisma-organic-extra-virgin-olive-oil\/","title":{"rendered":"Aceite de Oliva Extra Virgen Charisma Organic"},"content":{"rendered":"","protected":false},"excerpt":{"rendered":"<div class=\"elementor-element elementor-element-384f8fc e-con-full e-flex e-con e-child\" data-id=\"384f8fc\" data-element_type=\"container\">\n<div class=\"elementor-element elementor-element-b4d85c5 elementor-widget elementor-widget-heading\" data-id=\"b4d85c5\" data-element_type=\"widget\" data-widget_type=\"heading.default\">\n<div class=\"elementor-widget-container\"><strong>Variedad de aceituna:<\/strong> Koroneiki local.<br \/>\n<strong>Origen:<\/strong> Bah\u00eda de Mirambello.<br \/>\n<strong>Periodo de recolecci\u00f3n:<\/strong> principios de noviembre a mediados de diciembre.<br \/>\n<strong>Productor:<\/strong> 500 agricultores de aceitunas con certificaci\u00f3n ecol\u00f3gica.<br \/>\n<strong>Categor\u00eda de aceite de oliva:<\/strong> virgen extra con certificaci\u00f3n ecol\u00f3gica.<br \/>\n<strong>Perfil organol\u00e9ptico:<\/strong> afrutado, con picante medio, agradable, regusto ligeramente amargo.<br \/>\n<strong>Usos y maridajes:<\/strong> Un aceite virgen extra vers\u00e1til para el d\u00eda a d\u00eda, adecuado para cocinar, asar, hornear, saltear, fre\u00edr y ali\u00f1ar ensaladas.<\/div>\n<\/div>\n<\/div>\n<p><a class=\"btn_ficha\" href=\"https:\/\/vinopolis.mx\/wp-content\/uploads\/2024\/07\/Captura-de-pantalla-2024-07-19-210551.png\" target=\"_blank\" rel=\"noopener\">See technical sheet<\/a><\/p>","protected":false},"featured_media":12949,"template":"","meta":{"site-sidebar-layout":"no-sidebar","site-content-layout":"page-builder","ast-site-content-layout":"full-width-container","site-content-style":"default","site-sidebar-style":"default","ast-global-header-display":"","ast-banner-title-visibility":"","ast-main-header-display":"","ast-hfb-above-header-display":"","ast-hfb-below-header-display":"","ast-hfb-mobile-header-display":"","site-post-title":"disabled","ast-breadcrumbs-content":"","ast-featured-img":"disabled","footer-sml-layout":"","theme-transparent-header-meta":"default","adv-header-id-meta":"","stick-header-meta":"","header-above-stick-meta":"","header-main-stick-meta":"","header-below-stick-meta":"","astra-migrate-meta-layouts":"set","ast-page-background-enabled":"default","ast-page-background-meta":{"desktop":{"background-color":"","background-image":"","background-repeat":"repeat","background-position":"center center","background-size":"auto","background-attachment":"scroll","background-type":"","background-media":"","overlay-type":"","overlay-color":"","overlay-opacity":"","overlay-gradient":""},"tablet":{"background-color":"","background-image":"","background-repeat":"repeat","background-position":"center center","background-size":"auto","background-attachment":"scroll","background-type":"","background-media":"","overlay-type":"","overlay-color":"","overlay-opacity":"","overlay-gradient":""},"mobile":{"background-color":"","background-image":"","background-repeat":"repeat","background-position":"center center","background-size":"auto","background-attachment":"scroll","background-type":"","background-media":"","overlay-type":"","overlay-color":"","overlay-opacity":"","overlay-gradient":""}},"ast-content-background-meta":{"desktop":{"background-color":"var(--ast-global-color-5)","background-image":"","background-repeat":"repeat","background-position":"center center","background-size":"auto","background-attachment":"scroll","background-type":"","background-media":"","overlay-type":"","overlay-color":"","overlay-opacity":"","overlay-gradient":""},"tablet":{"background-color":"var(--ast-global-color-5)","background-image":"","background-repeat":"repeat","background-position":"center center","background-size":"auto","background-attachment":"scroll","background-type":"","background-media":"","overlay-type":"","overlay-color":"","overlay-opacity":"","overlay-gradient":""},"mobile":{"background-color":"var(--ast-global-color-5)","background-image":"","background-repeat":"repeat","background-position":"center center","background-size":"auto","background-attachment":"scroll","background-type":"","background-media":"","overlay-type":"","overlay-color":"","overlay-opacity":"","overlay-gradient":""}},"_joinchat":[]},"product_brand":[],"product_cat":[2204,2226,1810,2010,2108,2026,2107,2111],"product_tag":[572],"class_list":{"0":"post-12302","1":"product","2":"type-product","3":"status-publish","4":"has-post-thumbnail","6":"product_cat-grecia","7":"product_cat-creta","8":"product_cat-organico","9":"product_cat-aceite-de-oliva-extra-virgen","10":"product_cat-isla-creta","11":"product_cat-500-ml","12":"product_cat-vassilakis-estate","13":"product_cat-vassilakis-estate-bodegas","14":"product_tag-aceite","15":"desktop-align-center","16":"tablet-align-center","17":"mobile-align-center","18":"ast-product-gallery-layout-horizontal-slider","19":"ast-product-gallery-with-no-image","20":"ast-product-tabs-layout-horizontal","21":"ast-qv-on-image","23":"first","24":"instock","25":"purchasable","26":"product-type-simple"},"yoast_head":"<!-- This site is optimized with the Yoast SEO plugin v26.3 - https:\/\/yoast.com\/wordpress\/plugins\/seo\/ -->\n<title>Aceite de Oliva Extra Virgen Charisma Organic 500 ml<\/title>\n<meta name=\"description\" content=\"Org\u00e1nico - Isla Creta - 500ml - Vassilakis Estate - Aceite de Oliva - Extra virgen - Grecia - Cold extration - Importado -\" \/>\n<meta name=\"robots\" content=\"index, follow, max-snippet:-1, max-image-preview:large, max-video-preview:-1\" \/>\n<link rel=\"canonical\" href=\"https:\/\/vinopolis.mx\/en\/product\/charisma-organic-extra-virgin-olive-oil\/\" \/>\n<meta property=\"og:locale\" content=\"en_US\" \/>\n<meta property=\"og:type\" content=\"article\" \/>\n<meta property=\"og:title\" content=\"Aceite de Oliva Extra Virgen Charisma Organic 500 ml\" \/>\n<meta property=\"og:description\" content=\"Org\u00e1nico - Isla Creta - 500ml - Vassilakis Estate - Aceite de Oliva - Extra virgen - Grecia - Cold extration - Importado -\" \/>\n<meta property=\"og:url\" content=\"https:\/\/vinopolis.mx\/en\/product\/charisma-organic-extra-virgin-olive-oil\/\" \/>\n<meta property=\"og:site_name\" content=\"Vinopolis\" \/>\n<meta property=\"article:modified_time\" content=\"2026-03-30T22:00:43+00:00\" \/>\n<meta property=\"og:image\" content=\"https:\/\/vinopolis.mx\/wp-content\/uploads\/2024\/03\/charisma.png\" \/>\n\t<meta property=\"og:image:width\" content=\"400\" \/>\n\t<meta property=\"og:image:height\" content=\"608\" \/>\n\t<meta property=\"og:image:type\" content=\"image\/png\" \/>\n<meta name=\"twitter:card\" content=\"summary_large_image\" \/>\n<meta name=\"twitter:label1\" content=\"Est. reading time\" \/>\n\t<meta name=\"twitter:data1\" content=\"1 minute\" \/>\n<script type=\"application\/ld+json\" class=\"yoast-schema-graph\">{\"@context\":\"https:\/\/schema.org\",\"@graph\":[{\"@type\":\"WebPage\",\"@id\":\"https:\/\/vinopolis.mx\/producto\/charisma-organic-extra-virgin-olive-oil\/\",\"url\":\"https:\/\/vinopolis.mx\/producto\/charisma-organic-extra-virgin-olive-oil\/\",\"name\":\"Aceite de Oliva Extra Virgen Charisma Organic 500 ml\",\"isPartOf\":{\"@id\":\"https:\/\/vinopolis.mx\/#website\"},\"primaryImageOfPage\":{\"@id\":\"https:\/\/vinopolis.mx\/producto\/charisma-organic-extra-virgin-olive-oil\/#primaryimage\"},\"image\":{\"@id\":\"https:\/\/vinopolis.mx\/producto\/charisma-organic-extra-virgin-olive-oil\/#primaryimage\"},\"thumbnailUrl\":\"https:\/\/vinopolis.mx\/wp-content\/uploads\/2024\/03\/charisma.png\",\"datePublished\":\"2024-05-29T16:48:36+00:00\",\"dateModified\":\"2026-03-30T22:00:43+00:00\",\"description\":\"Org\u00e1nico - Isla Creta - 500ml - Vassilakis Estate - Aceite de Oliva - Extra virgen - Grecia - Cold extration - Importado -\",\"breadcrumb\":{\"@id\":\"https:\/\/vinopolis.mx\/producto\/charisma-organic-extra-virgin-olive-oil\/#breadcrumb\"},\"inLanguage\":\"en-US\",\"potentialAction\":[{\"@type\":\"ReadAction\",\"target\":[\"https:\/\/vinopolis.mx\/producto\/charisma-organic-extra-virgin-olive-oil\/\"]}]},{\"@type\":\"ImageObject\",\"inLanguage\":\"en-US\",\"@id\":\"https:\/\/vinopolis.mx\/producto\/charisma-organic-extra-virgin-olive-oil\/#primaryimage\",\"url\":\"https:\/\/vinopolis.mx\/wp-content\/uploads\/2024\/03\/charisma.png\",\"contentUrl\":\"https:\/\/vinopolis.mx\/wp-content\/uploads\/2024\/03\/charisma.png\",\"width\":400,\"height\":608},{\"@type\":\"BreadcrumbList\",\"@id\":\"https:\/\/vinopolis.mx\/producto\/charisma-organic-extra-virgin-olive-oil\/#breadcrumb\",\"itemListElement\":[{\"@type\":\"ListItem\",\"position\":1,\"name\":\"Inicio\",\"item\":\"https:\/\/vinopolis.mx\/\"},{\"@type\":\"ListItem\",\"position\":2,\"name\":\"Shop\",\"item\":\"https:\/\/vinopolis.mx\/shop\/\"},{\"@type\":\"ListItem\",\"position\":3,\"name\":\"Aceite de Oliva Extra Virgen Charisma Organic\"}]},{\"@type\":\"WebSite\",\"@id\":\"https:\/\/vinopolis.mx\/#website\",\"url\":\"https:\/\/vinopolis.mx\/\",\"name\":\"Vinopolis\",\"description\":\"Intrepid Wines Collection\",\"publisher\":{\"@id\":\"https:\/\/vinopolis.mx\/#organization\"},\"potentialAction\":[{\"@type\":\"SearchAction\",\"target\":{\"@type\":\"EntryPoint\",\"urlTemplate\":\"https:\/\/vinopolis.mx\/?s={search_term_string}\"},\"query-input\":{\"@type\":\"PropertyValueSpecification\",\"valueRequired\":true,\"valueName\":\"search_term_string\"}}],\"inLanguage\":\"en-US\"},{\"@type\":\"Organization\",\"@id\":\"https:\/\/vinopolis.mx\/#organization\",\"name\":\"Vinopolis\",\"url\":\"https:\/\/vinopolis.mx\/\",\"logo\":{\"@type\":\"ImageObject\",\"inLanguage\":\"en-US\",\"@id\":\"https:\/\/vinopolis.mx\/#\/schema\/logo\/image\/\",\"url\":\"https:\/\/vinopolis.mx\/wp-content\/uploads\/2025\/08\/vinopolis_logo-25.png\",\"contentUrl\":\"https:\/\/vinopolis.mx\/wp-content\/uploads\/2025\/08\/vinopolis_logo-25.png\",\"width\":1835,\"height\":281,\"caption\":\"Vinopolis\"},\"image\":{\"@id\":\"https:\/\/vinopolis.mx\/#\/schema\/logo\/image\/\"}}]}<\/script>\n<!-- \/ Yoast SEO plugin. -->","yoast_head_json":{"title":"Aceite de Oliva Extra Virgen Charisma Organic 500 ml","description":"Org\u00e1nico - Isla Creta - 500ml - Vassilakis Estate - Aceite de Oliva - Extra virgen - Grecia - Cold extration - Importado -","robots":{"index":"index","follow":"follow","max-snippet":"max-snippet:-1","max-image-preview":"max-image-preview:large","max-video-preview":"max-video-preview:-1"},"canonical":"https:\/\/vinopolis.mx\/en\/product\/charisma-organic-extra-virgin-olive-oil\/","og_locale":"en_US","og_type":"article","og_title":"Aceite de Oliva Extra Virgen Charisma Organic 500 ml","og_description":"Org\u00e1nico - Isla Creta - 500ml - Vassilakis Estate - Aceite de Oliva - Extra virgen - Grecia - Cold extration - Importado -","og_url":"https:\/\/vinopolis.mx\/en\/product\/charisma-organic-extra-virgin-olive-oil\/","og_site_name":"Vinopolis","article_modified_time":"2026-03-30T22:00:43+00:00","og_image":[{"width":400,"height":608,"url":"https:\/\/vinopolis.mx\/wp-content\/uploads\/2024\/03\/charisma.png","type":"image\/png"}],"twitter_card":"summary_large_image","twitter_misc":{"Est. reading time":"1 minute"},"schema":{"@context":"https:\/\/schema.org","@graph":[{"@type":"WebPage","@id":"https:\/\/vinopolis.mx\/producto\/charisma-organic-extra-virgin-olive-oil\/","url":"https:\/\/vinopolis.mx\/producto\/charisma-organic-extra-virgin-olive-oil\/","name":"Aceite de Oliva Extra Virgen Charisma Organic 500 ml","isPartOf":{"@id":"https:\/\/vinopolis.mx\/#website"},"primaryImageOfPage":{"@id":"https:\/\/vinopolis.mx\/producto\/charisma-organic-extra-virgin-olive-oil\/#primaryimage"},"image":{"@id":"https:\/\/vinopolis.mx\/producto\/charisma-organic-extra-virgin-olive-oil\/#primaryimage"},"thumbnailUrl":"https:\/\/vinopolis.mx\/wp-content\/uploads\/2024\/03\/charisma.png","datePublished":"2024-05-29T16:48:36+00:00","dateModified":"2026-03-30T22:00:43+00:00","description":"Org\u00e1nico - Isla Creta - 500ml - Vassilakis Estate - Aceite de Oliva - Extra virgen - Grecia - Cold extration - Importado -","breadcrumb":{"@id":"https:\/\/vinopolis.mx\/producto\/charisma-organic-extra-virgin-olive-oil\/#breadcrumb"},"inLanguage":"en-US","potentialAction":[{"@type":"ReadAction","target":["https:\/\/vinopolis.mx\/producto\/charisma-organic-extra-virgin-olive-oil\/"]}]},{"@type":"ImageObject","inLanguage":"en-US","@id":"https:\/\/vinopolis.mx\/producto\/charisma-organic-extra-virgin-olive-oil\/#primaryimage","url":"https:\/\/vinopolis.mx\/wp-content\/uploads\/2024\/03\/charisma.png","contentUrl":"https:\/\/vinopolis.mx\/wp-content\/uploads\/2024\/03\/charisma.png","width":400,"height":608},{"@type":"BreadcrumbList","@id":"https:\/\/vinopolis.mx\/producto\/charisma-organic-extra-virgin-olive-oil\/#breadcrumb","itemListElement":[{"@type":"ListItem","position":1,"name":"Inicio","item":"https:\/\/vinopolis.mx\/"},{"@type":"ListItem","position":2,"name":"Shop","item":"https:\/\/vinopolis.mx\/shop\/"},{"@type":"ListItem","position":3,"name":"Aceite de Oliva Extra Virgen Charisma Organic"}]},{"@type":"WebSite","@id":"https:\/\/vinopolis.mx\/#website","url":"https:\/\/vinopolis.mx\/","name":"Vinopolis","description":"Intrepid Wines Collection","publisher":{"@id":"https:\/\/vinopolis.mx\/#organization"},"potentialAction":[{"@type":"SearchAction","target":{"@type":"EntryPoint","urlTemplate":"https:\/\/vinopolis.mx\/?s={search_term_string}"},"query-input":{"@type":"PropertyValueSpecification","valueRequired":true,"valueName":"search_term_string"}}],"inLanguage":"en-US"},{"@type":"Organization","@id":"https:\/\/vinopolis.mx\/#organization","name":"Vinopolis","url":"https:\/\/vinopolis.mx\/","logo":{"@type":"ImageObject","inLanguage":"en-US","@id":"https:\/\/vinopolis.mx\/#\/schema\/logo\/image\/","url":"https:\/\/vinopolis.mx\/wp-content\/uploads\/2025\/08\/vinopolis_logo-25.png","contentUrl":"https:\/\/vinopolis.mx\/wp-content\/uploads\/2025\/08\/vinopolis_logo-25.png","width":1835,"height":281,"caption":"Vinopolis"},"image":{"@id":"https:\/\/vinopolis.mx\/#\/schema\/logo\/image\/"}}]}},"_links":{"self":[{"href":"https:\/\/vinopolis.mx\/en\/wp-json\/wp\/v2\/product\/12302","targetHints":{"allow":["GET"]}}],"collection":[{"href":"https:\/\/vinopolis.mx\/en\/wp-json\/wp\/v2\/product"}],"about":[{"href":"https:\/\/vinopolis.mx\/en\/wp-json\/wp\/v2\/types\/product"}],"version-history":[{"count":13,"href":"https:\/\/vinopolis.mx\/en\/wp-json\/wp\/v2\/product\/12302\/revisions"}],"predecessor-version":[{"id":20710,"href":"https:\/\/vinopolis.mx\/en\/wp-json\/wp\/v2\/product\/12302\/revisions\/20710"}],"wp:featuredmedia":[{"embeddable":true,"href":"https:\/\/vinopolis.mx\/en\/wp-json\/wp\/v2\/media\/12949"}],"wp:attachment":[{"href":"https:\/\/vinopolis.mx\/en\/wp-json\/wp\/v2\/media?parent=12302"}],"wp:term":[{"taxonomy":"product_brand","embeddable":true,"href":"https:\/\/vinopolis.mx\/en\/wp-json\/wp\/v2\/product_brand?post=12302"},{"taxonomy":"product_cat","embeddable":true,"href":"https:\/\/vinopolis.mx\/en\/wp-json\/wp\/v2\/product_cat?post=12302"},{"taxonomy":"product_tag","embeddable":true,"href":"https:\/\/vinopolis.mx\/en\/wp-json\/wp\/v2\/product_tag?post=12302"}],"curies":[{"name":"wp","href":"https:\/\/api.w.org\/{rel}","templated":true}]}}