{"id":12300,"date":"2024-03-27T14:28:32","date_gmt":"2024-03-27T19:28:32","guid":{"rendered":"https:\/\/vinopolis.mx\/?post_type=product&#038;p=12300"},"modified":"2026-03-30T17:00:43","modified_gmt":"2026-03-30T22:00:43","slug":"piastraia-2020-michele-satta","status":"publish","type":"product","link":"https:\/\/vinopolis.mx\/en\/product\/piastraia-2020-michele-satta\/","title":{"rendered":"Piastraia 2020 SATTA"},"content":{"rendered":"","protected":false},"excerpt":{"rendered":"<ul>\n<li><b>Bodega:<\/b> Michele Satta<\/li>\n<li><b>Tipolog\u00eda:<\/b> Red wine<\/li>\n<li><b>Variedad:<\/b> Cabernet Sauvignon, Merlot, Syrah, Sangiovese<\/li>\n<li><b>Ubicaci\u00f3n del vi\u00f1edo:<\/b> Torre, Poderini, Vignanova, i Castagni, Campastrello<\/li>\n<li><b>\u00c1rea del vi\u00f1edo:<\/b> 20 Ha<\/li>\n<li><b>Pr\u00e1cticas agr\u00edcolas:<\/b> Sustentables<\/li>\n<li><b>Vinification:<\/b> La fermentaci\u00f3n de cada variedad se maneja por separado en tinos troncoc\u00f3nicos de roble de 30 hl. Solo est\u00e1n presentes levaduras naturales. Se comienza con dos bazuqueos manuales diarios del sombrero, terminando eventualmente con uno. Se realiza un remontado abierto solo si es necesario. Con frecuentes catas se elige cuidadosamente el momento del descube (generalmente despu\u00e9s de unos 20 d\u00edas), tras lo cual el vino pasa directamente a barricas.<\/li>\n<li><b>Crianza:<\/b> En barricas de roble franc\u00e9s (1\/5 nuevas) por un per\u00edodo de 18-24 meses.<\/li>\n<\/ul>\n<p><a class=\"btn_ficha\" href=\"https:\/\/vinopolis.mx\/wp-content\/uploads\/2024\/01\/Michele-Satta_Bolgheri-Superiore-Piastraia_EN.pdf\" target=\"_blank\" rel=\"noopener\">See technical sheet<\/a><\/p>","protected":false},"featured_media":12682,"template":"","meta":{"site-sidebar-layout":"no-sidebar","site-content-layout":"page-builder","ast-site-content-layout":"full-width-container","site-content-style":"default","site-sidebar-style":"default","ast-global-header-display":"","ast-banner-title-visibility":"","ast-main-header-display":"","ast-hfb-above-header-display":"","ast-hfb-below-header-display":"","ast-hfb-mobile-header-display":"","site-post-title":"disabled","ast-breadcrumbs-content":"","ast-featured-img":"disabled","footer-sml-layout":"","theme-transparent-header-meta":"default","adv-header-id-meta":"","stick-header-meta":"","header-above-stick-meta":"","header-main-stick-meta":"","header-below-stick-meta":"","astra-migrate-meta-layouts":"set","ast-page-background-enabled":"default","ast-page-background-meta":{"desktop":{"background-color":"","background-image":"","background-repeat":"repeat","background-position":"center center","background-size":"auto","background-attachment":"scroll","background-type":"","background-media":"","overlay-type":"","overlay-color":"","overlay-opacity":"","overlay-gradient":""},"tablet":{"background-color":"","background-image":"","background-repeat":"repeat","background-position":"center center","background-size":"auto","background-attachment":"scroll","background-type":"","background-media":"","overlay-type":"","overlay-color":"","overlay-opacity":"","overlay-gradient":""},"mobile":{"background-color":"","background-image":"","background-repeat":"repeat","background-position":"center center","background-size":"auto","background-attachment":"scroll","background-type":"","background-media":"","overlay-type":"","overlay-color":"","overlay-opacity":"","overlay-gradient":""}},"ast-content-background-meta":{"desktop":{"background-color":"var(--ast-global-color-5)","background-image":"","background-repeat":"repeat","background-position":"center center","background-size":"auto","background-attachment":"scroll","background-type":"","background-media":"","overlay-type":"","overlay-color":"","overlay-opacity":"","overlay-gradient":""},"tablet":{"background-color":"var(--ast-global-color-5)","background-image":"","background-repeat":"repeat","background-position":"center center","background-size":"auto","background-attachment":"scroll","background-type":"","background-media":"","overlay-type":"","overlay-color":"","overlay-opacity":"","overlay-gradient":""},"mobile":{"background-color":"var(--ast-global-color-5)","background-image":"","background-repeat":"repeat","background-position":"center center","background-size":"auto","background-attachment":"scroll","background-type":"","background-media":"","overlay-type":"","overlay-color":"","overlay-opacity":"","overlay-gradient":""}},"_joinchat":[]},"product_brand":[],"product_cat":[2195,2211,1984,1467,1674,2124,1505],"product_tag":[469,616,818,883,1176,1379,2134],"class_list":{"0":"post-12300","1":"product","2":"type-product","3":"status-publish","4":"has-post-thumbnail","6":"product_cat-italia","7":"product_cat-toscana-italia","8":"product_cat-de-1500-a-1999","9":"product_cat-tinto","10":"product_cat-botella-750-ml","11":"product_cat-viticultura-sustentable","12":"product_cat-michele-satta","13":"product_tag-vino-tinto","14":"product_tag-toscana","15":"product_tag-michele-satta","16":"product_tag-uvamerlot","17":"product_tag-uvasyrah","18":"product_tag-bolgheri-superiori-doc","19":"product_tag-italia","20":"desktop-align-center","21":"tablet-align-center","22":"mobile-align-center","23":"ast-product-gallery-layout-horizontal-slider","24":"ast-product-gallery-with-no-image","25":"ast-product-tabs-layout-horizontal","26":"ast-qv-on-image","28":"first","29":"instock","30":"taxable","31":"shipping-taxable","32":"purchasable","33":"product-type-simple"},"yoast_head":"<!-- This site is optimized with the Yoast SEO plugin v26.3 - https:\/\/yoast.com\/wordpress\/plugins\/seo\/ -->\n<title>Piastraia 2020 SATTA - Vinopolis<\/title>\n<meta name=\"description\" content=\"Italia - Toscana - Cabernet Sauvignon - Merlot - Syrah - Sangiovese - Vino tinto - Sustentable - 750ml - MICHELE SATTA - BOLGHERI SUPERIORI DOC\" \/>\n<meta name=\"robots\" content=\"index, follow, max-snippet:-1, max-image-preview:large, max-video-preview:-1\" \/>\n<link rel=\"canonical\" href=\"https:\/\/vinopolis.mx\/en\/product\/piastraia-2020-michele-satta\/\" \/>\n<meta property=\"og:locale\" content=\"en_US\" \/>\n<meta property=\"og:type\" content=\"article\" \/>\n<meta property=\"og:title\" content=\"Piastraia 2020 SATTA - Vinopolis\" \/>\n<meta property=\"og:description\" content=\"Italia - Toscana - Cabernet Sauvignon - Merlot - Syrah - Sangiovese - Vino tinto - Sustentable - 750ml - MICHELE SATTA - BOLGHERI SUPERIORI DOC\" \/>\n<meta property=\"og:url\" content=\"https:\/\/vinopolis.mx\/en\/product\/piastraia-2020-michele-satta\/\" \/>\n<meta property=\"og:site_name\" content=\"Vinopolis\" \/>\n<meta property=\"article:modified_time\" content=\"2026-03-30T22:00:43+00:00\" \/>\n<meta property=\"og:image\" content=\"https:\/\/vinopolis.mx\/wp-content\/uploads\/2024\/03\/piastraia.png\" \/>\n\t<meta property=\"og:image:width\" content=\"400\" \/>\n\t<meta property=\"og:image:height\" content=\"608\" \/>\n\t<meta property=\"og:image:type\" content=\"image\/png\" \/>\n<meta name=\"twitter:card\" content=\"summary_large_image\" \/>\n<meta name=\"twitter:label1\" content=\"Est. reading time\" \/>\n\t<meta name=\"twitter:data1\" content=\"1 minute\" \/>\n<script type=\"application\/ld+json\" class=\"yoast-schema-graph\">{\"@context\":\"https:\/\/schema.org\",\"@graph\":[{\"@type\":\"WebPage\",\"@id\":\"https:\/\/vinopolis.mx\/producto\/piastraia-2020-michele-satta\/\",\"url\":\"https:\/\/vinopolis.mx\/producto\/piastraia-2020-michele-satta\/\",\"name\":\"Piastraia 2020 SATTA - Vinopolis\",\"isPartOf\":{\"@id\":\"https:\/\/vinopolis.mx\/#website\"},\"primaryImageOfPage\":{\"@id\":\"https:\/\/vinopolis.mx\/producto\/piastraia-2020-michele-satta\/#primaryimage\"},\"image\":{\"@id\":\"https:\/\/vinopolis.mx\/producto\/piastraia-2020-michele-satta\/#primaryimage\"},\"thumbnailUrl\":\"https:\/\/vinopolis.mx\/wp-content\/uploads\/2024\/03\/piastraia.png\",\"datePublished\":\"2024-03-27T19:28:32+00:00\",\"dateModified\":\"2026-03-30T22:00:43+00:00\",\"description\":\"Italia - Toscana - Cabernet Sauvignon - Merlot - Syrah - Sangiovese - Vino tinto - Sustentable - 750ml - MICHELE SATTA - BOLGHERI SUPERIORI DOC\",\"breadcrumb\":{\"@id\":\"https:\/\/vinopolis.mx\/producto\/piastraia-2020-michele-satta\/#breadcrumb\"},\"inLanguage\":\"en-US\",\"potentialAction\":[{\"@type\":\"ReadAction\",\"target\":[\"https:\/\/vinopolis.mx\/producto\/piastraia-2020-michele-satta\/\"]}]},{\"@type\":\"ImageObject\",\"inLanguage\":\"en-US\",\"@id\":\"https:\/\/vinopolis.mx\/producto\/piastraia-2020-michele-satta\/#primaryimage\",\"url\":\"https:\/\/vinopolis.mx\/wp-content\/uploads\/2024\/03\/piastraia.png\",\"contentUrl\":\"https:\/\/vinopolis.mx\/wp-content\/uploads\/2024\/03\/piastraia.png\",\"width\":400,\"height\":608},{\"@type\":\"BreadcrumbList\",\"@id\":\"https:\/\/vinopolis.mx\/producto\/piastraia-2020-michele-satta\/#breadcrumb\",\"itemListElement\":[{\"@type\":\"ListItem\",\"position\":1,\"name\":\"Inicio\",\"item\":\"https:\/\/vinopolis.mx\/\"},{\"@type\":\"ListItem\",\"position\":2,\"name\":\"Shop\",\"item\":\"https:\/\/vinopolis.mx\/shop\/\"},{\"@type\":\"ListItem\",\"position\":3,\"name\":\"Piastraia 2020 SATTA\"}]},{\"@type\":\"WebSite\",\"@id\":\"https:\/\/vinopolis.mx\/#website\",\"url\":\"https:\/\/vinopolis.mx\/\",\"name\":\"Vinopolis\",\"description\":\"Intrepid Wines Collection\",\"publisher\":{\"@id\":\"https:\/\/vinopolis.mx\/#organization\"},\"potentialAction\":[{\"@type\":\"SearchAction\",\"target\":{\"@type\":\"EntryPoint\",\"urlTemplate\":\"https:\/\/vinopolis.mx\/?s={search_term_string}\"},\"query-input\":{\"@type\":\"PropertyValueSpecification\",\"valueRequired\":true,\"valueName\":\"search_term_string\"}}],\"inLanguage\":\"en-US\"},{\"@type\":\"Organization\",\"@id\":\"https:\/\/vinopolis.mx\/#organization\",\"name\":\"Vinopolis\",\"url\":\"https:\/\/vinopolis.mx\/\",\"logo\":{\"@type\":\"ImageObject\",\"inLanguage\":\"en-US\",\"@id\":\"https:\/\/vinopolis.mx\/#\/schema\/logo\/image\/\",\"url\":\"https:\/\/vinopolis.mx\/wp-content\/uploads\/2025\/08\/vinopolis_logo-25.png\",\"contentUrl\":\"https:\/\/vinopolis.mx\/wp-content\/uploads\/2025\/08\/vinopolis_logo-25.png\",\"width\":1835,\"height\":281,\"caption\":\"Vinopolis\"},\"image\":{\"@id\":\"https:\/\/vinopolis.mx\/#\/schema\/logo\/image\/\"}}]}<\/script>\n<!-- \/ Yoast SEO plugin. -->","yoast_head_json":{"title":"Piastraia 2020 SATTA - Vinopolis","description":"Italia - Toscana - Cabernet Sauvignon - Merlot - Syrah - Sangiovese - Vino tinto - Sustentable - 750ml - MICHELE SATTA - BOLGHERI SUPERIORI DOC","robots":{"index":"index","follow":"follow","max-snippet":"max-snippet:-1","max-image-preview":"max-image-preview:large","max-video-preview":"max-video-preview:-1"},"canonical":"https:\/\/vinopolis.mx\/en\/product\/piastraia-2020-michele-satta\/","og_locale":"en_US","og_type":"article","og_title":"Piastraia 2020 SATTA - Vinopolis","og_description":"Italia - Toscana - Cabernet Sauvignon - Merlot - Syrah - Sangiovese - Vino tinto - Sustentable - 750ml - MICHELE SATTA - BOLGHERI SUPERIORI DOC","og_url":"https:\/\/vinopolis.mx\/en\/product\/piastraia-2020-michele-satta\/","og_site_name":"Vinopolis","article_modified_time":"2026-03-30T22:00:43+00:00","og_image":[{"width":400,"height":608,"url":"https:\/\/vinopolis.mx\/wp-content\/uploads\/2024\/03\/piastraia.png","type":"image\/png"}],"twitter_card":"summary_large_image","twitter_misc":{"Est. reading time":"1 minute"},"schema":{"@context":"https:\/\/schema.org","@graph":[{"@type":"WebPage","@id":"https:\/\/vinopolis.mx\/producto\/piastraia-2020-michele-satta\/","url":"https:\/\/vinopolis.mx\/producto\/piastraia-2020-michele-satta\/","name":"Piastraia 2020 SATTA - Vinopolis","isPartOf":{"@id":"https:\/\/vinopolis.mx\/#website"},"primaryImageOfPage":{"@id":"https:\/\/vinopolis.mx\/producto\/piastraia-2020-michele-satta\/#primaryimage"},"image":{"@id":"https:\/\/vinopolis.mx\/producto\/piastraia-2020-michele-satta\/#primaryimage"},"thumbnailUrl":"https:\/\/vinopolis.mx\/wp-content\/uploads\/2024\/03\/piastraia.png","datePublished":"2024-03-27T19:28:32+00:00","dateModified":"2026-03-30T22:00:43+00:00","description":"Italia - Toscana - Cabernet Sauvignon - Merlot - Syrah - Sangiovese - Vino tinto - Sustentable - 750ml - MICHELE SATTA - BOLGHERI SUPERIORI DOC","breadcrumb":{"@id":"https:\/\/vinopolis.mx\/producto\/piastraia-2020-michele-satta\/#breadcrumb"},"inLanguage":"en-US","potentialAction":[{"@type":"ReadAction","target":["https:\/\/vinopolis.mx\/producto\/piastraia-2020-michele-satta\/"]}]},{"@type":"ImageObject","inLanguage":"en-US","@id":"https:\/\/vinopolis.mx\/producto\/piastraia-2020-michele-satta\/#primaryimage","url":"https:\/\/vinopolis.mx\/wp-content\/uploads\/2024\/03\/piastraia.png","contentUrl":"https:\/\/vinopolis.mx\/wp-content\/uploads\/2024\/03\/piastraia.png","width":400,"height":608},{"@type":"BreadcrumbList","@id":"https:\/\/vinopolis.mx\/producto\/piastraia-2020-michele-satta\/#breadcrumb","itemListElement":[{"@type":"ListItem","position":1,"name":"Inicio","item":"https:\/\/vinopolis.mx\/"},{"@type":"ListItem","position":2,"name":"Shop","item":"https:\/\/vinopolis.mx\/shop\/"},{"@type":"ListItem","position":3,"name":"Piastraia 2020 SATTA"}]},{"@type":"WebSite","@id":"https:\/\/vinopolis.mx\/#website","url":"https:\/\/vinopolis.mx\/","name":"Vinopolis","description":"Intrepid Wines Collection","publisher":{"@id":"https:\/\/vinopolis.mx\/#organization"},"potentialAction":[{"@type":"SearchAction","target":{"@type":"EntryPoint","urlTemplate":"https:\/\/vinopolis.mx\/?s={search_term_string}"},"query-input":{"@type":"PropertyValueSpecification","valueRequired":true,"valueName":"search_term_string"}}],"inLanguage":"en-US"},{"@type":"Organization","@id":"https:\/\/vinopolis.mx\/#organization","name":"Vinopolis","url":"https:\/\/vinopolis.mx\/","logo":{"@type":"ImageObject","inLanguage":"en-US","@id":"https:\/\/vinopolis.mx\/#\/schema\/logo\/image\/","url":"https:\/\/vinopolis.mx\/wp-content\/uploads\/2025\/08\/vinopolis_logo-25.png","contentUrl":"https:\/\/vinopolis.mx\/wp-content\/uploads\/2025\/08\/vinopolis_logo-25.png","width":1835,"height":281,"caption":"Vinopolis"},"image":{"@id":"https:\/\/vinopolis.mx\/#\/schema\/logo\/image\/"}}]}},"_links":{"self":[{"href":"https:\/\/vinopolis.mx\/en\/wp-json\/wp\/v2\/product\/12300","targetHints":{"allow":["GET"]}}],"collection":[{"href":"https:\/\/vinopolis.mx\/en\/wp-json\/wp\/v2\/product"}],"about":[{"href":"https:\/\/vinopolis.mx\/en\/wp-json\/wp\/v2\/types\/product"}],"version-history":[{"count":5,"href":"https:\/\/vinopolis.mx\/en\/wp-json\/wp\/v2\/product\/12300\/revisions"}],"predecessor-version":[{"id":20782,"href":"https:\/\/vinopolis.mx\/en\/wp-json\/wp\/v2\/product\/12300\/revisions\/20782"}],"wp:featuredmedia":[{"embeddable":true,"href":"https:\/\/vinopolis.mx\/en\/wp-json\/wp\/v2\/media\/12682"}],"wp:attachment":[{"href":"https:\/\/vinopolis.mx\/en\/wp-json\/wp\/v2\/media?parent=12300"}],"wp:term":[{"taxonomy":"product_brand","embeddable":true,"href":"https:\/\/vinopolis.mx\/en\/wp-json\/wp\/v2\/product_brand?post=12300"},{"taxonomy":"product_cat","embeddable":true,"href":"https:\/\/vinopolis.mx\/en\/wp-json\/wp\/v2\/product_cat?post=12300"},{"taxonomy":"product_tag","embeddable":true,"href":"https:\/\/vinopolis.mx\/en\/wp-json\/wp\/v2\/product_tag?post=12300"}],"curies":[{"name":"wp","href":"https:\/\/api.w.org\/{rel}","templated":true}]}}