{"id":12218,"date":"2024-03-26T18:28:53","date_gmt":"2024-03-26T23:28:53","guid":{"rendered":"https:\/\/vinopolis.mx\/?post_type=product&#038;p=12218"},"modified":"2026-03-30T17:00:42","modified_gmt":"2026-03-30T22:00:42","slug":"bolgheri-rosso-2023","status":"publish","type":"product","link":"https:\/\/vinopolis.mx\/en\/product\/bolgheri-rosso-2023\/","title":{"rendered":"Bolgheri Rosso 2023"},"content":{"rendered":"","protected":false},"excerpt":{"rendered":"<ul>\n<li><b>Bodega:<\/b> Michele Satta<\/li>\n<li><b>Tipolog\u00eda:<\/b> Red wine<\/li>\n<li><b>Variedad:<\/b> Sangiovese 30%, Cabernet Sauvignon 30%, Merlot 20%, Syrah 10%, Teroldego 10%<\/li>\n<li><b>Ubicaci\u00f3n y altitud del vi\u00f1edo:<\/b> Torre, Poderini, Vignanova, i Castagni, Campastrello<\/li>\n<li><b>\u00c1rea del vi\u00f1edo:<\/b> 35 Ha<\/li>\n<li><b>Pr\u00e1cticas agr\u00edcolas:<\/b> Sustentables<\/li>\n<li><b>Vinification:<\/b> La fermentaci\u00f3n se realiza en tanques de acero utilizando levaduras naturales. Inicialmente con dos remontados al d\u00eda y, posteriormente, solo uno, seg\u00fan c\u00f3mo progrese la extracci\u00f3n. La duraci\u00f3n de la maceraci\u00f3n tambi\u00e9n se estima en funci\u00f3n de catas frecuentes. Despu\u00e9s de la fermentaci\u00f3n malol\u00e1ctica, que ocurre de forma natural en noviembre, las distintas vinificaciones se ensamblan y comienza su afinamiento.<\/li>\n<li><b>Crianza:<\/b> 12 meses, en parte en grandes fudres de roble (30 hl) y en parte en barricas de 3, 4 y 5 a\u00f1os.<\/li>\n<\/ul>\n<p><a class=\"btn_ficha\" href=\"https:\/\/vinopolis.mx\/wp-content\/uploads\/2024\/01\/Michele-Satta_Bolgheri-Rosso_EN.pdf\" target=\"_blank\" rel=\"noopener\">See technical sheet<\/a><\/p>","protected":false},"featured_media":12683,"template":"","meta":{"site-sidebar-layout":"no-sidebar","site-content-layout":"page-builder","ast-site-content-layout":"full-width-container","site-content-style":"unboxed","site-sidebar-style":"unboxed","ast-global-header-display":"","ast-banner-title-visibility":"","ast-main-header-display":"","ast-hfb-above-header-display":"","ast-hfb-below-header-display":"","ast-hfb-mobile-header-display":"","site-post-title":"disabled","ast-breadcrumbs-content":"","ast-featured-img":"disabled","footer-sml-layout":"","theme-transparent-header-meta":"default","adv-header-id-meta":"","stick-header-meta":"","header-above-stick-meta":"","header-main-stick-meta":"","header-below-stick-meta":"","astra-migrate-meta-layouts":"set","ast-page-background-enabled":"default","ast-page-background-meta":{"desktop":{"background-color":"","background-image":"","background-repeat":"repeat","background-position":"center center","background-size":"auto","background-attachment":"scroll","background-type":"","background-media":"","overlay-type":"","overlay-color":"","overlay-opacity":"","overlay-gradient":""},"tablet":{"background-color":"","background-image":"","background-repeat":"repeat","background-position":"center center","background-size":"auto","background-attachment":"scroll","background-type":"","background-media":"","overlay-type":"","overlay-color":"","overlay-opacity":"","overlay-gradient":""},"mobile":{"background-color":"","background-image":"","background-repeat":"repeat","background-position":"center center","background-size":"auto","background-attachment":"scroll","background-type":"","background-media":"","overlay-type":"","overlay-color":"","overlay-opacity":"","overlay-gradient":""}},"ast-content-background-meta":{"desktop":{"background-color":"var(--ast-global-color-5)","background-image":"","background-repeat":"repeat","background-position":"center center","background-size":"auto","background-attachment":"scroll","background-type":"","background-media":"","overlay-type":"","overlay-color":"","overlay-opacity":"","overlay-gradient":""},"tablet":{"background-color":"var(--ast-global-color-5)","background-image":"","background-repeat":"repeat","background-position":"center center","background-size":"auto","background-attachment":"scroll","background-type":"","background-media":"","overlay-type":"","overlay-color":"","overlay-opacity":"","overlay-gradient":""},"mobile":{"background-color":"var(--ast-global-color-5)","background-image":"","background-repeat":"repeat","background-position":"center center","background-size":"auto","background-attachment":"scroll","background-type":"","background-media":"","overlay-type":"","overlay-color":"","overlay-opacity":"","overlay-gradient":""}},"_joinchat":[]},"product_brand":[],"product_cat":[2195,2211,15,2124,1505],"product_tag":[469,818,1369,2106,2134],"class_list":{"0":"post-12218","1":"product","2":"type-product","3":"status-publish","4":"has-post-thumbnail","6":"product_cat-italia","7":"product_cat-toscana-italia","8":"product_cat-sin-categorizar","9":"product_cat-viticultura-sustentable","10":"product_cat-michele-satta","11":"product_tag-vino-tinto","12":"product_tag-michele-satta","13":"product_tag-bolgheri-rosso-doc","14":"product_tag-2106","15":"product_tag-italia","16":"desktop-align-center","17":"tablet-align-center","18":"mobile-align-center","19":"ast-product-gallery-layout-horizontal-slider","20":"ast-product-gallery-with-no-image","21":"ast-product-tabs-layout-horizontal","22":"ast-qv-on-image","24":"first","25":"instock","26":"taxable","27":"shipping-taxable","28":"purchasable","29":"product-type-simple"},"yoast_head":"<!-- This site is optimized with the Yoast SEO plugin v26.3 - https:\/\/yoast.com\/wordpress\/plugins\/seo\/ -->\n<title>Bolgheri Rosso 2023 MICHELE SATTA - Vinopolis<\/title>\n<meta name=\"description\" content=\"Bolgheri Rosso 2023 - Vinos Tintos- Bodega Michele Satta- Vinopolis Intrepid Wine - Envios a todo M\u00e9xico - Italia - Toscana\" \/>\n<meta name=\"robots\" content=\"index, follow, max-snippet:-1, max-image-preview:large, max-video-preview:-1\" \/>\n<link rel=\"canonical\" href=\"https:\/\/vinopolis.mx\/en\/product\/bolgheri-rosso-2023\/\" \/>\n<meta property=\"og:locale\" content=\"en_US\" \/>\n<meta property=\"og:type\" content=\"article\" \/>\n<meta property=\"og:title\" content=\"Bolgheri Rosso 2023 MICHELE SATTA - Vinopolis\" \/>\n<meta property=\"og:description\" content=\"Bolgheri Rosso 2023 - Vinos Tintos- Bodega Michele Satta- Vinopolis Intrepid Wine - Envios a todo M\u00e9xico - Italia - Toscana\" \/>\n<meta property=\"og:url\" content=\"https:\/\/vinopolis.mx\/en\/product\/bolgheri-rosso-2023\/\" \/>\n<meta property=\"og:site_name\" content=\"Vinopolis\" \/>\n<meta property=\"article:modified_time\" content=\"2026-03-30T22:00:42+00:00\" \/>\n<meta property=\"og:image\" content=\"https:\/\/vinopolis.mx\/wp-content\/uploads\/2024\/03\/bolgheri-rosso.png\" \/>\n\t<meta property=\"og:image:width\" content=\"400\" \/>\n\t<meta property=\"og:image:height\" content=\"608\" \/>\n\t<meta property=\"og:image:type\" content=\"image\/png\" \/>\n<meta name=\"twitter:card\" content=\"summary_large_image\" \/>\n<meta name=\"twitter:label1\" content=\"Est. reading time\" \/>\n\t<meta name=\"twitter:data1\" content=\"1 minute\" \/>\n<script type=\"application\/ld+json\" class=\"yoast-schema-graph\">{\"@context\":\"https:\/\/schema.org\",\"@graph\":[{\"@type\":\"WebPage\",\"@id\":\"https:\/\/vinopolis.mx\/producto\/bolgheri-rosso-2023\/\",\"url\":\"https:\/\/vinopolis.mx\/producto\/bolgheri-rosso-2023\/\",\"name\":\"Bolgheri Rosso 2023 MICHELE SATTA - Vinopolis\",\"isPartOf\":{\"@id\":\"https:\/\/vinopolis.mx\/#website\"},\"primaryImageOfPage\":{\"@id\":\"https:\/\/vinopolis.mx\/producto\/bolgheri-rosso-2023\/#primaryimage\"},\"image\":{\"@id\":\"https:\/\/vinopolis.mx\/producto\/bolgheri-rosso-2023\/#primaryimage\"},\"thumbnailUrl\":\"https:\/\/vinopolis.mx\/wp-content\/uploads\/2024\/03\/bolgheri-rosso.png\",\"datePublished\":\"2024-03-26T23:28:53+00:00\",\"dateModified\":\"2026-03-30T22:00:42+00:00\",\"description\":\"Bolgheri Rosso 2023 - Vinos Tintos- Bodega Michele Satta- Vinopolis Intrepid Wine - Envios a todo M\u00e9xico - Italia - Toscana\",\"breadcrumb\":{\"@id\":\"https:\/\/vinopolis.mx\/producto\/bolgheri-rosso-2023\/#breadcrumb\"},\"inLanguage\":\"en-US\",\"potentialAction\":[{\"@type\":\"ReadAction\",\"target\":[\"https:\/\/vinopolis.mx\/producto\/bolgheri-rosso-2023\/\"]}]},{\"@type\":\"ImageObject\",\"inLanguage\":\"en-US\",\"@id\":\"https:\/\/vinopolis.mx\/producto\/bolgheri-rosso-2023\/#primaryimage\",\"url\":\"https:\/\/vinopolis.mx\/wp-content\/uploads\/2024\/03\/bolgheri-rosso.png\",\"contentUrl\":\"https:\/\/vinopolis.mx\/wp-content\/uploads\/2024\/03\/bolgheri-rosso.png\",\"width\":400,\"height\":608},{\"@type\":\"BreadcrumbList\",\"@id\":\"https:\/\/vinopolis.mx\/producto\/bolgheri-rosso-2023\/#breadcrumb\",\"itemListElement\":[{\"@type\":\"ListItem\",\"position\":1,\"name\":\"Inicio\",\"item\":\"https:\/\/vinopolis.mx\/\"},{\"@type\":\"ListItem\",\"position\":2,\"name\":\"Shop\",\"item\":\"https:\/\/vinopolis.mx\/shop\/\"},{\"@type\":\"ListItem\",\"position\":3,\"name\":\"Bolgheri Rosso 2023\"}]},{\"@type\":\"WebSite\",\"@id\":\"https:\/\/vinopolis.mx\/#website\",\"url\":\"https:\/\/vinopolis.mx\/\",\"name\":\"Vinopolis\",\"description\":\"Intrepid Wines Collection\",\"publisher\":{\"@id\":\"https:\/\/vinopolis.mx\/#organization\"},\"potentialAction\":[{\"@type\":\"SearchAction\",\"target\":{\"@type\":\"EntryPoint\",\"urlTemplate\":\"https:\/\/vinopolis.mx\/?s={search_term_string}\"},\"query-input\":{\"@type\":\"PropertyValueSpecification\",\"valueRequired\":true,\"valueName\":\"search_term_string\"}}],\"inLanguage\":\"en-US\"},{\"@type\":\"Organization\",\"@id\":\"https:\/\/vinopolis.mx\/#organization\",\"name\":\"Vinopolis\",\"url\":\"https:\/\/vinopolis.mx\/\",\"logo\":{\"@type\":\"ImageObject\",\"inLanguage\":\"en-US\",\"@id\":\"https:\/\/vinopolis.mx\/#\/schema\/logo\/image\/\",\"url\":\"https:\/\/vinopolis.mx\/wp-content\/uploads\/2025\/08\/vinopolis_logo-25.png\",\"contentUrl\":\"https:\/\/vinopolis.mx\/wp-content\/uploads\/2025\/08\/vinopolis_logo-25.png\",\"width\":1835,\"height\":281,\"caption\":\"Vinopolis\"},\"image\":{\"@id\":\"https:\/\/vinopolis.mx\/#\/schema\/logo\/image\/\"}}]}<\/script>\n<!-- \/ Yoast SEO plugin. -->","yoast_head_json":{"title":"Bolgheri Rosso 2023 MICHELE SATTA - Vinopolis","description":"Bolgheri Rosso 2023 - Vinos Tintos- Bodega Michele Satta- Vinopolis Intrepid Wine - Envios a todo M\u00e9xico - Italia - Toscana","robots":{"index":"index","follow":"follow","max-snippet":"max-snippet:-1","max-image-preview":"max-image-preview:large","max-video-preview":"max-video-preview:-1"},"canonical":"https:\/\/vinopolis.mx\/en\/product\/bolgheri-rosso-2023\/","og_locale":"en_US","og_type":"article","og_title":"Bolgheri Rosso 2023 MICHELE SATTA - Vinopolis","og_description":"Bolgheri Rosso 2023 - Vinos Tintos- Bodega Michele Satta- Vinopolis Intrepid Wine - Envios a todo M\u00e9xico - Italia - Toscana","og_url":"https:\/\/vinopolis.mx\/en\/product\/bolgheri-rosso-2023\/","og_site_name":"Vinopolis","article_modified_time":"2026-03-30T22:00:42+00:00","og_image":[{"width":400,"height":608,"url":"https:\/\/vinopolis.mx\/wp-content\/uploads\/2024\/03\/bolgheri-rosso.png","type":"image\/png"}],"twitter_card":"summary_large_image","twitter_misc":{"Est. reading time":"1 minute"},"schema":{"@context":"https:\/\/schema.org","@graph":[{"@type":"WebPage","@id":"https:\/\/vinopolis.mx\/producto\/bolgheri-rosso-2023\/","url":"https:\/\/vinopolis.mx\/producto\/bolgheri-rosso-2023\/","name":"Bolgheri Rosso 2023 MICHELE SATTA - Vinopolis","isPartOf":{"@id":"https:\/\/vinopolis.mx\/#website"},"primaryImageOfPage":{"@id":"https:\/\/vinopolis.mx\/producto\/bolgheri-rosso-2023\/#primaryimage"},"image":{"@id":"https:\/\/vinopolis.mx\/producto\/bolgheri-rosso-2023\/#primaryimage"},"thumbnailUrl":"https:\/\/vinopolis.mx\/wp-content\/uploads\/2024\/03\/bolgheri-rosso.png","datePublished":"2024-03-26T23:28:53+00:00","dateModified":"2026-03-30T22:00:42+00:00","description":"Bolgheri Rosso 2023 - Vinos Tintos- Bodega Michele Satta- Vinopolis Intrepid Wine - Envios a todo M\u00e9xico - Italia - Toscana","breadcrumb":{"@id":"https:\/\/vinopolis.mx\/producto\/bolgheri-rosso-2023\/#breadcrumb"},"inLanguage":"en-US","potentialAction":[{"@type":"ReadAction","target":["https:\/\/vinopolis.mx\/producto\/bolgheri-rosso-2023\/"]}]},{"@type":"ImageObject","inLanguage":"en-US","@id":"https:\/\/vinopolis.mx\/producto\/bolgheri-rosso-2023\/#primaryimage","url":"https:\/\/vinopolis.mx\/wp-content\/uploads\/2024\/03\/bolgheri-rosso.png","contentUrl":"https:\/\/vinopolis.mx\/wp-content\/uploads\/2024\/03\/bolgheri-rosso.png","width":400,"height":608},{"@type":"BreadcrumbList","@id":"https:\/\/vinopolis.mx\/producto\/bolgheri-rosso-2023\/#breadcrumb","itemListElement":[{"@type":"ListItem","position":1,"name":"Inicio","item":"https:\/\/vinopolis.mx\/"},{"@type":"ListItem","position":2,"name":"Shop","item":"https:\/\/vinopolis.mx\/shop\/"},{"@type":"ListItem","position":3,"name":"Bolgheri Rosso 2023"}]},{"@type":"WebSite","@id":"https:\/\/vinopolis.mx\/#website","url":"https:\/\/vinopolis.mx\/","name":"Vinopolis","description":"Intrepid Wines Collection","publisher":{"@id":"https:\/\/vinopolis.mx\/#organization"},"potentialAction":[{"@type":"SearchAction","target":{"@type":"EntryPoint","urlTemplate":"https:\/\/vinopolis.mx\/?s={search_term_string}"},"query-input":{"@type":"PropertyValueSpecification","valueRequired":true,"valueName":"search_term_string"}}],"inLanguage":"en-US"},{"@type":"Organization","@id":"https:\/\/vinopolis.mx\/#organization","name":"Vinopolis","url":"https:\/\/vinopolis.mx\/","logo":{"@type":"ImageObject","inLanguage":"en-US","@id":"https:\/\/vinopolis.mx\/#\/schema\/logo\/image\/","url":"https:\/\/vinopolis.mx\/wp-content\/uploads\/2025\/08\/vinopolis_logo-25.png","contentUrl":"https:\/\/vinopolis.mx\/wp-content\/uploads\/2025\/08\/vinopolis_logo-25.png","width":1835,"height":281,"caption":"Vinopolis"},"image":{"@id":"https:\/\/vinopolis.mx\/#\/schema\/logo\/image\/"}}]}},"_links":{"self":[{"href":"https:\/\/vinopolis.mx\/en\/wp-json\/wp\/v2\/product\/12218","targetHints":{"allow":["GET"]}}],"collection":[{"href":"https:\/\/vinopolis.mx\/en\/wp-json\/wp\/v2\/product"}],"about":[{"href":"https:\/\/vinopolis.mx\/en\/wp-json\/wp\/v2\/types\/product"}],"version-history":[{"count":14,"href":"https:\/\/vinopolis.mx\/en\/wp-json\/wp\/v2\/product\/12218\/revisions"}],"predecessor-version":[{"id":22065,"href":"https:\/\/vinopolis.mx\/en\/wp-json\/wp\/v2\/product\/12218\/revisions\/22065"}],"wp:featuredmedia":[{"embeddable":true,"href":"https:\/\/vinopolis.mx\/en\/wp-json\/wp\/v2\/media\/12683"}],"wp:attachment":[{"href":"https:\/\/vinopolis.mx\/en\/wp-json\/wp\/v2\/media?parent=12218"}],"wp:term":[{"taxonomy":"product_brand","embeddable":true,"href":"https:\/\/vinopolis.mx\/en\/wp-json\/wp\/v2\/product_brand?post=12218"},{"taxonomy":"product_cat","embeddable":true,"href":"https:\/\/vinopolis.mx\/en\/wp-json\/wp\/v2\/product_cat?post=12218"},{"taxonomy":"product_tag","embeddable":true,"href":"https:\/\/vinopolis.mx\/en\/wp-json\/wp\/v2\/product_tag?post=12218"}],"curies":[{"name":"wp","href":"https:\/\/api.w.org\/{rel}","templated":true}]}}