{"id":11748,"date":"2024-03-20T14:42:43","date_gmt":"2024-03-20T19:42:43","guid":{"rendered":"https:\/\/vinopolis.mx\/?post_type=product&#038;p=11748"},"modified":"2026-03-30T17:00:42","modified_gmt":"2026-03-30T22:00:42","slug":"prinos-syrah-2022-diamantakis","status":"publish","type":"product","link":"https:\/\/vinopolis.mx\/en\/product\/prinos-syrah-2022-diamantakis\/","title":{"rendered":"Prinos Syrah 2022"},"content":{"rendered":"","protected":false},"excerpt":{"rendered":"<ul>\n<li><b>Bodega:<\/b> Diamantakis<\/li>\n<li><b>Tipolog\u00eda:<\/b> Red wine<\/li>\n<li><b>Variedad:<\/b> Syrah 100%<\/li>\n<li><b>Ubicaci\u00f3n y altitud del vi\u00f1edo:<\/b> Kato Asites, Heraklion, Creta. 350 \u2013 550 mts<\/li>\n<li><b>\u00c1rea del vi\u00f1edo:<\/b> 15 Ha<\/li>\n<li><b>Pr\u00e1cticas agr\u00edcolas:<\/b> Org\u00e1nicas<\/li>\n<li><b>Vinification:<\/b> Vinificaci\u00f3n cl\u00e1sica en tinto, con extracci\u00f3n r\u00e1pida (2-2.5 d\u00edas), fermentaci\u00f3n a bajas temperaturas para conservar las caracter\u00edsticas afrutadas y la frescura de la variedad de uva. El embotellado se realiza pocos meses despu\u00e9s de la vinificaci\u00f3n.<\/li>\n<li>\n<p style=\"font-weight: 400;\"><strong>Crianza:<\/strong> Tanques de acero<\/p>\n<\/li>\n<li>\n<p style=\"font-weight: 400;\"><b>Clarificaci\u00f3n:<\/b> Sin clarificar<\/p>\n<\/li>\n<li><b>Filtraci\u00f3n:<\/b> Sin filtrar.<\/li>\n<li><b>N\u00ba de Botellas:<\/b> 15.000<\/li>\n<\/ul>\n<p><a class=\"btn_ficha\" href=\"https:\/\/vinopolis.mx\/wp-content\/uploads\/2024\/03\/PRINOS-SYRAH-2022_EN-1.pdf\" target=\"_blank\" rel=\"noopener\">See technical sheet<\/a><\/p>","protected":false},"featured_media":13008,"template":"","meta":{"site-sidebar-layout":"no-sidebar","site-content-layout":"page-builder","ast-site-content-layout":"full-width-container","site-content-style":"default","site-sidebar-style":"default","ast-global-header-display":"","ast-banner-title-visibility":"","ast-main-header-display":"","ast-hfb-above-header-display":"","ast-hfb-below-header-display":"","ast-hfb-mobile-header-display":"","site-post-title":"disabled","ast-breadcrumbs-content":"","ast-featured-img":"disabled","footer-sml-layout":"","theme-transparent-header-meta":"default","adv-header-id-meta":"","stick-header-meta":"","header-above-stick-meta":"","header-main-stick-meta":"","header-below-stick-meta":"","astra-migrate-meta-layouts":"set","ast-page-background-enabled":"default","ast-page-background-meta":{"desktop":{"background-color":"","background-image":"","background-repeat":"repeat","background-position":"center center","background-size":"auto","background-attachment":"scroll","background-type":"","background-media":"","overlay-type":"","overlay-color":"","overlay-opacity":"","overlay-gradient":""},"tablet":{"background-color":"","background-image":"","background-repeat":"repeat","background-position":"center center","background-size":"auto","background-attachment":"scroll","background-type":"","background-media":"","overlay-type":"","overlay-color":"","overlay-opacity":"","overlay-gradient":""},"mobile":{"background-color":"","background-image":"","background-repeat":"repeat","background-position":"center center","background-size":"auto","background-attachment":"scroll","background-type":"","background-media":"","overlay-type":"","overlay-color":"","overlay-opacity":"","overlay-gradient":""}},"ast-content-background-meta":{"desktop":{"background-color":"var(--ast-global-color-5)","background-image":"","background-repeat":"repeat","background-position":"center center","background-size":"auto","background-attachment":"scroll","background-type":"","background-media":"","overlay-type":"","overlay-color":"","overlay-opacity":"","overlay-gradient":""},"tablet":{"background-color":"var(--ast-global-color-5)","background-image":"","background-repeat":"repeat","background-position":"center center","background-size":"auto","background-attachment":"scroll","background-type":"","background-media":"","overlay-type":"","overlay-color":"","overlay-opacity":"","overlay-gradient":""},"mobile":{"background-color":"var(--ast-global-color-5)","background-image":"","background-repeat":"repeat","background-position":"center center","background-size":"auto","background-attachment":"scroll","background-type":"","background-media":"","overlay-type":"","overlay-color":"","overlay-opacity":"","overlay-gradient":""}},"_joinchat":[]},"product_brand":[],"product_cat":[2204,2226,1810,1981,1811,1467,2105,1799,1486],"product_tag":[],"class_list":{"0":"post-11748","1":"product","2":"type-product","3":"status-publish","4":"has-post-thumbnail","6":"product_cat-grecia","7":"product_cat-creta","8":"product_cat-organico","9":"product_cat-de-400-a-699","10":"product_cat-vegano","11":"product_cat-tinto","12":"product_cat-syrah","13":"product_cat-syrah-sangiovese","14":"product_cat-diamantakis","15":"desktop-align-center","16":"tablet-align-center","17":"mobile-align-center","18":"ast-product-gallery-layout-horizontal-slider","19":"ast-product-gallery-with-no-image","20":"ast-product-tabs-layout-horizontal","21":"ast-qv-on-image","23":"first","24":"instock","25":"taxable","26":"shipping-taxable","27":"purchasable","28":"product-type-simple"},"yoast_head":"<!-- This site is optimized with the Yoast SEO plugin v26.3 - https:\/\/yoast.com\/wordpress\/plugins\/seo\/ -->\n<title>Prinos Syrah 2022- DIAMANTAKIS Vinopolis VINO GRIEGO<\/title>\n<meta name=\"description\" content=\"Prinos Syrah 2022 - DIAMANTAKIS - VINO GRIEGO IMPORTADO- VINO TINTO Vinopolis\" \/>\n<meta name=\"robots\" content=\"index, follow, max-snippet:-1, max-image-preview:large, max-video-preview:-1\" \/>\n<link rel=\"canonical\" href=\"https:\/\/vinopolis.mx\/en\/product\/prinos-syrah-2022-diamantakis\/\" \/>\n<meta property=\"og:locale\" content=\"en_US\" \/>\n<meta property=\"og:type\" content=\"article\" \/>\n<meta property=\"og:title\" content=\"Prinos Syrah 2022- DIAMANTAKIS Vinopolis VINO GRIEGO\" \/>\n<meta property=\"og:description\" content=\"Prinos Syrah 2022 - DIAMANTAKIS - VINO GRIEGO IMPORTADO- VINO TINTO Vinopolis\" \/>\n<meta property=\"og:url\" content=\"https:\/\/vinopolis.mx\/en\/product\/prinos-syrah-2022-diamantakis\/\" \/>\n<meta property=\"og:site_name\" content=\"Vinopolis\" \/>\n<meta property=\"article:modified_time\" content=\"2026-03-30T22:00:42+00:00\" \/>\n<meta property=\"og:image\" content=\"https:\/\/vinopolis.mx\/wp-content\/uploads\/2024\/03\/Prinos-Zyrah.png\" \/>\n\t<meta property=\"og:image:width\" content=\"400\" \/>\n\t<meta property=\"og:image:height\" content=\"608\" \/>\n\t<meta property=\"og:image:type\" content=\"image\/png\" \/>\n<meta name=\"twitter:card\" content=\"summary_large_image\" \/>\n<meta name=\"twitter:label1\" content=\"Est. reading time\" \/>\n\t<meta name=\"twitter:data1\" content=\"1 minute\" \/>\n<script type=\"application\/ld+json\" class=\"yoast-schema-graph\">{\"@context\":\"https:\/\/schema.org\",\"@graph\":[{\"@type\":\"WebPage\",\"@id\":\"https:\/\/vinopolis.mx\/producto\/prinos-syrah-2022-diamantakis\/\",\"url\":\"https:\/\/vinopolis.mx\/producto\/prinos-syrah-2022-diamantakis\/\",\"name\":\"Prinos Syrah 2022- DIAMANTAKIS Vinopolis VINO GRIEGO\",\"isPartOf\":{\"@id\":\"https:\/\/vinopolis.mx\/#website\"},\"primaryImageOfPage\":{\"@id\":\"https:\/\/vinopolis.mx\/producto\/prinos-syrah-2022-diamantakis\/#primaryimage\"},\"image\":{\"@id\":\"https:\/\/vinopolis.mx\/producto\/prinos-syrah-2022-diamantakis\/#primaryimage\"},\"thumbnailUrl\":\"https:\/\/vinopolis.mx\/wp-content\/uploads\/2024\/03\/Prinos-Zyrah.png\",\"datePublished\":\"2024-03-20T19:42:43+00:00\",\"dateModified\":\"2026-03-30T22:00:42+00:00\",\"description\":\"Prinos Syrah 2022 - DIAMANTAKIS - VINO GRIEGO IMPORTADO- VINO TINTO Vinopolis\",\"breadcrumb\":{\"@id\":\"https:\/\/vinopolis.mx\/producto\/prinos-syrah-2022-diamantakis\/#breadcrumb\"},\"inLanguage\":\"en-US\",\"potentialAction\":[{\"@type\":\"ReadAction\",\"target\":[\"https:\/\/vinopolis.mx\/producto\/prinos-syrah-2022-diamantakis\/\"]}]},{\"@type\":\"ImageObject\",\"inLanguage\":\"en-US\",\"@id\":\"https:\/\/vinopolis.mx\/producto\/prinos-syrah-2022-diamantakis\/#primaryimage\",\"url\":\"https:\/\/vinopolis.mx\/wp-content\/uploads\/2024\/03\/Prinos-Zyrah.png\",\"contentUrl\":\"https:\/\/vinopolis.mx\/wp-content\/uploads\/2024\/03\/Prinos-Zyrah.png\",\"width\":400,\"height\":608},{\"@type\":\"BreadcrumbList\",\"@id\":\"https:\/\/vinopolis.mx\/producto\/prinos-syrah-2022-diamantakis\/#breadcrumb\",\"itemListElement\":[{\"@type\":\"ListItem\",\"position\":1,\"name\":\"Inicio\",\"item\":\"https:\/\/vinopolis.mx\/\"},{\"@type\":\"ListItem\",\"position\":2,\"name\":\"Shop\",\"item\":\"https:\/\/vinopolis.mx\/shop\/\"},{\"@type\":\"ListItem\",\"position\":3,\"name\":\"Prinos Syrah 2022\"}]},{\"@type\":\"WebSite\",\"@id\":\"https:\/\/vinopolis.mx\/#website\",\"url\":\"https:\/\/vinopolis.mx\/\",\"name\":\"Vinopolis\",\"description\":\"Intrepid Wines Collection\",\"publisher\":{\"@id\":\"https:\/\/vinopolis.mx\/#organization\"},\"potentialAction\":[{\"@type\":\"SearchAction\",\"target\":{\"@type\":\"EntryPoint\",\"urlTemplate\":\"https:\/\/vinopolis.mx\/?s={search_term_string}\"},\"query-input\":{\"@type\":\"PropertyValueSpecification\",\"valueRequired\":true,\"valueName\":\"search_term_string\"}}],\"inLanguage\":\"en-US\"},{\"@type\":\"Organization\",\"@id\":\"https:\/\/vinopolis.mx\/#organization\",\"name\":\"Vinopolis\",\"url\":\"https:\/\/vinopolis.mx\/\",\"logo\":{\"@type\":\"ImageObject\",\"inLanguage\":\"en-US\",\"@id\":\"https:\/\/vinopolis.mx\/#\/schema\/logo\/image\/\",\"url\":\"https:\/\/vinopolis.mx\/wp-content\/uploads\/2025\/08\/vinopolis_logo-25.png\",\"contentUrl\":\"https:\/\/vinopolis.mx\/wp-content\/uploads\/2025\/08\/vinopolis_logo-25.png\",\"width\":1835,\"height\":281,\"caption\":\"Vinopolis\"},\"image\":{\"@id\":\"https:\/\/vinopolis.mx\/#\/schema\/logo\/image\/\"}}]}<\/script>\n<!-- \/ Yoast SEO plugin. -->","yoast_head_json":{"title":"Prinos Syrah 2022- DIAMANTAKIS Vinopolis VINO GRIEGO","description":"Prinos Syrah 2022 - DIAMANTAKIS - VINO GRIEGO IMPORTADO- VINO TINTO Vinopolis","robots":{"index":"index","follow":"follow","max-snippet":"max-snippet:-1","max-image-preview":"max-image-preview:large","max-video-preview":"max-video-preview:-1"},"canonical":"https:\/\/vinopolis.mx\/en\/product\/prinos-syrah-2022-diamantakis\/","og_locale":"en_US","og_type":"article","og_title":"Prinos Syrah 2022- DIAMANTAKIS Vinopolis VINO GRIEGO","og_description":"Prinos Syrah 2022 - DIAMANTAKIS - VINO GRIEGO IMPORTADO- VINO TINTO Vinopolis","og_url":"https:\/\/vinopolis.mx\/en\/product\/prinos-syrah-2022-diamantakis\/","og_site_name":"Vinopolis","article_modified_time":"2026-03-30T22:00:42+00:00","og_image":[{"width":400,"height":608,"url":"https:\/\/vinopolis.mx\/wp-content\/uploads\/2024\/03\/Prinos-Zyrah.png","type":"image\/png"}],"twitter_card":"summary_large_image","twitter_misc":{"Est. reading time":"1 minute"},"schema":{"@context":"https:\/\/schema.org","@graph":[{"@type":"WebPage","@id":"https:\/\/vinopolis.mx\/producto\/prinos-syrah-2022-diamantakis\/","url":"https:\/\/vinopolis.mx\/producto\/prinos-syrah-2022-diamantakis\/","name":"Prinos Syrah 2022- DIAMANTAKIS Vinopolis VINO GRIEGO","isPartOf":{"@id":"https:\/\/vinopolis.mx\/#website"},"primaryImageOfPage":{"@id":"https:\/\/vinopolis.mx\/producto\/prinos-syrah-2022-diamantakis\/#primaryimage"},"image":{"@id":"https:\/\/vinopolis.mx\/producto\/prinos-syrah-2022-diamantakis\/#primaryimage"},"thumbnailUrl":"https:\/\/vinopolis.mx\/wp-content\/uploads\/2024\/03\/Prinos-Zyrah.png","datePublished":"2024-03-20T19:42:43+00:00","dateModified":"2026-03-30T22:00:42+00:00","description":"Prinos Syrah 2022 - DIAMANTAKIS - VINO GRIEGO IMPORTADO- VINO TINTO Vinopolis","breadcrumb":{"@id":"https:\/\/vinopolis.mx\/producto\/prinos-syrah-2022-diamantakis\/#breadcrumb"},"inLanguage":"en-US","potentialAction":[{"@type":"ReadAction","target":["https:\/\/vinopolis.mx\/producto\/prinos-syrah-2022-diamantakis\/"]}]},{"@type":"ImageObject","inLanguage":"en-US","@id":"https:\/\/vinopolis.mx\/producto\/prinos-syrah-2022-diamantakis\/#primaryimage","url":"https:\/\/vinopolis.mx\/wp-content\/uploads\/2024\/03\/Prinos-Zyrah.png","contentUrl":"https:\/\/vinopolis.mx\/wp-content\/uploads\/2024\/03\/Prinos-Zyrah.png","width":400,"height":608},{"@type":"BreadcrumbList","@id":"https:\/\/vinopolis.mx\/producto\/prinos-syrah-2022-diamantakis\/#breadcrumb","itemListElement":[{"@type":"ListItem","position":1,"name":"Inicio","item":"https:\/\/vinopolis.mx\/"},{"@type":"ListItem","position":2,"name":"Shop","item":"https:\/\/vinopolis.mx\/shop\/"},{"@type":"ListItem","position":3,"name":"Prinos Syrah 2022"}]},{"@type":"WebSite","@id":"https:\/\/vinopolis.mx\/#website","url":"https:\/\/vinopolis.mx\/","name":"Vinopolis","description":"Intrepid Wines Collection","publisher":{"@id":"https:\/\/vinopolis.mx\/#organization"},"potentialAction":[{"@type":"SearchAction","target":{"@type":"EntryPoint","urlTemplate":"https:\/\/vinopolis.mx\/?s={search_term_string}"},"query-input":{"@type":"PropertyValueSpecification","valueRequired":true,"valueName":"search_term_string"}}],"inLanguage":"en-US"},{"@type":"Organization","@id":"https:\/\/vinopolis.mx\/#organization","name":"Vinopolis","url":"https:\/\/vinopolis.mx\/","logo":{"@type":"ImageObject","inLanguage":"en-US","@id":"https:\/\/vinopolis.mx\/#\/schema\/logo\/image\/","url":"https:\/\/vinopolis.mx\/wp-content\/uploads\/2025\/08\/vinopolis_logo-25.png","contentUrl":"https:\/\/vinopolis.mx\/wp-content\/uploads\/2025\/08\/vinopolis_logo-25.png","width":1835,"height":281,"caption":"Vinopolis"},"image":{"@id":"https:\/\/vinopolis.mx\/#\/schema\/logo\/image\/"}}]}},"_links":{"self":[{"href":"https:\/\/vinopolis.mx\/en\/wp-json\/wp\/v2\/product\/11748","targetHints":{"allow":["GET"]}}],"collection":[{"href":"https:\/\/vinopolis.mx\/en\/wp-json\/wp\/v2\/product"}],"about":[{"href":"https:\/\/vinopolis.mx\/en\/wp-json\/wp\/v2\/types\/product"}],"version-history":[{"count":12,"href":"https:\/\/vinopolis.mx\/en\/wp-json\/wp\/v2\/product\/11748\/revisions"}],"predecessor-version":[{"id":21584,"href":"https:\/\/vinopolis.mx\/en\/wp-json\/wp\/v2\/product\/11748\/revisions\/21584"}],"wp:featuredmedia":[{"embeddable":true,"href":"https:\/\/vinopolis.mx\/en\/wp-json\/wp\/v2\/media\/13008"}],"wp:attachment":[{"href":"https:\/\/vinopolis.mx\/en\/wp-json\/wp\/v2\/media?parent=11748"}],"wp:term":[{"taxonomy":"product_brand","embeddable":true,"href":"https:\/\/vinopolis.mx\/en\/wp-json\/wp\/v2\/product_brand?post=11748"},{"taxonomy":"product_cat","embeddable":true,"href":"https:\/\/vinopolis.mx\/en\/wp-json\/wp\/v2\/product_cat?post=11748"},{"taxonomy":"product_tag","embeddable":true,"href":"https:\/\/vinopolis.mx\/en\/wp-json\/wp\/v2\/product_tag?post=11748"}],"curies":[{"name":"wp","href":"https:\/\/api.w.org\/{rel}","templated":true}]}}