{"id":11370,"date":"2024-02-13T13:55:51","date_gmt":"2024-02-13T18:55:51","guid":{"rendered":"https:\/\/vinopolis.mx\/?post_type=product&#038;p=11370"},"modified":"2026-03-30T17:00:39","modified_gmt":"2026-03-30T22:00:39","slug":"aiora-red-2022-moschopolis","status":"publish","type":"product","link":"https:\/\/vinopolis.mx\/en\/product\/aiora-red-2022-moschopolis\/","title":{"rendered":"Aiora Red 202"},"content":{"rendered":"","protected":false},"excerpt":{"rendered":"<ul>\n<li><strong>Bodega:\u00a0<\/strong>Mosch\u00f3polis<\/li>\n<li><strong>Tipolog\u00eda:\u00a0<\/strong>Red wine<\/li>\n<li><strong>Variedad: <\/strong>Mavrotragano 35% Xinomavro 40% Syrah 25%<\/li>\n<li><strong>Ubicaci\u00f3n y altitud del vi\u00f1edo:\u00a0<\/strong>Monopigado, Tesal\u00f3nica \u2013 150 m<\/li>\n<li><strong>Superficie del vi\u00f1edo:<\/strong>\u00a02 hect\u00e1rea<\/li>\n<li><strong>Edad de las vides:\u00a0<\/strong>15-20 a\u00f1os<\/li>\n<li><strong>Pr\u00e1cticas agr\u00edcolas:\u00a0<\/strong>Org\u00e1nicas, regenerativas<\/li>\n<li><strong>Tipo de levadura:\u00a0<\/strong>Nativa<\/li>\n<li><strong>Vinification:\u00a0<\/strong>Fermentaci\u00f3n en tanques de acero a temperatura controlada.<\/li>\n<li><strong>Crianza: <\/strong>4 -5 meses en \u00e1nfora.<\/li>\n<li><strong>Clarificaci\u00f3n:\u00a0<\/strong>Sin clarificar<\/li>\n<li><strong>Filtraci\u00f3n:\u00a0<\/strong>Sin filtrar<\/li>\n<li><strong>Sulfitos:<\/strong>40\/18 (Total SO2 Siempre &lt; 40) Natural<\/li>\n<li><strong>N\u00famero de botellas:\u00a0<\/strong>12,000<\/li>\n<\/ul>\n<p><a class=\"btn_ficha\" href=\"https:\/\/vinopolis.mx\/wp-content\/uploads\/2024\/04\/Aiora_Aiora_MOSCHOPOLIS.pdf\" target=\"_blank\" rel=\"noopener\">See technical sheet<\/a><\/p>","protected":false},"featured_media":12696,"template":"","meta":{"site-sidebar-layout":"default","site-content-layout":"","ast-site-content-layout":"default","site-content-style":"default","site-sidebar-style":"default","ast-global-header-display":"","ast-banner-title-visibility":"","ast-main-header-display":"","ast-hfb-above-header-display":"","ast-hfb-below-header-display":"","ast-hfb-mobile-header-display":"","site-post-title":"","ast-breadcrumbs-content":"","ast-featured-img":"","footer-sml-layout":"","theme-transparent-header-meta":"default","adv-header-id-meta":"","stick-header-meta":"","header-above-stick-meta":"","header-main-stick-meta":"","header-below-stick-meta":"","astra-migrate-meta-layouts":"set","ast-page-background-enabled":"default","ast-page-background-meta":{"desktop":{"background-color":"","background-image":"","background-repeat":"repeat","background-position":"center center","background-size":"auto","background-attachment":"scroll","background-type":"","background-media":"","overlay-type":"","overlay-color":"","overlay-opacity":"","overlay-gradient":""},"tablet":{"background-color":"","background-image":"","background-repeat":"repeat","background-position":"center center","background-size":"auto","background-attachment":"scroll","background-type":"","background-media":"","overlay-type":"","overlay-color":"","overlay-opacity":"","overlay-gradient":""},"mobile":{"background-color":"","background-image":"","background-repeat":"repeat","background-position":"center center","background-size":"auto","background-attachment":"scroll","background-type":"","background-media":"","overlay-type":"","overlay-color":"","overlay-opacity":"","overlay-gradient":""}},"ast-content-background-meta":{"desktop":{"background-color":"var(--ast-global-color-5)","background-image":"","background-repeat":"repeat","background-position":"center center","background-size":"auto","background-attachment":"scroll","background-type":"","background-media":"","overlay-type":"","overlay-color":"","overlay-opacity":"","overlay-gradient":""},"tablet":{"background-color":"var(--ast-global-color-5)","background-image":"","background-repeat":"repeat","background-position":"center center","background-size":"auto","background-attachment":"scroll","background-type":"","background-media":"","overlay-type":"","overlay-color":"","overlay-opacity":"","overlay-gradient":""},"mobile":{"background-color":"var(--ast-global-color-5)","background-image":"","background-repeat":"repeat","background-position":"center center","background-size":"auto","background-attachment":"scroll","background-type":"","background-media":"","overlay-type":"","overlay-color":"","overlay-opacity":"","overlay-gradient":""}},"_joinchat":[]},"product_brand":[],"product_cat":[2204,2240,1810,1981,1809,1811,1467,1674,2104],"product_tag":[469,614,1176,2113,2117,2137],"class_list":{"0":"post-11370","1":"product","2":"type-product","3":"status-publish","4":"has-post-thumbnail","6":"product_cat-grecia","7":"product_cat-macedonia-central","8":"product_cat-organico","9":"product_cat-de-400-a-699","10":"product_cat-natural-viticultura-y-tecnica","11":"product_cat-vegano","12":"product_cat-tinto","13":"product_cat-botella-750-ml","14":"product_cat-moschopolis","15":"product_tag-vino-tinto","16":"product_tag-biodinamico","17":"product_tag-uvasyrah","18":"product_tag-moschopolis","19":"product_tag-grecia","20":"product_tag-natural","21":"desktop-align-center","22":"tablet-align-center","23":"mobile-align-center","24":"ast-product-gallery-layout-horizontal-slider","25":"ast-product-gallery-with-no-image","26":"ast-product-tabs-layout-horizontal","27":"ast-qv-on-image","29":"first","30":"instock","31":"taxable","32":"shipping-taxable","33":"purchasable","34":"product-type-simple"},"yoast_head":"<!-- This site is optimized with the Yoast SEO plugin v26.3 - https:\/\/yoast.com\/wordpress\/plugins\/seo\/ -->\n<title>Aiora Red 202 - Vinopolis<\/title>\n<meta name=\"description\" content=\"Grecia - Thessaloniki - Uva: Mavrotragano, Xinomavro, Syrah - Biodin\u00e1mico - Natural - Vino Tinto - Env\u00edos a todo M\u00e9xico - Vinopolis\" \/>\n<meta name=\"robots\" content=\"index, follow, max-snippet:-1, max-image-preview:large, max-video-preview:-1\" \/>\n<link rel=\"canonical\" href=\"https:\/\/vinopolis.mx\/en\/product\/aiora-red-2022-moschopolis\/\" \/>\n<meta property=\"og:locale\" content=\"en_US\" \/>\n<meta property=\"og:type\" content=\"article\" \/>\n<meta property=\"og:title\" content=\"Aiora Red 202 - Vinopolis\" \/>\n<meta property=\"og:description\" content=\"Grecia - Thessaloniki - Uva: Mavrotragano, Xinomavro, Syrah - Biodin\u00e1mico - Natural - Vino Tinto - Env\u00edos a todo M\u00e9xico - Vinopolis\" \/>\n<meta property=\"og:url\" content=\"https:\/\/vinopolis.mx\/en\/product\/aiora-red-2022-moschopolis\/\" \/>\n<meta property=\"og:site_name\" content=\"Vinopolis\" \/>\n<meta property=\"article:modified_time\" content=\"2026-03-30T22:00:39+00:00\" \/>\n<meta property=\"og:image\" content=\"https:\/\/vinopolis.mx\/wp-content\/uploads\/2024\/02\/Aiora.png\" \/>\n\t<meta property=\"og:image:width\" content=\"400\" \/>\n\t<meta property=\"og:image:height\" content=\"608\" \/>\n\t<meta property=\"og:image:type\" content=\"image\/png\" \/>\n<meta name=\"twitter:card\" content=\"summary_large_image\" \/>\n<meta name=\"twitter:label1\" content=\"Est. reading time\" \/>\n\t<meta name=\"twitter:data1\" content=\"1 minute\" \/>\n<script type=\"application\/ld+json\" class=\"yoast-schema-graph\">{\"@context\":\"https:\/\/schema.org\",\"@graph\":[{\"@type\":\"WebPage\",\"@id\":\"https:\/\/vinopolis.mx\/producto\/aiora-red-2022-moschopolis\/\",\"url\":\"https:\/\/vinopolis.mx\/producto\/aiora-red-2022-moschopolis\/\",\"name\":\"Aiora Red 202 - Vinopolis\",\"isPartOf\":{\"@id\":\"https:\/\/vinopolis.mx\/#website\"},\"primaryImageOfPage\":{\"@id\":\"https:\/\/vinopolis.mx\/producto\/aiora-red-2022-moschopolis\/#primaryimage\"},\"image\":{\"@id\":\"https:\/\/vinopolis.mx\/producto\/aiora-red-2022-moschopolis\/#primaryimage\"},\"thumbnailUrl\":\"https:\/\/vinopolis.mx\/wp-content\/uploads\/2024\/02\/Aiora.png\",\"datePublished\":\"2024-02-13T18:55:51+00:00\",\"dateModified\":\"2026-03-30T22:00:39+00:00\",\"description\":\"Grecia - Thessaloniki - Uva: Mavrotragano, Xinomavro, Syrah - Biodin\u00e1mico - Natural - Vino Tinto - Env\u00edos a todo M\u00e9xico - Vinopolis\",\"breadcrumb\":{\"@id\":\"https:\/\/vinopolis.mx\/producto\/aiora-red-2022-moschopolis\/#breadcrumb\"},\"inLanguage\":\"en-US\",\"potentialAction\":[{\"@type\":\"ReadAction\",\"target\":[\"https:\/\/vinopolis.mx\/producto\/aiora-red-2022-moschopolis\/\"]}]},{\"@type\":\"ImageObject\",\"inLanguage\":\"en-US\",\"@id\":\"https:\/\/vinopolis.mx\/producto\/aiora-red-2022-moschopolis\/#primaryimage\",\"url\":\"https:\/\/vinopolis.mx\/wp-content\/uploads\/2024\/02\/Aiora.png\",\"contentUrl\":\"https:\/\/vinopolis.mx\/wp-content\/uploads\/2024\/02\/Aiora.png\",\"width\":400,\"height\":608},{\"@type\":\"BreadcrumbList\",\"@id\":\"https:\/\/vinopolis.mx\/producto\/aiora-red-2022-moschopolis\/#breadcrumb\",\"itemListElement\":[{\"@type\":\"ListItem\",\"position\":1,\"name\":\"Inicio\",\"item\":\"https:\/\/vinopolis.mx\/\"},{\"@type\":\"ListItem\",\"position\":2,\"name\":\"Shop\",\"item\":\"https:\/\/vinopolis.mx\/shop\/\"},{\"@type\":\"ListItem\",\"position\":3,\"name\":\"Aiora Red 202\"}]},{\"@type\":\"WebSite\",\"@id\":\"https:\/\/vinopolis.mx\/#website\",\"url\":\"https:\/\/vinopolis.mx\/\",\"name\":\"Vinopolis\",\"description\":\"Intrepid Wines Collection\",\"publisher\":{\"@id\":\"https:\/\/vinopolis.mx\/#organization\"},\"potentialAction\":[{\"@type\":\"SearchAction\",\"target\":{\"@type\":\"EntryPoint\",\"urlTemplate\":\"https:\/\/vinopolis.mx\/?s={search_term_string}\"},\"query-input\":{\"@type\":\"PropertyValueSpecification\",\"valueRequired\":true,\"valueName\":\"search_term_string\"}}],\"inLanguage\":\"en-US\"},{\"@type\":\"Organization\",\"@id\":\"https:\/\/vinopolis.mx\/#organization\",\"name\":\"Vinopolis\",\"url\":\"https:\/\/vinopolis.mx\/\",\"logo\":{\"@type\":\"ImageObject\",\"inLanguage\":\"en-US\",\"@id\":\"https:\/\/vinopolis.mx\/#\/schema\/logo\/image\/\",\"url\":\"https:\/\/vinopolis.mx\/wp-content\/uploads\/2025\/08\/vinopolis_logo-25.png\",\"contentUrl\":\"https:\/\/vinopolis.mx\/wp-content\/uploads\/2025\/08\/vinopolis_logo-25.png\",\"width\":1835,\"height\":281,\"caption\":\"Vinopolis\"},\"image\":{\"@id\":\"https:\/\/vinopolis.mx\/#\/schema\/logo\/image\/\"}}]}<\/script>\n<!-- \/ Yoast SEO plugin. -->","yoast_head_json":{"title":"Aiora Red 202 - Vinopolis","description":"Grecia - Thessaloniki - Uva: Mavrotragano, Xinomavro, Syrah - Biodin\u00e1mico - Natural - Vino Tinto - Env\u00edos a todo M\u00e9xico - Vinopolis","robots":{"index":"index","follow":"follow","max-snippet":"max-snippet:-1","max-image-preview":"max-image-preview:large","max-video-preview":"max-video-preview:-1"},"canonical":"https:\/\/vinopolis.mx\/en\/product\/aiora-red-2022-moschopolis\/","og_locale":"en_US","og_type":"article","og_title":"Aiora Red 202 - Vinopolis","og_description":"Grecia - Thessaloniki - Uva: Mavrotragano, Xinomavro, Syrah - Biodin\u00e1mico - Natural - Vino Tinto - Env\u00edos a todo M\u00e9xico - Vinopolis","og_url":"https:\/\/vinopolis.mx\/en\/product\/aiora-red-2022-moschopolis\/","og_site_name":"Vinopolis","article_modified_time":"2026-03-30T22:00:39+00:00","og_image":[{"width":400,"height":608,"url":"https:\/\/vinopolis.mx\/wp-content\/uploads\/2024\/02\/Aiora.png","type":"image\/png"}],"twitter_card":"summary_large_image","twitter_misc":{"Est. reading time":"1 minute"},"schema":{"@context":"https:\/\/schema.org","@graph":[{"@type":"WebPage","@id":"https:\/\/vinopolis.mx\/producto\/aiora-red-2022-moschopolis\/","url":"https:\/\/vinopolis.mx\/producto\/aiora-red-2022-moschopolis\/","name":"Aiora Red 202 - Vinopolis","isPartOf":{"@id":"https:\/\/vinopolis.mx\/#website"},"primaryImageOfPage":{"@id":"https:\/\/vinopolis.mx\/producto\/aiora-red-2022-moschopolis\/#primaryimage"},"image":{"@id":"https:\/\/vinopolis.mx\/producto\/aiora-red-2022-moschopolis\/#primaryimage"},"thumbnailUrl":"https:\/\/vinopolis.mx\/wp-content\/uploads\/2024\/02\/Aiora.png","datePublished":"2024-02-13T18:55:51+00:00","dateModified":"2026-03-30T22:00:39+00:00","description":"Grecia - Thessaloniki - Uva: Mavrotragano, Xinomavro, Syrah - Biodin\u00e1mico - Natural - Vino Tinto - Env\u00edos a todo M\u00e9xico - Vinopolis","breadcrumb":{"@id":"https:\/\/vinopolis.mx\/producto\/aiora-red-2022-moschopolis\/#breadcrumb"},"inLanguage":"en-US","potentialAction":[{"@type":"ReadAction","target":["https:\/\/vinopolis.mx\/producto\/aiora-red-2022-moschopolis\/"]}]},{"@type":"ImageObject","inLanguage":"en-US","@id":"https:\/\/vinopolis.mx\/producto\/aiora-red-2022-moschopolis\/#primaryimage","url":"https:\/\/vinopolis.mx\/wp-content\/uploads\/2024\/02\/Aiora.png","contentUrl":"https:\/\/vinopolis.mx\/wp-content\/uploads\/2024\/02\/Aiora.png","width":400,"height":608},{"@type":"BreadcrumbList","@id":"https:\/\/vinopolis.mx\/producto\/aiora-red-2022-moschopolis\/#breadcrumb","itemListElement":[{"@type":"ListItem","position":1,"name":"Inicio","item":"https:\/\/vinopolis.mx\/"},{"@type":"ListItem","position":2,"name":"Shop","item":"https:\/\/vinopolis.mx\/shop\/"},{"@type":"ListItem","position":3,"name":"Aiora Red 202"}]},{"@type":"WebSite","@id":"https:\/\/vinopolis.mx\/#website","url":"https:\/\/vinopolis.mx\/","name":"Vinopolis","description":"Intrepid Wines Collection","publisher":{"@id":"https:\/\/vinopolis.mx\/#organization"},"potentialAction":[{"@type":"SearchAction","target":{"@type":"EntryPoint","urlTemplate":"https:\/\/vinopolis.mx\/?s={search_term_string}"},"query-input":{"@type":"PropertyValueSpecification","valueRequired":true,"valueName":"search_term_string"}}],"inLanguage":"en-US"},{"@type":"Organization","@id":"https:\/\/vinopolis.mx\/#organization","name":"Vinopolis","url":"https:\/\/vinopolis.mx\/","logo":{"@type":"ImageObject","inLanguage":"en-US","@id":"https:\/\/vinopolis.mx\/#\/schema\/logo\/image\/","url":"https:\/\/vinopolis.mx\/wp-content\/uploads\/2025\/08\/vinopolis_logo-25.png","contentUrl":"https:\/\/vinopolis.mx\/wp-content\/uploads\/2025\/08\/vinopolis_logo-25.png","width":1835,"height":281,"caption":"Vinopolis"},"image":{"@id":"https:\/\/vinopolis.mx\/#\/schema\/logo\/image\/"}}]}},"_links":{"self":[{"href":"https:\/\/vinopolis.mx\/en\/wp-json\/wp\/v2\/product\/11370","targetHints":{"allow":["GET"]}}],"collection":[{"href":"https:\/\/vinopolis.mx\/en\/wp-json\/wp\/v2\/product"}],"about":[{"href":"https:\/\/vinopolis.mx\/en\/wp-json\/wp\/v2\/types\/product"}],"version-history":[{"count":13,"href":"https:\/\/vinopolis.mx\/en\/wp-json\/wp\/v2\/product\/11370\/revisions"}],"predecessor-version":[{"id":22703,"href":"https:\/\/vinopolis.mx\/en\/wp-json\/wp\/v2\/product\/11370\/revisions\/22703"}],"wp:featuredmedia":[{"embeddable":true,"href":"https:\/\/vinopolis.mx\/en\/wp-json\/wp\/v2\/media\/12696"}],"wp:attachment":[{"href":"https:\/\/vinopolis.mx\/en\/wp-json\/wp\/v2\/media?parent=11370"}],"wp:term":[{"taxonomy":"product_brand","embeddable":true,"href":"https:\/\/vinopolis.mx\/en\/wp-json\/wp\/v2\/product_brand?post=11370"},{"taxonomy":"product_cat","embeddable":true,"href":"https:\/\/vinopolis.mx\/en\/wp-json\/wp\/v2\/product_cat?post=11370"},{"taxonomy":"product_tag","embeddable":true,"href":"https:\/\/vinopolis.mx\/en\/wp-json\/wp\/v2\/product_tag?post=11370"}],"curies":[{"name":"wp","href":"https:\/\/api.w.org\/{rel}","templated":true}]}}