{"id":11367,"date":"2024-02-13T13:53:37","date_gmt":"2024-02-13T18:53:37","guid":{"rendered":"https:\/\/vinopolis.mx\/?post_type=product&#038;p=11367"},"modified":"2026-03-30T17:00:38","modified_gmt":"2026-03-30T22:00:38","slug":"mavrotragano-2022-moschopolis","status":"publish","type":"product","link":"https:\/\/vinopolis.mx\/en\/product\/mavrotragano-2022-moschopolis\/","title":{"rendered":"Mavrotragano Amphora 2022"},"content":{"rendered":"<p>moschopolis<\/p>","protected":false},"excerpt":{"rendered":"<ul>\n<li><strong>Bodega:\u00a0<\/strong>Mosch\u00f3polis<\/li>\n<li><strong>Tipolog\u00eda:\u00a0<\/strong>Red wine<\/li>\n<li><strong>Variedad: <\/strong>\u00a0Mavrotragano 100%<\/li>\n<li><strong>Ubicaci\u00f3n y altitud del vi\u00f1edo:\u00a0<\/strong>Monopigado, Tesal\u00f3nica \u2013 500 m<\/li>\n<li><strong>Superficie del vi\u00f1edo:<\/strong> 1 hect\u00e1rea<\/li>\n<li><strong>Edad de las vides:\u00a0<\/strong>20-25 a\u00f1os<\/li>\n<li><strong>Pr\u00e1cticas agr\u00edcolas:\u00a0<\/strong>Org\u00e1nicas, regenerativas<\/li>\n<li><strong>Tipo de levadura:\u00a0<\/strong>Nativa<\/li>\n<li><strong>Vinification: <\/strong>Fermentaci\u00f3n en \u00e1nforas con las pieles de uva durante aproximadamente 3 semanas.<\/li>\n<li><strong>Crianza: <\/strong>12 meses en \u00e1nfora de Creta de 300 lts<\/li>\n<li><strong>Clarificaci\u00f3n:\u00a0<\/strong>Sin clarificar<\/li>\n<li><strong>Filtraci\u00f3n:\u00a0<\/strong>Sin filtrar<\/li>\n<li><strong>Sulfitos: <\/strong>40\/18 (Total SO2 Siempre &lt; 40) Natural<\/li>\n<li><strong>N\u00famero de botellas:\u00a0<\/strong>1,500<\/li>\n<\/ul>\n<p><a href=\"https:\/\/vinopolis.mx\/wp-content\/uploads\/2024\/09\/Tech-Sheet-Aiora-Mavrotragano-Amphora-2.pdf\">Ver Ficha T\u00e9cnica<\/a><\/p>","protected":false},"featured_media":12697,"template":"","meta":{"site-sidebar-layout":"default","site-content-layout":"","ast-site-content-layout":"default","site-content-style":"default","site-sidebar-style":"default","ast-global-header-display":"","ast-banner-title-visibility":"","ast-main-header-display":"","ast-hfb-above-header-display":"","ast-hfb-below-header-display":"","ast-hfb-mobile-header-display":"","site-post-title":"","ast-breadcrumbs-content":"","ast-featured-img":"","footer-sml-layout":"","theme-transparent-header-meta":"default","adv-header-id-meta":"","stick-header-meta":"","header-above-stick-meta":"","header-main-stick-meta":"","header-below-stick-meta":"","astra-migrate-meta-layouts":"set","ast-page-background-enabled":"default","ast-page-background-meta":{"desktop":{"background-color":"","background-image":"","background-repeat":"repeat","background-position":"center center","background-size":"auto","background-attachment":"scroll","background-type":"","background-media":"","overlay-type":"","overlay-color":"","overlay-opacity":"","overlay-gradient":""},"tablet":{"background-color":"","background-image":"","background-repeat":"repeat","background-position":"center center","background-size":"auto","background-attachment":"scroll","background-type":"","background-media":"","overlay-type":"","overlay-color":"","overlay-opacity":"","overlay-gradient":""},"mobile":{"background-color":"","background-image":"","background-repeat":"repeat","background-position":"center center","background-size":"auto","background-attachment":"scroll","background-type":"","background-media":"","overlay-type":"","overlay-color":"","overlay-opacity":"","overlay-gradient":""}},"ast-content-background-meta":{"desktop":{"background-color":"var(--ast-global-color-5)","background-image":"","background-repeat":"repeat","background-position":"center center","background-size":"auto","background-attachment":"scroll","background-type":"","background-media":"","overlay-type":"","overlay-color":"","overlay-opacity":"","overlay-gradient":""},"tablet":{"background-color":"var(--ast-global-color-5)","background-image":"","background-repeat":"repeat","background-position":"center center","background-size":"auto","background-attachment":"scroll","background-type":"","background-media":"","overlay-type":"","overlay-color":"","overlay-opacity":"","overlay-gradient":""},"mobile":{"background-color":"var(--ast-global-color-5)","background-image":"","background-repeat":"repeat","background-position":"center center","background-size":"auto","background-attachment":"scroll","background-type":"","background-media":"","overlay-type":"","overlay-color":"","overlay-opacity":"","overlay-gradient":""}},"_joinchat":[]},"product_brand":[],"product_cat":[2204,2240,1982,1809,1811,1467,1674,2036,2104],"product_tag":[354,469,2113,2117,2137],"class_list":{"0":"post-11367","1":"product","2":"type-product","3":"status-publish","4":"has-post-thumbnail","6":"product_cat-grecia","7":"product_cat-macedonia-central","8":"product_cat-de-700-a-999","9":"product_cat-natural-viticultura-y-tecnica","10":"product_cat-vegano","11":"product_cat-tinto","12":"product_cat-botella-750-ml","13":"product_cat-de-700-a-999-precio","14":"product_cat-moschopolis","15":"product_tag-reserva","16":"product_tag-vino-tinto","17":"product_tag-moschopolis","18":"product_tag-grecia","19":"product_tag-natural","20":"desktop-align-center","21":"tablet-align-center","22":"mobile-align-center","23":"ast-product-gallery-layout-horizontal-slider","24":"ast-product-gallery-with-no-image","25":"ast-product-tabs-layout-horizontal","26":"ast-qv-on-image","28":"first","29":"instock","30":"taxable","31":"shipping-taxable","32":"purchasable","33":"product-type-simple"},"yoast_head":"<!-- This site is optimized with the Yoast SEO plugin v26.3 - https:\/\/yoast.com\/wordpress\/plugins\/seo\/ -->\n<title>Mavrotragano Amphora 2022 - Vinopolis<\/title>\n<meta name=\"description\" content=\"Grecia \/ Thessaloniki - Mavrotragano - Biodin\u00e1mico - Natural - Vino tinto - Botella 750 ml - Moschopolis - Env\u00edos a todo M\u00e9xico\" \/>\n<meta name=\"robots\" content=\"index, follow, max-snippet:-1, max-image-preview:large, max-video-preview:-1\" \/>\n<link rel=\"canonical\" href=\"https:\/\/vinopolis.mx\/en\/product\/mavrotragano-2022-moschopolis\/\" \/>\n<meta property=\"og:locale\" content=\"en_US\" \/>\n<meta property=\"og:type\" content=\"article\" \/>\n<meta property=\"og:title\" content=\"Mavrotragano Amphora 2022 - Vinopolis\" \/>\n<meta property=\"og:description\" content=\"Grecia \/ Thessaloniki - Mavrotragano - Biodin\u00e1mico - Natural - Vino tinto - Botella 750 ml - Moschopolis - Env\u00edos a todo M\u00e9xico\" \/>\n<meta property=\"og:url\" content=\"https:\/\/vinopolis.mx\/en\/product\/mavrotragano-2022-moschopolis\/\" \/>\n<meta property=\"og:site_name\" content=\"Vinopolis\" \/>\n<meta property=\"article:modified_time\" content=\"2026-03-30T22:00:38+00:00\" \/>\n<meta property=\"og:image\" content=\"https:\/\/vinopolis.mx\/wp-content\/uploads\/2024\/02\/Mavrotragano.png\" \/>\n\t<meta property=\"og:image:width\" content=\"400\" \/>\n\t<meta property=\"og:image:height\" content=\"608\" \/>\n\t<meta property=\"og:image:type\" content=\"image\/png\" \/>\n<meta name=\"twitter:card\" content=\"summary_large_image\" \/>\n<meta name=\"twitter:label1\" content=\"Est. reading time\" \/>\n\t<meta name=\"twitter:data1\" content=\"1 minute\" \/>\n<script type=\"application\/ld+json\" class=\"yoast-schema-graph\">{\"@context\":\"https:\/\/schema.org\",\"@graph\":[{\"@type\":\"WebPage\",\"@id\":\"https:\/\/vinopolis.mx\/producto\/mavrotragano-2022-moschopolis\/\",\"url\":\"https:\/\/vinopolis.mx\/producto\/mavrotragano-2022-moschopolis\/\",\"name\":\"Mavrotragano Amphora 2022 - Vinopolis\",\"isPartOf\":{\"@id\":\"https:\/\/vinopolis.mx\/#website\"},\"primaryImageOfPage\":{\"@id\":\"https:\/\/vinopolis.mx\/producto\/mavrotragano-2022-moschopolis\/#primaryimage\"},\"image\":{\"@id\":\"https:\/\/vinopolis.mx\/producto\/mavrotragano-2022-moschopolis\/#primaryimage\"},\"thumbnailUrl\":\"https:\/\/vinopolis.mx\/wp-content\/uploads\/2024\/02\/Mavrotragano.png\",\"datePublished\":\"2024-02-13T18:53:37+00:00\",\"dateModified\":\"2026-03-30T22:00:38+00:00\",\"description\":\"Grecia \/ Thessaloniki - Mavrotragano - Biodin\u00e1mico - Natural - Vino tinto - Botella 750 ml - Moschopolis - Env\u00edos a todo M\u00e9xico\",\"breadcrumb\":{\"@id\":\"https:\/\/vinopolis.mx\/producto\/mavrotragano-2022-moschopolis\/#breadcrumb\"},\"inLanguage\":\"en-US\",\"potentialAction\":[{\"@type\":\"ReadAction\",\"target\":[\"https:\/\/vinopolis.mx\/producto\/mavrotragano-2022-moschopolis\/\"]}]},{\"@type\":\"ImageObject\",\"inLanguage\":\"en-US\",\"@id\":\"https:\/\/vinopolis.mx\/producto\/mavrotragano-2022-moschopolis\/#primaryimage\",\"url\":\"https:\/\/vinopolis.mx\/wp-content\/uploads\/2024\/02\/Mavrotragano.png\",\"contentUrl\":\"https:\/\/vinopolis.mx\/wp-content\/uploads\/2024\/02\/Mavrotragano.png\",\"width\":400,\"height\":608},{\"@type\":\"BreadcrumbList\",\"@id\":\"https:\/\/vinopolis.mx\/producto\/mavrotragano-2022-moschopolis\/#breadcrumb\",\"itemListElement\":[{\"@type\":\"ListItem\",\"position\":1,\"name\":\"Inicio\",\"item\":\"https:\/\/vinopolis.mx\/\"},{\"@type\":\"ListItem\",\"position\":2,\"name\":\"Shop\",\"item\":\"https:\/\/vinopolis.mx\/shop\/\"},{\"@type\":\"ListItem\",\"position\":3,\"name\":\"Mavrotragano Amphora 2022\"}]},{\"@type\":\"WebSite\",\"@id\":\"https:\/\/vinopolis.mx\/#website\",\"url\":\"https:\/\/vinopolis.mx\/\",\"name\":\"Vinopolis\",\"description\":\"Intrepid Wines Collection\",\"publisher\":{\"@id\":\"https:\/\/vinopolis.mx\/#organization\"},\"potentialAction\":[{\"@type\":\"SearchAction\",\"target\":{\"@type\":\"EntryPoint\",\"urlTemplate\":\"https:\/\/vinopolis.mx\/?s={search_term_string}\"},\"query-input\":{\"@type\":\"PropertyValueSpecification\",\"valueRequired\":true,\"valueName\":\"search_term_string\"}}],\"inLanguage\":\"en-US\"},{\"@type\":\"Organization\",\"@id\":\"https:\/\/vinopolis.mx\/#organization\",\"name\":\"Vinopolis\",\"url\":\"https:\/\/vinopolis.mx\/\",\"logo\":{\"@type\":\"ImageObject\",\"inLanguage\":\"en-US\",\"@id\":\"https:\/\/vinopolis.mx\/#\/schema\/logo\/image\/\",\"url\":\"https:\/\/vinopolis.mx\/wp-content\/uploads\/2025\/08\/vinopolis_logo-25.png\",\"contentUrl\":\"https:\/\/vinopolis.mx\/wp-content\/uploads\/2025\/08\/vinopolis_logo-25.png\",\"width\":1835,\"height\":281,\"caption\":\"Vinopolis\"},\"image\":{\"@id\":\"https:\/\/vinopolis.mx\/#\/schema\/logo\/image\/\"}}]}<\/script>\n<!-- \/ Yoast SEO plugin. -->","yoast_head_json":{"title":"Mavrotragano Amphora 2022 - Vinopolis","description":"Grecia \/ Thessaloniki - Mavrotragano - Biodin\u00e1mico - Natural - Vino tinto - Botella 750 ml - Moschopolis - Env\u00edos a todo M\u00e9xico","robots":{"index":"index","follow":"follow","max-snippet":"max-snippet:-1","max-image-preview":"max-image-preview:large","max-video-preview":"max-video-preview:-1"},"canonical":"https:\/\/vinopolis.mx\/en\/product\/mavrotragano-2022-moschopolis\/","og_locale":"en_US","og_type":"article","og_title":"Mavrotragano Amphora 2022 - Vinopolis","og_description":"Grecia \/ Thessaloniki - Mavrotragano - Biodin\u00e1mico - Natural - Vino tinto - Botella 750 ml - Moschopolis - Env\u00edos a todo M\u00e9xico","og_url":"https:\/\/vinopolis.mx\/en\/product\/mavrotragano-2022-moschopolis\/","og_site_name":"Vinopolis","article_modified_time":"2026-03-30T22:00:38+00:00","og_image":[{"width":400,"height":608,"url":"https:\/\/vinopolis.mx\/wp-content\/uploads\/2024\/02\/Mavrotragano.png","type":"image\/png"}],"twitter_card":"summary_large_image","twitter_misc":{"Est. reading time":"1 minute"},"schema":{"@context":"https:\/\/schema.org","@graph":[{"@type":"WebPage","@id":"https:\/\/vinopolis.mx\/producto\/mavrotragano-2022-moschopolis\/","url":"https:\/\/vinopolis.mx\/producto\/mavrotragano-2022-moschopolis\/","name":"Mavrotragano Amphora 2022 - Vinopolis","isPartOf":{"@id":"https:\/\/vinopolis.mx\/#website"},"primaryImageOfPage":{"@id":"https:\/\/vinopolis.mx\/producto\/mavrotragano-2022-moschopolis\/#primaryimage"},"image":{"@id":"https:\/\/vinopolis.mx\/producto\/mavrotragano-2022-moschopolis\/#primaryimage"},"thumbnailUrl":"https:\/\/vinopolis.mx\/wp-content\/uploads\/2024\/02\/Mavrotragano.png","datePublished":"2024-02-13T18:53:37+00:00","dateModified":"2026-03-30T22:00:38+00:00","description":"Grecia \/ Thessaloniki - Mavrotragano - Biodin\u00e1mico - Natural - Vino tinto - Botella 750 ml - Moschopolis - Env\u00edos a todo M\u00e9xico","breadcrumb":{"@id":"https:\/\/vinopolis.mx\/producto\/mavrotragano-2022-moschopolis\/#breadcrumb"},"inLanguage":"en-US","potentialAction":[{"@type":"ReadAction","target":["https:\/\/vinopolis.mx\/producto\/mavrotragano-2022-moschopolis\/"]}]},{"@type":"ImageObject","inLanguage":"en-US","@id":"https:\/\/vinopolis.mx\/producto\/mavrotragano-2022-moschopolis\/#primaryimage","url":"https:\/\/vinopolis.mx\/wp-content\/uploads\/2024\/02\/Mavrotragano.png","contentUrl":"https:\/\/vinopolis.mx\/wp-content\/uploads\/2024\/02\/Mavrotragano.png","width":400,"height":608},{"@type":"BreadcrumbList","@id":"https:\/\/vinopolis.mx\/producto\/mavrotragano-2022-moschopolis\/#breadcrumb","itemListElement":[{"@type":"ListItem","position":1,"name":"Inicio","item":"https:\/\/vinopolis.mx\/"},{"@type":"ListItem","position":2,"name":"Shop","item":"https:\/\/vinopolis.mx\/shop\/"},{"@type":"ListItem","position":3,"name":"Mavrotragano Amphora 2022"}]},{"@type":"WebSite","@id":"https:\/\/vinopolis.mx\/#website","url":"https:\/\/vinopolis.mx\/","name":"Vinopolis","description":"Intrepid Wines Collection","publisher":{"@id":"https:\/\/vinopolis.mx\/#organization"},"potentialAction":[{"@type":"SearchAction","target":{"@type":"EntryPoint","urlTemplate":"https:\/\/vinopolis.mx\/?s={search_term_string}"},"query-input":{"@type":"PropertyValueSpecification","valueRequired":true,"valueName":"search_term_string"}}],"inLanguage":"en-US"},{"@type":"Organization","@id":"https:\/\/vinopolis.mx\/#organization","name":"Vinopolis","url":"https:\/\/vinopolis.mx\/","logo":{"@type":"ImageObject","inLanguage":"en-US","@id":"https:\/\/vinopolis.mx\/#\/schema\/logo\/image\/","url":"https:\/\/vinopolis.mx\/wp-content\/uploads\/2025\/08\/vinopolis_logo-25.png","contentUrl":"https:\/\/vinopolis.mx\/wp-content\/uploads\/2025\/08\/vinopolis_logo-25.png","width":1835,"height":281,"caption":"Vinopolis"},"image":{"@id":"https:\/\/vinopolis.mx\/#\/schema\/logo\/image\/"}}]}},"_links":{"self":[{"href":"https:\/\/vinopolis.mx\/en\/wp-json\/wp\/v2\/product\/11367","targetHints":{"allow":["GET"]}}],"collection":[{"href":"https:\/\/vinopolis.mx\/en\/wp-json\/wp\/v2\/product"}],"about":[{"href":"https:\/\/vinopolis.mx\/en\/wp-json\/wp\/v2\/types\/product"}],"version-history":[{"count":18,"href":"https:\/\/vinopolis.mx\/en\/wp-json\/wp\/v2\/product\/11367\/revisions"}],"predecessor-version":[{"id":22927,"href":"https:\/\/vinopolis.mx\/en\/wp-json\/wp\/v2\/product\/11367\/revisions\/22927"}],"wp:featuredmedia":[{"embeddable":true,"href":"https:\/\/vinopolis.mx\/en\/wp-json\/wp\/v2\/media\/12697"}],"wp:attachment":[{"href":"https:\/\/vinopolis.mx\/en\/wp-json\/wp\/v2\/media?parent=11367"}],"wp:term":[{"taxonomy":"product_brand","embeddable":true,"href":"https:\/\/vinopolis.mx\/en\/wp-json\/wp\/v2\/product_brand?post=11367"},{"taxonomy":"product_cat","embeddable":true,"href":"https:\/\/vinopolis.mx\/en\/wp-json\/wp\/v2\/product_cat?post=11367"},{"taxonomy":"product_tag","embeddable":true,"href":"https:\/\/vinopolis.mx\/en\/wp-json\/wp\/v2\/product_tag?post=11367"}],"curies":[{"name":"wp","href":"https:\/\/api.w.org\/{rel}","templated":true}]}}