{"id":3256,"date":"2023-10-31T16:38:16","date_gmt":"2023-10-31T16:38:16","guid":{"rendered":"https:\/\/vinopolis.mx\/?page_id=3256"},"modified":"2026-04-03T17:49:57","modified_gmt":"2026-04-03T22:49:57","slug":"cafe","status":"publish","type":"page","link":"https:\/\/vinopolis.mx\/en\/cafe\/","title":{"rendered":"Coffee"},"content":{"rendered":"<div data-elementor-type=\"wp-page\" data-elementor-id=\"3256\" class=\"elementor elementor-3256\" data-elementor-post-type=\"page\">\n\t\t\t\t<div class=\"elementor-element elementor-element-cba9c27 e-flex e-con-boxed e-con e-parent\" data-id=\"cba9c27\" data-element_type=\"container\">\n\t\t\t\t\t<div class=\"e-con-inner\">\n\t\t<div class=\"elementor-element elementor-element-61fc2df e-con-full e-flex e-con e-child\" data-id=\"61fc2df\" data-element_type=\"container\">\n\t\t\t\t<div class=\"elementor-element elementor-element-b81d3b3 elemento_filtro elementor-widget elementor-widget-shortcode\" data-id=\"b81d3b3\" data-element_type=\"widget\" data-widget_type=\"shortcode.default\">\n\t\t\t\t<div class=\"elementor-widget-container\">\n\t\t\t\t\t\t\t<div class=\"elementor-shortcode\"><!-- [ w p f - f i l t e r s   i d = 1 3 ] -->\n            <div class=\"apf-filter-wrapper\">\n                <div class=\"btn-movil\">\n                    <button type=\"button\" class=\"show-apf-filter-button\">Filter<\/button>\n                <\/div>\n                <form action=\"\" class=\"apf-form\" data-trp-original-action=\"\">\n                    <input type=\"hidden\" name=\"apf_base\" value=\"\">\n                    <input type=\"hidden\" name=\"apf_base_terms\" value=\"\">\n                    <button type=\"reset\" class=\"apf-filter-button-reset\">Limpiar Filtro<\/button>\n                    <div class=\"apf-filter-item is-active\"><h4>Bodega<\/h4><div class='apf-filter-content'><div class='apf-filter-inner'>            <div class=\"apf-subitem\">\n                <div class=\"apf-subfilter-header\">\n                    <label>\n                        <input\n                                class=\"apf-parent\"\n                                type=\"radio\"\n                                name=\"apf_filter_product_cat_0\"\n                                value=\"1708\"\n                                >\n                        Bacio                    <\/label>\n                                    <\/div>\n                            <\/div>\n            <\/div><\/div><\/div><div class=\"apf-filter-item is-active\"><h4>Estilo<\/h4><div class='apf-filter-content'><div class='apf-filter-inner'>            <div class=\"apf-subitem\">\n                <div class=\"apf-subfilter-header\">\n                    <label>\n                        <input\n                                class=\"apf-parent\"\n                                type=\"radio\"\n                                name=\"apf_filter_product_cat_1\"\n                                value=\"1709\"\n                                >\n                        Coffee                    <\/label>\n                                            <span class=\"apf-trigger-sub\"><\/span>\n                                        <\/div>\n                                <div class=\"apf-subfilter-content\">\n                    <div class=\"apf-subfilter-inner\">\n                        <ul class=\"child-items\">\n                                                            <li>\n                                    <label>\n                                        <input\n                                                class=\"apf-child\"\n                                                type=\"radio\"\n                                                name=\"apf_filter_product_cat_1\"\n                                                value=\"1711\"\n                                                >\n                                        Decaffeinated                                    <\/label>\n                                <\/li>\n                                                            <li>\n                                    <label>\n                                        <input\n                                                class=\"apf-child\"\n                                                type=\"radio\"\n                                                name=\"apf_filter_product_cat_1\"\n                                                value=\"1710\"\n                                                >\n                                        Regular                                    <\/label>\n                                <\/li>\n                                                    <\/ul>\n                    <\/div>\n                <\/div>\n                            <\/div>\n            <\/div><\/div><\/div>                <input type=\"hidden\" name=\"trp-form-language\" value=\"en\"\/><\/form>\n            <\/div>\n        <\/div>\n\t\t\t\t\t\t<\/div>\n\t\t\t\t<\/div>\n\t\t\t\t<\/div>\n\t\t<div class=\"elementor-element elementor-element-c43dd3e e-flex e-con-boxed e-con e-child\" data-id=\"c43dd3e\" data-element_type=\"container\">\n\t\t\t\t\t<div class=\"e-con-inner\">\n\t\t\t\t<div class=\"elementor-element elementor-element-79c750c elementor-grid-4 elementor-grid-tablet-3 elementor-grid-mobile-2 elementor-products-grid elementor-wc-products elementor-show-pagination-border-yes elementor-widget elementor-widget-woocommerce-products\" data-id=\"79c750c\" data-element_type=\"widget\" data-widget_type=\"woocommerce-products.default\">\n\t\t\t\t<div class=\"elementor-widget-container\">\n\t\t\t\t\t<div class=\"woocommerce columns-4\"><span class=\"wpfHidden\" data-shortcode-attribute=\"{&quot;limit&quot;:&quot;-1&quot;,&quot;columns&quot;:4,&quot;rows&quot;:4,&quot;orderby&quot;:&quot;&quot;,&quot;order&quot;:&quot;&quot;,&quot;ids&quot;:&quot;&quot;,&quot;skus&quot;:&quot;&quot;,&quot;category&quot;:&quot;&quot;,&quot;cat_operator&quot;:&quot;IN&quot;,&quot;attribute&quot;:&quot;&quot;,&quot;terms&quot;:&quot;&quot;,&quot;terms_operator&quot;:&quot;IN&quot;,&quot;tag&quot;:&quot;&quot;,&quot;tag_operator&quot;:&quot;IN&quot;,&quot;visibility&quot;:&quot;visible&quot;,&quot;class&quot;:&quot;&quot;,&quot;page&quot;:1,&quot;paginate&quot;:&quot;yes&quot;,&quot;cache&quot;:false}\"><\/span><div class=\"woocommerce-notices-wrapper\"><\/div><ul class=\"products elementor-grid columns-4\">\n<li class=\"desktop-align-center tablet-align-center mobile-align-center ast-product-gallery-layout-horizontal-slider ast-product-gallery-with-no-image ast-product-tabs-layout-horizontal ast-qv-on-image product type-product post-2481 status-publish first instock product_cat-regular product_cat-de-150-a-399 product_cat-cafe product_cat-bacio product_tag-cafe product_tag-cafe-en-grano product_tag-veracruz product_tag-espresso has-post-thumbnail taxable shipping-taxable purchasable product-type-simple\">\n\t<a href=\"https:\/\/vinopolis.mx\/en\/product\/cafe-bacio\/\" class=\"woocommerce-LoopProduct-link woocommerce-loop-product__link\"><img fetchpriority=\"high\" decoding=\"async\" width=\"380\" height=\"578\" src=\"https:\/\/vinopolis.mx\/wp-content\/uploads\/2023\/10\/CAFE-BACIO.png\" class=\"attachment-woocommerce_thumbnail size-woocommerce_thumbnail\" alt=\"Caf\u00e9\" srcset=\"https:\/\/vinopolis.mx\/wp-content\/uploads\/2023\/10\/CAFE-BACIO.png 380w, https:\/\/vinopolis.mx\/wp-content\/uploads\/2023\/10\/CAFE-BACIO-197x300.png 197w\" sizes=\"(max-width: 380px) 100vw, 380px\" \/><h2 class=\"woocommerce-loop-product__title\">Coffee<\/h2>\n\t<span class=\"price\"><span class=\"woocommerce-Price-amount amount\"><bdi><span class=\"woocommerce-Price-currencySymbol\">&#36;<\/span>460.00<\/bdi><\/span><\/span>\n<\/a><a data-pid=\"2481\" class=\"shopengine_add_to_list_action shopengine-wishlist badge se-btn inactive\" href=\"#\" ><i class=\"shopengine-icon-add_to_favourite_1\"><\/i><\/a><a title='Quick View' class='shopengine-quickview-trigger se-btn'\n\t\t\t\t\tdata-source-url='https:\/\/vinopolis.mx\/en\/product\/cafe-bacio\/'\n\t\t\t\t\thref='https:\/\/vinopolis.mx\/en\/product\/cafe-bacio\/'>\n\t\t\t\t\t<i class=\"shopengine-icon-quick_view_1\"><\/i>\n\t\t\t\t<\/a><a href=\"\/en\/wp-json\/wp\/v2\/pages\/3256?add-to-cart=2481\" aria-describedby=\"woocommerce_loop_add_to_cart_link_describedby_2481\" data-quantity=\"1\" class=\"button product_type_simple add_to_cart_button ajax_add_to_cart\" data-product_id=\"2481\" data-product_sku=\"\" aria-label=\"Add to cart: \u201cCaf\u00e9\u201d\" rel=\"nofollow\" data-success_message=\"\u201cCaf\u00e9\u201d has been added to your cart\" role=\"button\" data-no-translation=\"\" data-trp-gettext=\"\" data-no-translation-aria-label=\"\" data-no-translation-data-success_message=\"\">Add to cart<\/a><a data-payload='{\"pid\":2481}' class=\"shopengine_comparison_add_to_list_action shopengine-comparison badge se-btn inactive\"> <i class=\"shopengine-icon-product_compare_1\"><\/i> <\/a>\t<span id=\"woocommerce_loop_add_to_cart_link_describedby_2481\" class=\"screen-reader-text\">\n\t\t\t<\/span>\n<\/li>\n<li class=\"desktop-align-center tablet-align-center mobile-align-center ast-product-gallery-layout-horizontal-slider ast-product-gallery-with-no-image ast-product-tabs-layout-horizontal ast-qv-on-image product type-product post-2500 status-publish instock product_cat-mexico product_cat-veracruz product_cat-descafeinado product_cat-de-150-a-399 product_cat-cafe product_cat-bacio has-post-thumbnail taxable shipping-taxable purchasable product-type-simple\">\n\t<a href=\"https:\/\/vinopolis.mx\/en\/product\/cafe-bacio-descafeinado\/\" class=\"woocommerce-LoopProduct-link woocommerce-loop-product__link\"><img decoding=\"async\" width=\"380\" height=\"578\" src=\"https:\/\/vinopolis.mx\/wp-content\/uploads\/2023\/10\/CAFE-BACIO-DESCAFEINADO.png\" class=\"attachment-woocommerce_thumbnail size-woocommerce_thumbnail\" alt=\"Caf\u00e9 BACIO Descafeinado\" srcset=\"https:\/\/vinopolis.mx\/wp-content\/uploads\/2023\/10\/CAFE-BACIO-DESCAFEINADO.png 380w, https:\/\/vinopolis.mx\/wp-content\/uploads\/2023\/10\/CAFE-BACIO-DESCAFEINADO-197x300.png 197w\" sizes=\"(max-width: 380px) 100vw, 380px\" \/><h2 class=\"woocommerce-loop-product__title\">BACIO Decaffeinated Coffee<\/h2>\n\t<span class=\"price\"><span class=\"woocommerce-Price-amount amount\"><bdi><span class=\"woocommerce-Price-currencySymbol\">&#36;<\/span>470.00<\/bdi><\/span><\/span>\n<\/a><a data-pid=\"2500\" class=\"shopengine_add_to_list_action shopengine-wishlist badge se-btn inactive\" href=\"#\" ><i class=\"shopengine-icon-add_to_favourite_1\"><\/i><\/a><a title='Quick View' class='shopengine-quickview-trigger se-btn'\n\t\t\t\t\tdata-source-url='https:\/\/vinopolis.mx\/en\/product\/cafe-bacio-descafeinado\/'\n\t\t\t\t\thref='https:\/\/vinopolis.mx\/en\/product\/cafe-bacio-descafeinado\/'>\n\t\t\t\t\t<i class=\"shopengine-icon-quick_view_1\"><\/i>\n\t\t\t\t<\/a><a href=\"\/en\/wp-json\/wp\/v2\/pages\/3256?add-to-cart=2500\" aria-describedby=\"woocommerce_loop_add_to_cart_link_describedby_2500\" data-quantity=\"1\" class=\"button product_type_simple add_to_cart_button ajax_add_to_cart\" data-product_id=\"2500\" data-product_sku=\"\" aria-label=\"Add to cart: \u201cCaf\u00e9 BACIO Descafeinado\u201d\" rel=\"nofollow\" data-success_message=\"\u201cCaf\u00e9 BACIO Descafeinado\u201d has been added to your cart\" role=\"button\" data-no-translation=\"\" data-trp-gettext=\"\" data-no-translation-aria-label=\"\" data-no-translation-data-success_message=\"\">Add to cart<\/a><a data-payload='{\"pid\":2500}' class=\"shopengine_comparison_add_to_list_action shopengine-comparison badge se-btn inactive\"> <i class=\"shopengine-icon-product_compare_1\"><\/i> <\/a>\t<span id=\"woocommerce_loop_add_to_cart_link_describedby_2500\" class=\"screen-reader-text\">\n\t\t\t<\/span>\n<\/li>\n<\/ul>\n<\/div>\t\t\t\t<\/div>\n\t\t\t\t<\/div>\n\t\t\t\t\t<\/div>\n\t\t\t\t<\/div>\n\t\t\t\t\t<\/div>\n\t\t\t\t<\/div>\n\t\t\t\t<\/div>","protected":false},"excerpt":{"rendered":"<p>Filter<\/p>","protected":false},"author":1,"featured_media":0,"parent":0,"menu_order":0,"comment_status":"closed","ping_status":"closed","template":"","meta":{"site-sidebar-layout":"no-sidebar","site-content-layout":"page-builder","ast-site-content-layout":"full-width-container","site-content-style":"default","site-sidebar-style":"default","ast-global-header-display":"","ast-banner-title-visibility":"","ast-main-header-display":"","ast-hfb-above-header-display":"","ast-hfb-below-header-display":"","ast-hfb-mobile-header-display":"","site-post-title":"disabled","ast-breadcrumbs-content":"","ast-featured-img":"disabled","footer-sml-layout":"","theme-transparent-header-meta":"","adv-header-id-meta":"","stick-header-meta":"","header-above-stick-meta":"","header-main-stick-meta":"","header-below-stick-meta":"","astra-migrate-meta-layouts":"set","ast-page-background-enabled":"default","ast-page-background-meta":{"desktop":{"background-color":"","background-image":"","background-repeat":"repeat","background-position":"center center","background-size":"auto","background-attachment":"scroll","background-type":"","background-media":"","overlay-type":"","overlay-color":"","overlay-opacity":"","overlay-gradient":""},"tablet":{"background-color":"","background-image":"","background-repeat":"repeat","background-position":"center center","background-size":"auto","background-attachment":"scroll","background-type":"","background-media":"","overlay-type":"","overlay-color":"","overlay-opacity":"","overlay-gradient":""},"mobile":{"background-color":"","background-image":"","background-repeat":"repeat","background-position":"center center","background-size":"auto","background-attachment":"scroll","background-type":"","background-media":"","overlay-type":"","overlay-color":"","overlay-opacity":"","overlay-gradient":""}},"ast-content-background-meta":{"desktop":{"background-color":"var(--ast-global-color-5)","background-image":"","background-repeat":"repeat","background-position":"center center","background-size":"auto","background-attachment":"scroll","background-type":"","background-media":"","overlay-type":"","overlay-color":"","overlay-opacity":"","overlay-gradient":""},"tablet":{"background-color":"var(--ast-global-color-5)","background-image":"","background-repeat":"repeat","background-position":"center center","background-size":"auto","background-attachment":"scroll","background-type":"","background-media":"","overlay-type":"","overlay-color":"","overlay-opacity":"","overlay-gradient":""},"mobile":{"background-color":"var(--ast-global-color-5)","background-image":"","background-repeat":"repeat","background-position":"center center","background-size":"auto","background-attachment":"scroll","background-type":"","background-media":"","overlay-type":"","overlay-color":"","overlay-opacity":"","overlay-gradient":""}},"_joinchat":[],"footnotes":""},"class_list":["post-3256","page","type-page","status-publish","hentry"],"yoast_head":"<!-- This site is optimized with the Yoast SEO plugin v26.3 - https:\/\/yoast.com\/wordpress\/plugins\/seo\/ -->\n<title>Caf\u00e9 - Vinopolis<\/title>\n<meta name=\"description\" content=\"Caf\u00e9 Bacio miscela italiana - Tienda de Vinos y productos de importaci\u00f3n Italianos - Env\u00edos a toda la rep\u00fablica Mexicana\" \/>\n<meta name=\"robots\" content=\"index, follow, max-snippet:-1, max-image-preview:large, max-video-preview:-1\" \/>\n<link rel=\"canonical\" href=\"https:\/\/vinopolis.mx\/en\/cafe\/\" \/>\n<meta property=\"og:locale\" content=\"en_US\" \/>\n<meta property=\"og:type\" content=\"article\" \/>\n<meta property=\"og:title\" content=\"Caf\u00e9 - Vinopolis\" \/>\n<meta property=\"og:description\" content=\"Caf\u00e9 Bacio miscela italiana - Tienda de Vinos y productos de importaci\u00f3n Italianos - Env\u00edos a toda la rep\u00fablica Mexicana\" \/>\n<meta property=\"og:url\" content=\"https:\/\/vinopolis.mx\/en\/cafe\/\" \/>\n<meta property=\"og:site_name\" content=\"Vinopolis\" \/>\n<meta property=\"article:modified_time\" content=\"2026-04-03T22:49:57+00:00\" \/>\n<meta name=\"twitter:card\" content=\"summary_large_image\" \/>\n<meta name=\"twitter:label1\" content=\"Est. reading time\" \/>\n\t<meta name=\"twitter:data1\" content=\"1 minute\" \/>\n<script type=\"application\/ld+json\" class=\"yoast-schema-graph\">{\"@context\":\"https:\/\/schema.org\",\"@graph\":[{\"@type\":\"WebPage\",\"@id\":\"https:\/\/vinopolis.mx\/cafe\/\",\"url\":\"https:\/\/vinopolis.mx\/cafe\/\",\"name\":\"Caf\u00e9 - Vinopolis\",\"isPartOf\":{\"@id\":\"https:\/\/vinopolis.mx\/#website\"},\"datePublished\":\"2023-10-31T16:38:16+00:00\",\"dateModified\":\"2026-04-03T22:49:57+00:00\",\"description\":\"Caf\u00e9 Bacio miscela italiana - Tienda de Vinos y productos de importaci\u00f3n Italianos - Env\u00edos a toda la rep\u00fablica Mexicana\",\"breadcrumb\":{\"@id\":\"https:\/\/vinopolis.mx\/cafe\/#breadcrumb\"},\"inLanguage\":\"en-US\",\"potentialAction\":[{\"@type\":\"ReadAction\",\"target\":[\"https:\/\/vinopolis.mx\/cafe\/\"]}]},{\"@type\":\"BreadcrumbList\",\"@id\":\"https:\/\/vinopolis.mx\/cafe\/#breadcrumb\",\"itemListElement\":[{\"@type\":\"ListItem\",\"position\":1,\"name\":\"Inicio\",\"item\":\"https:\/\/vinopolis.mx\/\"},{\"@type\":\"ListItem\",\"position\":2,\"name\":\"Caf\u00e9\"}]},{\"@type\":\"WebSite\",\"@id\":\"https:\/\/vinopolis.mx\/#website\",\"url\":\"https:\/\/vinopolis.mx\/\",\"name\":\"Vinopolis\",\"description\":\"Intrepid Wines Collection\",\"publisher\":{\"@id\":\"https:\/\/vinopolis.mx\/#organization\"},\"potentialAction\":[{\"@type\":\"SearchAction\",\"target\":{\"@type\":\"EntryPoint\",\"urlTemplate\":\"https:\/\/vinopolis.mx\/?s={search_term_string}\"},\"query-input\":{\"@type\":\"PropertyValueSpecification\",\"valueRequired\":true,\"valueName\":\"search_term_string\"}}],\"inLanguage\":\"en-US\"},{\"@type\":\"Organization\",\"@id\":\"https:\/\/vinopolis.mx\/#organization\",\"name\":\"Vinopolis\",\"url\":\"https:\/\/vinopolis.mx\/\",\"logo\":{\"@type\":\"ImageObject\",\"inLanguage\":\"en-US\",\"@id\":\"https:\/\/vinopolis.mx\/#\/schema\/logo\/image\/\",\"url\":\"https:\/\/vinopolis.mx\/wp-content\/uploads\/2025\/08\/vinopolis_logo-25.png\",\"contentUrl\":\"https:\/\/vinopolis.mx\/wp-content\/uploads\/2025\/08\/vinopolis_logo-25.png\",\"width\":1835,\"height\":281,\"caption\":\"Vinopolis\"},\"image\":{\"@id\":\"https:\/\/vinopolis.mx\/#\/schema\/logo\/image\/\"}}]}<\/script>\n<!-- \/ Yoast SEO plugin. -->","yoast_head_json":{"title":"Caf\u00e9 - Vinopolis","description":"Caf\u00e9 Bacio miscela italiana - Tienda de Vinos y productos de importaci\u00f3n Italianos - Env\u00edos a toda la rep\u00fablica Mexicana","robots":{"index":"index","follow":"follow","max-snippet":"max-snippet:-1","max-image-preview":"max-image-preview:large","max-video-preview":"max-video-preview:-1"},"canonical":"https:\/\/vinopolis.mx\/en\/cafe\/","og_locale":"en_US","og_type":"article","og_title":"Caf\u00e9 - Vinopolis","og_description":"Caf\u00e9 Bacio miscela italiana - Tienda de Vinos y productos de importaci\u00f3n Italianos - Env\u00edos a toda la rep\u00fablica Mexicana","og_url":"https:\/\/vinopolis.mx\/en\/cafe\/","og_site_name":"Vinopolis","article_modified_time":"2026-04-03T22:49:57+00:00","twitter_card":"summary_large_image","twitter_misc":{"Est. reading time":"1 minute"},"schema":{"@context":"https:\/\/schema.org","@graph":[{"@type":"WebPage","@id":"https:\/\/vinopolis.mx\/cafe\/","url":"https:\/\/vinopolis.mx\/cafe\/","name":"Caf\u00e9 - Vinopolis","isPartOf":{"@id":"https:\/\/vinopolis.mx\/#website"},"datePublished":"2023-10-31T16:38:16+00:00","dateModified":"2026-04-03T22:49:57+00:00","description":"Caf\u00e9 Bacio miscela italiana - Tienda de Vinos y productos de importaci\u00f3n Italianos - Env\u00edos a toda la rep\u00fablica Mexicana","breadcrumb":{"@id":"https:\/\/vinopolis.mx\/cafe\/#breadcrumb"},"inLanguage":"en-US","potentialAction":[{"@type":"ReadAction","target":["https:\/\/vinopolis.mx\/cafe\/"]}]},{"@type":"BreadcrumbList","@id":"https:\/\/vinopolis.mx\/cafe\/#breadcrumb","itemListElement":[{"@type":"ListItem","position":1,"name":"Inicio","item":"https:\/\/vinopolis.mx\/"},{"@type":"ListItem","position":2,"name":"Caf\u00e9"}]},{"@type":"WebSite","@id":"https:\/\/vinopolis.mx\/#website","url":"https:\/\/vinopolis.mx\/","name":"Vinopolis","description":"Intrepid Wines Collection","publisher":{"@id":"https:\/\/vinopolis.mx\/#organization"},"potentialAction":[{"@type":"SearchAction","target":{"@type":"EntryPoint","urlTemplate":"https:\/\/vinopolis.mx\/?s={search_term_string}"},"query-input":{"@type":"PropertyValueSpecification","valueRequired":true,"valueName":"search_term_string"}}],"inLanguage":"en-US"},{"@type":"Organization","@id":"https:\/\/vinopolis.mx\/#organization","name":"Vinopolis","url":"https:\/\/vinopolis.mx\/","logo":{"@type":"ImageObject","inLanguage":"en-US","@id":"https:\/\/vinopolis.mx\/#\/schema\/logo\/image\/","url":"https:\/\/vinopolis.mx\/wp-content\/uploads\/2025\/08\/vinopolis_logo-25.png","contentUrl":"https:\/\/vinopolis.mx\/wp-content\/uploads\/2025\/08\/vinopolis_logo-25.png","width":1835,"height":281,"caption":"Vinopolis"},"image":{"@id":"https:\/\/vinopolis.mx\/#\/schema\/logo\/image\/"}}]}},"_links":{"self":[{"href":"https:\/\/vinopolis.mx\/en\/wp-json\/wp\/v2\/pages\/3256","targetHints":{"allow":["GET"]}}],"collection":[{"href":"https:\/\/vinopolis.mx\/en\/wp-json\/wp\/v2\/pages"}],"about":[{"href":"https:\/\/vinopolis.mx\/en\/wp-json\/wp\/v2\/types\/page"}],"author":[{"embeddable":true,"href":"https:\/\/vinopolis.mx\/en\/wp-json\/wp\/v2\/users\/1"}],"replies":[{"embeddable":true,"href":"https:\/\/vinopolis.mx\/en\/wp-json\/wp\/v2\/comments?post=3256"}],"version-history":[{"count":22,"href":"https:\/\/vinopolis.mx\/en\/wp-json\/wp\/v2\/pages\/3256\/revisions"}],"predecessor-version":[{"id":23223,"href":"https:\/\/vinopolis.mx\/en\/wp-json\/wp\/v2\/pages\/3256\/revisions\/23223"}],"wp:attachment":[{"href":"https:\/\/vinopolis.mx\/en\/wp-json\/wp\/v2\/media?parent=3256"}],"curies":[{"name":"wp","href":"https:\/\/api.w.org\/{rel}","templated":true}]}}