{"id":19789,"date":"2025-09-15T12:53:04","date_gmt":"2025-09-15T17:53:04","guid":{"rendered":"https:\/\/vinopolis.mx\/?page_id=19789"},"modified":"2025-09-29T10:33:22","modified_gmt":"2025-09-29T15:33:22","slug":"registro-prof","status":"publish","type":"page","link":"https:\/\/vinopolis.mx\/en\/registro-prof\/","title":{"rendered":"Registro Prof"},"content":{"rendered":"<div data-elementor-type=\"wp-page\" data-elementor-id=\"19789\" class=\"elementor elementor-19789\" data-elementor-post-type=\"page\">\n\t\t\t\t<div class=\"elementor-element elementor-element-2c91b21 e-flex e-con-boxed e-con e-parent\" data-id=\"2c91b21\" data-element_type=\"container\">\n\t\t\t\t\t<div class=\"e-con-inner\">\n\t\t\t\t<div class=\"elementor-element elementor-element-cf78859 elementor-widget elementor-widget-text-editor\" data-id=\"cf78859\" data-element_type=\"widget\" data-widget_type=\"text-editor.default\">\n\t\t\t\t<div class=\"elementor-widget-container\">\n\t\t\t\t\t\t\t\t\t<p>Nuestra secci\u00f3n \u201cProf.\u201d de Vinopolis est\u00e1 destinada a los profesionales del sector ( HOTELERO- RESTAURANTES Y TIENDAS ) con tarifas especiales y competitivas para la compra al por mayor, la cantidad m\u00ednima es de 48 botellas mixtas. Para acceder a esta secci\u00f3n, es necesario completar el siguiente formulario de solicitud. Una vez que recibamos tu informaci\u00f3n, se realizara la revisi\u00f3n correspondiente y posterior a ello tendr\u00e1 acceso a nuestro cat\u00e1logo de mayoreo , as\u00ed como nuestra asistencia para cualquier duda o sugerencia en su selecci\u00f3n.<\/p>\t\t\t\t\t\t\t\t<\/div>\n\t\t\t\t<\/div>\n\t\t\t\t\t<\/div>\n\t\t\t\t<\/div>\n\t\t<div class=\"elementor-element elementor-element-03659ae e-flex e-con-boxed e-con e-parent\" data-id=\"03659ae\" data-element_type=\"container\">\n\t\t\t\t\t<div class=\"e-con-inner\">\n\t\t\t\t<div class=\"elementor-element elementor-element-3e9466b elementor-widget elementor-widget-heading\" data-id=\"3e9466b\" data-element_type=\"widget\" data-widget_type=\"heading.default\">\n\t\t\t\t<div class=\"elementor-widget-container\">\n\t\t\t\t\t<h2 class=\"elementor-heading-title elementor-size-default\">Registro<\/h2>\t\t\t\t<\/div>\n\t\t\t\t<\/div>\n\t\t\t\t<div class=\"elementor-element elementor-element-b2e92c0 elementor-widget elementor-widget-shortcode\" data-id=\"b2e92c0\" data-element_type=\"widget\" data-widget_type=\"shortcode.default\">\n\t\t\t\t<div class=\"elementor-widget-container\">\n\t\t\t\t\t\t\t<div class=\"elementor-shortcode\">\t\t<div class=\"wholesale-registration_wrapper\">\r\n            \t\t\t<form method=\"post\" action=\"https:\/\/vinopolis.mx\/wp-admin\/admin-post.php\">\r\n\t\t\t\t<input type=\"hidden\" id=\"wholesale_register_nonce\" name=\"wholesale_register_nonce\" value=\"44e65deb16\" \/><input type=\"hidden\" name=\"_wp_http_referer\" value=\"\/en\/wp-json\/wp\/v2\/pages\/19789\" \/>                <input type=\"hidden\" name=\"action\" value=\"registration\">\r\n\t\t\t\t<div class=\"campo\">\r\n\t\t\t\t\t<label for=\"company_name\">Nombre de la empresa<\/label>\r\n\t\t\t\t\t<input type=\"text\" name=\"company_name\" id=\"company_name\" required value=\"\">\r\n\t\t\t\t<\/div>\r\n\t\t\t\t<div class=\"campo\">\r\n\t\t\t\t\t<label for=\"trade_name\">Nombre comercial<\/label>\r\n\t\t\t\t\t<input type=\"text\" name=\"trade_name\" id=\"trade_name\" required value=\"\">\r\n\t\t\t\t<\/div>\r\n\t\t\t\t<div class=\"campo\">\r\n\t\t\t\t\t<label for=\"rfc\">RFC<\/label>\r\n\t\t\t\t\t<input type=\"text\" name=\"rfc\" id=\"rfc\" required value=\"\">\r\n\t\t\t\t<\/div>\r\n\t\t\t\t<div class=\"campo\">\r\n\t\t\t\t\t<label for=\"shipping_address\">Direccio\u0301n de envi\u0301o<\/label>\r\n\t\t\t\t\t<textarea name=\"shipping_address\" id=\"shipping_address\" cols=\"30\" rows=\"10\"><\/textarea>\r\n\t\t\t\t<\/div>\r\n\t\t\t\t<div class=\"campo\">\r\n\t\t\t\t\t<label for=\"email\">E-mail<\/label>\r\n\t\t\t\t\t<input type=\"email\" name=\"email\" id=\"email\" required value=\"\">\r\n\t\t\t\t<\/div>\r\n\t\t\t\t<div class=\"campo\">\r\n\t\t\t\t\t<label for=\"password\">Contrase\u00f1a<\/label>\r\n\t\t\t\t\t<input type=\"password\" name=\"password\" id=\"password\" required value=\"\">\r\n\t\t\t\t<\/div>\r\n\t\t\t\t<div class=\"campo\">\r\n\t\t\t\t\t<label for=\"password_confirm\">Confirmar contrase\u00f1a<\/label>\r\n\t\t\t\t\t<input type=\"password\" name=\"password_confirm\" id=\"password_confirm\" required value=\"\">\r\n\t\t\t\t<\/div>\r\n\t\t\t\t<div class=\"campo boton\">\r\n\t\t\t\t\t<input type=\"submit\" name=\"wholesale_register\" value=\"Registrarme\">\r\n\t\t\t\t<\/div>\r\n\t\t\t<\/form>\r\n\t\t<\/div>\r\n\t\t<\/div>\n\t\t\t\t\t\t<\/div>\n\t\t\t\t<\/div>\n\t\t\t\t\t<\/div>\n\t\t\t\t<\/div>\n\t\t<div class=\"elementor-element elementor-element-053b84b e-flex e-con-boxed e-con e-parent\" data-id=\"053b84b\" data-element_type=\"container\">\n\t\t\t\t\t<div class=\"e-con-inner\">\n\t\t\t\t<div class=\"elementor-element elementor-element-6a12746 elementor-widget elementor-widget-heading\" data-id=\"6a12746\" data-element_type=\"widget\" data-widget_type=\"heading.default\">\n\t\t\t\t<div class=\"elementor-widget-container\">\n\t\t\t\t\t<h2 class=\"elementor-heading-title elementor-size-default\">Iniciar sesi\u00f3n<\/h2>\t\t\t\t<\/div>\n\t\t\t\t<\/div>\n\t\t\t\t<div class=\"elementor-element elementor-element-a2c31bd uael-login-form-icon-yes elementor-button-align-center uael-login-form-divider-no elementor-widget elementor-widget-uael-login-form\" data-id=\"a2c31bd\" data-element_type=\"widget\" data-settings=\"{&quot;align&quot;:&quot;center&quot;,&quot;footer_text_align&quot;:&quot;center&quot;,&quot;row_gap&quot;:{&quot;unit&quot;:&quot;px&quot;,&quot;size&quot;:20,&quot;sizes&quot;:[]},&quot;row_gap_tablet&quot;:{&quot;unit&quot;:&quot;px&quot;,&quot;size&quot;:&quot;&quot;,&quot;sizes&quot;:[]},&quot;row_gap_mobile&quot;:{&quot;unit&quot;:&quot;px&quot;,&quot;size&quot;:&quot;&quot;,&quot;sizes&quot;:[]},&quot;label_spacing&quot;:{&quot;unit&quot;:&quot;px&quot;,&quot;size&quot;:&quot;&quot;,&quot;sizes&quot;:[]},&quot;label_spacing_tablet&quot;:{&quot;unit&quot;:&quot;px&quot;,&quot;size&quot;:&quot;&quot;,&quot;sizes&quot;:[]},&quot;label_spacing_mobile&quot;:{&quot;unit&quot;:&quot;px&quot;,&quot;size&quot;:&quot;&quot;,&quot;sizes&quot;:[]},&quot;input_padding&quot;:{&quot;unit&quot;:&quot;px&quot;,&quot;top&quot;:&quot;&quot;,&quot;right&quot;:&quot;&quot;,&quot;bottom&quot;:&quot;&quot;,&quot;left&quot;:&quot;&quot;,&quot;isLinked&quot;:true},&quot;input_padding_tablet&quot;:{&quot;unit&quot;:&quot;px&quot;,&quot;top&quot;:&quot;&quot;,&quot;right&quot;:&quot;&quot;,&quot;bottom&quot;:&quot;&quot;,&quot;left&quot;:&quot;&quot;,&quot;isLinked&quot;:true},&quot;input_padding_mobile&quot;:{&quot;unit&quot;:&quot;px&quot;,&quot;top&quot;:&quot;&quot;,&quot;right&quot;:&quot;&quot;,&quot;bottom&quot;:&quot;&quot;,&quot;left&quot;:&quot;&quot;,&quot;isLinked&quot;:true},&quot;input_border&quot;:{&quot;unit&quot;:&quot;px&quot;,&quot;top&quot;:&quot;&quot;,&quot;right&quot;:&quot;&quot;,&quot;bottom&quot;:&quot;&quot;,&quot;left&quot;:&quot;&quot;,&quot;isLinked&quot;:true},&quot;input_border_tablet&quot;:{&quot;unit&quot;:&quot;px&quot;,&quot;top&quot;:&quot;&quot;,&quot;right&quot;:&quot;&quot;,&quot;bottom&quot;:&quot;&quot;,&quot;left&quot;:&quot;&quot;,&quot;isLinked&quot;:true},&quot;input_border_mobile&quot;:{&quot;unit&quot;:&quot;px&quot;,&quot;top&quot;:&quot;&quot;,&quot;right&quot;:&quot;&quot;,&quot;bottom&quot;:&quot;&quot;,&quot;left&quot;:&quot;&quot;,&quot;isLinked&quot;:true}}\" data-widget_type=\"uael-login-form.default\">\n\t\t\t\t<div class=\"elementor-widget-container\">\n\t\t\t\t\t\t\t\t<div class=\"uael-login-form-wrapper\" data-nonce=\"a9e4d2cb77\">\n\t\t\t\t\t\t\t\t\t\t<form class=\"uael-form uael-login-form\" method=\"post\" action=\"\">\n\t\t\t\t\t\n\t\t\t\t\t<div class=\"elementor-form-fields-wrapper\">\n\t\t\t\t\t\t<div class=\"elementor-field-type-text elementor-field-group elementor-column elementor-col-100 elementor-field-required\">\n\t\t\t\t\t\t\t<label for=\"user\" class=\"elementor-field-label\">E-mail<\/label><div class=\"uael-username-wrapper\"><input size=\"1\" type=\"text\" name=\"username\" id=\"user\" placeholder=\"E-mail\" class=\"elementor-field elementor-field-textual elementor-size-sm uael-login-form-username\"><span class=\"uael-fields-icon\"><i class=\"fa fa-user\"><\/i><\/span><\/div>\t\t\t\t\t\t\t\t\t\t\t\t\t<\/div>\n\n\t\t\t\t\t\t<div class=\"elementor-field-type-text elementor-field-group elementor-column elementor-col-100 elementor-field-required\">\n\t\t\t\t\t\t\t<label for=\"password\" class=\"elementor-field-label\">Contrase\u00f1a<\/label><div class=\"uael-password-wrapper\"><input size=\"1\" type=\"password\" name=\"password\" id=\"password\" placeholder=\"Contrase\u00f1a\" class=\"elementor-field elementor-field-textual elementor-size-sm uael-login-form-password\"><span class=\"uael-fields-icon\"><i class=\"fa fa-lock\"><\/i><\/span><span toggle=\"#password-field\" class=\"fa fa-fw fa-eye field-icon toggle-password\"><\/span><\/div>\t\t\t\t\t\t\t\t\t\t\t\t\t<\/div>\n\n\t\t\t\t\t\t<div class=\"elementor-field-type-text elementor-field-group elementor-column elementor-col-100 elementor-field-required\">\n\t\t\t\t\t\t\t\t\t\t\t\t\t<\/div>\n\n\t\t\t\t\t\t\n\t\t\t\t\t\t<div class=\"elementor-field-group elementor-column elementor-widget-button uael-login-form-submit-group elementor-field-type-submit elementor-col-100\">\n\t\t\t\t\t\t\t<button type=\"submit\" class=\"elementor-button uael-login-form-submit elementor-size-sm\" name=\"uael-login-submit\" data-ajax-enable=\"yes\">\n\t\t\t\t\t\t\t\t\t\t\t\t\t\t\t\t\t\t\t\t\t\t\t\t\t<span class=\"elementor-button-text\">Iniciar sesi\u00f3n<\/span>\n\t\t\t\t\t\t\t\t\t\t\t\t\t\t\t\t\t\t\t\t\t\t\t<\/button>\n\t\t\t\t\t\t\t\t\t\t\t\t\t<\/div>\n\n\t\t\t\t\t\t\t\t\t\t\t\t\t<div class=\"elementor-field-group elementor-column elementor-col-100 uael-login-form-footer\">\n\t\t\t\t\t\t\t\t\n\t\t\t\t\t\t\t\t\t\t\t\t\t\t\t\t\t<a class=\"uael-login-form-footer-link\" href=\"https:\/\/vinopolis.mx\/en\/my-account\/lost-password\/\">\n\t\t\t\t\t\t\t\t\t\t<span class=\"elementor-inline-editing\" data-elementor-setting-key=\"show_lost_password_text\" data-elementor-inline-editing-toolbar=\"basic\">\u00bfolvid\u00f3 su contrase\u00f1a?<\/span>\n\t\t\t\t\t\t\t\t\t<\/a>\n\t\t\t\t\t\t\t\t\t\t\t\t\t\t\t<\/div>\n\t\t\t\t\t\t\n\t\t\t\t\t<\/div>\n\t\t\t\t<input type=\"hidden\" name=\"trp-form-language\" value=\"en\"\/><\/form>\n\t\t\t\t\t\t\t\t<\/div>\n\t\t\t\t\t\t<\/div>\n\t\t\t\t<\/div>\n\t\t\t\t\t<\/div>\n\t\t\t\t<\/div>\n\t\t\t\t<\/div>","protected":false},"excerpt":{"rendered":"<p>Nuestra secci\u00f3n \u201cProf.\u201d de Vinopolis est\u00e1 destinada a los profesionales del sector ( HOTELERO- RESTAURANTES Y TIENDAS ) con tarifas especiales y competitivas para la compra al por mayor, la cantidad m\u00ednima es de 48 botellas mixtas. Para acceder a esta secci\u00f3n, es necesario completar el siguiente formulario de solicitud. Una vez que recibamos tu [&hellip;]<\/p>","protected":false},"author":1,"featured_media":0,"parent":0,"menu_order":0,"comment_status":"closed","ping_status":"closed","template":"","meta":{"site-sidebar-layout":"no-sidebar","site-content-layout":"page-builder","ast-site-content-layout":"full-width-container","site-content-style":"default","site-sidebar-style":"default","ast-global-header-display":"","ast-banner-title-visibility":"","ast-main-header-display":"","ast-hfb-above-header-display":"","ast-hfb-below-header-display":"","ast-hfb-mobile-header-display":"","site-post-title":"disabled","ast-breadcrumbs-content":"","ast-featured-img":"disabled","footer-sml-layout":"","theme-transparent-header-meta":"","adv-header-id-meta":"","stick-header-meta":"","header-above-stick-meta":"","header-main-stick-meta":"","header-below-stick-meta":"","astra-migrate-meta-layouts":"set","ast-page-background-enabled":"default","ast-page-background-meta":{"desktop":{"background-color":"","background-image":"","background-repeat":"repeat","background-position":"center center","background-size":"auto","background-attachment":"scroll","background-type":"","background-media":"","overlay-type":"","overlay-color":"","overlay-opacity":"","overlay-gradient":""},"tablet":{"background-color":"","background-image":"","background-repeat":"repeat","background-position":"center center","background-size":"auto","background-attachment":"scroll","background-type":"","background-media":"","overlay-type":"","overlay-color":"","overlay-opacity":"","overlay-gradient":""},"mobile":{"background-color":"","background-image":"","background-repeat":"repeat","background-position":"center center","background-size":"auto","background-attachment":"scroll","background-type":"","background-media":"","overlay-type":"","overlay-color":"","overlay-opacity":"","overlay-gradient":""}},"ast-content-background-meta":{"desktop":{"background-color":"var(--ast-global-color-5)","background-image":"","background-repeat":"repeat","background-position":"center center","background-size":"auto","background-attachment":"scroll","background-type":"","background-media":"","overlay-type":"","overlay-color":"","overlay-opacity":"","overlay-gradient":""},"tablet":{"background-color":"var(--ast-global-color-5)","background-image":"","background-repeat":"repeat","background-position":"center center","background-size":"auto","background-attachment":"scroll","background-type":"","background-media":"","overlay-type":"","overlay-color":"","overlay-opacity":"","overlay-gradient":""},"mobile":{"background-color":"var(--ast-global-color-5)","background-image":"","background-repeat":"repeat","background-position":"center center","background-size":"auto","background-attachment":"scroll","background-type":"","background-media":"","overlay-type":"","overlay-color":"","overlay-opacity":"","overlay-gradient":""}},"_joinchat":[],"footnotes":""},"class_list":["post-19789","page","type-page","status-publish","hentry"],"yoast_head":"<!-- This site is optimized with the Yoast SEO plugin v26.3 - https:\/\/yoast.com\/wordpress\/plugins\/seo\/ -->\n<title>Registro Prof - Vinopolis<\/title>\n<meta name=\"robots\" content=\"index, follow, max-snippet:-1, max-image-preview:large, max-video-preview:-1\" \/>\n<link rel=\"canonical\" href=\"https:\/\/vinopolis.mx\/en\/registro-prof\/\" \/>\n<meta property=\"og:locale\" content=\"en_US\" \/>\n<meta property=\"og:type\" content=\"article\" \/>\n<meta property=\"og:title\" content=\"Registro Prof - Vinopolis\" \/>\n<meta property=\"og:description\" content=\"Nuestra secci\u00f3n \u201cProf.\u201d de Vinopolis est\u00e1 destinada a los profesionales del sector ( HOTELERO- RESTAURANTES Y TIENDAS ) con tarifas especiales y competitivas para la compra al por mayor, la cantidad m\u00ednima es de 48 botellas mixtas. Para acceder a esta secci\u00f3n, es necesario completar el siguiente formulario de solicitud. Una vez que recibamos tu [&hellip;]\" \/>\n<meta property=\"og:url\" content=\"https:\/\/vinopolis.mx\/en\/registro-prof\/\" \/>\n<meta property=\"og:site_name\" content=\"Vinopolis\" \/>\n<meta property=\"article:modified_time\" content=\"2025-09-29T15:33:22+00:00\" \/>\n<meta name=\"twitter:card\" content=\"summary_large_image\" \/>\n<meta name=\"twitter:label1\" content=\"Est. reading time\" \/>\n\t<meta name=\"twitter:data1\" content=\"1 minute\" \/>\n<script type=\"application\/ld+json\" class=\"yoast-schema-graph\">{\"@context\":\"https:\/\/schema.org\",\"@graph\":[{\"@type\":\"WebPage\",\"@id\":\"https:\/\/vinopolis.mx\/registro-prof\/\",\"url\":\"https:\/\/vinopolis.mx\/registro-prof\/\",\"name\":\"Registro Prof - Vinopolis\",\"isPartOf\":{\"@id\":\"https:\/\/vinopolis.mx\/#website\"},\"datePublished\":\"2025-09-15T17:53:04+00:00\",\"dateModified\":\"2025-09-29T15:33:22+00:00\",\"breadcrumb\":{\"@id\":\"https:\/\/vinopolis.mx\/registro-prof\/#breadcrumb\"},\"inLanguage\":\"en-US\",\"potentialAction\":[{\"@type\":\"ReadAction\",\"target\":[\"https:\/\/vinopolis.mx\/registro-prof\/\"]}]},{\"@type\":\"BreadcrumbList\",\"@id\":\"https:\/\/vinopolis.mx\/registro-prof\/#breadcrumb\",\"itemListElement\":[{\"@type\":\"ListItem\",\"position\":1,\"name\":\"Inicio\",\"item\":\"https:\/\/vinopolis.mx\/\"},{\"@type\":\"ListItem\",\"position\":2,\"name\":\"Registro Prof\"}]},{\"@type\":\"WebSite\",\"@id\":\"https:\/\/vinopolis.mx\/#website\",\"url\":\"https:\/\/vinopolis.mx\/\",\"name\":\"Vinopolis\",\"description\":\"Intrepid Wines Collection\",\"publisher\":{\"@id\":\"https:\/\/vinopolis.mx\/#organization\"},\"potentialAction\":[{\"@type\":\"SearchAction\",\"target\":{\"@type\":\"EntryPoint\",\"urlTemplate\":\"https:\/\/vinopolis.mx\/?s={search_term_string}\"},\"query-input\":{\"@type\":\"PropertyValueSpecification\",\"valueRequired\":true,\"valueName\":\"search_term_string\"}}],\"inLanguage\":\"en-US\"},{\"@type\":\"Organization\",\"@id\":\"https:\/\/vinopolis.mx\/#organization\",\"name\":\"Vinopolis\",\"url\":\"https:\/\/vinopolis.mx\/\",\"logo\":{\"@type\":\"ImageObject\",\"inLanguage\":\"en-US\",\"@id\":\"https:\/\/vinopolis.mx\/#\/schema\/logo\/image\/\",\"url\":\"https:\/\/vinopolis.mx\/wp-content\/uploads\/2025\/08\/vinopolis_logo-25.png\",\"contentUrl\":\"https:\/\/vinopolis.mx\/wp-content\/uploads\/2025\/08\/vinopolis_logo-25.png\",\"width\":1835,\"height\":281,\"caption\":\"Vinopolis\"},\"image\":{\"@id\":\"https:\/\/vinopolis.mx\/#\/schema\/logo\/image\/\"}}]}<\/script>\n<!-- \/ Yoast SEO plugin. -->","yoast_head_json":{"title":"Registro Prof - Vinopolis","robots":{"index":"index","follow":"follow","max-snippet":"max-snippet:-1","max-image-preview":"max-image-preview:large","max-video-preview":"max-video-preview:-1"},"canonical":"https:\/\/vinopolis.mx\/en\/registro-prof\/","og_locale":"en_US","og_type":"article","og_title":"Registro Prof - Vinopolis","og_description":"Nuestra secci\u00f3n \u201cProf.\u201d de Vinopolis est\u00e1 destinada a los profesionales del sector ( HOTELERO- RESTAURANTES Y TIENDAS ) con tarifas especiales y competitivas para la compra al por mayor, la cantidad m\u00ednima es de 48 botellas mixtas. Para acceder a esta secci\u00f3n, es necesario completar el siguiente formulario de solicitud. Una vez que recibamos tu [&hellip;]","og_url":"https:\/\/vinopolis.mx\/en\/registro-prof\/","og_site_name":"Vinopolis","article_modified_time":"2025-09-29T15:33:22+00:00","twitter_card":"summary_large_image","twitter_misc":{"Est. reading time":"1 minute"},"schema":{"@context":"https:\/\/schema.org","@graph":[{"@type":"WebPage","@id":"https:\/\/vinopolis.mx\/registro-prof\/","url":"https:\/\/vinopolis.mx\/registro-prof\/","name":"Registro Prof - Vinopolis","isPartOf":{"@id":"https:\/\/vinopolis.mx\/#website"},"datePublished":"2025-09-15T17:53:04+00:00","dateModified":"2025-09-29T15:33:22+00:00","breadcrumb":{"@id":"https:\/\/vinopolis.mx\/registro-prof\/#breadcrumb"},"inLanguage":"en-US","potentialAction":[{"@type":"ReadAction","target":["https:\/\/vinopolis.mx\/registro-prof\/"]}]},{"@type":"BreadcrumbList","@id":"https:\/\/vinopolis.mx\/registro-prof\/#breadcrumb","itemListElement":[{"@type":"ListItem","position":1,"name":"Inicio","item":"https:\/\/vinopolis.mx\/"},{"@type":"ListItem","position":2,"name":"Registro Prof"}]},{"@type":"WebSite","@id":"https:\/\/vinopolis.mx\/#website","url":"https:\/\/vinopolis.mx\/","name":"Vinopolis","description":"Intrepid Wines Collection","publisher":{"@id":"https:\/\/vinopolis.mx\/#organization"},"potentialAction":[{"@type":"SearchAction","target":{"@type":"EntryPoint","urlTemplate":"https:\/\/vinopolis.mx\/?s={search_term_string}"},"query-input":{"@type":"PropertyValueSpecification","valueRequired":true,"valueName":"search_term_string"}}],"inLanguage":"en-US"},{"@type":"Organization","@id":"https:\/\/vinopolis.mx\/#organization","name":"Vinopolis","url":"https:\/\/vinopolis.mx\/","logo":{"@type":"ImageObject","inLanguage":"en-US","@id":"https:\/\/vinopolis.mx\/#\/schema\/logo\/image\/","url":"https:\/\/vinopolis.mx\/wp-content\/uploads\/2025\/08\/vinopolis_logo-25.png","contentUrl":"https:\/\/vinopolis.mx\/wp-content\/uploads\/2025\/08\/vinopolis_logo-25.png","width":1835,"height":281,"caption":"Vinopolis"},"image":{"@id":"https:\/\/vinopolis.mx\/#\/schema\/logo\/image\/"}}]}},"_links":{"self":[{"href":"https:\/\/vinopolis.mx\/en\/wp-json\/wp\/v2\/pages\/19789","targetHints":{"allow":["GET"]}}],"collection":[{"href":"https:\/\/vinopolis.mx\/en\/wp-json\/wp\/v2\/pages"}],"about":[{"href":"https:\/\/vinopolis.mx\/en\/wp-json\/wp\/v2\/types\/page"}],"author":[{"embeddable":true,"href":"https:\/\/vinopolis.mx\/en\/wp-json\/wp\/v2\/users\/1"}],"replies":[{"embeddable":true,"href":"https:\/\/vinopolis.mx\/en\/wp-json\/wp\/v2\/comments?post=19789"}],"version-history":[{"count":20,"href":"https:\/\/vinopolis.mx\/en\/wp-json\/wp\/v2\/pages\/19789\/revisions"}],"predecessor-version":[{"id":19895,"href":"https:\/\/vinopolis.mx\/en\/wp-json\/wp\/v2\/pages\/19789\/revisions\/19895"}],"wp:attachment":[{"href":"https:\/\/vinopolis.mx\/en\/wp-json\/wp\/v2\/media?parent=19789"}],"curies":[{"name":"wp","href":"https:\/\/api.w.org\/{rel}","templated":true}]}}